{"id":51922,"date":"2023-09-28T23:15:43","date_gmt":"2023-09-28T21:15:43","guid":{"rendered":"https:\/\/panelsandwich.org\/accessoire-de-montage-pont-dacces-a-la-lucarne\/"},"modified":"2023-09-28T23:15:43","modified_gmt":"2023-09-28T21:15:43","slug":"accessoire-de-montage-pont-dacces-a-la-lucarne","status":"publish","type":"product","link":"https:\/\/panelsandwich.org\/fr\/accessoire-de-montage-pont-dacces-a-la-lucarne\/","title":{"rendered":"Accessoire de montage &#8211; Pont d&rsquo;acc\u00e8s \u00e0 la lucarne"},"content":{"rendered":"<p>Lanterneau ouvrant avec d\u00f4me et lambrequin en m\u00e9thacrylate, avec socle en polyester renforc\u00e9. Produit pour l&rsquo;\u00e9clairage naturel et l&rsquo;acc\u00e8s au toit.<\/p>\n<p><img decoding=\"async\" class=\"size-full wp-image-32798 lazyload\" data-src=\"https:\/\/panelsandwich.org\/wp-content\/uploads\/2018\/12\/cms_caracteristiques-trampilla-salida.JPG\" alt=\"filename\" width=\"100%\" title=\"% %count(title)\" data-srcset=\"https:\/\/panelsandwich.org\/wp-content\/uploads\/2018\/12\/cms_caracteristiques-trampilla-salida.JPG 930w, https:\/\/panelsandwich.org\/wp-content\/uploads\/2018\/12\/cms_caracteristiques-trampilla-salida-300x82.jpg 300w, https:\/\/panelsandwich.org\/wp-content\/uploads\/2018\/12\/cms_caracteristiques-trampilla-salida-768x209.jpg 768w, https:\/\/panelsandwich.org\/wp-content\/uploads\/2018\/12\/cms_caracteristiques-trampilla-salida-600x163.jpg 600w\" data-sizes=\"(max-width: 930px) 100vw, 930px\" src=\"data:image\/svg+xml;base64,PHN2ZyB3aWR0aD0iMSIgaGVpZ2h0PSIxIiB4bWxucz0iaHR0cDovL3d3dy53My5vcmcvMjAwMC9zdmciPjwvc3ZnPg==\" style=\"--smush-placeholder-width: 930px; --smush-placeholder-aspect-ratio: 930\/253;\" \/><\/p>\n<p style=\"text-align:center;\"><strong><span style=\"font-size:medium;\"><a class=\"w-100 btn btn-danger btn-lg\" href=\"https:\/\/panelsandwich.org\/contactenos\">DEMANDE DE PRIX ET D&rsquo;INFORMATIONS TECHNIQUES  <i class=\"caret-right\"><\/i><\/a><\/span><\/strong><\/p>\n","protected":false},"excerpt":{"rendered":"<p>Trappe avec sortie sur le pont &#8211; Compatible avec diff\u00e9rents panneaux sandwich.<\/p>\n<p style=\"text-align:center;\"><strong><span style=\"font-size:medium;\"><a class=\"w-100 btn btn-danger btn-lg\" href=\"https:\/\/panelsandwich.org\/contactenos\">DEMANDE DE PRIX ET D&rsquo;INFORMATIONS TECHNIQUES  <i class=\"caret-right\"><\/i><\/a><\/span><\/strong><\/p>\n","protected":false},"featured_media":32797,"comment_status":"open","ping_status":"closed","template":"","meta":[],"product_brand":[],"product_cat":[3582,3598],"product_tag":[],"class_list":{"0":"post-51922","1":"product","2":"type-product","3":"status-publish","4":"has-post-thumbnail","6":"product_cat-accessoires-de-montage-des-panneaux-sandwich","7":"product_cat-aerateurs-et-puits-de-lumiere","9":"first","10":"outofstock","11":"taxable","12":"shipping-taxable","13":"purchasable","14":"product-type-simple"},"_links":{"self":[{"href":"https:\/\/panelsandwich.org\/fr\/wp-json\/wp\/v2\/product\/51922","targetHints":{"allow":["GET"]}}],"collection":[{"href":"https:\/\/panelsandwich.org\/fr\/wp-json\/wp\/v2\/product"}],"about":[{"href":"https:\/\/panelsandwich.org\/fr\/wp-json\/wp\/v2\/types\/product"}],"replies":[{"embeddable":true,"href":"https:\/\/panelsandwich.org\/fr\/wp-json\/wp\/v2\/comments?post=51922"}],"version-history":[{"count":0,"href":"https:\/\/panelsandwich.org\/fr\/wp-json\/wp\/v2\/product\/51922\/revisions"}],"wp:featuredmedia":[{"embeddable":true,"href":"https:\/\/panelsandwich.org\/fr\/wp-json\/wp\/v2\/media\/32797"}],"wp:attachment":[{"href":"https:\/\/panelsandwich.org\/fr\/wp-json\/wp\/v2\/media?parent=51922"}],"wp:term":[{"taxonomy":"product_brand","embeddable":true,"href":"https:\/\/panelsandwich.org\/fr\/wp-json\/wp\/v2\/product_brand?post=51922"},{"taxonomy":"product_cat","embeddable":true,"href":"https:\/\/panelsandwich.org\/fr\/wp-json\/wp\/v2\/product_cat?post=51922"},{"taxonomy":"product_tag","embeddable":true,"href":"https:\/\/panelsandwich.org\/fr\/wp-json\/wp\/v2\/product_tag?post=51922"}],"curies":[{"name":"wp","href":"https:\/\/api.w.org\/{rel}","templated":true}]}}