{"id":51959,"date":"2023-09-28T23:15:39","date_gmt":"2023-09-28T21:15:39","guid":{"rendered":"https:\/\/panelsandwich.org\/panneau-sandwich-agropanel-polyester-polyester\/"},"modified":"2026-02-06T01:42:42","modified_gmt":"2026-02-06T00:42:42","slug":"panneau-sandwich-agropanel-polyester-polyester","status":"publish","type":"product","link":"https:\/\/panelsandwich.org\/fr\/panneau-sandwich-agropanel-polyester-polyester\/","title":{"rendered":"Panneau sandwich Agropanel &#8211; Polyester\/Polyester"},"content":{"rendered":"\t\t<div data-elementor-type=\"product-post\" data-elementor-id=\"51959\" class=\"elementor elementor-51959 elementor-33008\" data-elementor-post-type=\"product\">\n\t\t\t\t\t\t<section class=\"elementor-section elementor-top-section elementor-element elementor-element-bb7aa7e elementor-section-boxed elementor-section-height-default elementor-section-height-default\" data-id=\"bb7aa7e\" data-element_type=\"section\" data-e-type=\"section\" data-settings=\"{&quot;jet_parallax_layout_list&quot;:[]}\">\n\t\t\t\t\t\t<div class=\"elementor-container elementor-column-gap-default\">\n\t\t\t\t\t<div class=\"elementor-column elementor-col-100 elementor-top-column elementor-element elementor-element-ea72b37\" data-id=\"ea72b37\" data-element_type=\"column\" data-e-type=\"column\">\n\t\t\t<div class=\"elementor-widget-wrap elementor-element-populated\">\n\t\t\t\t\t\t<div class=\"elementor-element elementor-element-6d7ee387 elementor-widget elementor-widget-heading\" data-id=\"6d7ee387\" data-element_type=\"widget\" data-e-type=\"widget\" data-widget_type=\"heading.default\">\n\t\t\t\t<div class=\"elementor-widget-container\">\n\t\t\t\t\t<h2 class=\"elementor-heading-title elementor-size-default\"><h2>Agropanel 5 Grecas - Polyester \/ Polyester\n<\/h2><\/h2>\t\t\t\t<\/div>\n\t\t\t\t<\/div>\n\t\t\t\t<div class=\"elementor-element elementor-element-7a496167 elementor-widget elementor-widget-text-editor\" data-id=\"7a496167\" data-element_type=\"widget\" data-e-type=\"widget\" data-widget_type=\"text-editor.default\">\n\t\t\t\t<div class=\"elementor-widget-container\">\n\t\t\t\t\t\t\t\t\t<p>  Les panneaux sandwichs autoportants Agropanel 5 Grecas sont compos\u00e9s d&rsquo;une feuille d&rsquo;acier \u00e0 l&rsquo;ext\u00e9rieur, d&rsquo;une feuille de polyester \u00e0 l&rsquo;int\u00e9rieur et d&rsquo;une \u00e2me en mousse de polyur\u00e9thane rigide.<\/p>\n\t\t\t\t\t\t\t\t<\/div>\n\t\t\t\t<\/div>\n\t\t\t\t<div class=\"elementor-element elementor-element-363d7705 elementor-tabs-view-horizontal elementor-widget elementor-widget-tabs\" data-id=\"363d7705\" data-element_type=\"widget\" data-e-type=\"widget\" data-widget_type=\"tabs.default\">\n\t\t\t\t<div class=\"elementor-widget-container\">\n\t\t\t\t\t\t\t<div class=\"elementor-tabs\">\n\t\t\t<div class=\"elementor-tabs-wrapper\" role=\"tablist\" >\n\t\t\t\t\t\t\t\t\t<div id=\"elementor-tab-title-9091\" class=\"elementor-tab-title elementor-tab-desktop-title\" aria-selected=\"true\" data-tab=\"1\" role=\"tab\" tabindex=\"0\" aria-controls=\"elementor-tab-content-9091\" aria-expanded=\"false\">Description\/ Application<\/div>\n\t\t\t\t\t\t\t\t\t<div id=\"elementor-tab-title-9092\" class=\"elementor-tab-title elementor-tab-desktop-title\" aria-selected=\"false\" data-tab=\"2\" role=\"tab\" tabindex=\"-1\" aria-controls=\"elementor-tab-content-9092\" aria-expanded=\"false\">Tableau des charges<\/div>\n\t\t\t\t\t\t\t\t\t<div id=\"elementor-tab-title-9093\" class=\"elementor-tab-title elementor-tab-desktop-title\" aria-selected=\"false\" data-tab=\"3\" role=\"tab\" tabindex=\"-1\" aria-controls=\"elementor-tab-content-9093\" aria-expanded=\"false\">Couleurs disponibles<\/div>\n\t\t\t\t\t\t\t\t\t<div id=\"elementor-tab-title-9094\" class=\"elementor-tab-title elementor-tab-desktop-title\" aria-selected=\"false\" data-tab=\"4\" role=\"tab\" tabindex=\"-1\" aria-controls=\"elementor-tab-content-9094\" aria-expanded=\"false\">Fiches techniques \/ T\u00e9l\u00e9chargements<\/div>\n\t\t\t\t\t\t\t<\/div>\n\t\t\t<div class=\"elementor-tabs-content-wrapper\" role=\"tablist\" aria-orientation=\"vertical\">\n\t\t\t\t\t\t\t\t\t<div class=\"elementor-tab-title elementor-tab-mobile-title\" aria-selected=\"true\" data-tab=\"1\" role=\"tab\" tabindex=\"0\" aria-controls=\"elementor-tab-content-9091\" aria-expanded=\"false\">Description\/ Application<\/div>\n\t\t\t\t\t<div id=\"elementor-tab-content-9091\" class=\"elementor-tab-content elementor-clearfix\" data-tab=\"1\" role=\"tabpanel\" aria-labelledby=\"elementor-tab-title-9091\" tabindex=\"0\" hidden=\"false\"><h3 style=\"font-weight: 500;\">Application :<\/h3>\n<p style=\"font-weight: 400;\">Couverture d&rsquo;installations agricoles ou d&rsquo;installations expos\u00e9es \u00e0 des environnements corrosifs.<\/p>\n<p style=\"font-weight: 400;\"> Ils sont con\u00e7us pour \u00eatre utilis\u00e9s sur les toits en pente g\u00e9n\u00e9ralement appliqu\u00e9s aux exploitations agricoles (\u00e0 l&rsquo;exception des \u00e9levages de porcs pour lesquels nous recommandons l&rsquo;installation de notre produit SPM) avec une pente minimale de 5 % sur les toits non superpos\u00e9s et de 7 % sur les toits superpos\u00e9s. La longueur maximale recommand\u00e9e pour ce produit est de 15 000 mm avec une largeur utile de 1 000 mm.<\/p>\n<h3 style=\"font-weight: 500;\">Type de syndicat :<\/h3>\n<p style=\"font-weight: 400;\">Union : vis vue<\/p>\n<p style=\"font-weight: 400;\"> Vis : Vis avec rondelle<\/p>\n<\/p>\n<p><img fetchpriority=\"high\" decoding=\"async\" class=\"alignnone size-medium wp-image-33005\" src=\"https:\/\/panelsandwich.org\/wp-content\/uploads\/2018\/12\/cms_union-greca-union-greca.png-300x300.png\" alt=\"union greca.png\" width=\"300\" height=\"300\" title=\"% %count(title)\" srcset=\"https:\/\/panelsandwich.org\/wp-content\/uploads\/2018\/12\/cms_union-greca-union-greca.png-300x300.png 300w, https:\/\/panelsandwich.org\/wp-content\/uploads\/2018\/12\/cms_union-greca-union-greca.png-100x100.png 100w, https:\/\/panelsandwich.org\/wp-content\/uploads\/2018\/12\/cms_union-greca-union-greca.png-150x150.png 150w, https:\/\/panelsandwich.org\/wp-content\/uploads\/2018\/12\/cms_union-greca-union-greca.png.png 378w\" sizes=\"(max-width: 300px) 100vw, 300px\" \/><\/p>\n<h3 style=\"font-weight: 500;\"> Avantages<\/h3>\n<p style=\"font-weight: 400;\">Le syst\u00e8me de fixation visible permet un montage rapide et assure l&rsquo;\u00e9tanch\u00e9it\u00e9 \u00e0 l&rsquo;eau de pluie. Le film int\u00e9rieur en polyester est tr\u00e8s r\u00e9sistant aux attaques des micro-organismes, des bact\u00e9ries, des vapeurs et de la condensation des acides organiques pr\u00e9sents dans les exploitations agricoles.<\/p>\n<h3 style=\"font-weight: 500;\">Dimensions :<\/h3>\n<p style=\"font-weight: 400;\">\u00c9paisseurs : 30-40-50mm.<br \/>Largeur : 1000 mm<br \/>Longueur : 2,00 &#8211; 18,00 m<\/p>\n<p style=\"font-weight: 400;\"><img decoding=\"async\" class=\"aligncenter wp-image-36937 size-full lazyload\" data-src=\"https:\/\/panelsandwich.org\/wp-content\/uploads\/2023\/11\/Captura-8.jpg\" alt=\"filename\" width=\"1493\" height=\"254\" title=\"% %count(title)\" data-srcset=\"https:\/\/panelsandwich.org\/wp-content\/uploads\/2023\/11\/Captura-8.jpg 1493w, https:\/\/panelsandwich.org\/wp-content\/uploads\/2023\/11\/Captura-8-300x51.jpg 300w, https:\/\/panelsandwich.org\/wp-content\/uploads\/2023\/11\/Captura-8-1024x174.jpg 1024w, https:\/\/panelsandwich.org\/wp-content\/uploads\/2023\/11\/Captura-8-768x131.jpg 768w\" data-sizes=\"(max-width: 1493px) 100vw, 1493px\" src=\"data:image\/svg+xml;base64,PHN2ZyB3aWR0aD0iMSIgaGVpZ2h0PSIxIiB4bWxucz0iaHR0cDovL3d3dy53My5vcmcvMjAwMC9zdmciPjwvc3ZnPg==\" style=\"--smush-placeholder-width: 1493px; --smush-placeholder-aspect-ratio: 1493\/254;\" \/><\/p>\n<h3 style=\"font-weight: 500;\">Support en m\u00e9tal :<\/h3>\n<p style=\"font-weight: 400;\">Noyau en t\u00f4le d&rsquo;acier de qualit\u00e9 S250GD : EN 10346<\/p>\n<p style=\"font-weight: 400;\">Bobines laqu\u00e9es \u00e0 rev\u00eatement organique : EN 10169+A1.<\/p>\n<p style=\"font-weight: 400;\">\u00c9paisseur : 0,4-0,5-0,6 mm<\/p>\n<h3 style=\"font-weight: 500;\">Noyau isolant :<\/h3>\n<p style=\"font-weight: 400;\">Polyur\u00e9thane (PUR)<br \/>Conductivit\u00e9 thermique : 0,022 W\/mK<br \/>Densit\u00e9 : 40 kg\/m3.<\/p>\n<h3 style=\"font-weight: 500;\">Rev\u00eatement :<\/h3>\n<p style=\"font-weight: 400;\">Standard : peinture polyester 25 \u00b5m<\/p>\n<p style=\"font-weight: 400;\">Particularit\u00e9s : Granite HDX 55 \u00b5m | PVDF 35 \u00b5m.<\/p>\n<p style=\"font-weight: 400;\">Feuille de polyester avec fibre de verre sur la face int\u00e9rieure.<\/p>\n<\/div>\n\t\t\t\t\t\t\t\t\t<div class=\"elementor-tab-title elementor-tab-mobile-title\" aria-selected=\"false\" data-tab=\"2\" role=\"tab\" tabindex=\"-1\" aria-controls=\"elementor-tab-content-9092\" aria-expanded=\"false\">Tableau des charges<\/div>\n\t\t\t\t\t<div id=\"elementor-tab-content-9092\" class=\"elementor-tab-content elementor-clearfix\" data-tab=\"2\" role=\"tabpanel\" aria-labelledby=\"elementor-tab-title-9092\" tabindex=\"0\" hidden=\"hidden\"><h3 style=\"font-weight: 500;\">Comportement thermique et poids<\/h3>\n<p><img decoding=\"async\" class=\"alignnone wp-image-36948 size-full lazyload\" data-src=\"https:\/\/panelsandwich.org\/wp-content\/uploads\/2023\/11\/Captura-12.jpg\" alt=\"filename\" width=\"1079\" height=\"256\" title=\"% %count(title)\" data-srcset=\"https:\/\/panelsandwich.org\/wp-content\/uploads\/2023\/11\/Captura-12.jpg 1079w, https:\/\/panelsandwich.org\/wp-content\/uploads\/2023\/11\/Captura-12-300x71.jpg 300w, https:\/\/panelsandwich.org\/wp-content\/uploads\/2023\/11\/Captura-12-1024x243.jpg 1024w, https:\/\/panelsandwich.org\/wp-content\/uploads\/2023\/11\/Captura-12-768x182.jpg 768w\" data-sizes=\"(max-width: 1079px) 100vw, 1079px\" src=\"data:image\/svg+xml;base64,PHN2ZyB3aWR0aD0iMSIgaGVpZ2h0PSIxIiB4bWxucz0iaHR0cDovL3d3dy53My5vcmcvMjAwMC9zdmciPjwvc3ZnPg==\" style=\"--smush-placeholder-width: 1079px; --smush-placeholder-aspect-ratio: 1079\/256;\" \/> <\/p>\n<\/div>\n\t\t\t\t\t\t\t\t\t<div class=\"elementor-tab-title elementor-tab-mobile-title\" aria-selected=\"false\" data-tab=\"3\" role=\"tab\" tabindex=\"-1\" aria-controls=\"elementor-tab-content-9093\" aria-expanded=\"false\">Couleurs disponibles<\/div>\n\t\t\t\t\t<div id=\"elementor-tab-content-9093\" class=\"elementor-tab-content elementor-clearfix\" data-tab=\"3\" role=\"tabpanel\" aria-labelledby=\"elementor-tab-title-9093\" tabindex=\"0\" hidden=\"hidden\"><p><img decoding=\"async\" class=\"aligncenter wp-image-36915 size-full lazyload\" data-src=\"https:\/\/panelsandwich.org\/wp-content\/uploads\/2023\/11\/Captura-5.jpg\" alt=\"filename\" width=\"590\" height=\"860\" title=\"% %count(title)\" data-srcset=\"https:\/\/panelsandwich.org\/wp-content\/uploads\/2023\/11\/Captura-5.jpg 590w, https:\/\/panelsandwich.org\/wp-content\/uploads\/2023\/11\/Captura-5-206x300.jpg 206w\" data-sizes=\"(max-width: 590px) 100vw, 590px\" src=\"data:image\/svg+xml;base64,PHN2ZyB3aWR0aD0iMSIgaGVpZ2h0PSIxIiB4bWxucz0iaHR0cDovL3d3dy53My5vcmcvMjAwMC9zdmciPjwvc3ZnPg==\" style=\"--smush-placeholder-width: 590px; --smush-placeholder-aspect-ratio: 590\/860;\" \/><\/p>\n<\/div>\n\t\t\t\t\t\t\t\t\t<div class=\"elementor-tab-title elementor-tab-mobile-title\" aria-selected=\"false\" data-tab=\"4\" role=\"tab\" tabindex=\"-1\" aria-controls=\"elementor-tab-content-9094\" aria-expanded=\"false\">Fiches techniques \/ T\u00e9l\u00e9chargements<\/div>\n\t\t\t\t\t<div id=\"elementor-tab-content-9094\" class=\"elementor-tab-content elementor-clearfix\" data-tab=\"4\" role=\"tabpanel\" aria-labelledby=\"elementor-tab-title-9094\" tabindex=\"0\" hidden=\"hidden\"><p><a href=\"https:\/\/panelsandwich.org\/wp-content\/uploads\/2023\/11\/Panel-Sandwich-.ORG-Agropanel-Poliester-Poliester.pdf\" target=\"_blank\" rel=\"noopener\"><button style=\"background-color: #ffa300; border-color: black; color: white;\" spellcheck=\"false\" data-lt-tmp-id=\"lt-827558\" data-gramm=\"false\">T\u00e9l\u00e9charger la fiche technique<\/button><\/a><\/p>\n<\/div>\n\t\t\t\t\t\t\t<\/div>\n\t\t<\/div>\n\t\t\t\t\t\t<\/div>\n\t\t\t\t<\/div>\n\t\t\t\t\t<\/div>\n\t\t<\/div>\n\t\t\t\t\t<\/div>\n\t\t<\/section>\n\t\t\t\t<\/div>\n\t\t","protected":false},"excerpt":{"rendered":"<p>PAP- Toit en panneaux sandwichs Agropanel. Polyester\/Polyester<\/p>\n<p style=\"text-align: center;\"><strong><span style=\"font-size: medium;\"><a class=\"w-100 btn btn-danger btn-lg\" href=\"https:\/\/panelsandwich.org\/contactenos\">DEMANDE DE PRIX ET D&rsquo;INFORMATIONS TECHNIQUES <i class=\"caret-right\"><\/i><\/a><\/span><\/strong><\/p>\n","protected":false},"featured_media":48487,"comment_status":"open","ping_status":"closed","template":"","meta":[],"product_brand":[],"product_cat":[3457],"product_tag":[3351,3341,3344,3354,3359,3347,3360,3338,3334,3349,3362,3357,3361],"class_list":{"0":"post-51959","1":"product","2":"type-product","3":"status-publish","4":"has-post-thumbnail","6":"product_cat-panneau-sandwich-pour-fermes-agropanel","7":"product_tag-agropanel-fr","8":"product_tag-couverture","9":"product_tag-facade-fr","10":"product_tag-fermes","11":"product_tag-laine-de-roche","12":"product_tag-occasion-fr","13":"product_tag-panneau-de-bois","14":"product_tag-panneau-de-carrelage","15":"product_tag-panneau-sandwich","16":"product_tag-prix","17":"product_tag-puits-de-lumiere","18":"product_tag-refrigerateur","19":"product_tag-remateria-fr","20":"pa_colorexterior-polyester-blanc","21":"pa_colorexterior-polyester-rouge","22":"pa_colorexterior-polyester-vert","23":"pa_colorinterior-blanc-feuilles-de-polyester-et-de-fibre-de-verre","24":"pa_espesorespuma-30-mm-fr","25":"pa_espesorespuma-40-mm-fr","26":"pa_espesorespuma-50-mm-fr","27":"pa_espesorespuma-60-mm-fr","28":"pa_tipoaislamiento-mousse-pur-classification-f","30":"first","31":"outofstock","32":"taxable","33":"shipping-taxable","34":"purchasable","35":"product-type-variable","36":"has-default-attributes"},"_links":{"self":[{"href":"https:\/\/panelsandwich.org\/fr\/wp-json\/wp\/v2\/product\/51959","targetHints":{"allow":["GET"]}}],"collection":[{"href":"https:\/\/panelsandwich.org\/fr\/wp-json\/wp\/v2\/product"}],"about":[{"href":"https:\/\/panelsandwich.org\/fr\/wp-json\/wp\/v2\/types\/product"}],"replies":[{"embeddable":true,"href":"https:\/\/panelsandwich.org\/fr\/wp-json\/wp\/v2\/comments?post=51959"}],"version-history":[{"count":0,"href":"https:\/\/panelsandwich.org\/fr\/wp-json\/wp\/v2\/product\/51959\/revisions"}],"wp:featuredmedia":[{"embeddable":true,"href":"https:\/\/panelsandwich.org\/fr\/wp-json\/wp\/v2\/media\/48487"}],"wp:attachment":[{"href":"https:\/\/panelsandwich.org\/fr\/wp-json\/wp\/v2\/media?parent=51959"}],"wp:term":[{"taxonomy":"product_brand","embeddable":true,"href":"https:\/\/panelsandwich.org\/fr\/wp-json\/wp\/v2\/product_brand?post=51959"},{"taxonomy":"product_cat","embeddable":true,"href":"https:\/\/panelsandwich.org\/fr\/wp-json\/wp\/v2\/product_cat?post=51959"},{"taxonomy":"product_tag","embeddable":true,"href":"https:\/\/panelsandwich.org\/fr\/wp-json\/wp\/v2\/product_tag?post=51959"}],"curies":[{"name":"wp","href":"https:\/\/api.w.org\/{rel}","templated":true}]}}