{"id":52134,"date":"2023-09-28T23:15:42","date_gmt":"2023-09-28T21:15:42","guid":{"rendered":"https:\/\/panelsandwich.org\/polycarbonate-cellulaire-6-mm-transparent\/"},"modified":"2023-09-28T23:15:42","modified_gmt":"2023-09-28T21:15:42","slug":"polycarbonate-cellulaire-6-mm-transparent","status":"publish","type":"product","link":"https:\/\/panelsandwich.org\/fr\/polycarbonate-cellulaire-6-mm-transparent\/","title":{"rendered":"Polycarbonate cellulaire &#8211; 6 mm Transparent"},"content":{"rendered":"<h3>Description<\/h3>\n<p>Les panneaux de polycarbonate cellulaire standard sont des feuilles de polycarbonate dot\u00e9es d&rsquo;une structure en nid d&rsquo;abeille qui conf\u00e8re au produit isolation et r\u00e9sistance. Toutes les plaques de polycarbonate sont prot\u00e9g\u00e9es des rayons UV par la coextrusion d&rsquo;absorbeurs d&rsquo;UV sur la face ext\u00e9rieure.<\/p>\n<p style=\"text-align: center;\"><strong><span style=\"font-size: medium;\"><a class=\"w-100 btn btn-danger btn-lg\" href=\"https:\/\/panelsandwich.org\/contactenos\">DEMANDE DE PRIX ET D&rsquo;INFORMATIONS TECHNIQUES  <i class=\"caret-right\"><\/i><\/a><\/span><\/strong><\/p>\n<h3>Applications<\/h3>\n<ul style=\"list-style-type: circle;\">\n<li>Tunnels translucides<\/li>\n<li>Lanterneaux avec structure<\/li>\n<li>Remplacement des vitres de fen\u00eatres<\/li>\n<li>serres<\/li>\n<\/ul>\n<h3>Syst\u00e8me de fixation<\/h3>\n<p>Le syst\u00e8me de fixation doit permettre au film de se dilater librement, c&rsquo;est pourquoi les fixations rigides ou les boulons traversants ne sont pas recommand\u00e9s. Il faut toujours pr\u00e9voir un espace suffisant entre l&rsquo;al\u00e9sage et la vis.<\/p>\n<h3>Structure<\/h3>\n<p>Dans la mesure du possible, des nervures doivent \u00eatre pr\u00e9vues dans le sens de la pente maximale de la feuille afin de r\u00e9duire au minimum l&rsquo;accumulation de poussi\u00e8re dans les cavit\u00e9s.<\/p>\n<p>Les feuilles n\u00e9cessitent une structure de support longitudinale et\/ou transversale, qui peut \u00eatre de n&rsquo;importe quelle nature ou g\u00e9om\u00e9trie. Dans la modulation, les dimensions maximales de la t\u00f4le doivent \u00eatre respect\u00e9es en fonction de l&rsquo;\u00e9paisseur des charges \u00e0 supporter, en les rendant compatibles avec une d\u00e9coupe appropri\u00e9e.<\/p>\n<h3>Mise en service et manutention<\/h3>\n<p>Les feuilles sont prot\u00e9g\u00e9es par un film sur les deux faces, indiquant quelle face est prot\u00e9g\u00e9e du rayonnement solaire.<\/p>\n<p>Lorsqu&rsquo;il est n\u00e9cessaire de sceller des joints, il faut s&rsquo;assurer de la compatibilit\u00e9 du polycarbonate avec le produit d&rsquo;\u00e9tanch\u00e9it\u00e9 (il est recommand\u00e9 d&rsquo;utiliser du silicone neutre).<\/p>\n<p>Il est essentiel de couvrir les cellules pour emp\u00eacher la poussi\u00e8re de p\u00e9n\u00e9trer \u00e0 l&rsquo;int\u00e9rieur du film. Il est recommand\u00e9 d&rsquo;utiliser du ruban adh\u00e9sif en aluminium aux extr\u00e9mit\u00e9s : lisse en haut et poreux, permettant \u00e0 l&rsquo;eau de condensation de s&rsquo;\u00e9couler en bas.<\/p>\n<p>S&rsquo;il est n\u00e9cessaire de perforer la feuille, il convient d&rsquo;utiliser des boutons de fixation.<\/p>\n<p><img decoding=\"async\" class=\"size-full wp-image-32662 lazyload\" data-src=\"https:\/\/panelsandwich.org\/wp-content\/uploads\/2018\/12\/cms_CARACTERISTIQUES.JPG\" alt=\"filename\" width=\"100%\" title=\"% %count(title)\" data-srcset=\"https:\/\/panelsandwich.org\/wp-content\/uploads\/2018\/12\/cms_CARACTERISTIQUES.JPG 1356w, https:\/\/panelsandwich.org\/wp-content\/uploads\/2018\/12\/cms_CARACTERISTIQUES-300x144.jpg 300w, https:\/\/panelsandwich.org\/wp-content\/uploads\/2018\/12\/cms_CARACTERISTIQUES-1024x491.jpg 1024w, https:\/\/panelsandwich.org\/wp-content\/uploads\/2018\/12\/cms_CARACTERISTIQUES-768x368.jpg 768w, https:\/\/panelsandwich.org\/wp-content\/uploads\/2018\/12\/cms_CARACTERISTIQUES-600x288.jpg 600w\" data-sizes=\"(max-width: 1356px) 100vw, 1356px\" src=\"data:image\/svg+xml;base64,PHN2ZyB3aWR0aD0iMSIgaGVpZ2h0PSIxIiB4bWxucz0iaHR0cDovL3d3dy53My5vcmcvMjAwMC9zdmciPjwvc3ZnPg==\" style=\"--smush-placeholder-width: 1356px; --smush-placeholder-aspect-ratio: 1356\/650;\" \/><\/p>\n<p style=\"text-align: center;\"><strong><span style=\"font-size: medium;\"><a class=\"w-100 btn btn-danger btn-lg\" href=\"https:\/\/panelsandwich.org\/contactenos\">DEMANDE DE PRIX ET D&rsquo;INFORMATIONS TECHNIQUES  <i class=\"caret-right\"><\/i><\/a><\/span><\/strong><\/p>\n","protected":false},"excerpt":{"rendered":"<p>Les plaques en Polycarbonate\u00ae sont produites avec une protection U.V. sur la face externe (sur demande sur les deux faces), ce qui garantit une r\u00e9sistance dans le temps, m\u00eame apr\u00e8s une exposition prolong\u00e9e au soleil et aux agents atmosph\u00e9riques. Les plaques alv\u00e9olaires en Polycarbonate\u00ae sont utilis\u00e9es pour les toitures, les vitrages, les v\u00e9randas, les puits de lumi\u00e8re, les v\u00e9randas, les kiosques, les auvents et les faux plafonds.<\/p>\n<p style=\"text-align: center;\"><strong><span style=\"font-size: medium;\"><a class=\"w-100 btn btn-danger btn-lg\" href=\"https:\/\/panelsandwich.org\/contactenos\">DEMANDE DE PRIX ET D&rsquo;INFORMATIONS TECHNIQUES  <i class=\"caret-right\"><\/i><\/a><\/span><\/strong><\/p>\n","protected":false},"featured_media":32824,"comment_status":"open","ping_status":"closed","template":"","meta":[],"product_brand":[],"product_cat":[3610],"product_tag":[],"class_list":{"0":"post-52134","1":"product","2":"type-product","3":"status-publish","4":"has-post-thumbnail","6":"product_cat-puits-de-lumiere-polycarbonate","7":"pa_anchodelpanel-largeur-105-metre","8":"pa_anchodelpanel-largeur-210-metres","9":"pa_colorexterior-verre-transparent","10":"pa_espesordelaplaca-6-mm-fr","12":"first","13":"outofstock","14":"taxable","15":"shipping-taxable","16":"purchasable","17":"product-type-variable","18":"has-default-attributes"},"_links":{"self":[{"href":"https:\/\/panelsandwich.org\/fr\/wp-json\/wp\/v2\/product\/52134","targetHints":{"allow":["GET"]}}],"collection":[{"href":"https:\/\/panelsandwich.org\/fr\/wp-json\/wp\/v2\/product"}],"about":[{"href":"https:\/\/panelsandwich.org\/fr\/wp-json\/wp\/v2\/types\/product"}],"replies":[{"embeddable":true,"href":"https:\/\/panelsandwich.org\/fr\/wp-json\/wp\/v2\/comments?post=52134"}],"version-history":[{"count":0,"href":"https:\/\/panelsandwich.org\/fr\/wp-json\/wp\/v2\/product\/52134\/revisions"}],"wp:featuredmedia":[{"embeddable":true,"href":"https:\/\/panelsandwich.org\/fr\/wp-json\/wp\/v2\/media\/32824"}],"wp:attachment":[{"href":"https:\/\/panelsandwich.org\/fr\/wp-json\/wp\/v2\/media?parent=52134"}],"wp:term":[{"taxonomy":"product_brand","embeddable":true,"href":"https:\/\/panelsandwich.org\/fr\/wp-json\/wp\/v2\/product_brand?post=52134"},{"taxonomy":"product_cat","embeddable":true,"href":"https:\/\/panelsandwich.org\/fr\/wp-json\/wp\/v2\/product_cat?post=52134"},{"taxonomy":"product_tag","embeddable":true,"href":"https:\/\/panelsandwich.org\/fr\/wp-json\/wp\/v2\/product_tag?post=52134"}],"curies":[{"name":"wp","href":"https:\/\/api.w.org\/{rel}","templated":true}]}}