{"id":52217,"date":"2023-09-28T23:15:39","date_gmt":"2023-09-28T21:15:39","guid":{"rendered":"https:\/\/panelsandwich.org\/panneau-sandwich-agropanel-en-forme-de-tuile\/"},"modified":"2023-11-22T18:28:04","modified_gmt":"2023-11-22T17:28:04","slug":"panneau-sandwich-agropanel-en-forme-de-tuile","status":"publish","type":"product","link":"https:\/\/panelsandwich.org\/fr\/panneau-sandwich-agropanel-en-forme-de-tuile\/","title":{"rendered":"Panneau sandwich Agropanel &#8211; en forme de tuile"},"content":{"rendered":"\t\t<div data-elementor-type=\"product-post\" data-elementor-id=\"52217\" class=\"elementor elementor-52217 elementor-32969\" data-elementor-post-type=\"product\">\n\t\t\t\t\t\t<section class=\"elementor-section elementor-top-section elementor-element elementor-element-6d1e17e4 elementor-section-boxed elementor-section-height-default elementor-section-height-default\" data-id=\"6d1e17e4\" data-element_type=\"section\" data-e-type=\"section\" data-settings=\"{&quot;jet_parallax_layout_list&quot;:[]}\">\n\t\t\t\t\t\t<div class=\"elementor-container elementor-column-gap-default\">\n\t\t\t\t\t<div class=\"elementor-column elementor-col-100 elementor-top-column elementor-element elementor-element-2baf3170\" data-id=\"2baf3170\" data-element_type=\"column\" data-e-type=\"column\">\n\t\t\t<div class=\"elementor-widget-wrap elementor-element-populated\">\n\t\t\t\t\t\t<div class=\"elementor-element elementor-element-6e1c72fb elementor-widget elementor-widget-heading\" data-id=\"6e1c72fb\" data-element_type=\"widget\" data-e-type=\"widget\" data-widget_type=\"heading.default\">\n\t\t\t\t<div class=\"elementor-widget-container\">\n\t\t\t\t\t<h2 class=\"elementor-heading-title elementor-size-default\"><h2>Agropanel - Imitation tuile\n<\/h2><\/h2>\t\t\t\t<\/div>\n\t\t\t\t<\/div>\n\t\t\t\t<div class=\"elementor-element elementor-element-68af2f1e elementor-widget elementor-widget-text-editor\" data-id=\"68af2f1e\" data-element_type=\"widget\" data-e-type=\"widget\" data-widget_type=\"text-editor.default\">\n\t\t\t\t<div class=\"elementor-widget-container\">\n\t\t\t\t\t\t\t\t\t<p>Les panneaux sandwichs autoportants Agrocoppo se composent d&rsquo;une feuille d&rsquo;acier \u00e0 l&rsquo;ext\u00e9rieur, d&rsquo;une feuille de polyester \u00e0 l&rsquo;int\u00e9rieur et d&rsquo;un noyau de mousse de polyur\u00e9thane \u00e0 haute isolation thermique. Ils sont con\u00e7us comme des enclos \u00e0 toit inclin\u00e9 g\u00e9n\u00e9ralement appliqu\u00e9s aux fermes (sauf pour les \u00e9levages de porcs o\u00f9 nous recommandons l&rsquo;installation de notre produit SPM). La pente minimale doit \u00eatre sup\u00e9rieure \u00e0 10 %. La longueur maximale recommand\u00e9e pour ce produit est de 15 050 mm avec une largeur utile de 1 000 mm.<\/p>\n\t\t\t\t\t\t\t\t<\/div>\n\t\t\t\t<\/div>\n\t\t\t\t<div class=\"elementor-element elementor-element-b235ea6 elementor-tabs-view-horizontal elementor-widget elementor-widget-tabs\" data-id=\"b235ea6\" data-element_type=\"widget\" data-e-type=\"widget\" data-widget_type=\"tabs.default\">\n\t\t\t\t<div class=\"elementor-widget-container\">\n\t\t\t\t\t\t\t<div class=\"elementor-tabs\">\n\t\t\t<div class=\"elementor-tabs-wrapper\" role=\"tablist\" >\n\t\t\t\t\t\t\t\t\t<div id=\"elementor-tab-title-1861\" class=\"elementor-tab-title elementor-tab-desktop-title\" aria-selected=\"true\" data-tab=\"1\" role=\"tab\" tabindex=\"0\" aria-controls=\"elementor-tab-content-1861\" aria-expanded=\"false\">Description\/ Application<\/div>\n\t\t\t\t\t\t\t\t\t<div id=\"elementor-tab-title-1862\" class=\"elementor-tab-title elementor-tab-desktop-title\" aria-selected=\"false\" data-tab=\"2\" role=\"tab\" tabindex=\"-1\" aria-controls=\"elementor-tab-content-1862\" aria-expanded=\"false\">Tableau des charges<\/div>\n\t\t\t\t\t\t\t\t\t<div id=\"elementor-tab-title-1863\" class=\"elementor-tab-title elementor-tab-desktop-title\" aria-selected=\"false\" data-tab=\"3\" role=\"tab\" tabindex=\"-1\" aria-controls=\"elementor-tab-content-1863\" aria-expanded=\"false\">Couleurs disponibles<\/div>\n\t\t\t\t\t\t\t\t\t<div id=\"elementor-tab-title-1864\" class=\"elementor-tab-title elementor-tab-desktop-title\" aria-selected=\"false\" data-tab=\"4\" role=\"tab\" tabindex=\"-1\" aria-controls=\"elementor-tab-content-1864\" aria-expanded=\"false\">Fiches techniques \/ T\u00e9l\u00e9chargements<\/div>\n\t\t\t\t\t\t\t<\/div>\n\t\t\t<div class=\"elementor-tabs-content-wrapper\" role=\"tablist\" aria-orientation=\"vertical\">\n\t\t\t\t\t\t\t\t\t<div class=\"elementor-tab-title elementor-tab-mobile-title\" aria-selected=\"true\" data-tab=\"1\" role=\"tab\" tabindex=\"0\" aria-controls=\"elementor-tab-content-1861\" aria-expanded=\"false\">Description\/ Application<\/div>\n\t\t\t\t\t<div id=\"elementor-tab-content-1861\" class=\"elementor-tab-content elementor-clearfix\" data-tab=\"1\" role=\"tabpanel\" aria-labelledby=\"elementor-tab-title-1861\" tabindex=\"0\" hidden=\"false\"><h3>Application<\/h3>\n<p>Enveloppes des b\u00e2timents.<\/p>\n<h3>Type de joint et d&rsquo;attaches<\/h3>\n<p>Type de joint : Type d&#8217;embo\u00eetement. La vis est visible.<\/p>\n<p>Vis : Vis avec rondelle en caoutchouc.<\/p>\n<p><img fetchpriority=\"high\" decoding=\"async\" class=\"alignnone wp-image-32966 size-medium\" src=\"https:\/\/panelsandwich.org\/wp-content\/uploads\/2018\/12\/cms_AGROPANEL_AGROPANEL-IMITACION-TEJA_union-300x212.png\" alt=\"filename\" width=\"300\" height=\"212\" title=\"% %count(title)\" srcset=\"https:\/\/panelsandwich.org\/wp-content\/uploads\/2018\/12\/cms_AGROPANEL_AGROPANEL-IMITACION-TEJA_union-300x212.png 300w, https:\/\/panelsandwich.org\/wp-content\/uploads\/2018\/12\/cms_AGROPANEL_AGROPANEL-IMITACION-TEJA_union.png 408w\" sizes=\"(max-width: 300px) 100vw, 300px\" \/><\/p>\n<h3>Dimensions<\/h3>\n<p>La longueur maximale recommand\u00e9e pour ce produit est de 15 050 mm avec une largeur utile de 1 000 mm.<\/p>\n<p>Avantages : La g\u00e9om\u00e9trie de la feuille ext\u00e9rieure ressemble \u00e0 la forme de la tuile arabe, ce qui permet au panneau de s&rsquo;adapter \u00e0 l&rsquo;esth\u00e9tique de l&rsquo;environnement. Le film int\u00e9rieur en polyester est tr\u00e8s r\u00e9sistant aux attaques des micro-organismes, des bact\u00e9ries, des vapeurs et de la condensation des acides organiques pr\u00e9sents dans les exploitations agricoles.<\/p>\n<p><img decoding=\"async\" class=\"aligncenter wp-image-36947 size-full lazyload\" data-src=\"https:\/\/panelsandwich.org\/wp-content\/uploads\/2023\/11\/Captura-11.jpg\" alt=\"filename\" width=\"987\" height=\"259\" title=\"% %count(title)\" data-srcset=\"https:\/\/panelsandwich.org\/wp-content\/uploads\/2023\/11\/Captura-11.jpg 987w, https:\/\/panelsandwich.org\/wp-content\/uploads\/2023\/11\/Captura-11-300x79.jpg 300w, https:\/\/panelsandwich.org\/wp-content\/uploads\/2023\/11\/Captura-11-768x202.jpg 768w\" data-sizes=\"(max-width: 987px) 100vw, 987px\" src=\"data:image\/svg+xml;base64,PHN2ZyB3aWR0aD0iMSIgaGVpZ2h0PSIxIiB4bWxucz0iaHR0cDovL3d3dy53My5vcmcvMjAwMC9zdmciPjwvc3ZnPg==\" style=\"--smush-placeholder-width: 987px; --smush-placeholder-aspect-ratio: 987\/259;\" \/><\/p>\n<h3>\n<p>R\u00e9action au feu<\/h3>\n<p>Classification F selon UNE-EN 13501-1:2007 +A1:2010. Sans CFC.<\/p>\n<\/div>\n\t\t\t\t\t\t\t\t\t<div class=\"elementor-tab-title elementor-tab-mobile-title\" aria-selected=\"false\" data-tab=\"2\" role=\"tab\" tabindex=\"-1\" aria-controls=\"elementor-tab-content-1862\" aria-expanded=\"false\">Tableau des charges<\/div>\n\t\t\t\t\t<div id=\"elementor-tab-content-1862\" class=\"elementor-tab-content elementor-clearfix\" data-tab=\"2\" role=\"tabpanel\" aria-labelledby=\"elementor-tab-title-1862\" tabindex=\"0\" hidden=\"hidden\"><p><img decoding=\"async\" class=\"aligncenter wp-image-36948 size-full lazyload\" data-src=\"https:\/\/panelsandwich.org\/wp-content\/uploads\/2023\/11\/Captura-12.jpg\" alt=\"filename\" width=\"1079\" height=\"256\" title=\"% %count(title)\" data-srcset=\"https:\/\/panelsandwich.org\/wp-content\/uploads\/2023\/11\/Captura-12.jpg 1079w, https:\/\/panelsandwich.org\/wp-content\/uploads\/2023\/11\/Captura-12-300x71.jpg 300w, https:\/\/panelsandwich.org\/wp-content\/uploads\/2023\/11\/Captura-12-1024x243.jpg 1024w, https:\/\/panelsandwich.org\/wp-content\/uploads\/2023\/11\/Captura-12-768x182.jpg 768w\" data-sizes=\"(max-width: 1079px) 100vw, 1079px\" src=\"data:image\/svg+xml;base64,PHN2ZyB3aWR0aD0iMSIgaGVpZ2h0PSIxIiB4bWxucz0iaHR0cDovL3d3dy53My5vcmcvMjAwMC9zdmciPjwvc3ZnPg==\" style=\"--smush-placeholder-width: 1079px; --smush-placeholder-aspect-ratio: 1079\/256;\" \/><\/p>\n<\/div>\n\t\t\t\t\t\t\t\t\t<div class=\"elementor-tab-title elementor-tab-mobile-title\" aria-selected=\"false\" data-tab=\"3\" role=\"tab\" tabindex=\"-1\" aria-controls=\"elementor-tab-content-1863\" aria-expanded=\"false\">Couleurs disponibles<\/div>\n\t\t\t\t\t<div id=\"elementor-tab-content-1863\" class=\"elementor-tab-content elementor-clearfix\" data-tab=\"3\" role=\"tabpanel\" aria-labelledby=\"elementor-tab-title-1863\" tabindex=\"0\" hidden=\"hidden\"><p><img decoding=\"async\" class=\"aligncenter wp-image-36915 size-full lazyload\" data-src=\"https:\/\/panelsandwich.org\/wp-content\/uploads\/2023\/11\/Captura-5.jpg\" alt=\"filename\" width=\"590\" height=\"860\" title=\"% %count(title)\" data-srcset=\"https:\/\/panelsandwich.org\/wp-content\/uploads\/2023\/11\/Captura-5.jpg 590w, https:\/\/panelsandwich.org\/wp-content\/uploads\/2023\/11\/Captura-5-206x300.jpg 206w\" data-sizes=\"(max-width: 590px) 100vw, 590px\" src=\"data:image\/svg+xml;base64,PHN2ZyB3aWR0aD0iMSIgaGVpZ2h0PSIxIiB4bWxucz0iaHR0cDovL3d3dy53My5vcmcvMjAwMC9zdmciPjwvc3ZnPg==\" style=\"--smush-placeholder-width: 590px; --smush-placeholder-aspect-ratio: 590\/860;\" \/><\/p>\n<\/div>\n\t\t\t\t\t\t\t\t\t<div class=\"elementor-tab-title elementor-tab-mobile-title\" aria-selected=\"false\" data-tab=\"4\" role=\"tab\" tabindex=\"-1\" aria-controls=\"elementor-tab-content-1864\" aria-expanded=\"false\">Fiches techniques \/ T\u00e9l\u00e9chargements<\/div>\n\t\t\t\t\t<div id=\"elementor-tab-content-1864\" class=\"elementor-tab-content elementor-clearfix\" data-tab=\"4\" role=\"tabpanel\" aria-labelledby=\"elementor-tab-title-1864\" tabindex=\"0\" hidden=\"hidden\"><p><a href=\"https:\/\/panelsandwich.org\/wp-content\/uploads\/2023\/11\/Panel-Sandwich.-ORG-Agropanel-Imitacion-Teja.pdf\" target=\"_blank\" rel=\"noopener\"><button style=\"background-color: #ffa300; border-color: black; color: white;\" spellcheck=\"false\" data-lt-tmp-id=\"lt-827558\" data-gramm=\"false\">T\u00e9l\u00e9charger la fiche technique<\/button><\/a><\/p>\n<\/div>\n\t\t\t\t\t\t\t<\/div>\n\t\t<\/div>\n\t\t\t\t\t\t<\/div>\n\t\t\t\t<\/div>\n\t\t\t\t\t<\/div>\n\t\t<\/div>\n\t\t\t\t\t<\/div>\n\t\t<\/section>\n\t\t\t\t<\/div>\n\t\t","protected":false},"excerpt":{"rendered":"<p>PAT4- Panneau sandwich Agropanel. Imitation de carreaux de fa\u00efence<\/p>\n<p style=\"text-align: center;\"><strong><span style=\"font-size: medium;\"><a class=\"w-100 btn btn-danger btn-lg\" href=\"https:\/\/panelsandwich.org\/contactenos\">DEMANDE DE PRIX ET D&rsquo;INFORMATIONS TECHNIQUES  <i class=\"caret-right\"><\/i><\/a><\/span><\/strong><\/p>\n","protected":false},"featured_media":37051,"comment_status":"open","ping_status":"closed","template":"","meta":[],"product_brand":[],"product_cat":[3457],"product_tag":[],"class_list":{"0":"post-52217","1":"product","2":"type-product","3":"status-publish","4":"has-post-thumbnail","6":"product_cat-panneau-sandwich-pour-fermes-agropanel","7":"pa_colorexterior-blanc-des-pyrenees-ral-9010","8":"pa_colorexterior-bleu-lac-ral-5019","9":"pa_colorexterior-carrelage-ral-3009","10":"pa_colorexterior-creme-bidassoa-ral-1015","11":"pa_colorexterior-gris-ardoise-ral-7024","12":"pa_colorexterior-gris-ombre-ral-7022","13":"pa_colorexterior-vert-navarra-ral-6005","14":"pa_colorexterior-vieilli-a-lalbero","15":"pa_colorinterior-blanc-feuilles-de-polyester-et-de-fibre-de-verre","16":"pa_espesorespuma-30-mm-fr","17":"pa_espesorespuma-40-mm-fr","18":"pa_tipoaislamiento-mousse-pur-classification-f","20":"first","21":"outofstock","22":"taxable","23":"shipping-taxable","24":"purchasable","25":"product-type-variable","26":"has-default-attributes"},"_links":{"self":[{"href":"https:\/\/panelsandwich.org\/fr\/wp-json\/wp\/v2\/product\/52217","targetHints":{"allow":["GET"]}}],"collection":[{"href":"https:\/\/panelsandwich.org\/fr\/wp-json\/wp\/v2\/product"}],"about":[{"href":"https:\/\/panelsandwich.org\/fr\/wp-json\/wp\/v2\/types\/product"}],"replies":[{"embeddable":true,"href":"https:\/\/panelsandwich.org\/fr\/wp-json\/wp\/v2\/comments?post=52217"}],"version-history":[{"count":0,"href":"https:\/\/panelsandwich.org\/fr\/wp-json\/wp\/v2\/product\/52217\/revisions"}],"wp:featuredmedia":[{"embeddable":true,"href":"https:\/\/panelsandwich.org\/fr\/wp-json\/wp\/v2\/media\/37051"}],"wp:attachment":[{"href":"https:\/\/panelsandwich.org\/fr\/wp-json\/wp\/v2\/media?parent=52217"}],"wp:term":[{"taxonomy":"product_brand","embeddable":true,"href":"https:\/\/panelsandwich.org\/fr\/wp-json\/wp\/v2\/product_brand?post=52217"},{"taxonomy":"product_cat","embeddable":true,"href":"https:\/\/panelsandwich.org\/fr\/wp-json\/wp\/v2\/product_cat?post=52217"},{"taxonomy":"product_tag","embeddable":true,"href":"https:\/\/panelsandwich.org\/fr\/wp-json\/wp\/v2\/product_tag?post=52217"}],"curies":[{"name":"wp","href":"https:\/\/api.w.org\/{rel}","templated":true}]}}