{"id":52236,"date":"2023-09-28T23:15:38","date_gmt":"2023-09-28T21:15:38","guid":{"rendered":"https:\/\/panelsandwich.org\/ceinture-metallique-grand-omega-structurel\/"},"modified":"2023-09-28T23:15:38","modified_gmt":"2023-09-28T21:15:38","slug":"ceinture-metallique-grand-omega-structurel","status":"publish","type":"product","link":"https:\/\/panelsandwich.org\/fr\/ceinture-metallique-grand-omega-structurel\/","title":{"rendered":"Ceinture m\u00e9tallique &#8211; Grand Omega structurel"},"content":{"rendered":"<h2>Description :<\/h2>\n<p>Ce produit est l&rsquo;aboutissement de deux ann\u00e9es de recherche et de d\u00e9veloppement \u00e0 la recherche d&rsquo;une solution. Le r\u00e9sultat est le profil\u00e9 en acier l\u00e9ger le plus \u00e9conomique et le plus solide disponible sur le march\u00e9. Ce profil innovant, issu de la famille omegas, permet des r\u00e9ductions de poids significatives par rapport aux solutions les plus avanc\u00e9es du march\u00e9, pour un m\u00eame niveau de performance structurelle.<\/p>\n<p>Les profils sont obtenus par formage \u00e0 froid, ce qui permet un taux de production \u00e9lev\u00e9 ainsi qu&rsquo;une grande pr\u00e9cision dimensionnelle. Fabriqu\u00e9s sur une ligne de profilage en continu, les profil\u00e9s sont fabriqu\u00e9s sur mesure et avec diff\u00e9rents motifs de perforation qui facilitent le processus d&rsquo;assemblage gr\u00e2ce \u00e0 la possibilit\u00e9 d&rsquo;effectuer des connexions boulonn\u00e9es.<\/p>\n<p style=\"text-align:center;\"><strong><span style=\"font-size:medium;\"><a class=\"w-100 btn btn-danger btn-lg\" href=\"https:\/\/panelsandwich.org\/contactenos\">DEMANDE DE PRIX ET D&rsquo;INFORMATIONS TECHNIQUES  <i class=\"caret-right\"><\/i><\/a><\/span><\/strong><\/p>\n<h2>Applications :<\/h2>\n<p>La polyvalence de Superomega\u00ae permet une large application \u00e0 diff\u00e9rents types de structures ainsi que l&rsquo;adaptation \u00e0 presque tous les types de mat\u00e9riaux. Ce profil peut s&rsquo;appliquer \u00e0 :<\/p>\n<ul style=\"list-style-type:circle;\">\n<li>Structure secondaire pour toiture et fa\u00e7ade support pour toitures et fa\u00e7ades<\/li>\n<li>Cloisons internes<\/li>\n<li>Structures de mezzanine et de plancher interm\u00e9diaire<\/li>\n<li>Couverture l\u00e9g\u00e8re en LS<\/li>\n<li>Supports pour syst\u00e8mes de panneaux photovolta\u00efques<\/li>\n<\/ul>\n<h2>Principales diff\u00e9rences avec d&rsquo;autres solutions sur le march\u00e9 :<\/h2>\n<ul style=\"list-style-type:circle;\">\n<li>\u00c9conomies de mat\u00e9riaux par rapport aux performances structurelles<\/li>\n<li>Profil optimis\u00e9 pour le transport de conteneurs<\/li>\n<li>Possibilit\u00e9 de d\u00e9finir une connexion de continuit\u00e9 dans la zone de soutien ou en dehors du soutien<\/li>\n<li>Forage adapt\u00e9 \u00e0 l&rsquo;application<\/li>\n<li>Possibilit\u00e9 de forage continu<\/li>\n<li>G\u00e9om\u00e9trie futuriste et esth\u00e9tiquement attrayante.<\/li>\n<\/ul>\n<p style=\"text-align:left;\"><strong><span style=\"font-size:medium;\">Mesures :<\/span><\/strong><\/p>\n<p>La gamme se compose de 5 profils de section transversale de type \u03a9, avec des hauteurs allant de 80 \u00e0 250 mm et des \u00e9paisseurs allant de 1,0 \u00e0 3,0 mm.<\/p>\n<p><img decoding=\"async\" class=\"size-full wp-image-33036 lazyload\" data-src=\"https:\/\/panelsandwich.org\/wp-content\/uploads\/2019\/12\/cms_GRANOMEGA_medidas.JPG\" alt=\"filename\" width=\"100%\" title=\"% %count(title)\" data-srcset=\"https:\/\/panelsandwich.org\/wp-content\/uploads\/2019\/12\/cms_GRANOMEGA_medidas.JPG 1560w, https:\/\/panelsandwich.org\/wp-content\/uploads\/2019\/12\/cms_GRANOMEGA_medidas-300x59.jpg 300w, https:\/\/panelsandwich.org\/wp-content\/uploads\/2019\/12\/cms_GRANOMEGA_medidas-1024x202.jpg 1024w, https:\/\/panelsandwich.org\/wp-content\/uploads\/2019\/12\/cms_GRANOMEGA_medidas-768x151.jpg 768w, https:\/\/panelsandwich.org\/wp-content\/uploads\/2019\/12\/cms_GRANOMEGA_medidas-1536x302.jpg 1536w, https:\/\/panelsandwich.org\/wp-content\/uploads\/2019\/12\/cms_GRANOMEGA_medidas-600x118.jpg 600w\" data-sizes=\"(max-width: 1560px) 100vw, 1560px\" src=\"data:image\/svg+xml;base64,PHN2ZyB3aWR0aD0iMSIgaGVpZ2h0PSIxIiB4bWxucz0iaHR0cDovL3d3dy53My5vcmcvMjAwMC9zdmciPjwvc3ZnPg==\" style=\"--smush-placeholder-width: 1560px; --smush-placeholder-aspect-ratio: 1560\/307;\" \/><\/p>\n<p><img decoding=\"async\" class=\"size-full wp-image-33037 lazyload\" data-src=\"https:\/\/panelsandwich.org\/wp-content\/uploads\/2019\/12\/cms_GRANOMEGA_seccion.JPG\" alt=\"filename\" width=\"100%\" title=\"% %count(title)\" data-srcset=\"https:\/\/panelsandwich.org\/wp-content\/uploads\/2019\/12\/cms_GRANOMEGA_seccion.JPG 1551w, https:\/\/panelsandwich.org\/wp-content\/uploads\/2019\/12\/cms_GRANOMEGA_seccion-300x166.jpg 300w, https:\/\/panelsandwich.org\/wp-content\/uploads\/2019\/12\/cms_GRANOMEGA_seccion-1024x567.jpg 1024w, https:\/\/panelsandwich.org\/wp-content\/uploads\/2019\/12\/cms_GRANOMEGA_seccion-768x425.jpg 768w, https:\/\/panelsandwich.org\/wp-content\/uploads\/2019\/12\/cms_GRANOMEGA_seccion-1536x851.jpg 1536w, https:\/\/panelsandwich.org\/wp-content\/uploads\/2019\/12\/cms_GRANOMEGA_seccion-600x332.jpg 600w\" data-sizes=\"(max-width: 1551px) 100vw, 1551px\" src=\"data:image\/svg+xml;base64,PHN2ZyB3aWR0aD0iMSIgaGVpZ2h0PSIxIiB4bWxucz0iaHR0cDovL3d3dy53My5vcmcvMjAwMC9zdmciPjwvc3ZnPg==\" style=\"--smush-placeholder-width: 1551px; --smush-placeholder-aspect-ratio: 1551\/859;\" \/><\/p>\n<h2>Qualit\u00e9 des mat\u00e9riaux :<\/h2>\n<p>Le SuperOmega est produit en 2 qualit\u00e9s d&rsquo;acier de construction pr\u00e9-galvanis\u00e9 : S280GD et S350GD en t\u00f4le pr\u00e9-galvanis\u00e9e ou Magnelis selon la norme EN 10346. En option, ce produit peut \u00eatre fourni avec un autre type de finition de surface, notamment avec une laque RAL \u00e0 d\u00e9finir. Conditions de livraison sur demande.<\/p>\n<p><img decoding=\"async\" class=\"size-full wp-image-33038 lazyload\" data-src=\"https:\/\/panelsandwich.org\/wp-content\/uploads\/2019\/12\/cms_GRANOMEGA_clase-de-acero.JPG\" alt=\"filename\" width=\"100%\" title=\"% %count(title)\" data-srcset=\"https:\/\/panelsandwich.org\/wp-content\/uploads\/2019\/12\/cms_GRANOMEGA_clase-de-acero.JPG 1544w, https:\/\/panelsandwich.org\/wp-content\/uploads\/2019\/12\/cms_GRANOMEGA_clase-de-acero-300x143.jpg 300w, https:\/\/panelsandwich.org\/wp-content\/uploads\/2019\/12\/cms_GRANOMEGA_clase-de-acero-1024x487.jpg 1024w, https:\/\/panelsandwich.org\/wp-content\/uploads\/2019\/12\/cms_GRANOMEGA_clase-de-acero-768x366.jpg 768w, https:\/\/panelsandwich.org\/wp-content\/uploads\/2019\/12\/cms_GRANOMEGA_clase-de-acero-1536x731.jpg 1536w, https:\/\/panelsandwich.org\/wp-content\/uploads\/2019\/12\/cms_GRANOMEGA_clase-de-acero-600x286.jpg 600w\" data-sizes=\"(max-width: 1544px) 100vw, 1544px\" src=\"data:image\/svg+xml;base64,PHN2ZyB3aWR0aD0iMSIgaGVpZ2h0PSIxIiB4bWxucz0iaHR0cDovL3d3dy53My5vcmcvMjAwMC9zdmciPjwvc3ZnPg==\" style=\"--smush-placeholder-width: 1544px; --smush-placeholder-aspect-ratio: 1544\/735;\" \/><\/p>\n<\/p>\n<h2>Mod\u00e8les de per\u00e7age :<\/h2>\n<p>Sch\u00e9mas de per\u00e7age superomega\u00ae peut \u00eatre fourni sans per\u00e7age ou avec 2 sch\u00e9mas de per\u00e7age diff\u00e9rents, en fonction des besoins du projet et comme expliqu\u00e9 ci-dessous.<\/p>\n<p>Mod\u00e8le A &#8211; Per\u00e7age personnalis\u00e9 Per\u00e7age \u00d814 pour boulon M10 &#8211; classe 8.8 dans les ailes inf\u00e9rieures de la section et dans la partie sup\u00e9rieure des \u00e2mes, d\u00e9fini sur la base des exigences du projet. En r\u00e8gle g\u00e9n\u00e9rale, ce per\u00e7age sera d\u00e9fini au niveau des supports et des zones de chevauchement afin d&rsquo;assurer la transmission des contraintes de continuit\u00e9.<\/p>\n<p>Le forage est effectu\u00e9 par blocs de 5 trous espac\u00e9s de 50 mm. La distance entre l&rsquo;extr\u00e9mit\u00e9 du profil\u00e9 et l&rsquo;axe de la premi\u00e8re colonne de trous peut \u00eatre fix\u00e9e entre 25-30- 35-40-45-50 mm.<img decoding=\"async\" class=\"size-full wp-image-33039 lazyload\" data-src=\"https:\/\/panelsandwich.org\/wp-content\/uploads\/2019\/12\/cms_GRANOMEGA_perforacion.JPG\" alt=\"filename\" width=\"100%\" title=\"% %count(title)\" data-srcset=\"https:\/\/panelsandwich.org\/wp-content\/uploads\/2019\/12\/cms_GRANOMEGA_perforacion.JPG 1562w, https:\/\/panelsandwich.org\/wp-content\/uploads\/2019\/12\/cms_GRANOMEGA_perforacion-300x154.jpg 300w, https:\/\/panelsandwich.org\/wp-content\/uploads\/2019\/12\/cms_GRANOMEGA_perforacion-1024x524.jpg 1024w, https:\/\/panelsandwich.org\/wp-content\/uploads\/2019\/12\/cms_GRANOMEGA_perforacion-768x393.jpg 768w, https:\/\/panelsandwich.org\/wp-content\/uploads\/2019\/12\/cms_GRANOMEGA_perforacion-1536x787.jpg 1536w, https:\/\/panelsandwich.org\/wp-content\/uploads\/2019\/12\/cms_GRANOMEGA_perforacion-600x307.jpg 600w\" data-sizes=\"(max-width: 1562px) 100vw, 1562px\" src=\"data:image\/svg+xml;base64,PHN2ZyB3aWR0aD0iMSIgaGVpZ2h0PSIxIiB4bWxucz0iaHR0cDovL3d3dy53My5vcmcvMjAwMC9zdmciPjwvc3ZnPg==\" style=\"--smush-placeholder-width: 1562px; --smush-placeholder-aspect-ratio: 1562\/800;\" \/><\/p>\n<p style=\"text-align:center;\"><strong><span style=\"font-size:medium;\"><a class=\"w-100 btn btn-danger btn-lg\" href=\"https:\/\/panelsandwich.org\/contactenos\">DEMANDE DE PRIX ET D&rsquo;INFORMATIONS TECHNIQUES  <i class=\"caret-right\"><\/i><\/a><\/span><\/strong><\/p>\n","protected":false},"excerpt":{"rendered":"<p>Ce produit est l&rsquo;aboutissement de deux ann\u00e9es de recherche et de d\u00e9veloppement \u00e0 la recherche d&rsquo;une solution. Le r\u00e9sultat est le profil\u00e9 en acier l\u00e9ger le plus \u00e9conomique et le plus solide disponible sur le march\u00e9. Ce profil innovant, issu de la famille omegas, permet des r\u00e9ductions de poids significatives par rapport aux solutions les plus avanc\u00e9es du march\u00e9, pour un m\u00eame niveau de performance structurelle.<\/p>\n<p style=\"text-align:center;\"><strong><span style=\"font-size:medium;\"><a class=\"w-100 btn btn-danger btn-lg\" href=\"https:\/\/panelsandwich.org\/contactenos\">DEMANDE DE PRIX ET D&rsquo;INFORMATIONS TECHNIQUES  <i class=\"caret-right\"><\/i><\/a><\/span><\/strong><\/p>\n","protected":false},"featured_media":33035,"comment_status":"open","ping_status":"closed","template":"","meta":[],"product_brand":[],"product_cat":[3299],"product_tag":[3430,3429,3665],"class_list":{"0":"post-52236","1":"product","2":"type-product","3":"status-publish","4":"has-post-thumbnail","6":"product_cat-courroies-metalliques-structurelles","7":"product_tag-coquilles-metalliques","8":"product_tag-ejions-fr","9":"product_tag-granomega-fr","11":"first","12":"outofstock","13":"taxable","14":"shipping-taxable","15":"purchasable","16":"product-type-simple"},"_links":{"self":[{"href":"https:\/\/panelsandwich.org\/fr\/wp-json\/wp\/v2\/product\/52236","targetHints":{"allow":["GET"]}}],"collection":[{"href":"https:\/\/panelsandwich.org\/fr\/wp-json\/wp\/v2\/product"}],"about":[{"href":"https:\/\/panelsandwich.org\/fr\/wp-json\/wp\/v2\/types\/product"}],"replies":[{"embeddable":true,"href":"https:\/\/panelsandwich.org\/fr\/wp-json\/wp\/v2\/comments?post=52236"}],"version-history":[{"count":0,"href":"https:\/\/panelsandwich.org\/fr\/wp-json\/wp\/v2\/product\/52236\/revisions"}],"wp:featuredmedia":[{"embeddable":true,"href":"https:\/\/panelsandwich.org\/fr\/wp-json\/wp\/v2\/media\/33035"}],"wp:attachment":[{"href":"https:\/\/panelsandwich.org\/fr\/wp-json\/wp\/v2\/media?parent=52236"}],"wp:term":[{"taxonomy":"product_brand","embeddable":true,"href":"https:\/\/panelsandwich.org\/fr\/wp-json\/wp\/v2\/product_brand?post=52236"},{"taxonomy":"product_cat","embeddable":true,"href":"https:\/\/panelsandwich.org\/fr\/wp-json\/wp\/v2\/product_cat?post=52236"},{"taxonomy":"product_tag","embeddable":true,"href":"https:\/\/panelsandwich.org\/fr\/wp-json\/wp\/v2\/product_tag?post=52236"}],"curies":[{"name":"wp","href":"https:\/\/api.w.org\/{rel}","templated":true}]}}