{"id":52325,"date":"2023-09-28T23:15:38","date_gmt":"2023-09-28T21:15:38","guid":{"rendered":"https:\/\/panelsandwich.org\/panneau-sandwich-eco-tile-tile-red-ral-8004\/"},"modified":"2025-11-21T12:18:28","modified_gmt":"2025-11-21T11:18:28","slug":"panneau-sandwich-eco-tile-tile-red-ral-8004","status":"publish","type":"product","link":"https:\/\/panelsandwich.org\/fr\/panneau-sandwich-eco-tile-tile-red-ral-8004\/","title":{"rendered":"Panneau sandwich ECO Tile &#8211; Tile Red (Ral 8004)"},"content":{"rendered":"\t\t<div data-elementor-type=\"product-post\" data-elementor-id=\"52325\" class=\"elementor elementor-52325 elementor-33058\" data-elementor-post-type=\"product\">\n\t\t\t\t\t\t<section class=\"elementor-section elementor-top-section elementor-element elementor-element-5f9d286 elementor-section-boxed elementor-section-height-default elementor-section-height-default\" data-id=\"5f9d286\" data-element_type=\"section\" data-e-type=\"section\" data-settings=\"{&quot;jet_parallax_layout_list&quot;:[]}\">\n\t\t\t\t\t\t<div class=\"elementor-container elementor-column-gap-default\">\n\t\t\t\t\t<div class=\"elementor-column elementor-col-100 elementor-top-column elementor-element elementor-element-6bfaaf9b\" data-id=\"6bfaaf9b\" data-element_type=\"column\" data-e-type=\"column\">\n\t\t\t<div class=\"elementor-widget-wrap elementor-element-populated\">\n\t\t\t\t\t\t<div class=\"elementor-element elementor-element-4d08dae4 elementor-widget elementor-widget-heading\" data-id=\"4d08dae4\" data-element_type=\"widget\" data-e-type=\"widget\" data-widget_type=\"heading.default\">\n\t\t\t\t<div class=\"elementor-widget-container\">\n\t\t\t\t\t<h2 class=\"elementor-heading-title elementor-size-default\"><h2>Panneau sandwich imitation carrelage - Eco\n<\/h2><\/h2>\t\t\t\t<\/div>\n\t\t\t\t<\/div>\n\t\t\t\t<div class=\"elementor-element elementor-element-c1c0867 elementor-widget elementor-widget-text-editor\" data-id=\"c1c0867\" data-element_type=\"widget\" data-e-type=\"widget\" data-widget_type=\"text-editor.default\">\n\t\t\t\t<div class=\"elementor-widget-container\">\n\t\t\t\t\t\t\t\t\t<p>Ces types de panneaux se composent d&rsquo;une t\u00f4le d&rsquo;acier pr\u00e9laqu\u00e9e sur la face sup\u00e9rieure et d&rsquo;une fine couche d&rsquo;aluminium gaufr\u00e9 sur la face inf\u00e9rieure, entre lesquelles se trouve un noyau de mousse rigide inject\u00e9 entre les deux t\u00f4les selon un processus de fabrication continu (PUR).<\/p>\t\t\t\t\t\t\t\t<\/div>\n\t\t\t\t<\/div>\n\t\t\t\t<div class=\"elementor-element elementor-element-1bf4bcee elementor-tabs-view-horizontal elementor-widget elementor-widget-tabs\" data-id=\"1bf4bcee\" data-element_type=\"widget\" data-e-type=\"widget\" data-widget_type=\"tabs.default\">\n\t\t\t\t<div class=\"elementor-widget-container\">\n\t\t\t\t\t\t\t<div class=\"elementor-tabs\">\n\t\t\t<div class=\"elementor-tabs-wrapper\" role=\"tablist\" >\n\t\t\t\t\t\t\t\t\t<div id=\"elementor-tab-title-4691\" class=\"elementor-tab-title elementor-tab-desktop-title\" aria-selected=\"true\" data-tab=\"1\" role=\"tab\" tabindex=\"0\" aria-controls=\"elementor-tab-content-4691\" aria-expanded=\"false\">Description\/ Application<\/div>\n\t\t\t\t\t\t\t\t\t<div id=\"elementor-tab-title-4692\" class=\"elementor-tab-title elementor-tab-desktop-title\" aria-selected=\"false\" data-tab=\"2\" role=\"tab\" tabindex=\"-1\" aria-controls=\"elementor-tab-content-4692\" aria-expanded=\"false\">Tableau des charges<\/div>\n\t\t\t\t\t\t\t\t\t<div id=\"elementor-tab-title-4693\" class=\"elementor-tab-title elementor-tab-desktop-title\" aria-selected=\"false\" data-tab=\"3\" role=\"tab\" tabindex=\"-1\" aria-controls=\"elementor-tab-content-4693\" aria-expanded=\"false\">Couleurs disponibles<\/div>\n\t\t\t\t\t\t\t\t\t<div id=\"elementor-tab-title-4694\" class=\"elementor-tab-title elementor-tab-desktop-title\" aria-selected=\"false\" data-tab=\"4\" role=\"tab\" tabindex=\"-1\" aria-controls=\"elementor-tab-content-4694\" aria-expanded=\"false\">Fiches techniques \/ T\u00e9l\u00e9chargements<\/div>\n\t\t\t\t\t\t\t<\/div>\n\t\t\t<div class=\"elementor-tabs-content-wrapper\" role=\"tablist\" aria-orientation=\"vertical\">\n\t\t\t\t\t\t\t\t\t<div class=\"elementor-tab-title elementor-tab-mobile-title\" aria-selected=\"true\" data-tab=\"1\" role=\"tab\" tabindex=\"0\" aria-controls=\"elementor-tab-content-4691\" aria-expanded=\"false\">Description\/ Application<\/div>\n\t\t\t\t\t<div id=\"elementor-tab-content-4691\" class=\"elementor-tab-content elementor-clearfix\" data-tab=\"1\" role=\"tabpanel\" aria-labelledby=\"elementor-tab-title-4691\" tabindex=\"0\" hidden=\"false\"><h3 style=\"font-weight: 500;\">Face int\u00e9rieure en aluminium :<\/h3>\n<p style=\"font-weight: 400;\">Feuille d&rsquo;aluminium gaufr\u00e9e, avec 2 g\/m\u00b2 de laque polyester transparente et mate \u00e0 l&rsquo;ext\u00e9rieur et 0,3 g\/m\u00b2 d&rsquo;adh\u00e9sif PUR en couche de fond.<\/p>\n<p style=\"font-weight: 400;\">La feuille a une charge de rupture sup\u00e9rieure \u00e0 130 mpa et un allongement sup\u00e9rieur \u00e0 2 %.<\/p>\n<h3 style=\"font-weight: 500;\">Face m\u00e9tallique ext\u00e9rieure :<\/h3>\n<p style=\"font-weight: 400;\">La face ext\u00e9rieure, associ\u00e9e au noyau isolant, offre une isolation \u00e9lev\u00e9e, car les deux faces sont coll\u00e9es au noyau et s\u00e9par\u00e9es des deux c\u00f4t\u00e9s, ce qui permet d&rsquo;obtenir une rupture du pont thermique.<\/p>\n<p style=\"font-weight: 400;\">Epaisseur de la t\u00f4le \u00e0 partir de 0,5 mm sur demande. L&rsquo;acier utilis\u00e9, ses tol\u00e9rances dimensionnelles et de forme sont indiqu\u00e9s dans la norme UNE-EN 10169-1, 2.<\/p>\n<h3 style=\"font-weight: 500;\">Principales propri\u00e9t\u00e9s<\/h3>\n<ul style=\"font-weight: 400;\">\n<li>Ce type de t\u00f4le de couverture est le choix parfait lorsque l&rsquo;esth\u00e9tique est importante, id\u00e9al pour les zones rurales, civiles et de r\u00e9novation, car elle ne touche pas la structure, la lib\u00e9rant ainsi de toute contrainte.<\/li>\n<li>Il offre des performances maximales pour un poids minimal.<\/li>\n<li>Isolation thermique et acoustique \u00e9lev\u00e9e<\/li>\n<li>Tr\u00e8s praticable et s\u00fbr<\/li>\n<li>Ils sont tr\u00e8s l\u00e9gers et offrent un haut degr\u00e9 d&rsquo;\u00e9tanch\u00e9it\u00e9 pour les toits.<\/li>\n<li>Finitions disponibles : RAL 8004 brut, albero, argile antique et ardoise.<\/li>\n<li>Ils sont fix\u00e9s directement sur le bois\/les sangles, ce qui permet une fixation tr\u00e8s s\u00fbre \u00e0 la structure.<\/li>\n<li>En plus des dimensions standard d\u00e9taill\u00e9es dans le tableau, ces panneaux peuvent \u00eatre personnalis\u00e9s dans la coupe en fonction de l&rsquo;importance de la commande.<\/li>\n<\/ul>\n<p><img fetchpriority=\"high\" decoding=\"async\" class=\"alignnone wp-image-36865 size-full\" src=\"https:\/\/panelsandwich.org\/wp-content\/uploads\/2023\/11\/Captura.jpg\" alt=\"filename\" width=\"1463\" height=\"581\" title=\"% %count(title)\" srcset=\"https:\/\/panelsandwich.org\/wp-content\/uploads\/2023\/11\/Captura.jpg 1463w, https:\/\/panelsandwich.org\/wp-content\/uploads\/2023\/11\/Captura-300x119.jpg 300w, https:\/\/panelsandwich.org\/wp-content\/uploads\/2023\/11\/Captura-1024x407.jpg 1024w, https:\/\/panelsandwich.org\/wp-content\/uploads\/2023\/11\/Captura-768x305.jpg 768w\" sizes=\"(max-width: 1463px) 100vw, 1463px\" \/><\/p>\n<\/div>\n\t\t\t\t\t\t\t\t\t<div class=\"elementor-tab-title elementor-tab-mobile-title\" aria-selected=\"false\" data-tab=\"2\" role=\"tab\" tabindex=\"-1\" aria-controls=\"elementor-tab-content-4692\" aria-expanded=\"false\">Tableau des charges<\/div>\n\t\t\t\t\t<div id=\"elementor-tab-content-4692\" class=\"elementor-tab-content elementor-clearfix\" data-tab=\"2\" role=\"tabpanel\" aria-labelledby=\"elementor-tab-title-4692\" tabindex=\"0\" hidden=\"hidden\"><p><img decoding=\"async\" class=\"alignnone wp-image-36866 size-full lazyload\" data-src=\"https:\/\/panelsandwich.org\/wp-content\/uploads\/2023\/11\/Captura-1.jpg\" alt=\"filename\" width=\"1152\" height=\"698\" title=\"% %count(title)\" data-srcset=\"https:\/\/panelsandwich.org\/wp-content\/uploads\/2023\/11\/Captura-1.jpg 1152w, https:\/\/panelsandwich.org\/wp-content\/uploads\/2023\/11\/Captura-1-300x182.jpg 300w, https:\/\/panelsandwich.org\/wp-content\/uploads\/2023\/11\/Captura-1-1024x620.jpg 1024w, https:\/\/panelsandwich.org\/wp-content\/uploads\/2023\/11\/Captura-1-768x465.jpg 768w\" data-sizes=\"(max-width: 1152px) 100vw, 1152px\" src=\"data:image\/svg+xml;base64,PHN2ZyB3aWR0aD0iMSIgaGVpZ2h0PSIxIiB4bWxucz0iaHR0cDovL3d3dy53My5vcmcvMjAwMC9zdmciPjwvc3ZnPg==\" style=\"--smush-placeholder-width: 1152px; --smush-placeholder-aspect-ratio: 1152\/698;\" \/><\/p>\n<\/div>\n\t\t\t\t\t\t\t\t\t<div class=\"elementor-tab-title elementor-tab-mobile-title\" aria-selected=\"false\" data-tab=\"3\" role=\"tab\" tabindex=\"-1\" aria-controls=\"elementor-tab-content-4693\" aria-expanded=\"false\">Couleurs disponibles<\/div>\n\t\t\t\t\t<div id=\"elementor-tab-content-4693\" class=\"elementor-tab-content elementor-clearfix\" data-tab=\"3\" role=\"tabpanel\" aria-labelledby=\"elementor-tab-title-4693\" tabindex=\"0\" hidden=\"hidden\"><p><img decoding=\"async\" class=\"alignnone wp-image-36867 size-full lazyload\" data-src=\"https:\/\/panelsandwich.org\/wp-content\/uploads\/2023\/11\/Captura-2.jpg\" alt=\"filename\" width=\"1498\" height=\"255\" title=\"% %count(title)\" data-srcset=\"https:\/\/panelsandwich.org\/wp-content\/uploads\/2023\/11\/Captura-2.jpg 1498w, https:\/\/panelsandwich.org\/wp-content\/uploads\/2023\/11\/Captura-2-300x51.jpg 300w, https:\/\/panelsandwich.org\/wp-content\/uploads\/2023\/11\/Captura-2-1024x174.jpg 1024w, https:\/\/panelsandwich.org\/wp-content\/uploads\/2023\/11\/Captura-2-768x131.jpg 768w\" data-sizes=\"(max-width: 1498px) 100vw, 1498px\" src=\"data:image\/svg+xml;base64,PHN2ZyB3aWR0aD0iMSIgaGVpZ2h0PSIxIiB4bWxucz0iaHR0cDovL3d3dy53My5vcmcvMjAwMC9zdmciPjwvc3ZnPg==\" style=\"--smush-placeholder-width: 1498px; --smush-placeholder-aspect-ratio: 1498\/255;\" \/><\/p>\n<\/div>\n\t\t\t\t\t\t\t\t\t<div class=\"elementor-tab-title elementor-tab-mobile-title\" aria-selected=\"false\" data-tab=\"4\" role=\"tab\" tabindex=\"-1\" aria-controls=\"elementor-tab-content-4694\" aria-expanded=\"false\">Fiches techniques \/ T\u00e9l\u00e9chargements<\/div>\n\t\t\t\t\t<div id=\"elementor-tab-content-4694\" class=\"elementor-tab-content elementor-clearfix\" data-tab=\"4\" role=\"tabpanel\" aria-labelledby=\"elementor-tab-title-4694\" tabindex=\"0\" hidden=\"hidden\"><p><a href=\"https:\/\/panelsandwich.org\/wp-content\/uploads\/2023\/11\/PanelSandwich-Imitacion-Teja-ECO.pdf\" target=\"_blank\" rel=\"noopener\"><button style=\"background-color: #ffa300; border-color: black; color: white;\" spellcheck=\"false\" data-lt-tmp-id=\"lt-827558\" data-gramm=\"false\">T\u00e9l\u00e9charger la fiche technique<\/button><\/a><\/p>\n<\/div>\n\t\t\t\t\t\t\t<\/div>\n\t\t<\/div>\n\t\t\t\t\t\t<\/div>\n\t\t\t\t<\/div>\n\t\t\t\t\t<\/div>\n\t\t<\/div>\n\t\t\t\t\t<\/div>\n\t\t<\/section>\n\t\t\t\t<\/div>\n\t\t","protected":false},"excerpt":{"rendered":"<p>Panneau imitation sandwich ECONOMIC &#8211; TILE Couleur rouge tuile (Ral 8004)<\/p>\n<p style=\"text-align: center;\"><strong><span style=\"font-size: medium;\"><a class=\"w-100 btn btn-danger btn-lg\" href=\"https:\/\/panelsandwich.org\/contactenos\">DEMANDE DE PRIX ET D&rsquo;INFORMATIONS TECHNIQUES  <i class=\"caret-right\"><\/i><\/a><\/span><\/strong><\/p>\n","protected":false},"featured_media":52376,"comment_status":"closed","ping_status":"closed","template":"","meta":[],"product_brand":[],"product_cat":[3672,3408,3372],"product_tag":[3673,3410],"class_list":{"0":"post-52325","1":"product","2":"type-product","3":"status-publish","4":"has-post-thumbnail","6":"product_cat-panneau-sandwich-bon-marche","7":"product_cat-panneau-sandwich-carrele","8":"product_cat-tole-graissee-simple","9":"product_tag-panneau-de-carrelage-economique","10":"product_tag-panneau-imitation-carrelage","11":"pa_colorexterior-carrelage-ral-3009","12":"pa_colorexterior-gris-ardoise-ral-7024","13":"pa_colorexterior-rouge-vieilli","14":"pa_colorinterior-aluminium-centesimal","15":"pa_espesorespuma-25-mm-fr","16":"pa_tipoaislamiento-mousse-pur-c-s3-d0","18":"first","19":"instock","20":"taxable","21":"shipping-taxable","22":"product-type-variable","23":"has-default-attributes"},"_links":{"self":[{"href":"https:\/\/panelsandwich.org\/fr\/wp-json\/wp\/v2\/product\/52325","targetHints":{"allow":["GET"]}}],"collection":[{"href":"https:\/\/panelsandwich.org\/fr\/wp-json\/wp\/v2\/product"}],"about":[{"href":"https:\/\/panelsandwich.org\/fr\/wp-json\/wp\/v2\/types\/product"}],"replies":[{"embeddable":true,"href":"https:\/\/panelsandwich.org\/fr\/wp-json\/wp\/v2\/comments?post=52325"}],"version-history":[{"count":0,"href":"https:\/\/panelsandwich.org\/fr\/wp-json\/wp\/v2\/product\/52325\/revisions"}],"wp:featuredmedia":[{"embeddable":true,"href":"https:\/\/panelsandwich.org\/fr\/wp-json\/wp\/v2\/media\/52376"}],"wp:attachment":[{"href":"https:\/\/panelsandwich.org\/fr\/wp-json\/wp\/v2\/media?parent=52325"}],"wp:term":[{"taxonomy":"product_brand","embeddable":true,"href":"https:\/\/panelsandwich.org\/fr\/wp-json\/wp\/v2\/product_brand?post=52325"},{"taxonomy":"product_cat","embeddable":true,"href":"https:\/\/panelsandwich.org\/fr\/wp-json\/wp\/v2\/product_cat?post=52325"},{"taxonomy":"product_tag","embeddable":true,"href":"https:\/\/panelsandwich.org\/fr\/wp-json\/wp\/v2\/product_tag?post=52325"}],"curies":[{"name":"wp","href":"https:\/\/api.w.org\/{rel}","templated":true}]}}