{"id":52407,"date":"2023-09-28T23:15:35","date_gmt":"2023-09-28T21:15:35","guid":{"rendered":"https:\/\/panelsandwich.org\/accessoire-de-montage-lanterneau-fixe\/"},"modified":"2023-09-28T23:15:35","modified_gmt":"2023-09-28T21:15:35","slug":"accessoire-de-montage-lanterneau-fixe","status":"publish","type":"product","link":"https:\/\/panelsandwich.org\/fr\/accessoire-de-montage-lanterneau-fixe\/","title":{"rendered":"Accessoire de montage &#8211; Lanterneau fixe"},"content":{"rendered":"<p>Lanterneau fixe avec d\u00f4me et lambrequin en m\u00e9thacrylate, avec socle en polyester renforc\u00e9. Produit pour l&rsquo;\u00e9clairage naturel.<\/p>\n<p><img decoding=\"async\" class=\"size-full wp-image-33323 lazyload\" data-src=\"https:\/\/panelsandwich.org\/wp-content\/uploads\/2022\/08\/cms_CLARABOYAS_Captura-Captura.JPG.JPG\" width=\"100%\" alt=\"Capture.JPG\" title=\"% %count(title)\" data-srcset=\"https:\/\/panelsandwich.org\/wp-content\/uploads\/2022\/08\/cms_CLARABOYAS_Captura-Captura.JPG.JPG 936w, https:\/\/panelsandwich.org\/wp-content\/uploads\/2022\/08\/cms_CLARABOYAS_Captura-Captura.JPG-300x141.jpg 300w, https:\/\/panelsandwich.org\/wp-content\/uploads\/2022\/08\/cms_CLARABOYAS_Captura-Captura.JPG-768x361.jpg 768w, https:\/\/panelsandwich.org\/wp-content\/uploads\/2022\/08\/cms_CLARABOYAS_Captura-Captura.JPG-600x282.jpg 600w\" data-sizes=\"(max-width: 936px) 100vw, 936px\" src=\"data:image\/svg+xml;base64,PHN2ZyB3aWR0aD0iMSIgaGVpZ2h0PSIxIiB4bWxucz0iaHR0cDovL3d3dy53My5vcmcvMjAwMC9zdmciPjwvc3ZnPg==\" style=\"--smush-placeholder-width: 936px; --smush-placeholder-aspect-ratio: 936\/440;\" \/><\/p>\n<p style=\"text-align:center;\"><strong><span style=\"font-size:medium;\"><a class=\"w-100 btn btn-danger btn-lg\" href=\"https:\/\/panelsandwich.org\/contactenos\">DEMANDE DE PRIX ET D&rsquo;INFORMATIONS TECHNIQUES  <i class=\"caret-right\"><\/i><\/a><\/span><\/strong><\/p>\n","protected":false},"excerpt":{"rendered":"<p>Lanterneau fixe avec d\u00f4me et lambrequin en m\u00e9thacrylate, avec socle en polyester renforc\u00e9. Produit pour l&rsquo;\u00e9clairage naturel.<\/p>\n<p style=\"text-align:center;\"><strong><span style=\"font-size:medium;\"><a class=\"w-100 btn btn-danger btn-lg\" href=\"https:\/\/panelsandwich.org\/contactenos\">DEMANDE DE PRIX ET D&rsquo;INFORMATIONS TECHNIQUES<\/a><\/span><\/strong><\/p>\n","protected":false},"featured_media":33322,"comment_status":"open","ping_status":"closed","template":"","meta":[],"product_brand":[],"product_cat":[3582,3598],"product_tag":[],"class_list":{"0":"post-52407","1":"product","2":"type-product","3":"status-publish","4":"has-post-thumbnail","6":"product_cat-accessoires-de-montage-des-panneaux-sandwich","7":"product_cat-aerateurs-et-puits-de-lumiere","9":"first","10":"outofstock","11":"taxable","12":"shipping-taxable","13":"purchasable","14":"product-type-simple"},"_links":{"self":[{"href":"https:\/\/panelsandwich.org\/fr\/wp-json\/wp\/v2\/product\/52407","targetHints":{"allow":["GET"]}}],"collection":[{"href":"https:\/\/panelsandwich.org\/fr\/wp-json\/wp\/v2\/product"}],"about":[{"href":"https:\/\/panelsandwich.org\/fr\/wp-json\/wp\/v2\/types\/product"}],"replies":[{"embeddable":true,"href":"https:\/\/panelsandwich.org\/fr\/wp-json\/wp\/v2\/comments?post=52407"}],"version-history":[{"count":0,"href":"https:\/\/panelsandwich.org\/fr\/wp-json\/wp\/v2\/product\/52407\/revisions"}],"wp:featuredmedia":[{"embeddable":true,"href":"https:\/\/panelsandwich.org\/fr\/wp-json\/wp\/v2\/media\/33322"}],"wp:attachment":[{"href":"https:\/\/panelsandwich.org\/fr\/wp-json\/wp\/v2\/media?parent=52407"}],"wp:term":[{"taxonomy":"product_brand","embeddable":true,"href":"https:\/\/panelsandwich.org\/fr\/wp-json\/wp\/v2\/product_brand?post=52407"},{"taxonomy":"product_cat","embeddable":true,"href":"https:\/\/panelsandwich.org\/fr\/wp-json\/wp\/v2\/product_cat?post=52407"},{"taxonomy":"product_tag","embeddable":true,"href":"https:\/\/panelsandwich.org\/fr\/wp-json\/wp\/v2\/product_tag?post=52407"}],"curies":[{"name":"wp","href":"https:\/\/api.w.org\/{rel}","templated":true}]}}