{"id":52412,"date":"2023-09-28T23:15:37","date_gmt":"2023-09-28T21:15:37","guid":{"rendered":"https:\/\/panelsandwich.org\/panneau-sandwich-de-facade-acier-corten\/"},"modified":"2025-11-21T12:18:28","modified_gmt":"2025-11-21T11:18:28","slug":"panneau-sandwich-de-facade-acier-corten","status":"publish","type":"product","link":"https:\/\/panelsandwich.org\/fr\/panneau-sandwich-de-facade-acier-corten\/","title":{"rendered":"Panneau sandwich de fa\u00e7ade &#8211; Acier Corten"},"content":{"rendered":"\t\t<div data-elementor-type=\"product-post\" data-elementor-id=\"52412\" class=\"elementor elementor-52412 elementor-33116\" data-elementor-post-type=\"product\">\n\t\t\t\t\t\t<section class=\"elementor-section elementor-top-section elementor-element elementor-element-7d769a60 elementor-section-boxed elementor-section-height-default elementor-section-height-default\" data-id=\"7d769a60\" data-element_type=\"section\" data-e-type=\"section\" data-settings=\"{&quot;jet_parallax_layout_list&quot;:[]}\">\n\t\t\t\t\t\t<div class=\"elementor-container elementor-column-gap-default\">\n\t\t\t\t\t<div class=\"elementor-column elementor-col-100 elementor-top-column elementor-element elementor-element-27698ddd\" data-id=\"27698ddd\" data-element_type=\"column\" data-e-type=\"column\">\n\t\t\t<div class=\"elementor-widget-wrap elementor-element-populated\">\n\t\t\t\t\t\t<div class=\"elementor-element elementor-element-51387baf elementor-widget elementor-widget-heading\" data-id=\"51387baf\" data-element_type=\"widget\" data-e-type=\"widget\" data-widget_type=\"heading.default\">\n\t\t\t\t<div class=\"elementor-widget-container\">\n\t\t\t\t\t<h2 class=\"elementor-heading-title elementor-size-default\"><h2>Vis int\u00e9rieure pour fa\u00e7ade en panneaux sandwich - finition Corten\n<\/h2><\/h2>\t\t\t\t<\/div>\n\t\t\t\t<\/div>\n\t\t\t\t<div class=\"elementor-element elementor-element-1dadffcf elementor-widget elementor-widget-text-editor\" data-id=\"1dadffcf\" data-element_type=\"widget\" data-e-type=\"widget\" data-widget_type=\"text-editor.default\">\n\t\t\t\t<div class=\"elementor-widget-container\">\n\t\t\t\t\t\t\t\t\t<p>Panneau isolant compos\u00e9 de deux t\u00f4les m\u00e9talliques en profil\u00e9s, reli\u00e9es par une \u00e2me isolante en mousse rigide de polyur\u00e9thane (PUR) ou de polyisocyanurate (PIR).<\/p><p>Panneau sandwich produit conform\u00e9ment \u00e0 la norme EN 14509 et soumis \u00e0 l&rsquo;\u00e9valuation et \u00e0 la v\u00e9rification de la r\u00e9gularit\u00e9 des performances conform\u00e9ment au syst\u00e8me 1.<\/p>\t\t\t\t\t\t\t\t<\/div>\n\t\t\t\t<\/div>\n\t\t\t\t<div class=\"elementor-element elementor-element-5cdb0c8f elementor-tabs-view-horizontal elementor-widget elementor-widget-tabs\" data-id=\"5cdb0c8f\" data-element_type=\"widget\" data-e-type=\"widget\" data-widget_type=\"tabs.default\">\n\t\t\t\t<div class=\"elementor-widget-container\">\n\t\t\t\t\t\t\t<div class=\"elementor-tabs\">\n\t\t\t<div class=\"elementor-tabs-wrapper\" role=\"tablist\" >\n\t\t\t\t\t\t\t\t\t<div id=\"elementor-tab-title-1551\" class=\"elementor-tab-title elementor-tab-desktop-title\" aria-selected=\"true\" data-tab=\"1\" role=\"tab\" tabindex=\"0\" aria-controls=\"elementor-tab-content-1551\" aria-expanded=\"false\">Description\/ Application<\/div>\n\t\t\t\t\t\t\t\t\t<div id=\"elementor-tab-title-1552\" class=\"elementor-tab-title elementor-tab-desktop-title\" aria-selected=\"false\" data-tab=\"2\" role=\"tab\" tabindex=\"-1\" aria-controls=\"elementor-tab-content-1552\" aria-expanded=\"false\">Tableau des charges<\/div>\n\t\t\t\t\t\t\t\t\t<div id=\"elementor-tab-title-1553\" class=\"elementor-tab-title elementor-tab-desktop-title\" aria-selected=\"false\" data-tab=\"3\" role=\"tab\" tabindex=\"-1\" aria-controls=\"elementor-tab-content-1553\" aria-expanded=\"false\">Couleurs disponibles<\/div>\n\t\t\t\t\t\t\t\t\t<div id=\"elementor-tab-title-1554\" class=\"elementor-tab-title elementor-tab-desktop-title\" aria-selected=\"false\" data-tab=\"4\" role=\"tab\" tabindex=\"-1\" aria-controls=\"elementor-tab-content-1554\" aria-expanded=\"false\">Fiches techniques \/ T\u00e9l\u00e9chargements<\/div>\n\t\t\t\t\t\t\t<\/div>\n\t\t\t<div class=\"elementor-tabs-content-wrapper\" role=\"tablist\" aria-orientation=\"vertical\">\n\t\t\t\t\t\t\t\t\t<div class=\"elementor-tab-title elementor-tab-mobile-title\" aria-selected=\"true\" data-tab=\"1\" role=\"tab\" tabindex=\"0\" aria-controls=\"elementor-tab-content-1551\" aria-expanded=\"false\">Description\/ Application<\/div>\n\t\t\t\t\t<div id=\"elementor-tab-content-1551\" class=\"elementor-tab-content elementor-clearfix\" data-tab=\"1\" role=\"tabpanel\" aria-labelledby=\"elementor-tab-title-1551\" tabindex=\"0\" hidden=\"false\"><h3><strong>Application :<\/strong><\/h3>\n<p>Fa\u00e7ades des b\u00e2timents<\/p>\n<h3><strong>Type de syndicat :<\/strong><\/h3>\n<p>Union : vis cach\u00e9e<\/p>\n<p>Vis : Vis sans rondelle<\/p>\n<p><img fetchpriority=\"high\" decoding=\"async\" class=\" size-full wp-image-33110\" src=\"https:\/\/panelsandwich.org\/wp-content\/uploads\/2020\/04\/cms_union-fachada-oculto.png\" alt=\"filename\" width=\"250\" height=\"250\" title=\"% %count(title)\" srcset=\"https:\/\/panelsandwich.org\/wp-content\/uploads\/2020\/04\/cms_union-fachada-oculto.png 378w, https:\/\/panelsandwich.org\/wp-content\/uploads\/2020\/04\/cms_union-fachada-oculto-100x100.png 100w, https:\/\/panelsandwich.org\/wp-content\/uploads\/2020\/04\/cms_union-fachada-oculto-300x300.png 300w, https:\/\/panelsandwich.org\/wp-content\/uploads\/2020\/04\/cms_union-fachada-oculto-150x150.png 150w\" sizes=\"(max-width: 250px) 100vw, 250px\" \/><\/p>\n<h3><strong>Dimensions :<\/strong><\/h3>\n<p>\u00c9paisseurs : 40-50-60-80-100 mm \u00b11 mm<\/p>\n<p>Largeur : 1000 &#8211; 1080 mm \u00b12 mm<\/p>\n<p>Longueur : 4,00 &#8211; 16,00 m \u00b110 mm<\/p>\n<h3><img decoding=\"async\" class=\" size-full wp-image-33111\" src=\"https:\/\/panelsandwich.org\/wp-content\/uploads\/2020\/04\/cms_FACHADA-OCULTA_medidas.JPG\" alt=\"filename\" width=\"100%\" title=\"% %count(title)\" srcset=\"https:\/\/panelsandwich.org\/wp-content\/uploads\/2020\/04\/cms_FACHADA-OCULTA_medidas.JPG 1254w, https:\/\/panelsandwich.org\/wp-content\/uploads\/2020\/04\/cms_FACHADA-OCULTA_medidas-300x122.jpg 300w, https:\/\/panelsandwich.org\/wp-content\/uploads\/2020\/04\/cms_FACHADA-OCULTA_medidas-1024x417.jpg 1024w, https:\/\/panelsandwich.org\/wp-content\/uploads\/2020\/04\/cms_FACHADA-OCULTA_medidas-768x313.jpg 768w, https:\/\/panelsandwich.org\/wp-content\/uploads\/2020\/04\/cms_FACHADA-OCULTA_medidas-600x244.jpg 600w\" sizes=\"(max-width: 1254px) 100vw, 1254px\" \/><\/h3>\n<p><strong>Support en m\u00e9tal :<\/strong><\/p>\n<p>Noyau en t\u00f4le d&rsquo;acier de qualit\u00e9 S250GD : EN 10346<\/p>\n<p>Bobines laqu\u00e9es \u00e0 rev\u00eatement organique : EN10169+A1<\/p>\n<p>\u00c9paisseur : 0,4-0,5-0,6 mm<\/p>\n<h3><strong>Noyau isolant :<\/strong><\/h3>\n<p>Polyur\u00e9thane (PUR) | Polyisocyanurate (PIR)<\/p>\n<p>Conductivit\u00e9 thermique : PUR : 0,022 W\/mK | PIR : 0,022 \/mK<\/p>\n<p>Densit\u00e9 : 40 <sup>kg\/m3<\/sup> \u00b110%.<\/p>\n<p>R\u00e9action au feu : PUR : B-s2,d0 | PIR : B-s2,d0 | PIR-HI : B-1,d0<\/p>\n<p>R\u00e9sistance \u00e0 la traction des feuilles (adh\u00e9rence) &gt; 0,10 MPa<\/p>\n<p>R\u00e9sistance \u00e0 la compression \u00e0 10 % de d\u00e9formation &gt;0,10 MPa<\/p>\n<h3><strong>Rev\u00eatement :<\/strong><\/h3>\n<p>Standard : peinture polyester 25 \u00b5m<\/p>\n<p>Particularit\u00e9s : Granite HDX 55 \u00b5m | PVDF 35 m<\/p>\n<\/div>\n\t\t\t\t\t\t\t\t\t<div class=\"elementor-tab-title elementor-tab-mobile-title\" aria-selected=\"false\" data-tab=\"2\" role=\"tab\" tabindex=\"-1\" aria-controls=\"elementor-tab-content-1552\" aria-expanded=\"false\">Tableau des charges<\/div>\n\t\t\t\t\t<div id=\"elementor-tab-content-1552\" class=\"elementor-tab-content elementor-clearfix\" data-tab=\"2\" role=\"tabpanel\" aria-labelledby=\"elementor-tab-title-1552\" tabindex=\"0\" hidden=\"hidden\"><h3><img decoding=\"async\" class=\" size-full wp-image-33112\" src=\"https:\/\/panelsandwich.org\/wp-content\/uploads\/2020\/04\/cms_FACHADA-OCULTA_cargas1.JPG\" alt=\"filename\" width=\"100%\" title=\"% %count(title)\" srcset=\"https:\/\/panelsandwich.org\/wp-content\/uploads\/2020\/04\/cms_FACHADA-OCULTA_cargas1.JPG 1179w, https:\/\/panelsandwich.org\/wp-content\/uploads\/2020\/04\/cms_FACHADA-OCULTA_cargas1-300x161.jpg 300w, https:\/\/panelsandwich.org\/wp-content\/uploads\/2020\/04\/cms_FACHADA-OCULTA_cargas1-1024x549.jpg 1024w, https:\/\/panelsandwich.org\/wp-content\/uploads\/2020\/04\/cms_FACHADA-OCULTA_cargas1-768x412.jpg 768w, https:\/\/panelsandwich.org\/wp-content\/uploads\/2020\/04\/cms_FACHADA-OCULTA_cargas1-600x322.jpg 600w\" sizes=\"(max-width: 1179px) 100vw, 1179px\" \/><\/h3>\n<p><img decoding=\"async\" class=\" size-full wp-image-33113\" src=\"https:\/\/panelsandwich.org\/wp-content\/uploads\/2020\/04\/cms_FACHADA-OCULTA_cargas2.JPG\" alt=\"filename\" width=\"100%\" title=\"% %count(title)\" srcset=\"https:\/\/panelsandwich.org\/wp-content\/uploads\/2020\/04\/cms_FACHADA-OCULTA_cargas2.JPG 1167w, https:\/\/panelsandwich.org\/wp-content\/uploads\/2020\/04\/cms_FACHADA-OCULTA_cargas2-300x175.jpg 300w, https:\/\/panelsandwich.org\/wp-content\/uploads\/2020\/04\/cms_FACHADA-OCULTA_cargas2-1024x598.jpg 1024w, https:\/\/panelsandwich.org\/wp-content\/uploads\/2020\/04\/cms_FACHADA-OCULTA_cargas2-768x448.jpg 768w, https:\/\/panelsandwich.org\/wp-content\/uploads\/2020\/04\/cms_FACHADA-OCULTA_cargas2-600x350.jpg 600w\" sizes=\"(max-width: 1167px) 100vw, 1167px\" \/><\/p>\n<p><img decoding=\"async\" class=\" size-full wp-image-33114\" src=\"https:\/\/panelsandwich.org\/wp-content\/uploads\/2020\/04\/cms_FACHADA-OCULTA_cargas3.JPG\" alt=\"filename\" width=\"100%\" title=\"% %count(title)\" srcset=\"https:\/\/panelsandwich.org\/wp-content\/uploads\/2020\/04\/cms_FACHADA-OCULTA_cargas3.JPG 1171w, https:\/\/panelsandwich.org\/wp-content\/uploads\/2020\/04\/cms_FACHADA-OCULTA_cargas3-300x79.jpg 300w, https:\/\/panelsandwich.org\/wp-content\/uploads\/2020\/04\/cms_FACHADA-OCULTA_cargas3-1024x271.jpg 1024w, https:\/\/panelsandwich.org\/wp-content\/uploads\/2020\/04\/cms_FACHADA-OCULTA_cargas3-768x203.jpg 768w, https:\/\/panelsandwich.org\/wp-content\/uploads\/2020\/04\/cms_FACHADA-OCULTA_cargas3-600x159.jpg 600w\" sizes=\"(max-width: 1171px) 100vw, 1171px\" \/><\/p>\n<\/div>\n\t\t\t\t\t\t\t\t\t<div class=\"elementor-tab-title elementor-tab-mobile-title\" aria-selected=\"false\" data-tab=\"3\" role=\"tab\" tabindex=\"-1\" aria-controls=\"elementor-tab-content-1553\" aria-expanded=\"false\">Couleurs disponibles<\/div>\n\t\t\t\t\t<div id=\"elementor-tab-content-1553\" class=\"elementor-tab-content elementor-clearfix\" data-tab=\"3\" role=\"tabpanel\" aria-labelledby=\"elementor-tab-title-1553\" tabindex=\"0\" hidden=\"hidden\"><h3>Gamme de couleurs<\/h3>\n<p>Les couleurs pr\u00e9sent\u00e9es dans le catalogue correspondent le plus fid\u00e8lement possible \u00e0 nos normes. Cependant, de petits changements sont in\u00e9vitables, c&rsquo;est pourquoi nous recommandons de toujours effectuer un test de couleur sur un \u00e9chantillon r\u00e9el.<img decoding=\"async\" class=\" size-full wp-image-33115\" src=\"https:\/\/panelsandwich.org\/wp-content\/uploads\/2020\/04\/cms_FACHADA-OCULTA_colores.JPG\" alt=\"filename\" width=\"100%\" title=\"% %count(title)\" srcset=\"https:\/\/panelsandwich.org\/wp-content\/uploads\/2020\/04\/cms_FACHADA-OCULTA_colores.JPG 782w, https:\/\/panelsandwich.org\/wp-content\/uploads\/2020\/04\/cms_FACHADA-OCULTA_colores-300x293.jpg 300w, https:\/\/panelsandwich.org\/wp-content\/uploads\/2020\/04\/cms_FACHADA-OCULTA_colores-768x751.jpg 768w, https:\/\/panelsandwich.org\/wp-content\/uploads\/2020\/04\/cms_FACHADA-OCULTA_colores-600x587.jpg 600w\" sizes=\"(max-width: 782px) 100vw, 782px\" \/><\/p>\n<\/div>\n\t\t\t\t\t\t\t\t\t<div class=\"elementor-tab-title elementor-tab-mobile-title\" aria-selected=\"false\" data-tab=\"4\" role=\"tab\" tabindex=\"-1\" aria-controls=\"elementor-tab-content-1554\" aria-expanded=\"false\">Fiches techniques \/ T\u00e9l\u00e9chargements<\/div>\n\t\t\t\t\t<div id=\"elementor-tab-content-1554\" class=\"elementor-tab-content elementor-clearfix\" data-tab=\"4\" role=\"tabpanel\" aria-labelledby=\"elementor-tab-title-1554\" tabindex=\"0\" hidden=\"hidden\"><p><a href=\"https:\/\/panelsandwich.org\/wp-content\/uploads\/2023\/11\/PanelSandwich-Fachada-Oculta-Ficha-Tecnica.pdf\" target=\"_blank\" rel=\"noopener\"><button style=\"background-color: #ffa300; border-color: black; color: white;\" spellcheck=\"false\" data-lt-tmp-id=\"lt-827558\" data-gramm=\"false\">T\u00e9l\u00e9charger la fiche technique<\/button><\/a><\/p>\n<\/div>\n\t\t\t\t\t\t\t<\/div>\n\t\t<\/div>\n\t\t\t\t\t\t<\/div>\n\t\t\t\t<\/div>\n\t\t\t\t\t<\/div>\n\t\t<\/div>\n\t\t\t\t\t<\/div>\n\t\t<\/section>\n\t\t\t\t<\/div>\n\t\t","protected":false},"excerpt":{"rendered":"<p>PFAXCO- Panneau sandwich fa\u00e7ade acier corten<\/p>\n<p style=\"text-align: center;\"><strong><span style=\"font-size: medium;\"><a class=\"w-100 btn btn-danger btn-lg\" href=\"https:\/\/panelsandwich.org\/contactenos\">DEMANDE DE PRIX ET D&rsquo;INFORMATIONS TECHNIQUES  <i class=\"caret-right\"><\/i><\/a><\/span><\/strong><\/p>\n","protected":false},"featured_media":52796,"comment_status":"closed","ping_status":"closed","template":"","meta":[],"product_brand":[],"product_cat":[3447],"product_tag":[3351,3341,3344,3354,3359,3347,3360,3338,3482,3484,3325,3483,3349,3362,3357,3361,3432],"class_list":{"0":"post-52412","1":"product","2":"type-product","3":"status-publish","4":"has-post-thumbnail","6":"product_cat-facade-en-panneaux-sandwich","7":"product_tag-agropanel-fr","8":"product_tag-couverture","9":"product_tag-facade-fr","10":"product_tag-fermes","11":"product_tag-laine-de-roche","12":"product_tag-occasion-fr","13":"product_tag-panneau-de-bois","14":"product_tag-panneau-de-carrelage","15":"product_tag-panneaux-de-facade","16":"product_tag-panneaux-de-facade-maisons","17":"product_tag-panneaux-pour-enceintes","18":"product_tag-panneaux-pour-halls","19":"product_tag-prix","20":"product_tag-puits-de-lumiere","21":"product_tag-refrigerateur","22":"product_tag-remateria-fr","23":"product_tag-sandwich-anel","24":"pa_colorexterior-tole-corten","25":"pa_colorinterior-blanc-des-pyrenees-ral-9010","26":"pa_espesorespuma-100-mm-fr","27":"pa_espesorespuma-40-mm-fr","28":"pa_espesorespuma-50-mm-fr","29":"pa_espesorespuma-60-mm-fr","30":"pa_espesorespuma-80-mm-fr","31":"pa_tipoaislamiento-mousse-pir-b-s2-d0","32":"pa_tipoaislamiento-mousse-pir-hi-b-s1-d0","33":"pa_tipoaislamiento-mousse-pur-c-s3-d0","35":"first","36":"outofstock","37":"taxable","38":"shipping-taxable","39":"purchasable","40":"product-type-variable","41":"has-default-attributes"},"_links":{"self":[{"href":"https:\/\/panelsandwich.org\/fr\/wp-json\/wp\/v2\/product\/52412","targetHints":{"allow":["GET"]}}],"collection":[{"href":"https:\/\/panelsandwich.org\/fr\/wp-json\/wp\/v2\/product"}],"about":[{"href":"https:\/\/panelsandwich.org\/fr\/wp-json\/wp\/v2\/types\/product"}],"replies":[{"embeddable":true,"href":"https:\/\/panelsandwich.org\/fr\/wp-json\/wp\/v2\/comments?post=52412"}],"version-history":[{"count":0,"href":"https:\/\/panelsandwich.org\/fr\/wp-json\/wp\/v2\/product\/52412\/revisions"}],"wp:featuredmedia":[{"embeddable":true,"href":"https:\/\/panelsandwich.org\/fr\/wp-json\/wp\/v2\/media\/52796"}],"wp:attachment":[{"href":"https:\/\/panelsandwich.org\/fr\/wp-json\/wp\/v2\/media?parent=52412"}],"wp:term":[{"taxonomy":"product_brand","embeddable":true,"href":"https:\/\/panelsandwich.org\/fr\/wp-json\/wp\/v2\/product_brand?post=52412"},{"taxonomy":"product_cat","embeddable":true,"href":"https:\/\/panelsandwich.org\/fr\/wp-json\/wp\/v2\/product_cat?post=52412"},{"taxonomy":"product_tag","embeddable":true,"href":"https:\/\/panelsandwich.org\/fr\/wp-json\/wp\/v2\/product_tag?post=52412"}],"curies":[{"name":"wp","href":"https:\/\/api.w.org\/{rel}","templated":true}]}}