{"id":52462,"date":"2023-09-28T23:15:40","date_gmt":"2023-09-28T21:15:40","guid":{"rendered":"https:\/\/panelsandwich.org\/panneau-sandwich-de-facade-imitation-pierre\/"},"modified":"2025-11-21T08:32:34","modified_gmt":"2025-11-21T07:32:34","slug":"panneau-sandwich-de-facade-imitation-pierre","status":"publish","type":"product","link":"https:\/\/panelsandwich.org\/fr\/panneau-sandwich-de-facade-imitation-pierre\/","title":{"rendered":"Panneau sandwich de fa\u00e7ade &#8211; Imitation pierre"},"content":{"rendered":"<h2>Panneau Sandwich Fa\u00e7ade Imitation Pierre Vis Ext\u00e9rieure<\/h2>\n<p>Panneau isolant compos\u00e9 de deux t\u00f4les m\u00e9talliques en profil\u00e9s, reli\u00e9es par une \u00e2me isolante en mousse rigide de polyur\u00e9thane (PUR) ou de polyisocyanurate (PIR). Panneau produit conform\u00e9ment \u00e0 la norme EN 14509 et soumis \u00e0 l&rsquo;\u00e9valuation et \u00e0 la v\u00e9rification de la r\u00e9gularit\u00e9 des performances conform\u00e9ment au syst\u00e8me 1.<\/p>\n<h3><strong>Application :<\/strong><\/h3>\n<p>Murs, pr\u00e9fabriqu\u00e9s, construction modulaire, fa\u00e7ades avec fixation visible.<\/p>\n<h3><strong>Type de syndicat :<\/strong><\/h3>\n<p>Union : vis vue<\/p>\n<p>Vis : Vis avec rondelle<\/p>\n<h3><strong>Dimensions :<\/strong><\/h3>\n<p>\u00c9paisseurs : 30-40-50-60-80-100 mm \u00b11 mm<\/p>\n<p>Largeur utile : 1000 mm \u00b11 mm<\/p>\n<p>Longueur : 4,00 &#8211; 18,00 m \u00b110 mm<\/p>\n<h3><strong>Support en m\u00e9tal :<\/strong><\/h3>\n<p>Noyau en t\u00f4le d&rsquo;acier de qualit\u00e9 S250GD : EN 10346<\/p>\n<p>Bobines laqu\u00e9es \u00e0 rev\u00eatement organique : EN 10169+A1<\/p>\n<p>\u00c9paisseurs : Panneau nervur\u00e9 0,4\/0,4 mm | Panneau lisse : 0,5\/0,4 mm<\/p>\n<h3><strong>Noyau isolant :<\/strong><\/h3>\n<p>Polyur\u00e9thane (PUR) | Polyisocyanurate (PIR)<\/p>\n<p>Conductivit\u00e9 thermique : <span style=\"text-decoration: underline;\">PUR<\/span>: 0,022 W\/mK | <span style=\"text-decoration: underline;\">PIR<\/span>: 0,022 \/mK<\/p>\n<p>Densit\u00e9 : 40 <sup>kg\/m3<\/sup> \u00b110%.<\/p>\n<p>R\u00e9action au feu : <span style=\"text-decoration: underline;\">PUR<\/span>: B-s2,d0 | <span style=\"text-decoration: underline;\">PIR<\/span>: B-s2,d0 | <span style=\"text-decoration: underline;\">PIR-HI<\/span>: B-1,d0<\/p>\n<p>R\u00e9sistance \u00e0 la traction des feuilles (adh\u00e9rence) &gt; 0,10 MPa<\/p>\n<p>R\u00e9sistance \u00e0 la compression \u00e0 10 % de d\u00e9formation &gt;0,10 MPa<\/p>\n<h3><strong>Rev\u00eatement :<\/strong><\/h3>\n<p>Standard : peinture polyester 25 \u00b5m<\/p>\n<p>Particularit\u00e9s : Granite HDX 55 \u00b5m | PVDF 35 m<\/p>\n<h3>Gamme de couleurs<\/h3>\n<p>Les couleurs pr\u00e9sent\u00e9es dans le catalogue correspondent le plus fid\u00e8lement possible \u00e0 nos normes. Cependant, de petits changements sont in\u00e9vitables, c&rsquo;est pourquoi nous recommandons de toujours effectuer un test de couleur sur un \u00e9chantillon r\u00e9el.<\/p>\n","protected":false},"excerpt":{"rendered":"<p>PSL- Panneau sandwich de fa\u00e7ade. Brique de sectorisation<\/p>\n","protected":false},"featured_media":52474,"comment_status":"closed","ping_status":"closed","template":"","meta":[],"product_brand":[],"product_cat":[3447],"product_tag":[3351,3341,3344,3354,3462,3359,3347,3360,3338,3321,3319,3334,3325,3315,3349,3357,3361,3412],"class_list":{"0":"post-52462","1":"product","2":"type-product","3":"status-publish","4":"has-post-thumbnail","6":"product_cat-facade-en-panneaux-sandwich","7":"product_tag-agropanel-fr","8":"product_tag-couverture","9":"product_tag-facade-fr","10":"product_tag-fermes","11":"product_tag-la-structure-des-puits-de-lumiere-metal","12":"product_tag-laine-de-roche","13":"product_tag-occasion-fr","14":"product_tag-panneau-de-bois","15":"product_tag-panneau-de-carrelage","16":"product_tag-panneau-de-facade","17":"product_tag-panneau-mural","18":"product_tag-panneau-sandwich","19":"product_tag-panneaux-pour-enceintes","20":"product_tag-panneaux-sandwich","21":"product_tag-prix","22":"product_tag-refrigerateur","23":"product_tag-remateria-fr","24":"product_tag-sans-boulon","25":"pa_anchodelpanel-largeur-1-metre","26":"pa_colorexterior-imitation-pierre","27":"pa_colorinterior-blanc-ral-9010-raye","28":"pa_espesordelachapa-ext-05-int-04-mm","29":"pa_espesorespuma-30-mm-fr","30":"pa_espesorespuma-40-mm-fr","31":"pa_medidas-metres-carres-m2","32":"pa_situacion-sur-demande","34":"first","35":"outofstock","36":"taxable","37":"shipping-taxable","38":"purchasable","39":"product-type-variable","40":"has-default-attributes"},"_links":{"self":[{"href":"https:\/\/panelsandwich.org\/fr\/wp-json\/wp\/v2\/product\/52462","targetHints":{"allow":["GET"]}}],"collection":[{"href":"https:\/\/panelsandwich.org\/fr\/wp-json\/wp\/v2\/product"}],"about":[{"href":"https:\/\/panelsandwich.org\/fr\/wp-json\/wp\/v2\/types\/product"}],"replies":[{"embeddable":true,"href":"https:\/\/panelsandwich.org\/fr\/wp-json\/wp\/v2\/comments?post=52462"}],"version-history":[{"count":0,"href":"https:\/\/panelsandwich.org\/fr\/wp-json\/wp\/v2\/product\/52462\/revisions"}],"wp:featuredmedia":[{"embeddable":true,"href":"https:\/\/panelsandwich.org\/fr\/wp-json\/wp\/v2\/media\/52474"}],"wp:attachment":[{"href":"https:\/\/panelsandwich.org\/fr\/wp-json\/wp\/v2\/media?parent=52462"}],"wp:term":[{"taxonomy":"product_brand","embeddable":true,"href":"https:\/\/panelsandwich.org\/fr\/wp-json\/wp\/v2\/product_brand?post=52462"},{"taxonomy":"product_cat","embeddable":true,"href":"https:\/\/panelsandwich.org\/fr\/wp-json\/wp\/v2\/product_cat?post=52462"},{"taxonomy":"product_tag","embeddable":true,"href":"https:\/\/panelsandwich.org\/fr\/wp-json\/wp\/v2\/product_tag?post=52462"}],"curies":[{"name":"wp","href":"https:\/\/api.w.org\/{rel}","templated":true}]}}