{"id":52619,"date":"2023-09-28T23:15:36","date_gmt":"2023-09-28T21:15:36","guid":{"rendered":"https:\/\/panelsandwich.org\/panneau-sandwich-eco-roofing-3-grecas\/"},"modified":"2025-11-21T12:18:49","modified_gmt":"2025-11-21T11:18:49","slug":"panneau-sandwich-eco-roofing-3-grecas","status":"publish","type":"product","link":"https:\/\/panelsandwich.org\/fr\/panneau-sandwich-eco-roofing-3-grecas\/","title":{"rendered":"Panneau sandwich ECO Roofing &#8211; 3 Grecas"},"content":{"rendered":"\t\t<div data-elementor-type=\"product-post\" data-elementor-id=\"52619\" class=\"elementor elementor-52619 elementor-33205\" data-elementor-post-type=\"product\">\n\t\t\t\t\t\t<section class=\"elementor-section elementor-top-section elementor-element elementor-element-4b65f713 elementor-section-boxed elementor-section-height-default elementor-section-height-default\" data-id=\"4b65f713\" data-element_type=\"section\" data-e-type=\"section\" data-settings=\"{&quot;jet_parallax_layout_list&quot;:[]}\">\n\t\t\t\t\t\t<div class=\"elementor-container elementor-column-gap-default\">\n\t\t\t\t\t<div class=\"elementor-column elementor-col-100 elementor-top-column elementor-element elementor-element-614b2038\" data-id=\"614b2038\" data-element_type=\"column\" data-e-type=\"column\">\n\t\t\t<div class=\"elementor-widget-wrap elementor-element-populated\">\n\t\t\t\t\t\t<div class=\"elementor-element elementor-element-14e1526d elementor-widget elementor-widget-heading\" data-id=\"14e1526d\" data-element_type=\"widget\" data-e-type=\"widget\" data-widget_type=\"heading.default\">\n\t\t\t\t<div class=\"elementor-widget-container\">\n\t\t\t\t\t<h2 class=\"elementor-heading-title elementor-size-default\"><h2>Panneau sandwich 3 Grecas - ECO\n<\/h2><\/h2>\t\t\t\t<\/div>\n\t\t\t\t<\/div>\n\t\t\t\t<div class=\"elementor-element elementor-element-780f957f elementor-widget elementor-widget-text-editor\" data-id=\"780f957f\" data-element_type=\"widget\" data-e-type=\"widget\" data-widget_type=\"text-editor.default\">\n\t\t\t\t<div class=\"elementor-widget-container\">\n\t\t\t\t\t\t\t\t\t<p>Panneau de toiture \u00e0 3 cannelures applicable sur les toits d&rsquo;une seule pi\u00e8ce avec une pente minimale de 7%. Le panneau pr\u00e9sente une r\u00e9sistance m\u00e9canique \u00e9lev\u00e9e et une garantie totale d&rsquo;\u00e9tanch\u00e9it\u00e9 sur toute structure porteuse, qu&rsquo;elle soit en bois, en acier ou en b\u00e9ton.<\/p><p>Le panneau est le plus \u00e9conomique de sa gamme, mais sans compromis sur la performance et la qualit\u00e9. Le panneau est compos\u00e9 d&rsquo;une nervure centrale, d&rsquo;une feuille ext\u00e9rieure et d&rsquo;une feuille int\u00e9rieure avec une \u00e2me en polyur\u00e9thane de 40 kg\/m3 qui le rend autoportant et donc tr\u00e8s r\u00e9sistant.<\/p><p>Le panneau peut \u00eatre fabriqu\u00e9 en diff\u00e9rentes finitions de placage selon les besoins du client et dans la couleur de la gamme existante, les plus courantes \u00e9tant le blanc ou le rouge.<\/p><p>Ce panneau est polyvalent et convient aux b\u00e2timents agricoles, aux b\u00e2timents industriels et aux toitures en g\u00e9n\u00e9ral.<\/p><p>Le panneau peut \u00eatre mont\u00e9 tr\u00e8s rapidement gr\u00e2ce \u00e0 son syst\u00e8me de chevauchement qui s&#8217;embo\u00eete l&rsquo;un sur l&rsquo;autre.  <\/p>\t\t\t\t\t\t\t\t<\/div>\n\t\t\t\t<\/div>\n\t\t\t\t<div class=\"elementor-element elementor-element-32192906 elementor-tabs-view-horizontal elementor-widget elementor-widget-tabs\" data-id=\"32192906\" data-element_type=\"widget\" data-e-type=\"widget\" data-widget_type=\"tabs.default\">\n\t\t\t\t<div class=\"elementor-widget-container\">\n\t\t\t\t\t\t\t<div class=\"elementor-tabs\">\n\t\t\t<div class=\"elementor-tabs-wrapper\" role=\"tablist\" >\n\t\t\t\t\t\t\t\t\t<div id=\"elementor-tab-title-8401\" class=\"elementor-tab-title elementor-tab-desktop-title\" aria-selected=\"true\" data-tab=\"1\" role=\"tab\" tabindex=\"0\" aria-controls=\"elementor-tab-content-8401\" aria-expanded=\"false\">Description\/ Application<\/div>\n\t\t\t\t\t\t\t\t\t<div id=\"elementor-tab-title-8402\" class=\"elementor-tab-title elementor-tab-desktop-title\" aria-selected=\"false\" data-tab=\"2\" role=\"tab\" tabindex=\"-1\" aria-controls=\"elementor-tab-content-8402\" aria-expanded=\"false\">Tableau des charges<\/div>\n\t\t\t\t\t\t\t\t\t<div id=\"elementor-tab-title-8403\" class=\"elementor-tab-title elementor-tab-desktop-title\" aria-selected=\"false\" data-tab=\"3\" role=\"tab\" tabindex=\"-1\" aria-controls=\"elementor-tab-content-8403\" aria-expanded=\"false\">Couleurs disponibles<\/div>\n\t\t\t\t\t\t\t\t\t<div id=\"elementor-tab-title-8404\" class=\"elementor-tab-title elementor-tab-desktop-title\" aria-selected=\"false\" data-tab=\"4\" role=\"tab\" tabindex=\"-1\" aria-controls=\"elementor-tab-content-8404\" aria-expanded=\"false\">Fiches techniques \/ T\u00e9l\u00e9chargements<\/div>\n\t\t\t\t\t\t\t<\/div>\n\t\t\t<div class=\"elementor-tabs-content-wrapper\" role=\"tablist\" aria-orientation=\"vertical\">\n\t\t\t\t\t\t\t\t\t<div class=\"elementor-tab-title elementor-tab-mobile-title\" aria-selected=\"true\" data-tab=\"1\" role=\"tab\" tabindex=\"0\" aria-controls=\"elementor-tab-content-8401\" aria-expanded=\"false\">Description\/ Application<\/div>\n\t\t\t\t\t<div id=\"elementor-tab-content-8401\" class=\"elementor-tab-content elementor-clearfix\" data-tab=\"1\" role=\"tabpanel\" aria-labelledby=\"elementor-tab-title-8401\" tabindex=\"0\" hidden=\"false\"><h3><strong>Application :<\/strong><\/h3>\n<p>Toitures des b\u00e2timents avec une pente minimale de 5%.<\/p>\n<h3><strong>Type de syndicat :<\/strong><\/h3>\n<p>Union : La vis est visible.<\/p>\n<p>Vis : Vis sans rondelle<\/p>\n<p><img fetchpriority=\"high\" decoding=\"async\" class=\"size-full wp-image-30972 alignleft\" src=\"https:\/\/panelsandwich.org\/wp-content\/uploads\/2017\/12\/cms_agro-union.png\" alt=\"filename\" width=\"250\" height=\"250\" title=\"% %count(title)\" srcset=\"https:\/\/panelsandwich.org\/wp-content\/uploads\/2017\/12\/cms_agro-union.png 250w, https:\/\/panelsandwich.org\/wp-content\/uploads\/2017\/12\/cms_agro-union-100x100.png 100w, https:\/\/panelsandwich.org\/wp-content\/uploads\/2017\/12\/cms_agro-union-150x150.png 150w\" sizes=\"(max-width: 250px) 100vw, 250px\" \/><\/p>\n<h3><\/h3>\n<h3><\/h3>\n<h3><\/h3>\n<h3><\/h3>\n<h3><\/h3>\n<h3><\/h3>\n<h3><strong>Dimensions :<\/strong><\/h3>\n<p>\u00c9paisseurs : 30-40-50-60-80-100 mm \u00b11 mm<\/p>\n<p>Largeur utile : 1000 mm \u00b11 mm<\/p>\n<p>Longueur : 4,00 &#8211; 18,00 m \u00b110 mm<\/p>\n<p><img decoding=\"async\" class=\"size-full wp-image-30909 lazyload\" data-src=\"https:\/\/panelsandwich.org\/wp-content\/uploads\/2017\/12\/cms_CUBIERTA_tapajuntas-3-grecas_medidas.JPG\" alt=\"filename\" width=\"100%\" title=\"% %count(title)\" data-srcset=\"https:\/\/panelsandwich.org\/wp-content\/uploads\/2017\/12\/cms_CUBIERTA_tapajuntas-3-grecas_medidas.JPG 1501w, https:\/\/panelsandwich.org\/wp-content\/uploads\/2017\/12\/cms_CUBIERTA_tapajuntas-3-grecas_medidas-300x47.jpg 300w, https:\/\/panelsandwich.org\/wp-content\/uploads\/2017\/12\/cms_CUBIERTA_tapajuntas-3-grecas_medidas-1024x160.jpg 1024w, https:\/\/panelsandwich.org\/wp-content\/uploads\/2017\/12\/cms_CUBIERTA_tapajuntas-3-grecas_medidas-768x120.jpg 768w, https:\/\/panelsandwich.org\/wp-content\/uploads\/2017\/12\/cms_CUBIERTA_tapajuntas-3-grecas_medidas-600x94.jpg 600w\" data-sizes=\"(max-width: 1501px) 100vw, 1501px\" src=\"data:image\/svg+xml;base64,PHN2ZyB3aWR0aD0iMSIgaGVpZ2h0PSIxIiB4bWxucz0iaHR0cDovL3d3dy53My5vcmcvMjAwMC9zdmciPjwvc3ZnPg==\" style=\"--smush-placeholder-width: 1501px; --smush-placeholder-aspect-ratio: 1501\/235;\" \/><\/p>\n<h3><strong>Support en m\u00e9tal :<\/strong><\/h3>\n<p>Noyau en t\u00f4le d&rsquo;acier de qualit\u00e9 S250GD : EN 10346<\/p>\n<p>Bobines laqu\u00e9es \u00e0 rev\u00eatement organique : EN 10169+A1<\/p>\n<p>\u00c9paisseur : 0,4-0,5-0,6 mm<\/p>\n<h3><strong>Noyau isolant :<\/strong><\/h3>\n<p>Polyur\u00e9thane (PUR) | Polyisocyanurate (PIR)<\/p>\n<p>Conductivit\u00e9 thermique : PUR : 0,022 W\/mK | PIR : 0,022 W\/mK<\/p>\n<p>Densit\u00e9 : 40 kg\/m3 \u00b110%.<\/p>\n<p>R\u00e9action au feu : PUR : B-s2,d0 | PIR : B-s2,d0 | PIR-HI : B-s1,d0<\/p>\n<p>R\u00e9sistance \u00e0 la traction des feuilles (adh\u00e9rence) &gt; 0,10 MPa<\/p>\n<p>R\u00e9sistance \u00e0 la compression \u00e0 10 % de d\u00e9formation &gt; 0,10 MPa<\/p>\n<h3><strong>Rev\u00eatement :<\/strong><\/h3>\n<p>Standard : peinture polyester 25 \u00b5m<\/p>\n<p>Particularit\u00e9s : HDX Granite 55 \u00b5m | PVDF 35 m<\/p>\n<\/div>\n\t\t\t\t\t\t\t\t\t<div class=\"elementor-tab-title elementor-tab-mobile-title\" aria-selected=\"false\" data-tab=\"2\" role=\"tab\" tabindex=\"-1\" aria-controls=\"elementor-tab-content-8402\" aria-expanded=\"false\">Tableau des charges<\/div>\n\t\t\t\t\t<div id=\"elementor-tab-content-8402\" class=\"elementor-tab-content elementor-clearfix\" data-tab=\"2\" role=\"tabpanel\" aria-labelledby=\"elementor-tab-title-8402\" tabindex=\"0\" hidden=\"hidden\"><p><img decoding=\"async\" class=\"size-full wp-image-30910 lazyload\" data-src=\"https:\/\/panelsandwich.org\/wp-content\/uploads\/2017\/12\/cms_CUBIERTA_tapajuntas-3-grecas_cargas1.JPG\" alt=\"filename\" width=\"100%\" title=\"% %count(title)\" data-srcset=\"https:\/\/panelsandwich.org\/wp-content\/uploads\/2017\/12\/cms_CUBIERTA_tapajuntas-3-grecas_cargas1.JPG 1243w, https:\/\/panelsandwich.org\/wp-content\/uploads\/2017\/12\/cms_CUBIERTA_tapajuntas-3-grecas_cargas1-300x169.jpg 300w, https:\/\/panelsandwich.org\/wp-content\/uploads\/2017\/12\/cms_CUBIERTA_tapajuntas-3-grecas_cargas1-1024x577.jpg 1024w, https:\/\/panelsandwich.org\/wp-content\/uploads\/2017\/12\/cms_CUBIERTA_tapajuntas-3-grecas_cargas1-768x433.jpg 768w, https:\/\/panelsandwich.org\/wp-content\/uploads\/2017\/12\/cms_CUBIERTA_tapajuntas-3-grecas_cargas1-600x338.jpg 600w\" data-sizes=\"(max-width: 1243px) 100vw, 1243px\" src=\"data:image\/svg+xml;base64,PHN2ZyB3aWR0aD0iMSIgaGVpZ2h0PSIxIiB4bWxucz0iaHR0cDovL3d3dy53My5vcmcvMjAwMC9zdmciPjwvc3ZnPg==\" style=\"--smush-placeholder-width: 1243px; --smush-placeholder-aspect-ratio: 1243\/700;\" \/><\/p>\n<p><img decoding=\"async\" class=\"size-full wp-image-30911 lazyload\" data-src=\"https:\/\/panelsandwich.org\/wp-content\/uploads\/2017\/12\/cms_CUBIERTA_tapajuntas-3-grecas_cargas2.JPG\" alt=\"filename\" width=\"100%\" title=\"% %count(title)\" data-srcset=\"https:\/\/panelsandwich.org\/wp-content\/uploads\/2017\/12\/cms_CUBIERTA_tapajuntas-3-grecas_cargas2.JPG 1256w, https:\/\/panelsandwich.org\/wp-content\/uploads\/2017\/12\/cms_CUBIERTA_tapajuntas-3-grecas_cargas2-300x193.jpg 300w, https:\/\/panelsandwich.org\/wp-content\/uploads\/2017\/12\/cms_CUBIERTA_tapajuntas-3-grecas_cargas2-1024x658.jpg 1024w, https:\/\/panelsandwich.org\/wp-content\/uploads\/2017\/12\/cms_CUBIERTA_tapajuntas-3-grecas_cargas2-768x493.jpg 768w, https:\/\/panelsandwich.org\/wp-content\/uploads\/2017\/12\/cms_CUBIERTA_tapajuntas-3-grecas_cargas2-600x386.jpg 600w\" data-sizes=\"(max-width: 1256px) 100vw, 1256px\" src=\"data:image\/svg+xml;base64,PHN2ZyB3aWR0aD0iMSIgaGVpZ2h0PSIxIiB4bWxucz0iaHR0cDovL3d3dy53My5vcmcvMjAwMC9zdmciPjwvc3ZnPg==\" style=\"--smush-placeholder-width: 1256px; --smush-placeholder-aspect-ratio: 1256\/807;\" \/><\/p>\n<p><img decoding=\"async\" class=\"size-full wp-image-30912 lazyload\" data-src=\"https:\/\/panelsandwich.org\/wp-content\/uploads\/2017\/12\/cms_CUBIERTA_tapajuntas-3-grecas_cargas3.JPG\" alt=\"filename\" width=\"100%\" title=\"% %count(title)\" data-srcset=\"https:\/\/panelsandwich.org\/wp-content\/uploads\/2017\/12\/cms_CUBIERTA_tapajuntas-3-grecas_cargas3.JPG 1243w, https:\/\/panelsandwich.org\/wp-content\/uploads\/2017\/12\/cms_CUBIERTA_tapajuntas-3-grecas_cargas3-300x89.jpg 300w, https:\/\/panelsandwich.org\/wp-content\/uploads\/2017\/12\/cms_CUBIERTA_tapajuntas-3-grecas_cargas3-1024x304.jpg 1024w, https:\/\/panelsandwich.org\/wp-content\/uploads\/2017\/12\/cms_CUBIERTA_tapajuntas-3-grecas_cargas3-768x228.jpg 768w, https:\/\/panelsandwich.org\/wp-content\/uploads\/2017\/12\/cms_CUBIERTA_tapajuntas-3-grecas_cargas3-600x178.jpg 600w\" data-sizes=\"(max-width: 1243px) 100vw, 1243px\" src=\"data:image\/svg+xml;base64,PHN2ZyB3aWR0aD0iMSIgaGVpZ2h0PSIxIiB4bWxucz0iaHR0cDovL3d3dy53My5vcmcvMjAwMC9zdmciPjwvc3ZnPg==\" style=\"--smush-placeholder-width: 1243px; --smush-placeholder-aspect-ratio: 1243\/369;\" \/><\/p>\n<\/div>\n\t\t\t\t\t\t\t\t\t<div class=\"elementor-tab-title elementor-tab-mobile-title\" aria-selected=\"false\" data-tab=\"3\" role=\"tab\" tabindex=\"-1\" aria-controls=\"elementor-tab-content-8403\" aria-expanded=\"false\">Couleurs disponibles<\/div>\n\t\t\t\t\t<div id=\"elementor-tab-content-8403\" class=\"elementor-tab-content elementor-clearfix\" data-tab=\"3\" role=\"tabpanel\" aria-labelledby=\"elementor-tab-title-8403\" tabindex=\"0\" hidden=\"hidden\"><h4>Gamme de couleurs<\/h4>\n<p>Les couleurs pr\u00e9sent\u00e9es dans le catalogue correspondent le plus fid\u00e8lement possible \u00e0 nos normes. Cependant, de petits changements sont in\u00e9vitables, c&rsquo;est pourquoi nous recommandons de toujours effectuer un test de couleur sur un \u00e9chantillon r\u00e9el.<\/p>\n<p><img decoding=\"async\" class=\"size-full wp-image-30913 lazyload\" data-src=\"https:\/\/panelsandwich.org\/wp-content\/uploads\/2017\/12\/cms_CUBIERTA_tapajuntas-3-grecas_colores.JPG\" alt=\"filename\" width=\"100%\" title=\"% %count(title)\" data-srcset=\"https:\/\/panelsandwich.org\/wp-content\/uploads\/2017\/12\/cms_CUBIERTA_tapajuntas-3-grecas_colores.JPG 834w, https:\/\/panelsandwich.org\/wp-content\/uploads\/2017\/12\/cms_CUBIERTA_tapajuntas-3-grecas_colores-300x294.jpg 300w, https:\/\/panelsandwich.org\/wp-content\/uploads\/2017\/12\/cms_CUBIERTA_tapajuntas-3-grecas_colores-768x751.jpg 768w, https:\/\/panelsandwich.org\/wp-content\/uploads\/2017\/12\/cms_CUBIERTA_tapajuntas-3-grecas_colores-600x587.jpg 600w\" data-sizes=\"(max-width: 834px) 100vw, 834px\" src=\"data:image\/svg+xml;base64,PHN2ZyB3aWR0aD0iMSIgaGVpZ2h0PSIxIiB4bWxucz0iaHR0cDovL3d3dy53My5vcmcvMjAwMC9zdmciPjwvc3ZnPg==\" style=\"--smush-placeholder-width: 834px; --smush-placeholder-aspect-ratio: 834\/816;\" \/><\/p>\n<\/div>\n\t\t\t\t\t\t\t\t\t<div class=\"elementor-tab-title elementor-tab-mobile-title\" aria-selected=\"false\" data-tab=\"4\" role=\"tab\" tabindex=\"-1\" aria-controls=\"elementor-tab-content-8404\" aria-expanded=\"false\">Fiches techniques \/ T\u00e9l\u00e9chargements<\/div>\n\t\t\t\t\t<div id=\"elementor-tab-content-8404\" class=\"elementor-tab-content elementor-clearfix\" data-tab=\"4\" role=\"tabpanel\" aria-labelledby=\"elementor-tab-title-8404\" tabindex=\"0\" hidden=\"hidden\"><p><a href=\"https:\/\/panelsandwich.org\/wp-content\/uploads\/2023\/11\/PanelSandwich-Monopanel3G-Ficha-Tecnica.pdf\" target=\"_blank\" rel=\"noopener\"><button style=\"background-color: #ffa300; border-color: black; color: white;\" spellcheck=\"false\" data-lt-tmp-id=\"lt-827558\" data-gramm=\"false\">T\u00e9l\u00e9charger la fiche technique<\/button><\/a><\/p>\n<\/div>\n\t\t\t\t\t\t\t<\/div>\n\t\t<\/div>\n\t\t\t\t\t\t<\/div>\n\t\t\t\t<\/div>\n\t\t\t\t\t<\/div>\n\t\t<\/div>\n\t\t\t\t\t<\/div>\n\t\t<\/section>\n\t\t\t\t<\/div>\n\t\t","protected":false},"excerpt":{"rendered":"<p>P3G- Toit ECO en panneaux sandwich. 3 Grecas<\/p>\n","protected":false},"featured_media":52748,"comment_status":"closed","ping_status":"closed","template":"","meta":[],"product_brand":[],"product_cat":[3672],"product_tag":[3351,3341,3344,3354,3359,3347,3431,3360,3338,3364,3363,3315,3349,3362,3357,3361,3432],"class_list":{"0":"post-52619","1":"product","2":"type-product","3":"status-publish","4":"has-post-thumbnail","6":"product_cat-panneau-sandwich-bon-marche","7":"product_tag-agropanel-fr","8":"product_tag-couverture","9":"product_tag-facade-fr","10":"product_tag-fermes","11":"product_tag-laine-de-roche","12":"product_tag-occasion-fr","13":"product_tag-panneau-3-fretwork","14":"product_tag-panneau-de-bois","15":"product_tag-panneau-de-carrelage","16":"product_tag-panneau-de-plafond","17":"product_tag-panneau-de-recouvrement","18":"product_tag-panneaux-sandwich","19":"product_tag-prix","20":"product_tag-puits-de-lumiere","21":"product_tag-refrigerateur","22":"product_tag-remateria-fr","23":"product_tag-sandwich-anel","24":"pa_colorexterior-blanc-des-pyrenees-ral-9010","25":"pa_colorexterior-rouge-ral-3009","26":"pa_colorinterior-blanc-des-pyrenees-ral-9010","27":"pa_espesorespuma-30-mm-fr","28":"pa_espesorespuma-40-mm-fr","29":"pa_espesorespuma-50-mm-fr","30":"pa_espesorespuma-60-mm-fr","31":"pa_medidas-metres-carres-m2","33":"first","34":"instock","35":"taxable","36":"shipping-taxable","37":"product-type-variable","38":"has-default-attributes"},"_links":{"self":[{"href":"https:\/\/panelsandwich.org\/fr\/wp-json\/wp\/v2\/product\/52619","targetHints":{"allow":["GET"]}}],"collection":[{"href":"https:\/\/panelsandwich.org\/fr\/wp-json\/wp\/v2\/product"}],"about":[{"href":"https:\/\/panelsandwich.org\/fr\/wp-json\/wp\/v2\/types\/product"}],"replies":[{"embeddable":true,"href":"https:\/\/panelsandwich.org\/fr\/wp-json\/wp\/v2\/comments?post=52619"}],"version-history":[{"count":0,"href":"https:\/\/panelsandwich.org\/fr\/wp-json\/wp\/v2\/product\/52619\/revisions"}],"wp:featuredmedia":[{"embeddable":true,"href":"https:\/\/panelsandwich.org\/fr\/wp-json\/wp\/v2\/media\/52748"}],"wp:attachment":[{"href":"https:\/\/panelsandwich.org\/fr\/wp-json\/wp\/v2\/media?parent=52619"}],"wp:term":[{"taxonomy":"product_brand","embeddable":true,"href":"https:\/\/panelsandwich.org\/fr\/wp-json\/wp\/v2\/product_brand?post=52619"},{"taxonomy":"product_cat","embeddable":true,"href":"https:\/\/panelsandwich.org\/fr\/wp-json\/wp\/v2\/product_cat?post=52619"},{"taxonomy":"product_tag","embeddable":true,"href":"https:\/\/panelsandwich.org\/fr\/wp-json\/wp\/v2\/product_tag?post=52619"}],"curies":[{"name":"wp","href":"https:\/\/api.w.org\/{rel}","templated":true}]}}