{"id":52869,"date":"2023-09-28T23:15:36","date_gmt":"2023-09-28T21:15:36","guid":{"rendered":"https:\/\/panelsandwich.org\/panneau-sandwich-eco-facade-vis-et-boulons-exterieurs\/"},"modified":"2024-04-24T09:57:32","modified_gmt":"2024-04-24T07:57:32","slug":"panneau-sandwich-eco-facade-vis-et-boulons-exterieurs","status":"publish","type":"product","link":"https:\/\/panelsandwich.org\/fr\/panneau-sandwich-eco-facade-vis-et-boulons-exterieurs\/","title":{"rendered":"Panneau sandwich ECO Fa\u00e7ade &#8211; Vis et boulons ext\u00e9rieurs"},"content":{"rendered":"<p class=\"MsoNormal\" style=\"margin: 0cm 0cm .0001pt; font-size: 12pt; font-family: Calibri, sans-serif; text-align: justify;\">Panneau sandwich de fa\u00e7ade \u00e0 vis apparentes, le panneau pr\u00e9sente une grande r\u00e9sistance m\u00e9canique et une garantie totale d&rsquo;\u00e9tanch\u00e9it\u00e9 sur toute structure porteuse, qu&rsquo;elle soit en bois, en acier ou en b\u00e9ton. Il est utilis\u00e9 pour les enceintes et les cloisons.<\/p>\n<p class=\"MsoNormal\" style=\"margin: 0cm 0cm .0001pt; font-size: 12pt; font-family: Calibri, sans-serif; text-align: justify;\">\n<p class=\"MsoNormal\" style=\"margin: 0cm 0cm .0001pt; font-size: 12pt; font-family: Calibri, sans-serif;\"><b>Caract\u00e9ristiques du panel :<\/b><\/p>\n<table class=\"MsoNormalTable\" style=\"width: 335.25pt; margin-left: .75pt; border-collapse: collapse;\" border=\"0\" width=\"447\" cellspacing=\"0\" cellpadding=\"0\">\n<tbody>\n<tr>\n<td style=\"width: 165pt; padding: 1.5pt;\" valign=\"top\" width=\"220\">\n<p class=\"MsoNormal\" style=\"margin: 0cm 0cm .0001pt; font-size: 12pt; font-family: Calibri, sans-serif;\">C\u00f4t\u00e9 int\u00e9rieur<\/p>\n<\/td>\n<td style=\"width: 164.25pt; padding: 1.5pt;\" valign=\"top\" width=\"219\">\n<p class=\"MsoNormal\" style=\"margin: 0cm 0cm .0001pt; font-size: 12pt; font-family: Calibri, sans-serif;\">T\u00f4le d&rsquo;acier, \u00e9paisseur 0,4mm<\/p>\n<\/td>\n<\/tr>\n<tr>\n<td style=\"width: 165pt; padding: 1.5pt;\" valign=\"top\" width=\"220\">\n<p class=\"MsoNormal\" style=\"margin: 0cm 0cm .0001pt; font-size: 12pt; font-family: Calibri, sans-serif;\">L&rsquo;isolement<\/p>\n<\/td>\n<td style=\"width: 164.25pt; padding: 1.5pt;\" valign=\"top\" width=\"219\">\n<p class=\"MsoNormal\" style=\"margin: 0cm 0cm .0001pt; font-size: 12pt; font-family: Calibri, sans-serif;\">Polyur\u00e9thane expans\u00e9 40 kg\/m2<\/p>\n<\/td>\n<\/tr>\n<tr>\n<td style=\"width: 165pt; padding: 1.5pt;\" valign=\"top\" width=\"220\">\n<p class=\"MsoNormal\" style=\"margin: 0cm 0cm .0001pt; font-size: 12pt; font-family: Calibri, sans-serif;\">\u00c9paisseur Isolation<\/p>\n<\/td>\n<td style=\"width: 164.25pt; padding: 1.5pt;\" valign=\"top\" width=\"219\">\n<p class=\"MsoNormal\" style=\"margin: 0cm 0cm .0001pt; font-size: 12pt; font-family: Calibri, sans-serif;\">30-40-50-60-80 mm.<\/p>\n<\/td>\n<\/tr>\n<tr>\n<td style=\"width: 165pt; padding: 1.5pt;\" valign=\"top\" width=\"220\">\n<p class=\"MsoNormal\" style=\"margin: 0cm 0cm .0001pt; font-size: 12pt; font-family: Calibri, sans-serif;\">C\u00f4t\u00e9 ext\u00e9rieur<\/p>\n<\/td>\n<td style=\"width: 164.25pt; padding: 1.5pt;\" valign=\"top\" width=\"219\">\n<p class=\"MsoNormal\" style=\"margin: 0cm 0cm .0001pt; font-size: 12pt; font-family: Calibri, sans-serif;\">T\u00f4le d&rsquo;acier, \u00e9paisseur 0,4mm<\/p>\n<\/td>\n<\/tr>\n<tr>\n<td style=\"width: 165pt; padding: 1.5pt;\" valign=\"top\" width=\"220\">\n<p class=\"MsoNormal\" style=\"margin: 0cm 0cm .0001pt; font-size: 12pt; font-family: Calibri, sans-serif;\">Type de t\u00f4le<\/p>\n<\/td>\n<td style=\"width: 164.25pt; padding: 1.5pt;\" valign=\"top\" width=\"219\">\n<p class=\"MsoNormal\" style=\"margin: 0cm 0cm .0001pt; font-size: 12pt; font-family: Calibri, sans-serif;\">Laqu\u00e9 5 microns<\/p>\n<\/td>\n<\/tr>\n<tr>\n<td style=\"width: 165pt; padding: 1.5pt;\" valign=\"top\" width=\"220\">\n<p class=\"MsoNormal\" style=\"margin: 0cm 0cm .0001pt; font-size: 12pt; font-family: Calibri, sans-serif;\">R\u00e9sistance au feu<\/p>\n<\/td>\n<td style=\"width: 164.25pt; padding: 1.5pt;\" valign=\"top\" width=\"219\">\n<p class=\"MsoNormal\" style=\"margin: 0cm 0cm .0001pt; font-size: 12pt; font-family: Calibri, sans-serif;\">CS3D0 \/ BS2D0<\/p>\n<\/td>\n<\/tr>\n<\/tbody>\n<\/table>\n<p class=\"MsoNormal\" style=\"margin: 0cm 0cm .0001pt; font-size: 12pt; font-family: Calibri, sans-serif;\"><b><br \/>\nDimensions du panneau :<br \/>\n<\/b><\/p>\n<table class=\"MsoNormalTable\" style=\"margin-left: .75pt; border-collapse: collapse;\" border=\"0\" cellspacing=\"0\" cellpadding=\"0\">\n<tbody>\n<tr>\n<td style=\"width: 136.5pt; padding: 1.5pt;\" valign=\"top\" width=\"182\">\n<p class=\"MsoNormal\" style=\"margin: 0cm 0cm .0001pt; font-size: 12pt; font-family: Calibri, sans-serif;\">Caract\u00e9ristiques<\/p>\n<\/td>\n<td style=\"width: 136.5pt; padding: 1.5pt;\" valign=\"top\" width=\"182\">\n<p class=\"MsoNormal\" style=\"margin: 0cm 0cm .0001pt; font-size: 12pt; font-family: Calibri, sans-serif;\">Panneau de 1,00 m de large par longueur \u00e0 la demande du client.<\/p>\n<\/td>\n<\/tr>\n<tr>\n<td style=\"width: 136.5pt; padding: 1.5pt;\" valign=\"top\" width=\"182\">\n<p class=\"MsoNormal\" style=\"margin: 0cm 0cm .0001pt; font-size: 12pt; font-family: Calibri, sans-serif;\">Passage des vagues<\/p>\n<\/td>\n<td style=\"width: 136.5pt; padding: 1.5pt;\" valign=\"top\" width=\"182\">\n<p class=\"MsoNormal\" style=\"margin: 0cm 0cm .0001pt; font-size: 12pt; font-family: Calibri, sans-serif;\">2,5cm<\/p>\n<\/td>\n<\/tr>\n<\/tbody>\n<\/table>\n<p class=\"MsoNormal\" style=\"margin: 0cm 0cm .0001pt; font-size: 12pt; font-family: Calibri, sans-serif;\"><b>Type de joint et de vis :<\/b><\/p>\n<p class=\"MsoNormal\" style=\"margin: 0cm 0cm .0001pt; font-size: 12pt; font-family: Calibri, sans-serif;\">Type de joint : Type d&#8217;embo\u00eetement. La vis est visible.<\/p>\n<p class=\"MsoNormal\" style=\"margin: 0cm 0cm .0001pt; font-size: 12pt; font-family: Calibri, sans-serif;\">Vis : Vis de sangle, de poutre ou de b\u00e9ton.<\/p>\n<p class=\"MsoNormal\" style=\"margin: 0cm 0cm .0001pt; font-size: 12pt; font-family: Calibri, sans-serif;\">\n<p class=\"MsoNormal\" style=\"margin: 0cm 0cm .0001pt; font-size: 12pt; font-family: Calibri, sans-serif;\"><b>Mesures et disponibilit\u00e9 :<\/b><\/p>\n<p class=\"MsoNormal\" style=\"margin: 0cm 0cm .0001pt; font-size: 12pt; font-family: Calibri, sans-serif; text-align: justify;\">Taille du panneau : largeur utile de 1,00 m. x Longueur \u00e0 partir de l&rsquo;usine selon les sp\u00e9cifications du client.<\/p>\n<p class=\"MsoNormal\" style=\"margin: 0cm 0cm .0001pt; font-size: 12pt; font-family: Calibri, sans-serif; text-align: justify;\">Mesures Disponibilit\u00e9 Stock : En stock dans les tailles 2,60-3,00-3,50-3,50-4,00-5,20-6,00-7,00 m.<\/p>\n<p class=\"MsoNormal\" style=\"margin: 0cm 0cm .0001pt; font-size: 12pt; font-family: Calibri, sans-serif; text-align: justify;\">Mesures Disponibilit\u00e9 de fabrication : La mesure de la longueur du panneau est faite sur mesure de la fa\u00e7ade avec une limite de 13,50 m\u00e8tres pour le transport, \u00e9tant possible de fabriquer un panneau plus long, mais en tenant compte du fait que nous avons besoin d&rsquo;un transport sp\u00e9cial.<\/p>\n<p class=\"MsoNormal\" style=\"margin: 0cm 0cm .0001pt; font-size: 12pt; font-family: Calibri, sans-serif; text-align: justify;\"><b>Tableau de charge :<\/b><\/p>\n<p class=\"MsoNormal\" style=\"margin: 0cm 0cm .0001pt; font-size: 12pt; font-family: Calibri, sans-serif; text-align: justify;\">Valeurs admissibles pour des \u00e9paisseurs d&rsquo;acier de 0,4 ou 0,5 mm sur le c\u00f4t\u00e9 ext\u00e9rieur et de 0,4 mm sur le c\u00f4t\u00e9 int\u00e9rieur. Les port\u00e9es l en m\u00e8tres correspondant \u00e0 la surcharge uniform\u00e9ment r\u00e9partie p (daN\/m\u00b2) ont \u00e9t\u00e9 obtenues lors des essais de charge effectu\u00e9s dans nos laboratoires et garantissent simultan\u00e9ment une date f l\/ et un coefficient de s\u00e9curit\u00e9 u200 n conformes aux exigences des normes UEAtc pour les panneaux sandwich, qui ont \u00e9t\u00e9 \u00e9labor\u00e9es et sont appliqu\u00e9es par les principaux organismes de certification europ\u00e9ens.<\/p>\n<p style=\"text-align: justify;\">\n","protected":false},"excerpt":{"rendered":"<p>PFS- Panneau sandwich ECO Fa\u00e7ade. La sectorisation.<\/p>\n","protected":false},"featured_media":52884,"comment_status":"closed","ping_status":"closed","template":"","meta":[],"product_brand":[],"product_cat":[3447,3672],"product_tag":[3351,3341,3344,3354,3462,3359,3347,3360,3338,3321,3319,3334,3325,3315,3349,3357,3361,3412],"class_list":{"0":"post-52869","1":"product","2":"type-product","3":"status-publish","4":"has-post-thumbnail","6":"product_cat-facade-en-panneaux-sandwich","7":"product_cat-panneau-sandwich-bon-marche","8":"product_tag-agropanel-fr","9":"product_tag-couverture","10":"product_tag-facade-fr","11":"product_tag-fermes","12":"product_tag-la-structure-des-puits-de-lumiere-metal","13":"product_tag-laine-de-roche","14":"product_tag-occasion-fr","15":"product_tag-panneau-de-bois","16":"product_tag-panneau-de-carrelage","17":"product_tag-panneau-de-facade","18":"product_tag-panneau-mural","19":"product_tag-panneau-sandwich","20":"product_tag-panneaux-pour-enceintes","21":"product_tag-panneaux-sandwich","22":"product_tag-prix","23":"product_tag-refrigerateur","24":"product_tag-remateria-fr","25":"product_tag-sans-boulon","26":"pa_anchodelpanel-largeur-1-metre","27":"pa_colorexterior-blanc-des-pyrenees-ral-9010","28":"pa_colorinterior-blanc-des-pyrenees-ral-9010","29":"pa_espesordelachapa-ext-03-int-03-mm-fr","30":"pa_espesorespuma-30-mm-fr","31":"pa_espesorespuma-40-mm-fr","32":"pa_espesorespuma-50-mm-fr","33":"pa_espesorespuma-60-mm-fr","34":"pa_medidas-metres-carres-m2","35":"pa_situacion-sur-demande","37":"first","38":"outofstock","39":"taxable","40":"shipping-taxable","41":"purchasable","42":"product-type-variable","43":"has-default-attributes"},"_links":{"self":[{"href":"https:\/\/panelsandwich.org\/fr\/wp-json\/wp\/v2\/product\/52869","targetHints":{"allow":["GET"]}}],"collection":[{"href":"https:\/\/panelsandwich.org\/fr\/wp-json\/wp\/v2\/product"}],"about":[{"href":"https:\/\/panelsandwich.org\/fr\/wp-json\/wp\/v2\/types\/product"}],"replies":[{"embeddable":true,"href":"https:\/\/panelsandwich.org\/fr\/wp-json\/wp\/v2\/comments?post=52869"}],"version-history":[{"count":0,"href":"https:\/\/panelsandwich.org\/fr\/wp-json\/wp\/v2\/product\/52869\/revisions"}],"wp:featuredmedia":[{"embeddable":true,"href":"https:\/\/panelsandwich.org\/fr\/wp-json\/wp\/v2\/media\/52884"}],"wp:attachment":[{"href":"https:\/\/panelsandwich.org\/fr\/wp-json\/wp\/v2\/media?parent=52869"}],"wp:term":[{"taxonomy":"product_brand","embeddable":true,"href":"https:\/\/panelsandwich.org\/fr\/wp-json\/wp\/v2\/product_brand?post=52869"},{"taxonomy":"product_cat","embeddable":true,"href":"https:\/\/panelsandwich.org\/fr\/wp-json\/wp\/v2\/product_cat?post=52869"},{"taxonomy":"product_tag","embeddable":true,"href":"https:\/\/panelsandwich.org\/fr\/wp-json\/wp\/v2\/product_tag?post=52869"}],"curies":[{"name":"wp","href":"https:\/\/api.w.org\/{rel}","templated":true}]}}