{"id":52958,"date":"2023-09-28T23:15:37","date_gmt":"2023-09-28T21:15:37","guid":{"rendered":"https:\/\/panelsandwich.org\/facade-en-panneaux-sandwich-imitation-bois\/"},"modified":"2023-11-22T18:29:45","modified_gmt":"2023-11-22T17:29:45","slug":"facade-en-panneaux-sandwich-imitation-bois","status":"publish","type":"product","link":"https:\/\/panelsandwich.org\/fr\/facade-en-panneaux-sandwich-imitation-bois\/","title":{"rendered":"Fa\u00e7ade en panneaux sandwich &#8211; Imitation bois"},"content":{"rendered":"\t\t<div data-elementor-type=\"product-post\" data-elementor-id=\"52958\" class=\"elementor elementor-52958 elementor-33164\" data-elementor-post-type=\"product\">\n\t\t\t\t\t\t<section class=\"elementor-section elementor-top-section elementor-element elementor-element-21f9e1a8 elementor-section-boxed elementor-section-height-default elementor-section-height-default\" data-id=\"21f9e1a8\" data-element_type=\"section\" data-e-type=\"section\" data-settings=\"{&quot;jet_parallax_layout_list&quot;:[]}\">\n\t\t\t\t\t\t<div class=\"elementor-container elementor-column-gap-default\">\n\t\t\t\t\t<div class=\"elementor-column elementor-col-100 elementor-top-column elementor-element elementor-element-7aabad4a\" data-id=\"7aabad4a\" data-element_type=\"column\" data-e-type=\"column\">\n\t\t\t<div class=\"elementor-widget-wrap elementor-element-populated\">\n\t\t\t\t\t\t<div class=\"elementor-element elementor-element-655b95e7 elementor-widget elementor-widget-heading\" data-id=\"655b95e7\" data-element_type=\"widget\" data-e-type=\"widget\" data-widget_type=\"heading.default\">\n\t\t\t\t<div class=\"elementor-widget-container\">\n\t\t\t\t\t<h2 class=\"elementor-heading-title elementor-size-default\"><h2>Panneau Sandwich Ext\u00e9rieur Vis Fa\u00e7ade - Imitation Bois\n<\/h2><\/h2>\t\t\t\t<\/div>\n\t\t\t\t<\/div>\n\t\t\t\t<div class=\"elementor-element elementor-element-10ea2cfc elementor-widget elementor-widget-text-editor\" data-id=\"10ea2cfc\" data-element_type=\"widget\" data-e-type=\"widget\" data-widget_type=\"text-editor.default\">\n\t\t\t\t<div class=\"elementor-widget-container\">\n\t\t\t\t\t\t\t\t\t<p>Panneau isolant compos\u00e9 de deux t\u00f4les m\u00e9talliques en profil\u00e9s, reli\u00e9es par une \u00e2me isolante en mousse rigide de polyur\u00e9thane (PUR) ou de polyisocyanurate (PIR). Panneau produit conform\u00e9ment \u00e0 la norme EN 14509 et soumis \u00e0 l&rsquo;\u00e9valuation et \u00e0 la v\u00e9rification de la r\u00e9gularit\u00e9 des performances conform\u00e9ment au syst\u00e8me 1.<\/p>\n\t\t\t\t\t\t\t\t<\/div>\n\t\t\t\t<\/div>\n\t\t\t\t<div class=\"elementor-element elementor-element-7bf7de04 elementor-tabs-view-horizontal elementor-widget elementor-widget-tabs\" data-id=\"7bf7de04\" data-element_type=\"widget\" data-e-type=\"widget\" data-widget_type=\"tabs.default\">\n\t\t\t\t<div class=\"elementor-widget-container\">\n\t\t\t\t\t\t\t<div class=\"elementor-tabs\">\n\t\t\t<div class=\"elementor-tabs-wrapper\" role=\"tablist\" >\n\t\t\t\t\t\t\t\t\t<div id=\"elementor-tab-title-2071\" class=\"elementor-tab-title elementor-tab-desktop-title\" aria-selected=\"true\" data-tab=\"1\" role=\"tab\" tabindex=\"0\" aria-controls=\"elementor-tab-content-2071\" aria-expanded=\"false\">Description\/ Application<\/div>\n\t\t\t\t\t\t\t\t\t<div id=\"elementor-tab-title-2072\" class=\"elementor-tab-title elementor-tab-desktop-title\" aria-selected=\"false\" data-tab=\"2\" role=\"tab\" tabindex=\"-1\" aria-controls=\"elementor-tab-content-2072\" aria-expanded=\"false\">Tableau des charges<\/div>\n\t\t\t\t\t\t\t\t\t<div id=\"elementor-tab-title-2073\" class=\"elementor-tab-title elementor-tab-desktop-title\" aria-selected=\"false\" data-tab=\"3\" role=\"tab\" tabindex=\"-1\" aria-controls=\"elementor-tab-content-2073\" aria-expanded=\"false\">Couleurs disponibles<\/div>\n\t\t\t\t\t\t\t\t\t<div id=\"elementor-tab-title-2074\" class=\"elementor-tab-title elementor-tab-desktop-title\" aria-selected=\"false\" data-tab=\"4\" role=\"tab\" tabindex=\"-1\" aria-controls=\"elementor-tab-content-2074\" aria-expanded=\"false\">Fiches techniques \/ T\u00e9l\u00e9chargements<\/div>\n\t\t\t\t\t\t\t<\/div>\n\t\t\t<div class=\"elementor-tabs-content-wrapper\" role=\"tablist\" aria-orientation=\"vertical\">\n\t\t\t\t\t\t\t\t\t<div class=\"elementor-tab-title elementor-tab-mobile-title\" aria-selected=\"true\" data-tab=\"1\" role=\"tab\" tabindex=\"0\" aria-controls=\"elementor-tab-content-2071\" aria-expanded=\"false\">Description\/ Application<\/div>\n\t\t\t\t\t<div id=\"elementor-tab-content-2071\" class=\"elementor-tab-content elementor-clearfix\" data-tab=\"1\" role=\"tabpanel\" aria-labelledby=\"elementor-tab-title-2071\" tabindex=\"0\" hidden=\"false\"><h3><strong>Application :<\/strong><\/h3>\n<p>Murs, pr\u00e9fabriqu\u00e9s, construction modulaire, fa\u00e7ades avec fixation visible.<\/p>\n<h3><strong>Type de syndicat :<\/strong><\/h3>\n<p>Union : vis vue<\/p>\n<p>Vis : Vis avec rondelle<\/p>\n<p><img fetchpriority=\"high\" decoding=\"async\" class=\" size-full wp-image-33158\" src=\"https:\/\/panelsandwich.org\/wp-content\/uploads\/2020\/04\/cms_union-fachada-visto.png\" alt=\"filename\" width=\"250\" height=\"250\" title=\"% %count(title)\" srcset=\"https:\/\/panelsandwich.org\/wp-content\/uploads\/2020\/04\/cms_union-fachada-visto.png 378w, https:\/\/panelsandwich.org\/wp-content\/uploads\/2020\/04\/cms_union-fachada-visto-100x100.png 100w, https:\/\/panelsandwich.org\/wp-content\/uploads\/2020\/04\/cms_union-fachada-visto-300x300.png 300w, https:\/\/panelsandwich.org\/wp-content\/uploads\/2020\/04\/cms_union-fachada-visto-150x150.png 150w\" sizes=\"(max-width: 250px) 100vw, 250px\" \/><\/p>\n<h3><strong>Dimensions :<\/strong><\/h3>\n<p>\u00c9paisseurs : 30-40-50-60-80-100 mm \u00b11 mm<\/p>\n<p>Largeur utile : 1000 mm \u00b11 mm<\/p>\n<p>Longueur : 4,00 &#8211; 18,00 m \u00b110 mm<\/p>\n<p><img decoding=\"async\" class=\" size-full wp-image-33159\" src=\"https:\/\/panelsandwich.org\/wp-content\/uploads\/2020\/04\/cms_FACHADA-VISTA_medidas.JPG\" alt=\"filename\" width=\"100%\" title=\"% %count(title)\" srcset=\"https:\/\/panelsandwich.org\/wp-content\/uploads\/2020\/04\/cms_FACHADA-VISTA_medidas.JPG 1211w, https:\/\/panelsandwich.org\/wp-content\/uploads\/2020\/04\/cms_FACHADA-VISTA_medidas-300x103.jpg 300w, https:\/\/panelsandwich.org\/wp-content\/uploads\/2020\/04\/cms_FACHADA-VISTA_medidas-1024x352.jpg 1024w, https:\/\/panelsandwich.org\/wp-content\/uploads\/2020\/04\/cms_FACHADA-VISTA_medidas-768x264.jpg 768w, https:\/\/panelsandwich.org\/wp-content\/uploads\/2020\/04\/cms_FACHADA-VISTA_medidas-600x206.jpg 600w\" sizes=\"(max-width: 1211px) 100vw, 1211px\" \/><\/p>\n<h3><strong>Support en m\u00e9tal :<\/strong><\/h3>\n<p>Noyau en t\u00f4le d&rsquo;acier de qualit\u00e9 S250GD : EN 10346<\/p>\n<p>Bobines laqu\u00e9es \u00e0 rev\u00eatement organique : EN 10169+A1<\/p>\n<p>\u00c9paisseurs : Panneau nervur\u00e9 0,4\/0,4 mm | Panneau lisse : 0,5\/0,4 mm<\/p>\n<h3><strong>Noyau isolant :<\/strong><\/h3>\n<p>Polyur\u00e9thane (PUR) | Polyisocyanurate (PIR)<\/p>\n<p>Conductivit\u00e9 thermique : PUR : 0,022 W\/mK | PIR : 0,022 \/mK<\/p>\n<p>Densit\u00e9 : 40 <sup>kg\/m3<\/sup> \u00b110%.<\/p>\n<p>R\u00e9action au feu : PUR : B-s2,d0 | PIR : B-s2,d0 | PIR-HI : B-1,d0<\/p>\n<p>R\u00e9sistance \u00e0 la traction des feuilles (adh\u00e9rence) &gt; 0,10 MPa<\/p>\n<p>R\u00e9sistance \u00e0 la compression \u00e0 10 % de d\u00e9formation &gt;0,10 MPa<\/p>\n<h3><strong>Rev\u00eatement :<\/strong><\/h3>\n<p>Standard : peinture polyester 25 \u00b5m<\/p>\n<p>Particularit\u00e9s : Granite HDX 55 \u00b5m | PVDF 35 m<\/p>\n<\/div>\n\t\t\t\t\t\t\t\t\t<div class=\"elementor-tab-title elementor-tab-mobile-title\" aria-selected=\"false\" data-tab=\"2\" role=\"tab\" tabindex=\"-1\" aria-controls=\"elementor-tab-content-2072\" aria-expanded=\"false\">Tableau des charges<\/div>\n\t\t\t\t\t<div id=\"elementor-tab-content-2072\" class=\"elementor-tab-content elementor-clearfix\" data-tab=\"2\" role=\"tabpanel\" aria-labelledby=\"elementor-tab-title-2072\" tabindex=\"0\" hidden=\"hidden\"><p><img decoding=\"async\" class=\" size-full wp-image-33160\" src=\"https:\/\/panelsandwich.org\/wp-content\/uploads\/2020\/04\/cms_FACHADA-VISTA_cargas1.JPG\" alt=\"filename\" width=\"100%\" title=\"% %count(title)\" srcset=\"https:\/\/panelsandwich.org\/wp-content\/uploads\/2020\/04\/cms_FACHADA-VISTA_cargas1.JPG 1324w, https:\/\/panelsandwich.org\/wp-content\/uploads\/2020\/04\/cms_FACHADA-VISTA_cargas1-300x169.jpg 300w, https:\/\/panelsandwich.org\/wp-content\/uploads\/2020\/04\/cms_FACHADA-VISTA_cargas1-1024x575.jpg 1024w, https:\/\/panelsandwich.org\/wp-content\/uploads\/2020\/04\/cms_FACHADA-VISTA_cargas1-768x432.jpg 768w, https:\/\/panelsandwich.org\/wp-content\/uploads\/2020\/04\/cms_FACHADA-VISTA_cargas1-600x337.jpg 600w\" sizes=\"(max-width: 1324px) 100vw, 1324px\" \/><\/p>\n<p><img decoding=\"async\" class=\" size-full wp-image-33161\" src=\"https:\/\/panelsandwich.org\/wp-content\/uploads\/2020\/04\/cms_FACHADA-VISTA_cargas2.JPG\" alt=\"filename\" width=\"100%\" title=\"% %count(title)\" srcset=\"https:\/\/panelsandwich.org\/wp-content\/uploads\/2020\/04\/cms_FACHADA-VISTA_cargas2.JPG 1329w, https:\/\/panelsandwich.org\/wp-content\/uploads\/2020\/04\/cms_FACHADA-VISTA_cargas2-300x185.jpg 300w, https:\/\/panelsandwich.org\/wp-content\/uploads\/2020\/04\/cms_FACHADA-VISTA_cargas2-1024x632.jpg 1024w, https:\/\/panelsandwich.org\/wp-content\/uploads\/2020\/04\/cms_FACHADA-VISTA_cargas2-768x474.jpg 768w, https:\/\/panelsandwich.org\/wp-content\/uploads\/2020\/04\/cms_FACHADA-VISTA_cargas2-600x370.jpg 600w\" sizes=\"(max-width: 1329px) 100vw, 1329px\" \/><\/p>\n<p><img decoding=\"async\" class=\" size-full wp-image-33162\" src=\"https:\/\/panelsandwich.org\/wp-content\/uploads\/2020\/04\/cms_FACHADA-VISTA_cargas3.JPG\" alt=\"filename\" width=\"100%\" title=\"% %count(title)\" srcset=\"https:\/\/panelsandwich.org\/wp-content\/uploads\/2020\/04\/cms_FACHADA-VISTA_cargas3.JPG 1338w, https:\/\/panelsandwich.org\/wp-content\/uploads\/2020\/04\/cms_FACHADA-VISTA_cargas3-300x99.jpg 300w, https:\/\/panelsandwich.org\/wp-content\/uploads\/2020\/04\/cms_FACHADA-VISTA_cargas3-1024x337.jpg 1024w, https:\/\/panelsandwich.org\/wp-content\/uploads\/2020\/04\/cms_FACHADA-VISTA_cargas3-768x253.jpg 768w, https:\/\/panelsandwich.org\/wp-content\/uploads\/2020\/04\/cms_FACHADA-VISTA_cargas3-600x197.jpg 600w\" sizes=\"(max-width: 1338px) 100vw, 1338px\" \/><\/p>\n<\/div>\n\t\t\t\t\t\t\t\t\t<div class=\"elementor-tab-title elementor-tab-mobile-title\" aria-selected=\"false\" data-tab=\"3\" role=\"tab\" tabindex=\"-1\" aria-controls=\"elementor-tab-content-2073\" aria-expanded=\"false\">Couleurs disponibles<\/div>\n\t\t\t\t\t<div id=\"elementor-tab-content-2073\" class=\"elementor-tab-content elementor-clearfix\" data-tab=\"3\" role=\"tabpanel\" aria-labelledby=\"elementor-tab-title-2073\" tabindex=\"0\" hidden=\"hidden\"><h3>Gamme de couleurs<\/h3>\n<p>Les couleurs pr\u00e9sent\u00e9es dans le catalogue correspondent le plus fid\u00e8lement possible \u00e0 nos normes. Cependant, de petits changements sont in\u00e9vitables, c&rsquo;est pourquoi nous recommandons de toujours effectuer un test de couleur sur un \u00e9chantillon r\u00e9el.<\/p>\n<p><img decoding=\"async\" class=\" size-full wp-image-33163\" src=\"https:\/\/panelsandwich.org\/wp-content\/uploads\/2020\/04\/cms_FACHADA-VISTA_colores.JPG\" alt=\"filename\" width=\"100%\" title=\"% %count(title)\" srcset=\"https:\/\/panelsandwich.org\/wp-content\/uploads\/2020\/04\/cms_FACHADA-VISTA_colores.JPG 825w, https:\/\/panelsandwich.org\/wp-content\/uploads\/2020\/04\/cms_FACHADA-VISTA_colores-100x100.jpg 100w, https:\/\/panelsandwich.org\/wp-content\/uploads\/2020\/04\/cms_FACHADA-VISTA_colores-300x300.jpg 300w, https:\/\/panelsandwich.org\/wp-content\/uploads\/2020\/04\/cms_FACHADA-VISTA_colores-150x150.jpg 150w, https:\/\/panelsandwich.org\/wp-content\/uploads\/2020\/04\/cms_FACHADA-VISTA_colores-768x767.jpg 768w, https:\/\/panelsandwich.org\/wp-content\/uploads\/2020\/04\/cms_FACHADA-VISTA_colores-600x599.jpg 600w\" sizes=\"(max-width: 825px) 100vw, 825px\" \/><\/p>\n<\/div>\n\t\t\t\t\t\t\t\t\t<div class=\"elementor-tab-title elementor-tab-mobile-title\" aria-selected=\"false\" data-tab=\"4\" role=\"tab\" tabindex=\"-1\" aria-controls=\"elementor-tab-content-2074\" aria-expanded=\"false\">Fiches techniques \/ T\u00e9l\u00e9chargements<\/div>\n\t\t\t\t\t<div id=\"elementor-tab-content-2074\" class=\"elementor-tab-content elementor-clearfix\" data-tab=\"4\" role=\"tabpanel\" aria-labelledby=\"elementor-tab-title-2074\" tabindex=\"0\" hidden=\"hidden\"><p><a href=\"https:\/\/panelsandwich.org\/wp-content\/uploads\/2023\/11\/PanelSandwich-Fachada-Visto-Ficha-Tecnica.pdf\"><button style=\"background-color: #ffa300; border-color: black; color: white;\" spellcheck=\"false\" data-lt-tmp-id=\"lt-827558\" data-gramm=\"false\">T\u00e9l\u00e9charger la fiche technique<\/button><\/a><\/p>\n<\/div>\n\t\t\t\t\t\t\t<\/div>\n\t\t<\/div>\n\t\t\t\t\t\t<\/div>\n\t\t\t\t<\/div>\n\t\t\t\t\t<\/div>\n\t\t<\/div>\n\t\t\t\t\t<\/div>\n\t\t<\/section>\n\t\t\t\t<\/div>\n\t\t","protected":false},"excerpt":{"rendered":"<p>PFS4BM-Fa\u00e7ade en panneaux sandwich imitation bois Fixations \u00e0 vis<\/p>\n<p style=\"text-align: center;\"><strong><span style=\"font-size: medium;\"><a class=\"w-100 btn btn-danger btn-lg\" href=\"https:\/\/panelsandwich.org\/contactenos\">DEMANDE DE PRIX ET D&rsquo;INFORMATIONS TECHNIQUES  <i class=\"caret-right\"><\/i><\/a><\/span><\/strong><\/p>\n","protected":false},"featured_media":33125,"comment_status":"open","ping_status":"closed","template":"","meta":[],"product_brand":[],"product_cat":[3447],"product_tag":[3351,3341,3344,3354,3462,3359,3347,3360,3338,3321,3319,3334,3325,3315,3349,3357,3361,3412],"class_list":{"0":"post-52958","1":"product","2":"type-product","3":"status-publish","4":"has-post-thumbnail","6":"product_cat-facade-en-panneaux-sandwich","7":"product_tag-agropanel-fr","8":"product_tag-couverture","9":"product_tag-facade-fr","10":"product_tag-fermes","11":"product_tag-la-structure-des-puits-de-lumiere-metal","12":"product_tag-laine-de-roche","13":"product_tag-occasion-fr","14":"product_tag-panneau-de-bois","15":"product_tag-panneau-de-carrelage","16":"product_tag-panneau-de-facade","17":"product_tag-panneau-mural","18":"product_tag-panneau-sandwich","19":"product_tag-panneaux-pour-enceintes","20":"product_tag-panneaux-sandwich","21":"product_tag-prix","22":"product_tag-refrigerateur","23":"product_tag-remateria-fr","24":"product_tag-sans-boulon","25":"pa_colorexterior-imitation-bois","26":"pa_colorinterior-blanc-des-pyrenees-ral-9010","27":"pa_espesorespuma-100-mm-fr","28":"pa_espesorespuma-40-mm-fr","29":"pa_espesorespuma-50-mm-fr","30":"pa_espesorespuma-60-mm-fr","31":"pa_espesorespuma-80-mm-fr","32":"pa_tipoaislamiento-mousse-pir-b-s2-d0","33":"pa_tipoaislamiento-mousse-pir-hi-b-s1-d0","34":"pa_tipoaislamiento-mousse-pur-c-s3-d0","36":"first","37":"outofstock","38":"taxable","39":"shipping-taxable","40":"purchasable","41":"product-type-variable","42":"has-default-attributes"},"_links":{"self":[{"href":"https:\/\/panelsandwich.org\/fr\/wp-json\/wp\/v2\/product\/52958","targetHints":{"allow":["GET"]}}],"collection":[{"href":"https:\/\/panelsandwich.org\/fr\/wp-json\/wp\/v2\/product"}],"about":[{"href":"https:\/\/panelsandwich.org\/fr\/wp-json\/wp\/v2\/types\/product"}],"replies":[{"embeddable":true,"href":"https:\/\/panelsandwich.org\/fr\/wp-json\/wp\/v2\/comments?post=52958"}],"version-history":[{"count":0,"href":"https:\/\/panelsandwich.org\/fr\/wp-json\/wp\/v2\/product\/52958\/revisions"}],"wp:featuredmedia":[{"embeddable":true,"href":"https:\/\/panelsandwich.org\/fr\/wp-json\/wp\/v2\/media\/33125"}],"wp:attachment":[{"href":"https:\/\/panelsandwich.org\/fr\/wp-json\/wp\/v2\/media?parent=52958"}],"wp:term":[{"taxonomy":"product_brand","embeddable":true,"href":"https:\/\/panelsandwich.org\/fr\/wp-json\/wp\/v2\/product_brand?post=52958"},{"taxonomy":"product_cat","embeddable":true,"href":"https:\/\/panelsandwich.org\/fr\/wp-json\/wp\/v2\/product_cat?post=52958"},{"taxonomy":"product_tag","embeddable":true,"href":"https:\/\/panelsandwich.org\/fr\/wp-json\/wp\/v2\/product_tag?post=52958"}],"curies":[{"name":"wp","href":"https:\/\/api.w.org\/{rel}","templated":true}]}}