{"id":55932,"date":"2024-02-27T11:13:59","date_gmt":"2024-02-27T10:13:59","guid":{"rendered":"https:\/\/panelsandwich.org\/ligne-de-vie-pour-les-toitures\/"},"modified":"2025-11-21T08:34:34","modified_gmt":"2025-11-21T07:34:34","slug":"ligne-de-vie-pour-les-toitures","status":"publish","type":"product","link":"https:\/\/panelsandwich.org\/fr\/ligne-de-vie-pour-les-toitures\/","title":{"rendered":"Ligne de vie pour les toitures"},"content":{"rendered":"\t\t<div data-elementor-type=\"product-post\" data-elementor-id=\"55932\" class=\"elementor elementor-55932 elementor-55204\" data-elementor-post-type=\"product\">\n\t\t\t\t\t\t<section class=\"elementor-section elementor-top-section elementor-element elementor-element-4ac9b75b elementor-section-boxed elementor-section-height-default elementor-section-height-default\" data-id=\"4ac9b75b\" data-element_type=\"section\" data-e-type=\"section\" data-settings=\"{&quot;jet_parallax_layout_list&quot;:[]}\">\n\t\t\t\t\t\t<div class=\"elementor-container elementor-column-gap-default\">\n\t\t\t\t\t<div class=\"elementor-column elementor-col-100 elementor-top-column elementor-element elementor-element-7e248347\" data-id=\"7e248347\" data-element_type=\"column\" data-e-type=\"column\">\n\t\t\t<div class=\"elementor-widget-wrap elementor-element-populated\">\n\t\t\t\t\t\t<div class=\"elementor-element elementor-element-ea50274 elementor-widget elementor-widget-heading\" data-id=\"ea50274\" data-element_type=\"widget\" data-e-type=\"widget\" data-widget_type=\"heading.default\">\n\t\t\t\t<div class=\"elementor-widget-container\">\n\t\t\t\t\t<h2 class=\"elementor-heading-title elementor-size-default\"><h2>Lignes de vie - Syst\u00e8mes antichute pour les toits en panneaux sandwichs\n<\/h2><\/h2>\t\t\t\t<\/div>\n\t\t\t\t<\/div>\n\t\t\t\t<div class=\"elementor-element elementor-element-19aaf7dc elementor-widget elementor-widget-text-editor\" data-id=\"19aaf7dc\" data-element_type=\"widget\" data-e-type=\"widget\" data-widget_type=\"text-editor.default\">\n\t\t\t\t<div class=\"elementor-widget-container\">\n\t\t\t\t\t\t\t\t\t<p>Les lignes de vie propos\u00e9es par PanelSandwich.ORG assurent la circulation des travailleurs sur l&rsquo;ensemble du toit. Les supports de chaque type de toit int\u00e8grent des absorbeurs d&rsquo;\u00e9nergie pour r\u00e9duire l&rsquo;impact des lignes de vie en cas d&rsquo;urgence.  <\/p>\t\t\t\t\t\t\t\t<\/div>\n\t\t\t\t<\/div>\n\t\t\t\t<div class=\"elementor-element elementor-element-4626154 elementor-tabs-view-horizontal elementor-widget elementor-widget-tabs\" data-id=\"4626154\" data-element_type=\"widget\" data-e-type=\"widget\" data-widget_type=\"tabs.default\">\n\t\t\t\t<div class=\"elementor-widget-container\">\n\t\t\t\t\t\t\t<div class=\"elementor-tabs\">\n\t\t\t<div class=\"elementor-tabs-wrapper\" role=\"tablist\" >\n\t\t\t\t\t\t\t\t\t<div id=\"elementor-tab-title-7351\" class=\"elementor-tab-title elementor-tab-desktop-title\" aria-selected=\"true\" data-tab=\"1\" role=\"tab\" tabindex=\"0\" aria-controls=\"elementor-tab-content-7351\" aria-expanded=\"false\">Description\/ Application<\/div>\n\t\t\t\t\t\t\t\t\t<div id=\"elementor-tab-title-7352\" class=\"elementor-tab-title elementor-tab-desktop-title\" aria-selected=\"false\" data-tab=\"2\" role=\"tab\" tabindex=\"-1\" aria-controls=\"elementor-tab-content-7352\" aria-expanded=\"false\">Caract\u00e9ristiques techniques<\/div>\n\t\t\t\t\t\t\t\t\t<div id=\"elementor-tab-title-7353\" class=\"elementor-tab-title elementor-tab-desktop-title\" aria-selected=\"false\" data-tab=\"3\" role=\"tab\" tabindex=\"-1\" aria-controls=\"elementor-tab-content-7353\" aria-expanded=\"false\">Fiches techniques \/ T\u00e9l\u00e9chargements<\/div>\n\t\t\t\t\t\t\t<\/div>\n\t\t\t<div class=\"elementor-tabs-content-wrapper\" role=\"tablist\" aria-orientation=\"vertical\">\n\t\t\t\t\t\t\t\t\t<div class=\"elementor-tab-title elementor-tab-mobile-title\" aria-selected=\"true\" data-tab=\"1\" role=\"tab\" tabindex=\"0\" aria-controls=\"elementor-tab-content-7351\" aria-expanded=\"false\">Description\/ Application<\/div>\n\t\t\t\t\t<div id=\"elementor-tab-content-7351\" class=\"elementor-tab-content elementor-clearfix\" data-tab=\"1\" role=\"tabpanel\" aria-labelledby=\"elementor-tab-title-7351\" tabindex=\"0\" hidden=\"false\"><p>Les lignes de vie sont des syst\u00e8mes de s\u00e9curit\u00e9 essentiels utilis\u00e9s pour pr\u00e9venir les chutes sur les chantiers de construction, dans l&rsquo;industrie et dans les b\u00e2timents. Dans cet article, nous allons explorer les diff\u00e9rents types et composants d&rsquo;une ligne de vie fixe et les r\u00e9glementations qui r\u00e9gissent son utilisation. Nous aborderons \u00e9galement l&rsquo;installation et l&rsquo;entretien de ces syst\u00e8mes. Examinons donc de plus pr\u00e8s ce que sont les lignes de vie et pourquoi elles sont essentielles pour assurer la s\u00e9curit\u00e9 des travailleurs dans des environnements de travail sur\u00e9lev\u00e9s.<\/p>\n<p>Les lignes de vie sont essentielles en tant que syst\u00e8mes de protection contre les chutes dans divers environnements de travail tels que la construction, la maintenance et les op\u00e9rations industrielles. En comprenant parfaitement le concept, les types, les composants, les r\u00e9glementations et le r\u00f4le cl\u00e9 des entreprises sp\u00e9cialis\u00e9es, les organisations et les professionnels de l&rsquo;industrie peuvent naviguer dans le paysage complexe de la protection contre les chutes en s&rsquo;engageant fermement en faveur de la s\u00e9curit\u00e9, promouvant ainsi des environnements de travail s\u00fbrs et conformes et donnant la priorit\u00e9 au bien-\u00eatre des personnes travaillant en hauteur.<\/p>\n<\/p>\n<h3>R\u00e8glements<\/h3>\n<p>Conforme aux exigences :<br \/>&#8211; Conforme \u00e0 EN 795 : 2012, classe B. Test\u00e9 et certifi\u00e9 pour<br \/>utilisation par deux utilisateurs simultan\u00e9ment.<br \/>&#8211; Mousqueton : ANSI Z 359.12-2009<\/p>\n<\/div>\n\t\t\t\t\t\t\t\t\t<div class=\"elementor-tab-title elementor-tab-mobile-title\" aria-selected=\"false\" data-tab=\"2\" role=\"tab\" tabindex=\"-1\" aria-controls=\"elementor-tab-content-7352\" aria-expanded=\"false\">Caract\u00e9ristiques techniques<\/div>\n\t\t\t\t\t<div id=\"elementor-tab-content-7352\" class=\"elementor-tab-content elementor-clearfix\" data-tab=\"2\" role=\"tabpanel\" aria-labelledby=\"elementor-tab-title-7352\" tabindex=\"0\" hidden=\"hidden\"><ul>\n<li>Longueur : 65 pieds (20m)<\/li>\n<li>Longueur r\u00e9glable de 2 \u00e0 20 m.<\/li>\n<li>Charge de travail maximale recommand\u00e9e : 140 kg (310 lb) par heure.<\/li>\n<li>l&rsquo;utilisateur.<\/li>\n<li>Utilisation simultan\u00e9e maximale : 2 utilisateurs.<\/li>\n<li>Dimensions du sac ferm\u00e9 : 38 x 14 x 32 cm<\/li>\n<li>Tendeur \u00e0 cliquet en acier pour un r\u00e9glage unique du syst\u00e8me<\/li>\n<li>la longueur requise.<\/li>\n<li>Un mousqueton en acier \u00e0 chaque extr\u00e9mit\u00e9, verrouillage automatique et syst\u00e8me d&rsquo;ouverture par loquet quart de tour. Avec les caract\u00e9ristiques suivantes :\n<ul>\n<li>&#8211; Capacit\u00e9 de charge 5000 lb \/ 22,2 kN.<\/li>\n<li>&#8211; Capacit\u00e9 de charge lat\u00e9rale 3600 lb \/ 16 kN.<\/li>\n<li>&#8211; R\u00e9sistance minimale \u00e0 la rupture : 9000 lb.<\/li>\n<li>&#8211; Force du portillon : 3600 lb.<\/li>\n<\/ul>\n<\/li>\n<\/ul>\n<\/div>\n\t\t\t\t\t\t\t\t\t<div class=\"elementor-tab-title elementor-tab-mobile-title\" aria-selected=\"false\" data-tab=\"3\" role=\"tab\" tabindex=\"-1\" aria-controls=\"elementor-tab-content-7353\" aria-expanded=\"false\">Fiches techniques \/ T\u00e9l\u00e9chargements<\/div>\n\t\t\t\t\t<div id=\"elementor-tab-content-7353\" class=\"elementor-tab-content elementor-clearfix\" data-tab=\"3\" role=\"tabpanel\" aria-labelledby=\"elementor-tab-title-7353\" tabindex=\"0\" hidden=\"hidden\"><ul>\n<li><em><span style=\"text-decoration: underline;\"><strong>T\u00c9L\u00c9CHARGER LA FICHE TECHNIQUE<\/strong><\/span><\/em><\/li>\n<\/ul>\n<\/div>\n\t\t\t\t\t\t\t<\/div>\n\t\t<\/div>\n\t\t\t\t\t\t<\/div>\n\t\t\t\t<\/div>\n\t\t\t\t\t<\/div>\n\t\t<\/div>\n\t\t\t\t\t<\/div>\n\t\t<\/section>\n\t\t\t\t<\/div>\n\t\t","protected":false},"excerpt":{"rendered":"<p>Lignes de vie &#8211; Syst\u00e8mes antichute pour les toits en panneaux sandwichs Les lignes de vie propos\u00e9es par PanelSandwich.ORG assurent la circulation des travailleurs sur l&rsquo;ensemble du toit. Les supports de chaque type de toit int\u00e8grent des absorbeurs d&rsquo;\u00e9nergie pour r\u00e9duire l&rsquo;impact des lignes de vie en cas d&rsquo;urgence. Description\/ Application Caract\u00e9ristiques techniques Fiches techniques [&hellip;]<\/p>\n","protected":false},"featured_media":55377,"comment_status":"closed","ping_status":"closed","template":"","meta":[],"product_brand":[],"product_cat":[3582],"product_tag":[],"class_list":{"0":"post-55932","1":"product","2":"type-product","3":"status-publish","4":"has-post-thumbnail","6":"product_cat-accessoires-de-montage-des-panneaux-sandwich","8":"first","9":"instock","10":"taxable","11":"shipping-taxable","12":"product-type-simple"},"_links":{"self":[{"href":"https:\/\/panelsandwich.org\/fr\/wp-json\/wp\/v2\/product\/55932","targetHints":{"allow":["GET"]}}],"collection":[{"href":"https:\/\/panelsandwich.org\/fr\/wp-json\/wp\/v2\/product"}],"about":[{"href":"https:\/\/panelsandwich.org\/fr\/wp-json\/wp\/v2\/types\/product"}],"replies":[{"embeddable":true,"href":"https:\/\/panelsandwich.org\/fr\/wp-json\/wp\/v2\/comments?post=55932"}],"version-history":[{"count":0,"href":"https:\/\/panelsandwich.org\/fr\/wp-json\/wp\/v2\/product\/55932\/revisions"}],"wp:featuredmedia":[{"embeddable":true,"href":"https:\/\/panelsandwich.org\/fr\/wp-json\/wp\/v2\/media\/55377"}],"wp:attachment":[{"href":"https:\/\/panelsandwich.org\/fr\/wp-json\/wp\/v2\/media?parent=55932"}],"wp:term":[{"taxonomy":"product_brand","embeddable":true,"href":"https:\/\/panelsandwich.org\/fr\/wp-json\/wp\/v2\/product_brand?post=55932"},{"taxonomy":"product_cat","embeddable":true,"href":"https:\/\/panelsandwich.org\/fr\/wp-json\/wp\/v2\/product_cat?post=55932"},{"taxonomy":"product_tag","embeddable":true,"href":"https:\/\/panelsandwich.org\/fr\/wp-json\/wp\/v2\/product_tag?post=55932"}],"curies":[{"name":"wp","href":"https:\/\/api.w.org\/{rel}","templated":true}]}}