{"id":55934,"date":"2024-02-27T10:46:21","date_gmt":"2024-02-27T09:46:21","guid":{"rendered":"https:\/\/panelsandwich.org\/protection-contre-les-chutes-fenetres-de-toit\/"},"modified":"2025-11-21T12:17:56","modified_gmt":"2025-11-21T11:17:56","slug":"protection-contre-les-chutes-fenetres-de-toit","status":"publish","type":"product","link":"https:\/\/panelsandwich.org\/fr\/protection-contre-les-chutes-fenetres-de-toit\/","title":{"rendered":"Protection contre les chutes Fen\u00eatres de toit"},"content":{"rendered":"\t\t<div data-elementor-type=\"product-post\" data-elementor-id=\"55934\" class=\"elementor elementor-55934 elementor-55172\" data-elementor-post-type=\"product\">\n\t\t\t\t\t\t<section class=\"elementor-section elementor-top-section elementor-element elementor-element-7b30b5a2 elementor-section-boxed elementor-section-height-default elementor-section-height-default\" data-id=\"7b30b5a2\" data-element_type=\"section\" data-e-type=\"section\" data-settings=\"{&quot;jet_parallax_layout_list&quot;:[]}\">\n\t\t\t\t\t\t<div class=\"elementor-container elementor-column-gap-default\">\n\t\t\t\t\t<div class=\"elementor-column elementor-col-100 elementor-top-column elementor-element elementor-element-28bca4a3\" data-id=\"28bca4a3\" data-element_type=\"column\" data-e-type=\"column\">\n\t\t\t<div class=\"elementor-widget-wrap elementor-element-populated\">\n\t\t\t\t\t\t<div class=\"elementor-element elementor-element-5cc2e480 elementor-widget elementor-widget-heading\" data-id=\"5cc2e480\" data-element_type=\"widget\" data-e-type=\"widget\" data-widget_type=\"heading.default\">\n\t\t\t\t<div class=\"elementor-widget-container\">\n\t\t\t\t\t<h2 class=\"elementor-heading-title elementor-size-default\"><h2>  Syst\u00e8me d'arr\u00eat permanent des chutes pour les toits industriels\n\n<\/h2><\/h2>\t\t\t\t<\/div>\n\t\t\t\t<\/div>\n\t\t\t\t<div class=\"elementor-element elementor-element-c7c0e2b elementor-widget elementor-widget-text-editor\" data-id=\"c7c0e2b\" data-element_type=\"widget\" data-e-type=\"widget\" data-widget_type=\"text-editor.default\">\n\t\t\t\t<div class=\"elementor-widget-container\">\n\t\t\t\t\t\t\t\t\t<p>Filet \u00e0 mailles rectangulaires \u00e9lectrosoud\u00e9es, galvanis\u00e9es et plastifi\u00e9es, avec quadruple fil aux extr\u00e9mit\u00e9s longitudinales, pour usage ext\u00e9rieur.<\/p>\t\t\t\t\t\t\t\t<\/div>\n\t\t\t\t<\/div>\n\t\t\t\t<div class=\"elementor-element elementor-element-57785eb8 elementor-tabs-view-horizontal elementor-widget elementor-widget-tabs\" data-id=\"57785eb8\" data-element_type=\"widget\" data-e-type=\"widget\" data-widget_type=\"tabs.default\">\n\t\t\t\t<div class=\"elementor-widget-container\">\n\t\t\t\t\t\t\t<div class=\"elementor-tabs\">\n\t\t\t<div class=\"elementor-tabs-wrapper\" role=\"tablist\" >\n\t\t\t\t\t\t\t\t\t<div id=\"elementor-tab-title-1461\" class=\"elementor-tab-title elementor-tab-desktop-title\" aria-selected=\"true\" data-tab=\"1\" role=\"tab\" tabindex=\"0\" aria-controls=\"elementor-tab-content-1461\" aria-expanded=\"false\">Description\/ Application<\/div>\n\t\t\t\t\t\t\t\t\t<div id=\"elementor-tab-title-1462\" class=\"elementor-tab-title elementor-tab-desktop-title\" aria-selected=\"false\" data-tab=\"2\" role=\"tab\" tabindex=\"-1\" aria-controls=\"elementor-tab-content-1462\" aria-expanded=\"false\">R\u00e9seaux de mesure<\/div>\n\t\t\t\t\t\t\t\t\t<div id=\"elementor-tab-title-1463\" class=\"elementor-tab-title elementor-tab-desktop-title\" aria-selected=\"false\" data-tab=\"3\" role=\"tab\" tabindex=\"-1\" aria-controls=\"elementor-tab-content-1463\" aria-expanded=\"false\">Fiches techniques \/ T\u00e9l\u00e9chargements<\/div>\n\t\t\t\t\t\t\t<\/div>\n\t\t\t<div class=\"elementor-tabs-content-wrapper\" role=\"tablist\" aria-orientation=\"vertical\">\n\t\t\t\t\t\t\t\t\t<div class=\"elementor-tab-title elementor-tab-mobile-title\" aria-selected=\"true\" data-tab=\"1\" role=\"tab\" tabindex=\"0\" aria-controls=\"elementor-tab-content-1461\" aria-expanded=\"false\">Description\/ Application<\/div>\n\t\t\t\t\t<div id=\"elementor-tab-content-1461\" class=\"elementor-tab-content elementor-clearfix\" data-tab=\"1\" role=\"tabpanel\" aria-labelledby=\"elementor-tab-title-1461\" tabindex=\"0\" hidden=\"false\"><p>Nous disposons d&rsquo;une gamme large et compl\u00e8te de syst\u00e8mes antichute permanents et de toutes les pi\u00e8ces n\u00e9cessaires \u00e0 leur installation : une ligne de produits &#8211; certifi\u00e9s conform\u00e9ment \u00e0 la l\u00e9gislation en vigueur &#8211; destin\u00e9s \u00e0 prot\u00e9ger les travailleurs contre le risque de chute lors de l&rsquo;installation et de l&rsquo;entretien des toits des b\u00e2timents.&nbsp;<\/p>\n<p>Le syst\u00e8me d&rsquo;arr\u00eat des chutes a \u00e9t\u00e9 test\u00e9 et est conforme \u00e0 toutes les exigences techniques de s\u00e9curit\u00e9 conform\u00e9ment aux normes visant \u00e0 garantir la s\u00e9curit\u00e9 de l&rsquo;installation, de l&rsquo;\u00e9valuation, de l&rsquo;entretien et de la r\u00e9paration de l&rsquo;enveloppe du b\u00e2timent :&nbsp;<\/p>\n<\/p>\n<ul>\n<li><b>UNI EN 15057&nbsp;<\/b><\/li>\n<li><b>UNI EN 1873&nbsp;<\/b><\/li>\n<li><b>UNI EN ISO 9227&nbsp;<\/b><\/li>\n<\/ul>\n<p>Le syst\u00e8me d&rsquo;arr\u00eat des chutes se compose de :<br \/>Filet \u00e0 mailles rectangulaires galvanis\u00e9 et \u00e9lectrosoud\u00e9, avec fil de ralingue quadruple aux extr\u00e9mit\u00e9s longitudinales.<br \/>Filet \u00e0 mailles rectangulaires galvanis\u00e9 et \u00e9lectrosoud\u00e9, galvanis\u00e9 et plastifi\u00e9 (jaune), avec fil de ralingue quadruple aux extr\u00e9mit\u00e9s longitudinales. Con\u00e7u pour \u00eatre utilis\u00e9 \u00e9galement dans les zones C-5 et pour \u00eatre plac\u00e9 au-dessus et au-dessous des points lumineux.<\/p>\n<ul>\n<li>Ancrage et fixation des parties du filet.  <\/li>\n<\/ul>\n<p><\/p>\n<p>Le filet antichute est<br \/>\ncon\u00e7u pour prot\u00e9ger les points lumineux horizontaux<br \/>\ndans l&rsquo;environnement industriel et peut \u00eatre plac\u00e9 sur<br \/>\nl&rsquo;auvent sous le bardage. Outre la facilit\u00e9 d&rsquo;installation de<br \/>\n, le quadruple filetage du bord<br \/>\naugmente la capacit\u00e9 de r\u00e9sistance.<br \/>\nGr\u00e2ce \u00e0 son rev\u00eatement sp\u00e9cial, il est parfait pour prot\u00e9ger<br \/>\nles points lumineux horizontaux dans les environnements industriels<br \/>\net peut \u00eatre install\u00e9 aussi bien au-dessus qu&rsquo;au-dessous de<br \/>\npoints lumineux, ainsi que dans les environnements ext\u00e9rieurs<br \/>\nclass\u00e9s C-5 en raison de leur corrosivit\u00e9.<\/p>\n<\/div>\n\t\t\t\t\t\t\t\t\t<div class=\"elementor-tab-title elementor-tab-mobile-title\" aria-selected=\"false\" data-tab=\"2\" role=\"tab\" tabindex=\"-1\" aria-controls=\"elementor-tab-content-1462\" aria-expanded=\"false\">R\u00e9seaux de mesure<\/div>\n\t\t\t\t\t<div id=\"elementor-tab-content-1462\" class=\"elementor-tab-content elementor-clearfix\" data-tab=\"2\" role=\"tabpanel\" aria-labelledby=\"elementor-tab-title-1462\" tabindex=\"0\" hidden=\"hidden\"><p><img fetchpriority=\"high\" decoding=\"async\" class=\"alignnone wp-image-55193 size-full\" src=\"https:\/\/panelsandwich.org\/wp-content\/uploads\/2024\/02\/tamanos-de-malla-para-traslucidos.png.webp\" alt=\"filename\" width=\"515\" height=\"743\" title=\"% %count(title)\" srcset=\"https:\/\/panelsandwich.org\/wp-content\/uploads\/2024\/02\/tamanos-de-malla-para-traslucidos.png.webp 515w, https:\/\/panelsandwich.org\/wp-content\/uploads\/2024\/02\/tamanos-de-malla-para-traslucidos.png-208x300.webp 208w\" sizes=\"(max-width: 515px) 100vw, 515px\" \/><\/p>\n<\/div>\n\t\t\t\t\t\t\t\t\t<div class=\"elementor-tab-title elementor-tab-mobile-title\" aria-selected=\"false\" data-tab=\"3\" role=\"tab\" tabindex=\"-1\" aria-controls=\"elementor-tab-content-1463\" aria-expanded=\"false\">Fiches techniques \/ T\u00e9l\u00e9chargements<\/div>\n\t\t\t\t\t<div id=\"elementor-tab-content-1463\" class=\"elementor-tab-content elementor-clearfix\" data-tab=\"3\" role=\"tabpanel\" aria-labelledby=\"elementor-tab-title-1463\" tabindex=\"0\" hidden=\"hidden\"><ul>\n<li><em><span style=\"text-decoration: underline;\"><strong>T\u00c9L\u00c9CHARGER LA FICHE TECHNIQUE<\/strong><\/span><\/em><\/li>\n<\/ul>\n<\/div>\n\t\t\t\t\t\t\t<\/div>\n\t\t<\/div>\n\t\t\t\t\t\t<\/div>\n\t\t\t\t<\/div>\n\t\t\t\t\t<\/div>\n\t\t<\/div>\n\t\t\t\t\t<\/div>\n\t\t<\/section>\n\t\t\t\t<\/div>\n\t\t","protected":false},"excerpt":{"rendered":"<p>Filet \u00e0 mailles rectangulaires \u00e9lectrosoud\u00e9es, galvanis\u00e9es et plastifi\u00e9es, avec quadruple fil aux extr\u00e9mit\u00e9s longitudinales, pour usage ext\u00e9rieur.<\/p>\n","protected":false},"featured_media":55348,"comment_status":"closed","ping_status":"closed","template":"","meta":[],"product_brand":[],"product_cat":[3582],"product_tag":[],"class_list":{"0":"post-55934","1":"product","2":"type-product","3":"status-publish","4":"has-post-thumbnail","6":"product_cat-accessoires-de-montage-des-panneaux-sandwich","8":"first","9":"instock","10":"taxable","11":"shipping-taxable","12":"product-type-simple"},"_links":{"self":[{"href":"https:\/\/panelsandwich.org\/fr\/wp-json\/wp\/v2\/product\/55934","targetHints":{"allow":["GET"]}}],"collection":[{"href":"https:\/\/panelsandwich.org\/fr\/wp-json\/wp\/v2\/product"}],"about":[{"href":"https:\/\/panelsandwich.org\/fr\/wp-json\/wp\/v2\/types\/product"}],"replies":[{"embeddable":true,"href":"https:\/\/panelsandwich.org\/fr\/wp-json\/wp\/v2\/comments?post=55934"}],"version-history":[{"count":0,"href":"https:\/\/panelsandwich.org\/fr\/wp-json\/wp\/v2\/product\/55934\/revisions"}],"wp:featuredmedia":[{"embeddable":true,"href":"https:\/\/panelsandwich.org\/fr\/wp-json\/wp\/v2\/media\/55348"}],"wp:attachment":[{"href":"https:\/\/panelsandwich.org\/fr\/wp-json\/wp\/v2\/media?parent=55934"}],"wp:term":[{"taxonomy":"product_brand","embeddable":true,"href":"https:\/\/panelsandwich.org\/fr\/wp-json\/wp\/v2\/product_brand?post=55934"},{"taxonomy":"product_cat","embeddable":true,"href":"https:\/\/panelsandwich.org\/fr\/wp-json\/wp\/v2\/product_cat?post=55934"},{"taxonomy":"product_tag","embeddable":true,"href":"https:\/\/panelsandwich.org\/fr\/wp-json\/wp\/v2\/product_tag?post=55934"}],"curies":[{"name":"wp","href":"https:\/\/api.w.org\/{rel}","templated":true}]}}