{"id":67699,"date":"2024-11-22T14:24:06","date_gmt":"2024-11-22T13:24:06","guid":{"rendered":"https:\/\/panelsandwich.org\/?post_type=product&#038;p=67699"},"modified":"2024-11-25T08:25:04","modified_gmt":"2024-11-25T07:25:04","slug":"panneau-sandwich-rouge-tuile-ral-8004-copia","status":"publish","type":"product","link":"https:\/\/panelsandwich.org\/fr\/panneau-sandwich-rouge-tuile-ral-8004-copia\/","title":{"rendered":"Panneau sandwich &#8211; Marseille"},"content":{"rendered":"\t\t<div data-elementor-type=\"product-post\" data-elementor-id=\"67699\" class=\"elementor elementor-67699 elementor-67642\" data-elementor-post-type=\"product\">\n\t\t\t\t\t\t<section class=\"elementor-section elementor-top-section elementor-element elementor-element-95d0fe5 elementor-section-boxed elementor-section-height-default elementor-section-height-default\" data-id=\"95d0fe5\" data-element_type=\"section\" data-e-type=\"section\" data-settings=\"{&quot;jet_parallax_layout_list&quot;:[]}\">\n\t\t\t\t\t\t<div class=\"elementor-container elementor-column-gap-default\">\n\t\t\t\t\t<div class=\"elementor-column elementor-col-100 elementor-top-column elementor-element elementor-element-3e48f8c8\" data-id=\"3e48f8c8\" data-element_type=\"column\" data-e-type=\"column\">\n\t\t\t<div class=\"elementor-widget-wrap elementor-element-populated\">\n\t\t\t\t\t\t<div class=\"elementor-element elementor-element-6e713bb5 elementor-widget elementor-widget-heading\" data-id=\"6e713bb5\" data-element_type=\"widget\" data-e-type=\"widget\" data-widget_type=\"heading.default\">\n\t\t\t\t<div class=\"elementor-widget-container\">\n\t\t\t\t\t<h2 class=\"elementor-heading-title elementor-size-default\"><h2>Panneau sandwich - Marseille\n<\/h2><\/h2>\t\t\t\t<\/div>\n\t\t\t\t<\/div>\n\t\t\t\t<div class=\"elementor-element elementor-element-100660f8 elementor-widget elementor-widget-text-editor\" data-id=\"100660f8\" data-element_type=\"widget\" data-e-type=\"widget\" data-widget_type=\"text-editor.default\">\n\t\t\t\t<div class=\"elementor-widget-container\">\n\t\t\t\t\t\t\t\t\t<p>Le <strong>panneau sandwich tuile Marsella<\/strong> est la solution id\u00e9ale pour ceux qui souhaitent combiner l&rsquo;esth\u00e9tique traditionnelle avec la technologie moderne. Ce panneau imite parfaitement l&rsquo;aspect de la tuile classique, offrant une finition \u00e9l\u00e9gante et rustique, mais avec tous les avantages du panneau sandwich : excellente isolation thermique, facilit\u00e9 d&rsquo;installation et r\u00e9sistance maximale. Parfait pour les toits des maisons, les porches ou les pergolas, le panneau de tuiles Marsella est l\u00e9ger, durable et garantit une protection contre les fuites et les changements climatiques. La tradition n&rsquo;a jamais \u00e9t\u00e9 aussi efficace !   <\/p>\n\t\t\t\t\t\t\t\t<\/div>\n\t\t\t\t<\/div>\n\t\t\t\t<div class=\"elementor-element elementor-element-3b65599a elementor-tabs-view-horizontal elementor-widget elementor-widget-tabs\" data-id=\"3b65599a\" data-element_type=\"widget\" data-e-type=\"widget\" data-widget_type=\"tabs.default\">\n\t\t\t\t<div class=\"elementor-widget-container\">\n\t\t\t\t\t\t\t<div class=\"elementor-tabs\">\n\t\t\t<div class=\"elementor-tabs-wrapper\" role=\"tablist\" >\n\t\t\t\t\t\t\t\t\t<div id=\"elementor-tab-title-9961\" class=\"elementor-tab-title elementor-tab-desktop-title\" aria-selected=\"true\" data-tab=\"1\" role=\"tab\" tabindex=\"0\" aria-controls=\"elementor-tab-content-9961\" aria-expanded=\"false\">Description\/ Application<\/div>\n\t\t\t\t\t\t\t\t\t<div id=\"elementor-tab-title-9962\" class=\"elementor-tab-title elementor-tab-desktop-title\" aria-selected=\"false\" data-tab=\"2\" role=\"tab\" tabindex=\"-1\" aria-controls=\"elementor-tab-content-9962\" aria-expanded=\"false\">Tableau des charges<\/div>\n\t\t\t\t\t\t\t\t\t<div id=\"elementor-tab-title-9963\" class=\"elementor-tab-title elementor-tab-desktop-title\" aria-selected=\"false\" data-tab=\"3\" role=\"tab\" tabindex=\"-1\" aria-controls=\"elementor-tab-content-9963\" aria-expanded=\"false\">Couleurs disponibles<\/div>\n\t\t\t\t\t\t\t\t\t<div id=\"elementor-tab-title-9964\" class=\"elementor-tab-title elementor-tab-desktop-title\" aria-selected=\"false\" data-tab=\"4\" role=\"tab\" tabindex=\"-1\" aria-controls=\"elementor-tab-content-9964\" aria-expanded=\"false\">Fiches techniques \/ T\u00e9l\u00e9chargements<\/div>\n\t\t\t\t\t\t\t<\/div>\n\t\t\t<div class=\"elementor-tabs-content-wrapper\" role=\"tablist\" aria-orientation=\"vertical\">\n\t\t\t\t\t\t\t\t\t<div class=\"elementor-tab-title elementor-tab-mobile-title\" aria-selected=\"true\" data-tab=\"1\" role=\"tab\" tabindex=\"0\" aria-controls=\"elementor-tab-content-9961\" aria-expanded=\"false\">Description\/ Application<\/div>\n\t\t\t\t\t<div id=\"elementor-tab-content-9961\" class=\"elementor-tab-content elementor-clearfix\" data-tab=\"1\" role=\"tabpanel\" aria-labelledby=\"elementor-tab-title-9961\" tabindex=\"0\" hidden=\"false\"><h3><strong>Application :<\/strong><\/h3>\n<p>Enveloppes des b\u00e2timents.<\/p>\n<h3><strong>Type de joint et de vis :<\/strong><\/h3>\n<p>Type de joint : Type d&#8217;embo\u00eetement. La vis est visible.<\/p>\n<p>Vis : Vis<span style=\"color: var( --e-global-color-text ); font-family: var( --e-global-typography-text-font-family ), Sans-serif; font-weight: var( --e-global-typography-text-font-weight ); font-size: 1rem;\">avec rondelle en caoutchouc<\/span>.<\/p>\n<h3><strong><img fetchpriority=\"high\" decoding=\"async\" class=\"alignnone size-medium wp-image-67845\" src=\"https:\/\/panelsandwich.org\/wp-content\/uploads\/2024\/11\/Captura-300x295.jpg\" alt=\"filename\" width=\"300\" height=\"295\" title=\"% %count(title)\" srcset=\"https:\/\/panelsandwich.org\/wp-content\/uploads\/2024\/11\/Captura-300x295.jpg 300w, https:\/\/panelsandwich.org\/wp-content\/uploads\/2024\/11\/Captura.jpg 600w\" sizes=\"(max-width: 300px) 100vw, 300px\" \/><\/strong><\/h3>\n<\/p>\n<h3><strong>Dimensions :<\/strong><\/h3>\n<p>\u00c9paisseurs : 40-60-80 mm \u00b12 mm<\/p>\n<p>Largeur : 1000 mm \u00b12 mm<\/p>\n<p>Longueur : 2,10 &#8211; 14,00 m, par multiples de 0,35 m<\/p>\n<p>Longueur maximale recommand\u00e9e : 8,05 m<\/p>\n<p><img decoding=\"async\" class=\"alignnone wp-image-67850 size-large lazyload\" data-src=\"https:\/\/panelsandwich.org\/wp-content\/uploads\/2024\/11\/Captura-1-1024x303.jpg\" alt=\"filename\" width=\"1024\" height=\"303\" title=\"% %count(title)\" data-srcset=\"https:\/\/panelsandwich.org\/wp-content\/uploads\/2024\/11\/Captura-1-1024x303.jpg 1024w, https:\/\/panelsandwich.org\/wp-content\/uploads\/2024\/11\/Captura-1-300x89.jpg 300w, https:\/\/panelsandwich.org\/wp-content\/uploads\/2024\/11\/Captura-1-768x227.jpg 768w, https:\/\/panelsandwich.org\/wp-content\/uploads\/2024\/11\/Captura-1-1536x454.jpg 1536w, https:\/\/panelsandwich.org\/wp-content\/uploads\/2024\/11\/Captura-1.jpg 1673w\" data-sizes=\"(max-width: 1024px) 100vw, 1024px\" src=\"data:image\/svg+xml;base64,PHN2ZyB3aWR0aD0iMSIgaGVpZ2h0PSIxIiB4bWxucz0iaHR0cDovL3d3dy53My5vcmcvMjAwMC9zdmciPjwvc3ZnPg==\" style=\"--smush-placeholder-width: 1024px; --smush-placeholder-aspect-ratio: 1024\/303;\" \/>&nbsp;<\/p>\n<h3><strong>Support en m\u00e9tal :<\/strong><\/h3>\n<p>T\u00f4le d&rsquo;acier galvanis\u00e9e de qualit\u00e9 S250GD : EN 10142<\/p>\n<p>\u00c9paisseur : 0,4-0,5-0,6 mm<\/p>\n<h3><strong>Noyau isolant :<\/strong><\/h3>\n<p>Polyur\u00e9thane (PUR) | Polyisocyanurate (PIR)<\/p>\n<p>Conductivit\u00e9 thermique : PUR : 0,022 W\/mK | PIR : 0,022 W\/mK Densit\u00e9 : 40 kg\/m3 \u00b110% Densit\u00e9 : 40 kg\/m3 \u00b110% Conductivit\u00e9 thermique : PUR : 0,022 W\/mK | PIR : 0,022 W\/mK<\/p>\n<p>R\u00e9action au feu : PUR : B-s2,d0 | PIR : B-s2,d0 | PIR-HI : B-s1,d0<\/p>\n<p>R\u00e9sistance \u00e0 la traction des feuilles (adh\u00e9rence) &gt; 0,10 MPa<\/p>\n<p>R\u00e9sistance \u00e0 la compression \u00e0 10 % de d\u00e9formation &gt; 0,10 MPa<\/p>\n<h3><strong>Rev\u00eatement :<\/strong><\/h3>\n<p>Standard : peinture polyester textur\u00e9e 25 \u00b5m<\/p>\n<p>Sp\u00e9cial : Granite HDX 55 \u00b5m | PVC 180 \u00b5m textur\u00e9 couleur bois pour la surface int\u00e9rieure<\/p>\n<\/div>\n\t\t\t\t\t\t\t\t\t<div class=\"elementor-tab-title elementor-tab-mobile-title\" aria-selected=\"false\" data-tab=\"2\" role=\"tab\" tabindex=\"-1\" aria-controls=\"elementor-tab-content-9962\" aria-expanded=\"false\">Tableau des charges<\/div>\n\t\t\t\t\t<div id=\"elementor-tab-content-9962\" class=\"elementor-tab-content elementor-clearfix\" data-tab=\"2\" role=\"tabpanel\" aria-labelledby=\"elementor-tab-title-9962\" tabindex=\"0\" hidden=\"hidden\"><h2><strong style=\"color: var( --e-global-color-text ); font-family: var( --e-global-typography-text-font-family ), Sans-serif; font-size: 1rem;\"><img decoding=\"async\" class=\"size-full wp-image-30855 lazyload\" data-src=\"https:\/\/panelsandwich.org\/wp-content\/uploads\/2017\/12\/cms_TEJA_cargas1.JPG\" alt=\"filename\" width=\"100%\" title=\"% %count(title)\" data-srcset=\"https:\/\/panelsandwich.org\/wp-content\/uploads\/2017\/12\/cms_TEJA_cargas1.JPG 1376w, https:\/\/panelsandwich.org\/wp-content\/uploads\/2017\/12\/cms_TEJA_cargas1-300x135.jpg 300w, https:\/\/panelsandwich.org\/wp-content\/uploads\/2017\/12\/cms_TEJA_cargas1-1024x461.jpg 1024w, https:\/\/panelsandwich.org\/wp-content\/uploads\/2017\/12\/cms_TEJA_cargas1-768x346.jpg 768w, https:\/\/panelsandwich.org\/wp-content\/uploads\/2017\/12\/cms_TEJA_cargas1-600x270.jpg 600w\" data-sizes=\"(max-width: 1376px) 100vw, 1376px\" src=\"data:image\/svg+xml;base64,PHN2ZyB3aWR0aD0iMSIgaGVpZ2h0PSIxIiB4bWxucz0iaHR0cDovL3d3dy53My5vcmcvMjAwMC9zdmciPjwvc3ZnPg==\" style=\"--smush-placeholder-width: 1376px; --smush-placeholder-aspect-ratio: 1376\/620;\" \/><\/strong><\/h2>\n<p><strong><img decoding=\"async\" class=\"size-full wp-image-30856 lazyload\" data-src=\"https:\/\/panelsandwich.org\/wp-content\/uploads\/2017\/12\/cms_TEJA_cargas2.JPG\" alt=\"filename\" width=\"100%\" title=\"% %count(title)\" data-srcset=\"https:\/\/panelsandwich.org\/wp-content\/uploads\/2017\/12\/cms_TEJA_cargas2.JPG 1364w, https:\/\/panelsandwich.org\/wp-content\/uploads\/2017\/12\/cms_TEJA_cargas2-300x132.jpg 300w, https:\/\/panelsandwich.org\/wp-content\/uploads\/2017\/12\/cms_TEJA_cargas2-1024x450.jpg 1024w, https:\/\/panelsandwich.org\/wp-content\/uploads\/2017\/12\/cms_TEJA_cargas2-768x338.jpg 768w, https:\/\/panelsandwich.org\/wp-content\/uploads\/2017\/12\/cms_TEJA_cargas2-600x264.jpg 600w\" data-sizes=\"(max-width: 1364px) 100vw, 1364px\" src=\"data:image\/svg+xml;base64,PHN2ZyB3aWR0aD0iMSIgaGVpZ2h0PSIxIiB4bWxucz0iaHR0cDovL3d3dy53My5vcmcvMjAwMC9zdmciPjwvc3ZnPg==\" style=\"--smush-placeholder-width: 1364px; --smush-placeholder-aspect-ratio: 1364\/600;\" \/><\/strong><\/p>\n<p><strong><img decoding=\"async\" class=\"size-full wp-image-30857 lazyload\" data-src=\"https:\/\/panelsandwich.org\/wp-content\/uploads\/2017\/12\/cms_TEJA_cargas3.JPG\" alt=\"filename\" width=\"100%\" title=\"% %count(title)\" data-srcset=\"https:\/\/panelsandwich.org\/wp-content\/uploads\/2017\/12\/cms_TEJA_cargas3.JPG 1366w, https:\/\/panelsandwich.org\/wp-content\/uploads\/2017\/12\/cms_TEJA_cargas3-300x60.jpg 300w, https:\/\/panelsandwich.org\/wp-content\/uploads\/2017\/12\/cms_TEJA_cargas3-1024x205.jpg 1024w, https:\/\/panelsandwich.org\/wp-content\/uploads\/2017\/12\/cms_TEJA_cargas3-768x154.jpg 768w, https:\/\/panelsandwich.org\/wp-content\/uploads\/2017\/12\/cms_TEJA_cargas3-600x120.jpg 600w\" data-sizes=\"(max-width: 1366px) 100vw, 1366px\" src=\"data:image\/svg+xml;base64,PHN2ZyB3aWR0aD0iMSIgaGVpZ2h0PSIxIiB4bWxucz0iaHR0cDovL3d3dy53My5vcmcvMjAwMC9zdmciPjwvc3ZnPg==\" style=\"--smush-placeholder-width: 1366px; --smush-placeholder-aspect-ratio: 1366\/274;\" \/><\/strong><\/p>\n<\/div>\n\t\t\t\t\t\t\t\t\t<div class=\"elementor-tab-title elementor-tab-mobile-title\" aria-selected=\"false\" data-tab=\"3\" role=\"tab\" tabindex=\"-1\" aria-controls=\"elementor-tab-content-9963\" aria-expanded=\"false\">Couleurs disponibles<\/div>\n\t\t\t\t\t<div id=\"elementor-tab-content-9963\" class=\"elementor-tab-content elementor-clearfix\" data-tab=\"3\" role=\"tabpanel\" aria-labelledby=\"elementor-tab-title-9963\" tabindex=\"0\" hidden=\"hidden\"><h3 style=\"font-family: Roboto, sans-serif; color: #7a7a7a;\"><span style=\"font-weight: bolder;\">Gamme de couleurs<\/span><\/h3>\n<p style=\"font-size: 16px;\">Les couleurs pr\u00e9sent\u00e9es dans le catalogue correspondent le plus fid\u00e8lement possible \u00e0 nos normes. Cependant, de petits changements sont in\u00e9vitables, c&rsquo;est pourquoi nous recommandons de toujours effectuer un test de couleur sur un \u00e9chantillon r\u00e9el.<\/p>\n<p style=\"font-size: 16px;\"><img decoding=\"async\" class=\"size-full wp-image-30858 aligncenter lazyload\" data-src=\"https:\/\/panelsandwich.org\/wp-content\/uploads\/2017\/12\/cms_TEJA_colores.JPG\" alt=\"filename\" width=\"50%\" title=\"% %count(title)\" data-srcset=\"https:\/\/panelsandwich.org\/wp-content\/uploads\/2017\/12\/cms_TEJA_colores.JPG 648w, https:\/\/panelsandwich.org\/wp-content\/uploads\/2017\/12\/cms_TEJA_colores-284x300.jpg 284w, https:\/\/panelsandwich.org\/wp-content\/uploads\/2017\/12\/cms_TEJA_colores-600x633.jpg 600w\" data-sizes=\"(max-width: 648px) 100vw, 648px\" src=\"data:image\/svg+xml;base64,PHN2ZyB3aWR0aD0iMSIgaGVpZ2h0PSIxIiB4bWxucz0iaHR0cDovL3d3dy53My5vcmcvMjAwMC9zdmciPjwvc3ZnPg==\" style=\"--smush-placeholder-width: 648px; --smush-placeholder-aspect-ratio: 648\/684;\" \/><\/p>\n<\/div>\n\t\t\t\t\t\t\t\t\t<div class=\"elementor-tab-title elementor-tab-mobile-title\" aria-selected=\"false\" data-tab=\"4\" role=\"tab\" tabindex=\"-1\" aria-controls=\"elementor-tab-content-9964\" aria-expanded=\"false\">Fiches techniques \/ T\u00e9l\u00e9chargements<\/div>\n\t\t\t\t\t<div id=\"elementor-tab-content-9964\" class=\"elementor-tab-content elementor-clearfix\" data-tab=\"4\" role=\"tabpanel\" aria-labelledby=\"elementor-tab-title-9964\" tabindex=\"0\" hidden=\"hidden\"><p><a href=\"https:\/\/panelsandwich.org\/wp-content\/uploads\/2024\/11\/Panel-Sandwich-Imitacion-Teja-Marsella-PanelSandwichORG.pdf\" target=\"_blank\" rel=\"noopener\"><button style=\"background-color: #ffa300; border-color: black; color: white;\" spellcheck=\"false\" data-lt-tmp-id=\"lt-827558\" data-gramm=\"false\">T\u00e9l\u00e9charger la fiche technique<\/button><\/a><\/p>\n<\/div>\n\t\t\t\t\t\t\t<\/div>\n\t\t<\/div>\n\t\t\t\t\t\t<\/div>\n\t\t\t\t<\/div>\n\t\t\t\t\t<\/div>\n\t\t<\/div>\n\t\t\t\t\t<\/div>\n\t\t<\/section>\n\t\t\t\t<\/div>\n\t\t","protected":false},"excerpt":{"rendered":"<p>Panneau Sandwich Marseille Tuile : La meilleure option de couverture<\/p>\n","protected":false},"featured_media":67740,"comment_status":"closed","ping_status":"closed","template":"","meta":[],"product_brand":[],"product_cat":[3408],"product_tag":[3409,3338,3410,3334,3412,3411],"class_list":{"0":"post-67699","1":"product","2":"type-product","3":"status-publish","4":"has-post-thumbnail","6":"product_cat-panneau-sandwich-carrele","7":"product_tag-panneau","8":"product_tag-panneau-de-carrelage","9":"product_tag-panneau-imitation-carrelage","10":"product_tag-panneau-sandwich","11":"product_tag-sans-boulon","12":"product_tag-structure-metal-fr","13":"pa_colorexterior-carrelage-ral-3009","14":"pa_colorinterior-blanc-des-pyrenees-ral-9010","15":"pa_colorinterior-glulam-fr","16":"pa_espesorespuma-3-cm-7-cm-epaisseur-moyenne-5-cm","17":"pa_espesorespuma-4-cm-8-cm-epaisseur-moyenne-6-cm","18":"pa_espesorespuma-5-cm-9-cm-epaisseur-moyenne-7-cm","19":"pa_tipoaislamiento-mousse-pir-hi-b-s1-d0","20":"pa_tipoaislamiento-mousse-pur-b-s2-d0","21":"pa_tipoaislamiento-mousse-pur-c-s3-d0","23":"first","24":"outofstock","25":"taxable","26":"shipping-taxable","27":"purchasable","28":"product-type-variable","29":"has-default-attributes"},"_links":{"self":[{"href":"https:\/\/panelsandwich.org\/fr\/wp-json\/wp\/v2\/product\/67699","targetHints":{"allow":["GET"]}}],"collection":[{"href":"https:\/\/panelsandwich.org\/fr\/wp-json\/wp\/v2\/product"}],"about":[{"href":"https:\/\/panelsandwich.org\/fr\/wp-json\/wp\/v2\/types\/product"}],"replies":[{"embeddable":true,"href":"https:\/\/panelsandwich.org\/fr\/wp-json\/wp\/v2\/comments?post=67699"}],"version-history":[{"count":0,"href":"https:\/\/panelsandwich.org\/fr\/wp-json\/wp\/v2\/product\/67699\/revisions"}],"wp:featuredmedia":[{"embeddable":true,"href":"https:\/\/panelsandwich.org\/fr\/wp-json\/wp\/v2\/media\/67740"}],"wp:attachment":[{"href":"https:\/\/panelsandwich.org\/fr\/wp-json\/wp\/v2\/media?parent=67699"}],"wp:term":[{"taxonomy":"product_brand","embeddable":true,"href":"https:\/\/panelsandwich.org\/fr\/wp-json\/wp\/v2\/product_brand?post=67699"},{"taxonomy":"product_cat","embeddable":true,"href":"https:\/\/panelsandwich.org\/fr\/wp-json\/wp\/v2\/product_cat?post=67699"},{"taxonomy":"product_tag","embeddable":true,"href":"https:\/\/panelsandwich.org\/fr\/wp-json\/wp\/v2\/product_tag?post=67699"}],"curies":[{"name":"wp","href":"https:\/\/api.w.org\/{rel}","templated":true}]}}