{"id":60334,"date":"2022-12-25T09:58:52","date_gmt":"2022-12-25T08:58:52","guid":{"rendered":"https:\/\/panelsandwich.org\/nota-legal\/"},"modified":"2024-11-26T09:51:55","modified_gmt":"2024-11-26T08:51:55","slug":"nota-legal","status":"publish","type":"page","link":"https:\/\/panelsandwich.org\/pt-pt\/nota-legal\/","title":{"rendered":"Nota legal"},"content":{"rendered":"\t\t<div data-elementor-type=\"wp-page\" data-elementor-id=\"60334\" class=\"elementor elementor-60334 elementor-1290\" data-elementor-post-type=\"page\">\n\t\t\t\t\t\t<section class=\"elementor-section elementor-top-section elementor-element elementor-element-306f71e elementor-section-boxed elementor-section-height-default elementor-section-height-default\" data-id=\"306f71e\" data-element_type=\"section\" data-e-type=\"section\" data-settings=\"{&quot;background_background&quot;:&quot;classic&quot;,&quot;jet_parallax_layout_list&quot;:[]}\">\n\t\t\t\t\t\t<div class=\"elementor-container elementor-column-gap-default\">\n\t\t\t\t\t<div class=\"elementor-column elementor-col-100 elementor-top-column elementor-element elementor-element-78e4442\" data-id=\"78e4442\" data-element_type=\"column\" data-e-type=\"column\">\n\t\t\t<div class=\"elementor-widget-wrap elementor-element-populated\">\n\t\t\t\t\t\t<div class=\"elementor-element elementor-element-7605007 elementor-widget elementor-widget-heading\" data-id=\"7605007\" data-element_type=\"widget\" data-e-type=\"widget\" data-widget_type=\"heading.default\">\n\t\t\t\t<div class=\"elementor-widget-container\">\n\t\t\t\t\t<h2 class=\"elementor-heading-title elementor-size-default\">Nota legal<\/h2>\t\t\t\t<\/div>\n\t\t\t\t<\/div>\n\t\t\t\t\t<\/div>\n\t\t<\/div>\n\t\t\t\t\t<\/div>\n\t\t<\/section>\n\t\t\t\t<section class=\"elementor-section elementor-top-section elementor-element elementor-element-6cd7ae5 elementor-section-boxed elementor-section-height-default elementor-section-height-default\" data-id=\"6cd7ae5\" data-element_type=\"section\" data-e-type=\"section\" data-settings=\"{&quot;jet_parallax_layout_list&quot;:[]}\">\n\t\t\t\t\t\t<div class=\"elementor-container elementor-column-gap-default\">\n\t\t\t\t\t<div class=\"elementor-column elementor-col-100 elementor-top-column elementor-element elementor-element-490afc2\" data-id=\"490afc2\" data-element_type=\"column\" data-e-type=\"column\">\n\t\t\t<div class=\"elementor-widget-wrap elementor-element-populated\">\n\t\t\t\t\t\t<div class=\"elementor-element elementor-element-1939a40 elementor-widget elementor-widget-text-editor\" data-id=\"1939a40\" data-element_type=\"widget\" data-e-type=\"widget\" data-widget_type=\"text-editor.default\">\n\t\t\t\t<div class=\"elementor-widget-container\">\n\t\t\t\t\t\t\t\t\t<p>\u00c9 proibida a transmiss\u00e3o, transfer\u00eancia, venda, aluguer, exposi\u00e7\u00e3o p\u00fablica deste s\u00edtio Web sem a autoriza\u00e7\u00e3o da CuatelArt SL.<\/p>\n<p><span class=\"Y2IQFc\" lang=\"es\" xml:lang=\"es\">As informa\u00e7\u00f5es apresentadas neste s\u00edtio Web servem apenas de orienta\u00e7\u00e3o. Cuatelart SL. Renuncia a qualquer responsabilidade por qualquer inexatid\u00e3o ou inefic\u00e1cia de tais informa\u00e7\u00f5es ou conselhos.<\/span><\/p>\n<p><span class=\"Y2IQFc\" lang=\"es\" xml:lang=\"es\">Cuatelart SL. Reserva-se o direito de modificar o conte\u00fado do s\u00edtio Web sem aviso pr\u00e9vio e sem limita\u00e7\u00f5es. Em caso de danos causados por v\u00edrus inform\u00e1ticos<\/span><\/p>\n<p><span class=\"Y2IQFc\" lang=\"es\" xml:lang=\"es\">Cuatelart SL. declina qualquer responsabilidade, uma vez que n\u00e3o pode garantir a 100% a aus\u00eancia de v\u00edrus e de outros elementos do s\u00edtio Web. Cuatelart SL. Disponibiliza no seu s\u00edtio Web informa\u00e7\u00f5es relacionadas com os servi\u00e7os, as actividades e os produtos que fabrica.<\/span><\/p>\n<p><span class=\"Y2IQFc\" lang=\"es\" xml:lang=\"es\">Cuatelart SL. reserva-se o direito de atualizar, modificar, eliminar informa\u00e7\u00f5es, restringir e recusar o acesso ao nosso www.panelsandwich.org.<\/span><\/p>\t\t\t\t\t\t\t\t<\/div>\n\t\t\t\t<\/div>\n\t\t\t\t<div class=\"elementor-element elementor-element-82c39fd elementor-align-center elementor-mobile-align-justify elementor-widget elementor-widget-button\" data-id=\"82c39fd\" data-element_type=\"widget\" data-e-type=\"widget\" data-widget_type=\"button.default\">\n\t\t\t\t<div class=\"elementor-widget-container\">\n\t\t\t\t\t\t\t\t\t<div class=\"elementor-button-wrapper\">\n\t\t\t\t\t<a class=\"elementor-button elementor-button-link elementor-size-sm\" href=\"https:\/\/panelsandwich.org\/pt-pt\/contacto\/\">\n\t\t\t\t\t\t<span class=\"elementor-button-content-wrapper\">\n\t\t\t\t\t\t\t\t\t<span class=\"elementor-button-text\">Contacto connosco<\/span>\n\t\t\t\t\t<\/span>\n\t\t\t\t\t<\/a>\n\t\t\t\t<\/div>\n\t\t\t\t\t\t\t\t<\/div>\n\t\t\t\t<\/div>\n\t\t\t\t\t<\/div>\n\t\t<\/div>\n\t\t\t\t\t<\/div>\n\t\t<\/section>\n\t\t\t\t<\/div>\n\t\t","protected":false},"excerpt":{"rendered":"<p>Nota legal \u00c9 proibida a transmiss\u00e3o, transfer\u00eancia, venda, aluguer, exposi\u00e7\u00e3o p\u00fablica deste s\u00edtio Web sem a autoriza\u00e7\u00e3o da CuatelArt SL. As informa\u00e7\u00f5es apresentadas neste s\u00edtio Web servem apenas de orienta\u00e7\u00e3o. Cuatelart SL. Renuncia a qualquer responsabilidade por qualquer inexatid\u00e3o ou inefic\u00e1cia de tais informa\u00e7\u00f5es ou conselhos. Cuatelart SL. Reserva-se o direito de modificar o conte\u00fado [&hellip;]<\/p>\n","protected":false},"author":5963,"featured_media":0,"parent":0,"menu_order":0,"comment_status":"closed","ping_status":"closed","template":"elementor_header_footer","meta":{"footnotes":""},"class_list":["post-60334","page","type-page","status-publish","hentry"],"_links":{"self":[{"href":"https:\/\/panelsandwich.org\/pt-pt\/wp-json\/wp\/v2\/pages\/60334","targetHints":{"allow":["GET"]}}],"collection":[{"href":"https:\/\/panelsandwich.org\/pt-pt\/wp-json\/wp\/v2\/pages"}],"about":[{"href":"https:\/\/panelsandwich.org\/pt-pt\/wp-json\/wp\/v2\/types\/page"}],"author":[{"embeddable":true,"href":"https:\/\/panelsandwich.org\/pt-pt\/wp-json\/wp\/v2\/users\/5963"}],"replies":[{"embeddable":true,"href":"https:\/\/panelsandwich.org\/pt-pt\/wp-json\/wp\/v2\/comments?post=60334"}],"version-history":[{"count":0,"href":"https:\/\/panelsandwich.org\/pt-pt\/wp-json\/wp\/v2\/pages\/60334\/revisions"}],"wp:attachment":[{"href":"https:\/\/panelsandwich.org\/pt-pt\/wp-json\/wp\/v2\/media?parent=60334"}],"curies":[{"name":"wp","href":"https:\/\/api.w.org\/{rel}","templated":true}]}}