{"id":60346,"date":"2022-12-25T10:03:11","date_gmt":"2022-12-25T09:03:11","guid":{"rendered":"https:\/\/panelsandwich.org\/termos-e-condicoes\/"},"modified":"2024-05-05T20:02:10","modified_gmt":"2024-05-05T18:02:10","slug":"termos-e-condicoes","status":"publish","type":"page","link":"https:\/\/panelsandwich.org\/pt-pt\/termos-e-condicoes\/","title":{"rendered":"Termos e condi\u00e7\u00f5es"},"content":{"rendered":"\t\t<div data-elementor-type=\"wp-page\" data-elementor-id=\"60346\" class=\"elementor elementor-60346 elementor-1299\" data-elementor-post-type=\"page\">\n\t\t\t\t\t\t<section class=\"elementor-section elementor-top-section elementor-element elementor-element-317c167 elementor-section-boxed elementor-section-height-default elementor-section-height-default\" data-id=\"317c167\" data-element_type=\"section\" data-e-type=\"section\" data-settings=\"{&quot;background_background&quot;:&quot;classic&quot;,&quot;jet_parallax_layout_list&quot;:[]}\">\n\t\t\t\t\t\t<div class=\"elementor-container elementor-column-gap-default\">\n\t\t\t\t\t<div class=\"elementor-column elementor-col-100 elementor-top-column elementor-element elementor-element-a70002e\" data-id=\"a70002e\" data-element_type=\"column\" data-e-type=\"column\">\n\t\t\t<div class=\"elementor-widget-wrap elementor-element-populated\">\n\t\t\t\t\t\t<div class=\"elementor-element elementor-element-40bd93a elementor-widget elementor-widget-heading\" data-id=\"40bd93a\" data-element_type=\"widget\" data-e-type=\"widget\" data-widget_type=\"heading.default\">\n\t\t\t\t<div class=\"elementor-widget-container\">\n\t\t\t\t\t<h1 class=\"elementor-heading-title elementor-size-default\">Termos e condi\u00e7\u00f5es de utiliza\u00e7\u00e3o - Panel Sandwich .ORG<\/h1>\t\t\t\t<\/div>\n\t\t\t\t<\/div>\n\t\t\t\t\t<\/div>\n\t\t<\/div>\n\t\t\t\t\t<\/div>\n\t\t<\/section>\n\t\t\t\t<section class=\"elementor-section elementor-top-section elementor-element elementor-element-f23d4d5 elementor-section-boxed elementor-section-height-default elementor-section-height-default\" data-id=\"f23d4d5\" data-element_type=\"section\" data-e-type=\"section\" data-settings=\"{&quot;jet_parallax_layout_list&quot;:[]}\">\n\t\t\t\t\t\t<div class=\"elementor-container elementor-column-gap-default\">\n\t\t\t\t\t<div class=\"elementor-column elementor-col-100 elementor-top-column elementor-element elementor-element-0d5c967\" data-id=\"0d5c967\" data-element_type=\"column\" data-e-type=\"column\">\n\t\t\t<div class=\"elementor-widget-wrap elementor-element-populated\">\n\t\t\t\t\t\t<div class=\"elementor-element elementor-element-0d6ec29 elementor-widget elementor-widget-heading\" data-id=\"0d6ec29\" data-element_type=\"widget\" data-e-type=\"widget\" data-widget_type=\"heading.default\">\n\t\t\t\t<div class=\"elementor-widget-container\">\n\t\t\t\t\t<h2 class=\"elementor-heading-title elementor-size-default\">Informa\u00e7\u00f5es relevantes\n<\/h2>\t\t\t\t<\/div>\n\t\t\t\t<\/div>\n\t\t\t\t<div class=\"elementor-element elementor-element-d613532 elementor-widget elementor-widget-text-editor\" data-id=\"d613532\" data-element_type=\"widget\" data-e-type=\"widget\" data-widget_type=\"text-editor.default\">\n\t\t\t\t<div class=\"elementor-widget-container\">\n\t\t\t\t\t\t\t\t\t<p style=\"font-weight: 400;\">\u00c9 um pr\u00e9-requisito para a compra dos produtos oferecidos neste s\u00edtio que leias e aceites os seguintes Termos e Condi\u00e7\u00f5es abaixo indicados. A utiliza\u00e7\u00e3o dos nossos servi\u00e7os, bem como a compra dos nossos produtos, implica que leste e aceitaste os Termos e Condi\u00e7\u00f5es de Utiliza\u00e7\u00e3o aqui contidos. Todos os produtos oferecidos pelo nosso s\u00edtio Web podem ser criados, cobrados, enviados ou apresentados por um s\u00edtio Web de terceiros e, nesse caso, estar\u00e3o sujeitos aos seus pr\u00f3prios Termos e Condi\u00e7\u00f5es. Em alguns casos, para adquirir um produto, ser\u00e1 necess\u00e1rio que o utilizador se registe, introduzindo dados pessoais fi\u00e1veis e definindo uma palavra-passe.<\/p>\n<p style=\"font-weight: 400;\">O utilizador pode escolher e alterar a palavra-passe de acesso \u00e0 administra\u00e7\u00e3o da sua conta a qualquer momento, caso se tenha registado e isso seja necess\u00e1rio para a compra de qualquer um dos nossos produtos. A Starmodul S.L. n\u00e3o assume qualquer responsabilidade no caso de entregares esta chave a terceiros.<\/p>\n<p style=\"font-weight: 400;\">Todas as compras e transac\u00e7\u00f5es efectuadas atrav\u00e9s deste site est\u00e3o sujeitas a um processo de confirma\u00e7\u00e3o e verifica\u00e7\u00e3o, que pode incluir a verifica\u00e7\u00e3o do stock e disponibilidade do produto, a valida\u00e7\u00e3o do m\u00e9todo de pagamento, a valida\u00e7\u00e3o da fatura (se existir) e o cumprimento das condi\u00e7\u00f5es exigidas pelo m\u00e9todo de pagamento selecionado. Em alguns casos, pode ser necess\u00e1rio verificar o teu e-mail.<\/p>\n<p style=\"font-weight: 400;\">Os pre\u00e7os dos produtos oferecidos nesta Loja Online s\u00e3o v\u00e1lidos apenas para compras efectuadas neste s\u00edtio Web.<\/p>\n\t\t\t\t\t\t\t\t<\/div>\n\t\t\t\t<\/div>\n\t\t\t\t\t<\/div>\n\t\t<\/div>\n\t\t\t\t\t<\/div>\n\t\t<\/section>\n\t\t\t\t<section class=\"elementor-section elementor-top-section elementor-element elementor-element-093c60a elementor-section-boxed elementor-section-height-default elementor-section-height-default\" data-id=\"093c60a\" data-element_type=\"section\" data-e-type=\"section\" data-settings=\"{&quot;jet_parallax_layout_list&quot;:[],&quot;background_background&quot;:&quot;classic&quot;}\">\n\t\t\t\t\t\t<div class=\"elementor-container elementor-column-gap-default\">\n\t\t\t\t\t<div class=\"elementor-column elementor-col-100 elementor-top-column elementor-element elementor-element-ee0b2dd\" data-id=\"ee0b2dd\" data-element_type=\"column\" data-e-type=\"column\">\n\t\t\t<div class=\"elementor-widget-wrap elementor-element-populated\">\n\t\t\t\t\t\t<div class=\"elementor-element elementor-element-4157986 elementor-widget elementor-widget-heading\" data-id=\"4157986\" data-element_type=\"widget\" data-e-type=\"widget\" data-widget_type=\"heading.default\">\n\t\t\t\t<div class=\"elementor-widget-container\">\n\t\t\t\t\t<h2 class=\"elementor-heading-title elementor-size-default\">Licen\u00e7a<\/h2>\t\t\t\t<\/div>\n\t\t\t\t<\/div>\n\t\t\t\t<div class=\"elementor-element elementor-element-7ff2154 elementor-widget elementor-widget-text-editor\" data-id=\"7ff2154\" data-element_type=\"widget\" data-e-type=\"widget\" data-widget_type=\"text-editor.default\">\n\t\t\t\t<div class=\"elementor-widget-container\">\n\t\t\t\t\t\t\t\t\t<p style=\"font-weight: 400;\">A Starmodul S.L., atrav\u00e9s do seu s\u00edtio Web, concede uma licen\u00e7a aos utilizadores para utilizarem os produtos que s\u00e3o vendidos neste s\u00edtio Web, de acordo com os Termos e Condi\u00e7\u00f5es descritos neste documento.<\/p>\n\t\t\t\t\t\t\t\t<\/div>\n\t\t\t\t<\/div>\n\t\t\t\t\t<\/div>\n\t\t<\/div>\n\t\t\t\t\t<\/div>\n\t\t<\/section>\n\t\t\t\t<section class=\"elementor-section elementor-top-section elementor-element elementor-element-24cf5ee elementor-section-boxed elementor-section-height-default elementor-section-height-default\" data-id=\"24cf5ee\" data-element_type=\"section\" data-e-type=\"section\" data-settings=\"{&quot;jet_parallax_layout_list&quot;:[]}\">\n\t\t\t\t\t\t<div class=\"elementor-container elementor-column-gap-default\">\n\t\t\t\t\t<div class=\"elementor-column elementor-col-100 elementor-top-column elementor-element elementor-element-547555a\" data-id=\"547555a\" data-element_type=\"column\" data-e-type=\"column\">\n\t\t\t<div class=\"elementor-widget-wrap elementor-element-populated\">\n\t\t\t\t\t\t<div class=\"elementor-element elementor-element-fff86d8 elementor-widget elementor-widget-heading\" data-id=\"fff86d8\" data-element_type=\"widget\" data-e-type=\"widget\" data-widget_type=\"heading.default\">\n\t\t\t\t<div class=\"elementor-widget-container\">\n\t\t\t\t\t<h2 class=\"elementor-heading-title elementor-size-default\">Utiliza\u00e7\u00e3o n\u00e3o autorizada<\/h2>\t\t\t\t<\/div>\n\t\t\t\t<\/div>\n\t\t\t\t<div class=\"elementor-element elementor-element-00c0cd2 elementor-widget elementor-widget-text-editor\" data-id=\"00c0cd2\" data-element_type=\"widget\" data-e-type=\"widget\" data-widget_type=\"text-editor.default\">\n\t\t\t\t<div class=\"elementor-widget-container\">\n\t\t\t\t\t\t\t\t\t<p style=\"font-weight: 400;\">Se aplic\u00e1vel (para a venda de software, templetes ou outro produto de design e programa\u00e7\u00e3o), n\u00e3o podes colocar um dos nossos produtos, modificado ou n\u00e3o, num CD, num s\u00edtio Web ou em qualquer outro suporte e oferec\u00ea-lo para redistribui\u00e7\u00e3o ou revenda de qualquer tipo.<\/p>\n\t\t\t\t\t\t\t\t<\/div>\n\t\t\t\t<\/div>\n\t\t\t\t\t<\/div>\n\t\t<\/div>\n\t\t\t\t\t<\/div>\n\t\t<\/section>\n\t\t\t\t<section class=\"elementor-section elementor-top-section elementor-element elementor-element-dab5026 elementor-section-boxed elementor-section-height-default elementor-section-height-default\" data-id=\"dab5026\" data-element_type=\"section\" data-e-type=\"section\" data-settings=\"{&quot;jet_parallax_layout_list&quot;:[],&quot;background_background&quot;:&quot;classic&quot;}\">\n\t\t\t\t\t\t<div class=\"elementor-container elementor-column-gap-default\">\n\t\t\t\t\t<div class=\"elementor-column elementor-col-100 elementor-top-column elementor-element elementor-element-abd5df8\" data-id=\"abd5df8\" data-element_type=\"column\" data-e-type=\"column\">\n\t\t\t<div class=\"elementor-widget-wrap elementor-element-populated\">\n\t\t\t\t\t\t<div class=\"elementor-element elementor-element-9cfae3d elementor-widget elementor-widget-heading\" data-id=\"9cfae3d\" data-element_type=\"widget\" data-e-type=\"widget\" data-widget_type=\"heading.default\">\n\t\t\t\t<div class=\"elementor-widget-container\">\n\t\t\t\t\t<h2 class=\"elementor-heading-title elementor-size-default\">Propriedade<\/h2>\t\t\t\t<\/div>\n\t\t\t\t<\/div>\n\t\t\t\t<div class=\"elementor-element elementor-element-ba5f471 elementor-widget elementor-widget-text-editor\" data-id=\"ba5f471\" data-element_type=\"widget\" data-e-type=\"widget\" data-widget_type=\"text-editor.default\">\n\t\t\t\t<div class=\"elementor-widget-container\">\n\t\t\t\t\t\t\t\t\t<p style=\"font-weight: 400;\">N\u00e3o podes reivindicar a propriedade intelectual ou propriet\u00e1ria de nenhum dos nossos produtos, modificados ou n\u00e3o modificados. Todos os produtos s\u00e3o propriedade dos respectivos fornecedores de conte\u00fados. Salvo indica\u00e7\u00e3o em contr\u00e1rio, os nossos produtos s\u00e3o fornecidos sem qualquer tipo de garantia, expressa ou impl\u00edcita. Em nenhuma circunst\u00e2ncia esta empresa ser\u00e1 respons\u00e1vel por quaisquer danos, incluindo, mas n\u00e3o se limitando a, danos directos, indirectos, especiais, acidentais ou consequenciais ou outras perdas resultantes da utiliza\u00e7\u00e3o ou incapacidade de utiliza\u00e7\u00e3o dos nossos produtos.<\/p>\n\t\t\t\t\t\t\t\t<\/div>\n\t\t\t\t<\/div>\n\t\t\t\t\t<\/div>\n\t\t<\/div>\n\t\t\t\t\t<\/div>\n\t\t<\/section>\n\t\t\t\t<section class=\"elementor-section elementor-top-section elementor-element elementor-element-941678d elementor-section-boxed elementor-section-height-default elementor-section-height-default\" data-id=\"941678d\" data-element_type=\"section\" data-e-type=\"section\" data-settings=\"{&quot;jet_parallax_layout_list&quot;:[]}\">\n\t\t\t\t\t\t<div class=\"elementor-container elementor-column-gap-default\">\n\t\t\t\t\t<div class=\"elementor-column elementor-col-100 elementor-top-column elementor-element elementor-element-41db047\" data-id=\"41db047\" data-element_type=\"column\" data-e-type=\"column\">\n\t\t\t<div class=\"elementor-widget-wrap elementor-element-populated\">\n\t\t\t\t\t\t<div class=\"elementor-element elementor-element-13c2338 elementor-widget elementor-widget-heading\" data-id=\"13c2338\" data-element_type=\"widget\" data-e-type=\"widget\" data-widget_type=\"heading.default\">\n\t\t\t\t<div class=\"elementor-widget-container\">\n\t\t\t\t\t<h2 class=\"elementor-heading-title elementor-size-default\">Pol\u00edtica de reembolso e garantia\n<\/h2>\t\t\t\t<\/div>\n\t\t\t\t<\/div>\n\t\t\t\t<div class=\"elementor-element elementor-element-021ee4a elementor-widget elementor-widget-text-editor\" data-id=\"021ee4a\" data-element_type=\"widget\" data-e-type=\"widget\" data-widget_type=\"text-editor.default\">\n\t\t\t\t<div class=\"elementor-widget-container\">\n\t\t\t\t\t\t\t\t\t<p style=\"font-weight: 400;\">No caso de produtos que s\u00e3o bens n\u00e3o tang\u00edveis irrevog\u00e1veis, n\u00e3o emitimos reembolsos ap\u00f3s o envio do produto, sendo da tua responsabilidade compreender as caracter\u00edsticas antes de comprares. L\u00ea atentamente a descri\u00e7\u00e3o antes de comprares. As excep\u00e7\u00f5es a esta regra s\u00f3 s\u00e3o feitas quando a descri\u00e7\u00e3o n\u00e3o corresponde ao produto.  <\/p>\n<p style=\"font-weight: 400;\">Alguns produtos podem ter uma garantia e a possibilidade de reembolso, mas isso ser\u00e1 especificado no momento da compra. Nestes casos, a garantia cobre apenas os defeitos de fabrico e s\u00f3 se torna efectiva se o produto for utilizado corretamente.  <\/p>\n<p style=\"font-weight: 400;\">A garantia n\u00e3o cobre avarias ou danos causados por uma utiliza\u00e7\u00e3o incorrecta. Os termos da garantia est\u00e3o associados a defeitos de fabrico e de funcionamento em condi\u00e7\u00f5es normais dos produtos e estes termos s\u00f3 ser\u00e3o efectivos se o equipamento tiver sido utilizado corretamente. Inclui:<\/p>\n<ul>\n<li style=\"font-weight: 400;\">De acordo com as especifica\u00e7\u00f5es t\u00e9cnicas indicadas para cada produto.<\/li>\n<li style=\"font-weight: 400;\">Em condi\u00e7\u00f5es ambientais, de acordo com as especifica\u00e7\u00f5es indicadas pelo fabricante.<\/li>\n<li style=\"font-weight: 400;\">Utiliza-o especificamente para a sua fun\u00e7\u00e3o de f\u00e1brica.<\/li>\n<li style=\"font-weight: 400;\">Em condi\u00e7\u00f5es de funcionamento el\u00e9trico, de acordo com as especifica\u00e7\u00f5es e toler\u00e2ncias indicadas.  <\/li>\n<\/ul>\n\t\t\t\t\t\t\t\t<\/div>\n\t\t\t\t<\/div>\n\t\t\t\t\t<\/div>\n\t\t<\/div>\n\t\t\t\t\t<\/div>\n\t\t<\/section>\n\t\t\t\t<section class=\"elementor-section elementor-top-section elementor-element elementor-element-ae70b74 elementor-section-boxed elementor-section-height-default elementor-section-height-default\" data-id=\"ae70b74\" data-element_type=\"section\" data-e-type=\"section\" data-settings=\"{&quot;jet_parallax_layout_list&quot;:[],&quot;background_background&quot;:&quot;classic&quot;}\">\n\t\t\t\t\t\t<div class=\"elementor-container elementor-column-gap-default\">\n\t\t\t\t\t<div class=\"elementor-column elementor-col-100 elementor-top-column elementor-element elementor-element-3c85037\" data-id=\"3c85037\" data-element_type=\"column\" data-e-type=\"column\">\n\t\t\t<div class=\"elementor-widget-wrap elementor-element-populated\">\n\t\t\t\t\t\t<div class=\"elementor-element elementor-element-9bc8261 elementor-widget elementor-widget-heading\" data-id=\"9bc8261\" data-element_type=\"widget\" data-e-type=\"widget\" data-widget_type=\"heading.default\">\n\t\t\t\t<div class=\"elementor-widget-container\">\n\t\t\t\t\t<h2 class=\"elementor-heading-title elementor-size-default\">Controlo antifraude<\/h2>\t\t\t\t<\/div>\n\t\t\t\t<\/div>\n\t\t\t\t<div class=\"elementor-element elementor-element-7b2b3db elementor-widget elementor-widget-text-editor\" data-id=\"7b2b3db\" data-element_type=\"widget\" data-e-type=\"widget\" data-widget_type=\"text-editor.default\">\n\t\t\t\t<div class=\"elementor-widget-container\">\n\t\t\t\t\t\t\t\t\t<p style=\"font-weight: 400;\">A compra do cliente pode ser adiada para efeitos de controlo antifraude. Tamb\u00e9m pode ser suspenso por um per\u00edodo de tempo mais longo para uma investiga\u00e7\u00e3o mais aprofundada, a fim de evitar transac\u00e7\u00f5es fraudulentas.<\/p>\n\t\t\t\t\t\t\t\t<\/div>\n\t\t\t\t<\/div>\n\t\t\t\t\t<\/div>\n\t\t<\/div>\n\t\t\t\t\t<\/div>\n\t\t<\/section>\n\t\t\t\t<section class=\"elementor-section elementor-top-section elementor-element elementor-element-40b5eb6 elementor-section-boxed elementor-section-height-default elementor-section-height-default\" data-id=\"40b5eb6\" data-element_type=\"section\" data-e-type=\"section\" data-settings=\"{&quot;jet_parallax_layout_list&quot;:[]}\">\n\t\t\t\t\t\t<div class=\"elementor-container elementor-column-gap-default\">\n\t\t\t\t\t<div class=\"elementor-column elementor-col-100 elementor-top-column elementor-element elementor-element-a949861\" data-id=\"a949861\" data-element_type=\"column\" data-e-type=\"column\">\n\t\t\t<div class=\"elementor-widget-wrap elementor-element-populated\">\n\t\t\t\t\t\t<div class=\"elementor-element elementor-element-94d166f elementor-widget elementor-widget-heading\" data-id=\"94d166f\" data-element_type=\"widget\" data-e-type=\"widget\" data-widget_type=\"heading.default\">\n\t\t\t\t<div class=\"elementor-widget-container\">\n\t\t\t\t\t<h2 class=\"elementor-heading-title elementor-size-default\">Privacidade<\/h2>\t\t\t\t<\/div>\n\t\t\t\t<\/div>\n\t\t\t\t<div class=\"elementor-element elementor-element-524c5ed elementor-widget elementor-widget-text-editor\" data-id=\"524c5ed\" data-element_type=\"widget\" data-e-type=\"widget\" data-widget_type=\"text-editor.default\">\n\t\t\t\t<div class=\"elementor-widget-container\">\n\t\t\t\t\t\t\t\t\t<p style=\"font-weight: 400;\">A Starmodul S.L. garante a seguran\u00e7a dos dados pessoais que nos envias. Os dados introduzidos pelo utilizador ou no caso de valida\u00e7\u00e3o de encomendas n\u00e3o ser\u00e3o divulgados a terceiros, exceto se tiverem de ser divulgados em cumprimento de uma ordem judicial ou de requisitos legais.<\/p>\n<p style=\"font-weight: 400;\">A subscri\u00e7\u00e3o de boletins informativos de marketing por correio eletr\u00f3nico \u00e9 volunt\u00e1ria e pode ser selecionada no momento em que crias a tua conta.<\/p>\n<p style=\"font-weight: 400;\">A Starmodul S.L. reserva-se o direito de alterar ou modificar estas condi\u00e7\u00f5es sem aviso pr\u00e9vio.<\/p>\n\t\t\t\t\t\t\t\t<\/div>\n\t\t\t\t<\/div>\n\t\t\t\t\t<\/div>\n\t\t<\/div>\n\t\t\t\t\t<\/div>\n\t\t<\/section>\n\t\t\t\t<\/div>\n\t\t","protected":false},"excerpt":{"rendered":"<p>Termos e condi\u00e7\u00f5es de utiliza\u00e7\u00e3o &#8211; Panel Sandwich .ORG Informa\u00e7\u00f5es relevantes \u00c9 um pr\u00e9-requisito para a compra dos produtos oferecidos neste s\u00edtio que leias e aceites os seguintes Termos e Condi\u00e7\u00f5es abaixo indicados. A utiliza\u00e7\u00e3o dos nossos servi\u00e7os, bem como a compra dos nossos produtos, implica que leste e aceitaste os Termos e Condi\u00e7\u00f5es de [&hellip;]<\/p>\n","protected":false},"author":5963,"featured_media":0,"parent":0,"menu_order":0,"comment_status":"closed","ping_status":"closed","template":"elementor_header_footer","meta":{"footnotes":""},"class_list":["post-60346","page","type-page","status-publish","hentry"],"_links":{"self":[{"href":"https:\/\/panelsandwich.org\/pt-pt\/wp-json\/wp\/v2\/pages\/60346","targetHints":{"allow":["GET"]}}],"collection":[{"href":"https:\/\/panelsandwich.org\/pt-pt\/wp-json\/wp\/v2\/pages"}],"about":[{"href":"https:\/\/panelsandwich.org\/pt-pt\/wp-json\/wp\/v2\/types\/page"}],"author":[{"embeddable":true,"href":"https:\/\/panelsandwich.org\/pt-pt\/wp-json\/wp\/v2\/users\/5963"}],"replies":[{"embeddable":true,"href":"https:\/\/panelsandwich.org\/pt-pt\/wp-json\/wp\/v2\/comments?post=60346"}],"version-history":[{"count":0,"href":"https:\/\/panelsandwich.org\/pt-pt\/wp-json\/wp\/v2\/pages\/60346\/revisions"}],"wp:attachment":[{"href":"https:\/\/panelsandwich.org\/pt-pt\/wp-json\/wp\/v2\/media?parent=60346"}],"curies":[{"name":"wp","href":"https:\/\/api.w.org\/{rel}","templated":true}]}}