{"id":60352,"date":"2023-11-16T17:44:23","date_gmt":"2023-11-16T16:44:23","guid":{"rendered":"https:\/\/panelsandwich.org\/montagem-de-paineis-sanduiche\/"},"modified":"2024-12-16T17:12:57","modified_gmt":"2024-12-16T16:12:57","slug":"montagem-de-paineis-sanduiche","status":"publish","type":"page","link":"https:\/\/panelsandwich.org\/pt-pt\/montagem-de-paineis-sanduiche\/","title":{"rendered":"Montagem de pain\u00e9is sandu\u00edche"},"content":{"rendered":"\t\t<div data-elementor-type=\"wp-page\" data-elementor-id=\"60352\" class=\"elementor elementor-60352 elementor-37399\" data-elementor-post-type=\"page\">\n\t\t\t\t\t\t<section class=\"elementor-section elementor-top-section elementor-element elementor-element-cea124a elementor-section-boxed elementor-section-height-default elementor-section-height-default\" data-id=\"cea124a\" data-element_type=\"section\" data-e-type=\"section\" data-settings=\"{&quot;jet_parallax_layout_list&quot;:[]}\">\n\t\t\t\t\t\t<div class=\"elementor-container elementor-column-gap-default\">\n\t\t\t\t\t<div class=\"elementor-column elementor-col-100 elementor-top-column elementor-element elementor-element-03cdf0c\" data-id=\"03cdf0c\" data-element_type=\"column\" data-e-type=\"column\">\n\t\t\t<div class=\"elementor-widget-wrap elementor-element-populated\">\n\t\t\t\t\t\t<div class=\"elementor-element elementor-element-3429267 elementor-widget elementor-widget-heading\" data-id=\"3429267\" data-element_type=\"widget\" data-e-type=\"widget\" data-widget_type=\"heading.default\">\n\t\t\t\t<div class=\"elementor-widget-container\">\n\t\t\t\t\t<h1 class=\"elementor-heading-title elementor-size-default\"><h1 style=\"font-family: Roboto, sans-serif;text-align: start\">Montagem de pain\u00e9is sandwich: um guia completo para uma instala\u00e7\u00e3o bem sucedida<span style=\"font-family: var( --e-global-typography-primary-font-family ), Sans-serif;font-size: 2.5rem;font-weight: var( --e-global-typography-primary-font-weight );text-align: center\"><\/span><\/h1><\/h1>\t\t\t\t<\/div>\n\t\t\t\t<\/div>\n\t\t\t\t<div class=\"elementor-element elementor-element-ede93a7 elementor-widget elementor-widget-text-editor\" data-id=\"ede93a7\" data-element_type=\"widget\" data-e-type=\"widget\" data-widget_type=\"text-editor.default\">\n\t\t\t\t<div class=\"elementor-widget-container\">\n\t\t\t\t\t\t\t\t\t<pre><span style=\"color: var( --e-global-color-text ); font-family: var( --e-global-typography-text-font-family ), Sans-serif; font-weight: var( --e-global-typography-text-font-weight ); font-size: 1rem;\">El montaje de panel sandwich es un proceso constructivo eficiente que permite una instalaci\u00f3n r\u00e1pida y est\u00e9tica. Este sistema se utiliza en diversas aplicaciones, desde cubiertas hasta fachadas, proporcionando un buen aislamiento t\u00e9rmico y ac\u00fastico. En este art\u00edculo se abordar\u00e1n los tipos de panel sandwich, sus ventajas, las herramientas necesarias y los pasos para una instalaci\u00f3n correcta. Tambi\u00e9n se describir\u00e1n consideraciones previas y accesorios que complementan el montaje.<\/span><\/pre>\n\t\t\t\t\t\t\t\t<\/div>\n\t\t\t\t<\/div>\n\t\t\t\t\t<\/div>\n\t\t<\/div>\n\t\t\t\t\t<\/div>\n\t\t<\/section>\n\t\t\t\t<section class=\"elementor-section elementor-top-section elementor-element elementor-element-fa37cc0 elementor-section-boxed elementor-section-height-default elementor-section-height-default\" data-id=\"fa37cc0\" data-element_type=\"section\" data-e-type=\"section\" data-settings=\"{&quot;jet_parallax_layout_list&quot;:[]}\">\n\t\t\t\t\t\t<div class=\"elementor-container elementor-column-gap-default\">\n\t\t\t\t\t<div class=\"elementor-column elementor-col-50 elementor-top-column elementor-element elementor-element-2f12bba\" data-id=\"2f12bba\" data-element_type=\"column\" data-e-type=\"column\">\n\t\t\t<div class=\"elementor-widget-wrap elementor-element-populated\">\n\t\t\t\t\t\t<div class=\"elementor-element elementor-element-edf4387 elementor-widget elementor-widget-image\" data-id=\"edf4387\" data-element_type=\"widget\" data-e-type=\"widget\" data-widget_type=\"image.default\">\n\t\t\t\t<div class=\"elementor-widget-container\">\n\t\t\t\t\t\t\t\t\t\t\t\t\t\t\t<img decoding=\"async\" data-src=\"https:\/\/panelsandwich.org\/wp-content\/uploads\/elementor\/thumbs\/WhatsApp-Image-2023-11-16-at-09.38.44-qyo5jhtm0n4z7svv4tes44gusqcztvq9gdze350wio.jpeg\" title=\"WhatsApp Image 2023-11-16 at 09.38.44\" alt=\"WhatsApp Image 2023-11-16 at 09.38.44\" src=\"data:image\/svg+xml;base64,PHN2ZyB3aWR0aD0iMSIgaGVpZ2h0PSIxIiB4bWxucz0iaHR0cDovL3d3dy53My5vcmcvMjAwMC9zdmciPjwvc3ZnPg==\" class=\"lazyload\" style=\"--smush-placeholder-width: 600px; --smush-placeholder-aspect-ratio: 600\/400;\" \/>\t\t\t\t\t\t\t\t\t\t\t\t\t\t\t<\/div>\n\t\t\t\t<\/div>\n\t\t\t\t\t<\/div>\n\t\t<\/div>\n\t\t\t\t<div class=\"elementor-column elementor-col-50 elementor-top-column elementor-element elementor-element-7648396\" data-id=\"7648396\" data-element_type=\"column\" data-e-type=\"column\">\n\t\t\t<div class=\"elementor-widget-wrap elementor-element-populated\">\n\t\t\t\t\t\t<div class=\"elementor-element elementor-element-5241c39 elementor-widget elementor-widget-heading\" data-id=\"5241c39\" data-element_type=\"widget\" data-e-type=\"widget\" data-widget_type=\"heading.default\">\n\t\t\t\t<div class=\"elementor-widget-container\">\n\t\t\t\t\t<h2 class=\"elementor-heading-title elementor-size-default\">Montagem do painel sandu\u00edche<\/h2>\t\t\t\t<\/div>\n\t\t\t\t<\/div>\n\t\t\t\t<div class=\"elementor-element elementor-element-6e0e3e9 elementor-widget elementor-widget-text-editor\" data-id=\"6e0e3e9\" data-element_type=\"widget\" data-e-type=\"widget\" data-widget_type=\"text-editor.default\">\n\t\t\t\t<div class=\"elementor-widget-container\">\n\t\t\t\t\t\t\t\t\t<p><span style=\"font-family: var( --e-global-typography-text-font-family ), Sans-serif; font-weight: var( --e-global-typography-text-font-weight ); font-size: 1rem;\">Servi\u00e7o integral de fornecimento e montagem da tua cobertura, realizamos as medi\u00e7\u00f5es correspondentes, preparamos os pain\u00e9is sandwich e os acabamentos para realizar a obra em tempo recorde.  <\/span><\/p>\n<p><span style=\"font-family: var( --e-global-typography-text-font-family ), Sans-serif; font-weight: var( --e-global-typography-text-font-weight ); font-size: 1rem;\">Temos a nossa pr\u00f3pria equipa de instaladores com mais de 10 anos de experi\u00eancia.  <\/span><\/p>\n\t\t\t\t\t\t\t\t<\/div>\n\t\t\t\t<\/div>\n\t\t\t\t<div class=\"elementor-element elementor-element-e851187 elementor-align-center elementor-widget elementor-widget-button\" data-id=\"e851187\" data-element_type=\"widget\" data-e-type=\"widget\" data-widget_type=\"button.default\">\n\t\t\t\t<div class=\"elementor-widget-container\">\n\t\t\t\t\t\t\t\t\t<div class=\"elementor-button-wrapper\">\n\t\t\t\t\t<a class=\"elementor-button elementor-button-link elementor-size-md\" href=\"https:\/\/panelsandwich.org\/pt-pt\/contacto\/\">\n\t\t\t\t\t\t<span class=\"elementor-button-content-wrapper\">\n\t\t\t\t\t\t\t\t\t<span class=\"elementor-button-text\">RECEBE A COTA\u00c7\u00c3O<\/span>\n\t\t\t\t\t<\/span>\n\t\t\t\t\t<\/a>\n\t\t\t\t<\/div>\n\t\t\t\t\t\t\t\t<\/div>\n\t\t\t\t<\/div>\n\t\t\t\t\t<\/div>\n\t\t<\/div>\n\t\t\t\t\t<\/div>\n\t\t<\/section>\n\t\t\t\t<section class=\"elementor-section elementor-top-section elementor-element elementor-element-930bfbe elementor-section-boxed elementor-section-height-default elementor-section-height-default\" data-id=\"930bfbe\" data-element_type=\"section\" data-e-type=\"section\" data-settings=\"{&quot;jet_parallax_layout_list&quot;:[]}\">\n\t\t\t\t\t\t<div class=\"elementor-container elementor-column-gap-default\">\n\t\t\t\t\t<div class=\"elementor-column elementor-col-50 elementor-top-column elementor-element elementor-element-e5d386a\" data-id=\"e5d386a\" data-element_type=\"column\" data-e-type=\"column\">\n\t\t\t<div class=\"elementor-widget-wrap elementor-element-populated\">\n\t\t\t\t\t\t<div class=\"elementor-element elementor-element-6e61441 elementor-widget elementor-widget-heading\" data-id=\"6e61441\" data-element_type=\"widget\" data-e-type=\"widget\" data-widget_type=\"heading.default\">\n\t\t\t\t<div class=\"elementor-widget-container\">\n\t\t\t\t\t<h2 class=\"elementor-heading-title elementor-size-default\">Remo\u00e7\u00e3o de amianto<\/h2>\t\t\t\t<\/div>\n\t\t\t\t<\/div>\n\t\t\t\t<div class=\"elementor-element elementor-element-44e6819 elementor-widget elementor-widget-text-editor\" data-id=\"44e6819\" data-element_type=\"widget\" data-e-type=\"widget\" data-widget_type=\"text-editor.default\">\n\t\t\t\t<div class=\"elementor-widget-container\">\n\t\t\t\t\t\t\t\t\t<p>Realizamos a remo\u00e7\u00e3o de uralite, gra\u00e7as \u00e0 nossa equipa especializada, cumprindo os regulamentos, protegida pelos EPIs e redes de seguran\u00e7a correspondentes.<\/p>\n<p><span style=\"font-family: var( --e-global-typography-text-font-family ), Sans-serif; font-weight: var( --e-global-typography-text-font-weight ); font-size: 1rem;\">Incluindo o transporte do amianto para o aterro e a sua posterior gest\u00e3o de reciclagem. Elaboramos tamb\u00e9m o plano de seguran\u00e7a que corresponde ao teu projeto.  <\/span><\/p>\n\t\t\t\t\t\t\t\t<\/div>\n\t\t\t\t<\/div>\n\t\t\t\t<div class=\"elementor-element elementor-element-5c394ce elementor-align-center elementor-widget elementor-widget-button\" data-id=\"5c394ce\" data-element_type=\"widget\" data-e-type=\"widget\" data-widget_type=\"button.default\">\n\t\t\t\t<div class=\"elementor-widget-container\">\n\t\t\t\t\t\t\t\t\t<div class=\"elementor-button-wrapper\">\n\t\t\t\t\t<a class=\"elementor-button elementor-button-link elementor-size-md\" href=\"https:\/\/panelsandwich.org\/pt-pt\/contacto\/\">\n\t\t\t\t\t\t<span class=\"elementor-button-content-wrapper\">\n\t\t\t\t\t\t\t\t\t<span class=\"elementor-button-text\">RECEBE A COTA\u00c7\u00c3O<\/span>\n\t\t\t\t\t<\/span>\n\t\t\t\t\t<\/a>\n\t\t\t\t<\/div>\n\t\t\t\t\t\t\t\t<\/div>\n\t\t\t\t<\/div>\n\t\t\t\t\t<\/div>\n\t\t<\/div>\n\t\t\t\t<div class=\"elementor-column elementor-col-50 elementor-top-column elementor-element elementor-element-343b5f0\" data-id=\"343b5f0\" data-element_type=\"column\" data-e-type=\"column\">\n\t\t\t<div class=\"elementor-widget-wrap elementor-element-populated\">\n\t\t\t\t\t\t<div class=\"elementor-element elementor-element-83ba8c4 elementor-widget elementor-widget-image\" data-id=\"83ba8c4\" data-element_type=\"widget\" data-e-type=\"widget\" data-widget_type=\"image.default\">\n\t\t\t\t<div class=\"elementor-widget-container\">\n\t\t\t\t\t\t\t\t\t\t\t\t\t\t\t<img decoding=\"async\" data-src=\"https:\/\/panelsandwich.org\/wp-content\/uploads\/elementor\/thumbs\/retirada-uralita-qyo5mbc6iqzy1oseo1ahleumycgmx6x9ucftx0uduo.jpg\" title=\"retirada uralita\" alt=\"retirada uralita\" src=\"data:image\/svg+xml;base64,PHN2ZyB3aWR0aD0iMSIgaGVpZ2h0PSIxIiB4bWxucz0iaHR0cDovL3d3dy53My5vcmcvMjAwMC9zdmciPjwvc3ZnPg==\" class=\"lazyload\" style=\"--smush-placeholder-width: 600px; --smush-placeholder-aspect-ratio: 600\/400;\" \/>\t\t\t\t\t\t\t\t\t\t\t\t\t\t\t<\/div>\n\t\t\t\t<\/div>\n\t\t\t\t\t<\/div>\n\t\t<\/div>\n\t\t\t\t\t<\/div>\n\t\t<\/section>\n\t\t\t\t<section class=\"elementor-section elementor-top-section elementor-element elementor-element-6525178 elementor-section-boxed elementor-section-height-default elementor-section-height-default\" data-id=\"6525178\" data-element_type=\"section\" data-e-type=\"section\" data-settings=\"{&quot;jet_parallax_layout_list&quot;:[]}\">\n\t\t\t\t\t\t<div class=\"elementor-container elementor-column-gap-default\">\n\t\t\t\t\t<div class=\"elementor-column elementor-col-50 elementor-top-column elementor-element elementor-element-32056e5\" data-id=\"32056e5\" data-element_type=\"column\" data-e-type=\"column\">\n\t\t\t<div class=\"elementor-widget-wrap elementor-element-populated\">\n\t\t\t\t\t\t<div class=\"elementor-element elementor-element-d280de0 elementor-widget elementor-widget-image\" data-id=\"d280de0\" data-element_type=\"widget\" data-e-type=\"widget\" data-widget_type=\"image.default\">\n\t\t\t\t<div class=\"elementor-widget-container\">\n\t\t\t\t\t\t\t\t\t\t\t\t\t\t\t<img decoding=\"async\" data-src=\"https:\/\/panelsandwich.org\/wp-content\/uploads\/elementor\/thumbs\/lineas-de-vida-qyo5mkqkf3ct9ser55crach8w76b25yl7myopsgg4g.webp\" title=\"lineas de vida\" alt=\"lineas de vida\" src=\"data:image\/svg+xml;base64,PHN2ZyB3aWR0aD0iMSIgaGVpZ2h0PSIxIiB4bWxucz0iaHR0cDovL3d3dy53My5vcmcvMjAwMC9zdmciPjwvc3ZnPg==\" class=\"lazyload\" style=\"--smush-placeholder-width: 600px; --smush-placeholder-aspect-ratio: 600\/400;\" \/>\t\t\t\t\t\t\t\t\t\t\t\t\t\t\t<\/div>\n\t\t\t\t<\/div>\n\t\t\t\t\t<\/div>\n\t\t<\/div>\n\t\t\t\t<div class=\"elementor-column elementor-col-50 elementor-top-column elementor-element elementor-element-0bebb42\" data-id=\"0bebb42\" data-element_type=\"column\" data-e-type=\"column\">\n\t\t\t<div class=\"elementor-widget-wrap elementor-element-populated\">\n\t\t\t\t\t\t<div class=\"elementor-element elementor-element-f2953f3 elementor-widget elementor-widget-heading\" data-id=\"f2953f3\" data-element_type=\"widget\" data-e-type=\"widget\" data-widget_type=\"heading.default\">\n\t\t\t\t<div class=\"elementor-widget-container\">\n\t\t\t\t\t<h2 class=\"elementor-heading-title elementor-size-default\">Montagem de linhas de vida<\/h2>\t\t\t\t<\/div>\n\t\t\t\t<\/div>\n\t\t\t\t<div class=\"elementor-element elementor-element-fcda0a0 elementor-widget elementor-widget-text-editor\" data-id=\"fcda0a0\" data-element_type=\"widget\" data-e-type=\"widget\" data-widget_type=\"text-editor.default\">\n\t\t\t\t<div class=\"elementor-widget-container\">\n\t\t\t\t\t\t\t\t\t<p>Montadores aprovados para a montagem de linhas de vida para a manuten\u00e7\u00e3o de telhados e trabalhos em altura.  <\/p>\n\t\t\t\t\t\t\t\t<\/div>\n\t\t\t\t<\/div>\n\t\t\t\t<div class=\"elementor-element elementor-element-e5052fd elementor-align-center elementor-widget elementor-widget-button\" data-id=\"e5052fd\" data-element_type=\"widget\" data-e-type=\"widget\" data-widget_type=\"button.default\">\n\t\t\t\t<div class=\"elementor-widget-container\">\n\t\t\t\t\t\t\t\t\t<div class=\"elementor-button-wrapper\">\n\t\t\t\t\t<a class=\"elementor-button elementor-button-link elementor-size-md\" href=\"https:\/\/panelsandwich.org\/pt-pt\/contacto\/\">\n\t\t\t\t\t\t<span class=\"elementor-button-content-wrapper\">\n\t\t\t\t\t\t\t\t\t<span class=\"elementor-button-text\">RECEBE A COTA\u00c7\u00c3O<\/span>\n\t\t\t\t\t<\/span>\n\t\t\t\t\t<\/a>\n\t\t\t\t<\/div>\n\t\t\t\t\t\t\t\t<\/div>\n\t\t\t\t<\/div>\n\t\t\t\t\t<\/div>\n\t\t<\/div>\n\t\t\t\t\t<\/div>\n\t\t<\/section>\n\t\t\t\t<section class=\"elementor-section elementor-top-section elementor-element elementor-element-1198403 elementor-section-boxed elementor-section-height-default elementor-section-height-default\" data-id=\"1198403\" data-element_type=\"section\" data-e-type=\"section\" data-settings=\"{&quot;jet_parallax_layout_list&quot;:[],&quot;background_background&quot;:&quot;classic&quot;}\">\n\t\t\t\t\t\t<div class=\"elementor-container elementor-column-gap-default\">\n\t\t\t\t\t<div class=\"elementor-column elementor-col-50 elementor-top-column elementor-element elementor-element-60ec5b3\" data-id=\"60ec5b3\" data-element_type=\"column\" data-e-type=\"column\">\n\t\t\t<div class=\"elementor-widget-wrap elementor-element-populated\">\n\t\t\t\t\t\t<div class=\"elementor-element elementor-element-a4c47ed elementor-widget elementor-widget-image\" data-id=\"a4c47ed\" data-element_type=\"widget\" data-e-type=\"widget\" data-widget_type=\"image.default\">\n\t\t\t\t<div class=\"elementor-widget-container\">\n\t\t\t\t\t\t\t\t\t\t\t\t\t\t\t<img decoding=\"async\" data-src=\"https:\/\/panelsandwich.org\/wp-content\/uploads\/elementor\/thumbs\/xIMG_3138-1.pagespeed.ic_.ZXKGKFthId-qyo5llyje817c7t9s8bk8396wxxq5d4iqutpyjw0io.jpg\" title=\"xIMG_3138-1.jpg.pagespeed.ic.ZXKGKFthId\" alt=\"estrutura met\u00e1lica com juntas starmodul\u00ae patenteadas\" src=\"data:image\/svg+xml;base64,PHN2ZyB3aWR0aD0iMSIgaGVpZ2h0PSIxIiB4bWxucz0iaHR0cDovL3d3dy53My5vcmcvMjAwMC9zdmciPjwvc3ZnPg==\" class=\"lazyload\" style=\"--smush-placeholder-width: 600px; --smush-placeholder-aspect-ratio: 600\/400;\" \/>\t\t\t\t\t\t\t\t\t\t\t\t\t\t\t<\/div>\n\t\t\t\t<\/div>\n\t\t\t\t\t<\/div>\n\t\t<\/div>\n\t\t\t\t<div class=\"elementor-column elementor-col-50 elementor-top-column elementor-element elementor-element-e379b20\" data-id=\"e379b20\" data-element_type=\"column\" data-e-type=\"column\">\n\t\t\t<div class=\"elementor-widget-wrap elementor-element-populated\">\n\t\t\t\t\t\t<div class=\"elementor-element elementor-element-927be62 elementor-widget elementor-widget-heading\" data-id=\"927be62\" data-element_type=\"widget\" data-e-type=\"widget\" data-widget_type=\"heading.default\">\n\t\t\t\t<div class=\"elementor-widget-container\">\n\t\t\t\t\t<h2 class=\"elementor-heading-title elementor-size-default\">Montagem de estruturas met\u00e1licas<\/h2>\t\t\t\t<\/div>\n\t\t\t\t<\/div>\n\t\t\t\t<div class=\"elementor-element elementor-element-fa8c056 elementor-widget elementor-widget-text-editor\" data-id=\"fa8c056\" data-element_type=\"widget\" data-e-type=\"widget\" data-widget_type=\"text-editor.default\">\n\t\t\t\t<div class=\"elementor-widget-container\">\n\t\t\t\t\t\t\t\t\t<p>A equipa de especialistas da Starmodul assegura que a montagem \u00e9 realizada de forma eficiente e atempada, garantindo a satisfa\u00e7\u00e3o do cliente.<\/p>\n<p>O processo de montagem das estruturas Starmodul \u00e9 simples e direto. Esta instala\u00e7\u00e3o perfeita minimiza a perturba\u00e7\u00e3o das opera\u00e7\u00f5es comerciais, reduzindo ao m\u00ednimo o tempo de inatividade.&nbsp;<\/p>\n\t\t\t\t\t\t\t\t<\/div>\n\t\t\t\t<\/div>\n\t\t\t\t<div class=\"elementor-element elementor-element-547f8d4 elementor-align-center elementor-widget elementor-widget-button\" data-id=\"547f8d4\" data-element_type=\"widget\" data-e-type=\"widget\" data-widget_type=\"button.default\">\n\t\t\t\t<div class=\"elementor-widget-container\">\n\t\t\t\t\t\t\t\t\t<div class=\"elementor-button-wrapper\">\n\t\t\t\t\t<a class=\"elementor-button elementor-button-link elementor-size-md\" href=\"https:\/\/panelsandwich.org\/pt-pt\/contacto\/\">\n\t\t\t\t\t\t<span class=\"elementor-button-content-wrapper\">\n\t\t\t\t\t\t\t\t\t<span class=\"elementor-button-text\">RECEBE A COTA\u00c7\u00c3O<\/span>\n\t\t\t\t\t<\/span>\n\t\t\t\t\t<\/a>\n\t\t\t\t<\/div>\n\t\t\t\t\t\t\t\t<\/div>\n\t\t\t\t<\/div>\n\t\t\t\t\t<\/div>\n\t\t<\/div>\n\t\t\t\t\t<\/div>\n\t\t<\/section>\n\t\t\t\t<section class=\"elementor-section elementor-top-section elementor-element elementor-element-890d223 elementor-section-boxed elementor-section-height-default elementor-section-height-default\" data-id=\"890d223\" data-element_type=\"section\" data-e-type=\"section\" data-settings=\"{&quot;jet_parallax_layout_list&quot;:[]}\">\n\t\t\t\t\t\t<div class=\"elementor-container elementor-column-gap-default\">\n\t\t\t\t\t<div class=\"elementor-column elementor-col-50 elementor-top-column elementor-element elementor-element-bd4eb85\" data-id=\"bd4eb85\" data-element_type=\"column\" data-e-type=\"column\">\n\t\t\t<div class=\"elementor-widget-wrap elementor-element-populated\">\n\t\t\t\t\t\t<div class=\"elementor-element elementor-element-718be68 elementor-widget elementor-widget-heading\" data-id=\"718be68\" data-element_type=\"widget\" data-e-type=\"widget\" data-widget_type=\"heading.default\">\n\t\t\t\t<div class=\"elementor-widget-container\">\n\t\t\t\t\t<h2 class=\"elementor-heading-title elementor-size-default\">Assembleia das Casas Industrializadas<\/h2>\t\t\t\t<\/div>\n\t\t\t\t<\/div>\n\t\t\t\t<div class=\"elementor-element elementor-element-7ef8496 elementor-widget elementor-widget-text-editor\" data-id=\"7ef8496\" data-element_type=\"widget\" data-e-type=\"widget\" data-widget_type=\"text-editor.default\">\n\t\t\t\t<div class=\"elementor-widget-container\">\n\t\t\t\t\t\t\t\t\t<p>Se estiveres pronto para explorar as infinitas possibilidades da constru\u00e7\u00e3o de casas modulares, contacta a Starmodul hoje mesmo. A nossa equipa de especialistas est\u00e1 ansiosa por discutir o teu projeto e oferecer-te solu\u00e7\u00f5es personalizadas que excedam as tuas expectativas.  <\/p>\n<p>Com os nossos processos eficientes, aten\u00e7\u00e3o aos detalhes e compromisso inabal\u00e1vel com a qualidade, estamos confiantes de que podemos tornar a casa dos teus sonhos uma realidade.  <\/p>\n\t\t\t\t\t\t\t\t<\/div>\n\t\t\t\t<\/div>\n\t\t\t\t<div class=\"elementor-element elementor-element-484d55f elementor-align-center elementor-widget elementor-widget-button\" data-id=\"484d55f\" data-element_type=\"widget\" data-e-type=\"widget\" data-widget_type=\"button.default\">\n\t\t\t\t<div class=\"elementor-widget-container\">\n\t\t\t\t\t\t\t\t\t<div class=\"elementor-button-wrapper\">\n\t\t\t\t\t<a class=\"elementor-button elementor-button-link elementor-size-md\" href=\"https:\/\/panelsandwich.org\/pt-pt\/contacto\/\">\n\t\t\t\t\t\t<span class=\"elementor-button-content-wrapper\">\n\t\t\t\t\t\t\t\t\t<span class=\"elementor-button-text\">RECEBE A COTA\u00c7\u00c3O<\/span>\n\t\t\t\t\t<\/span>\n\t\t\t\t\t<\/a>\n\t\t\t\t<\/div>\n\t\t\t\t\t\t\t\t<\/div>\n\t\t\t\t<\/div>\n\t\t\t\t\t<\/div>\n\t\t<\/div>\n\t\t\t\t<div class=\"elementor-column elementor-col-50 elementor-top-column elementor-element elementor-element-1ab5242\" data-id=\"1ab5242\" data-element_type=\"column\" data-e-type=\"column\">\n\t\t\t<div class=\"elementor-widget-wrap elementor-element-populated\">\n\t\t\t\t\t\t<div class=\"elementor-element elementor-element-ba259db elementor-widget elementor-widget-image\" data-id=\"ba259db\" data-element_type=\"widget\" data-e-type=\"widget\" data-widget_type=\"image.default\">\n\t\t\t\t<div class=\"elementor-widget-container\">\n\t\t\t\t\t\t\t\t\t\t\t\t\t\t\t<img decoding=\"async\" data-src=\"https:\/\/panelsandwich.org\/wp-content\/uploads\/elementor\/thumbs\/2021-06-09-11.52.42-rm4s2k37cw0mhydr6ufegs1dlhgrv11vsx0zgepew0.jpg\" title=\"2021-06-09-11.52.42.jpg\" alt=\"casa industrializada constru\u00edda com painel sandwich\" src=\"data:image\/svg+xml;base64,PHN2ZyB3aWR0aD0iMSIgaGVpZ2h0PSIxIiB4bWxucz0iaHR0cDovL3d3dy53My5vcmcvMjAwMC9zdmciPjwvc3ZnPg==\" class=\"lazyload\" style=\"--smush-placeholder-width: 600px; --smush-placeholder-aspect-ratio: 600\/400;\" \/>\t\t\t\t\t\t\t\t\t\t\t\t\t\t\t<\/div>\n\t\t\t\t<\/div>\n\t\t\t\t\t<\/div>\n\t\t<\/div>\n\t\t\t\t\t<\/div>\n\t\t<\/section>\n\t\t\t\t<\/div>\n\t\t","protected":false},"excerpt":{"rendered":"<p>Montagem de pain\u00e9is sandwich: um guia completo para uma instala\u00e7\u00e3o bem sucedida El montaje de panel sandwich es un proceso constructivo eficiente que permite una instalaci\u00f3n r\u00e1pida y est\u00e9tica. Este sistema se utiliza en diversas aplicaciones, desde cubiertas hasta fachadas, proporcionando un buen aislamiento t\u00e9rmico y ac\u00fastico. En este art\u00edculo se abordar\u00e1n los tipos de [&hellip;]<\/p>\n","protected":false},"author":5963,"featured_media":0,"parent":0,"menu_order":0,"comment_status":"closed","ping_status":"closed","template":"","meta":{"footnotes":""},"class_list":["post-60352","page","type-page","status-publish","hentry"],"_links":{"self":[{"href":"https:\/\/panelsandwich.org\/pt-pt\/wp-json\/wp\/v2\/pages\/60352","targetHints":{"allow":["GET"]}}],"collection":[{"href":"https:\/\/panelsandwich.org\/pt-pt\/wp-json\/wp\/v2\/pages"}],"about":[{"href":"https:\/\/panelsandwich.org\/pt-pt\/wp-json\/wp\/v2\/types\/page"}],"author":[{"embeddable":true,"href":"https:\/\/panelsandwich.org\/pt-pt\/wp-json\/wp\/v2\/users\/5963"}],"replies":[{"embeddable":true,"href":"https:\/\/panelsandwich.org\/pt-pt\/wp-json\/wp\/v2\/comments?post=60352"}],"version-history":[{"count":0,"href":"https:\/\/panelsandwich.org\/pt-pt\/wp-json\/wp\/v2\/pages\/60352\/revisions"}],"wp:attachment":[{"href":"https:\/\/panelsandwich.org\/pt-pt\/wp-json\/wp\/v2\/media?parent=60352"}],"curies":[{"name":"wp","href":"https:\/\/api.w.org\/{rel}","templated":true}]}}