{"id":60396,"date":"2022-12-25T10:40:12","date_gmt":"2022-12-25T09:40:12","guid":{"rendered":"https:\/\/panelsandwich.org\/politica-de-cookies\/"},"modified":"2024-05-05T20:02:10","modified_gmt":"2024-05-05T18:02:10","slug":"politica-de-cookies","status":"publish","type":"page","link":"https:\/\/panelsandwich.org\/pt-pt\/politica-de-cookies\/","title":{"rendered":"Pol\u00edtica de cookies"},"content":{"rendered":"\t\t<div data-elementor-type=\"wp-page\" data-elementor-id=\"60396\" class=\"elementor elementor-60396 elementor-1329\" data-elementor-post-type=\"page\">\n\t\t\t\t\t\t<section class=\"elementor-section elementor-top-section elementor-element elementor-element-317c167 elementor-section-boxed elementor-section-height-default elementor-section-height-default\" data-id=\"317c167\" data-element_type=\"section\" data-e-type=\"section\" data-settings=\"{&quot;background_background&quot;:&quot;classic&quot;,&quot;jet_parallax_layout_list&quot;:[]}\">\n\t\t\t\t\t\t<div class=\"elementor-container elementor-column-gap-default\">\n\t\t\t\t\t<div class=\"elementor-column elementor-col-100 elementor-top-column elementor-element elementor-element-a70002e\" data-id=\"a70002e\" data-element_type=\"column\" data-e-type=\"column\">\n\t\t\t<div class=\"elementor-widget-wrap elementor-element-populated\">\n\t\t\t\t\t\t<div class=\"elementor-element elementor-element-40bd93a elementor-widget elementor-widget-heading\" data-id=\"40bd93a\" data-element_type=\"widget\" data-e-type=\"widget\" data-widget_type=\"heading.default\">\n\t\t\t\t<div class=\"elementor-widget-container\">\n\t\t\t\t\t<h1 class=\"elementor-heading-title elementor-size-default\">Pol\u00edtica de cookies - Sandwich Panel. ORG<\/h1>\t\t\t\t<\/div>\n\t\t\t\t<\/div>\n\t\t\t\t\t<\/div>\n\t\t<\/div>\n\t\t\t\t\t<\/div>\n\t\t<\/section>\n\t\t\t\t<section class=\"elementor-section elementor-top-section elementor-element elementor-element-f23d4d5 elementor-section-boxed elementor-section-height-default elementor-section-height-default\" data-id=\"f23d4d5\" data-element_type=\"section\" data-e-type=\"section\" data-settings=\"{&quot;jet_parallax_layout_list&quot;:[]}\">\n\t\t\t\t\t\t<div class=\"elementor-container elementor-column-gap-default\">\n\t\t\t\t\t<div class=\"elementor-column elementor-col-100 elementor-top-column elementor-element elementor-element-0d5c967\" data-id=\"0d5c967\" data-element_type=\"column\" data-e-type=\"column\">\n\t\t\t<div class=\"elementor-widget-wrap elementor-element-populated\">\n\t\t\t\t\t\t<div class=\"elementor-element elementor-element-d613532 elementor-widget elementor-widget-text-editor\" data-id=\"d613532\" data-element_type=\"widget\" data-e-type=\"widget\" data-widget_type=\"text-editor.default\">\n\t\t\t\t<div class=\"elementor-widget-container\">\n\t\t\t\t\t\t\t\t\t<p>Este s\u00edtio Web utiliza cookies e\/ou tecnologias semelhantes que armazenam e recuperam informa\u00e7\u00f5es quando o utilizador navega. Nesta Pol\u00edtica de Cookies, explicamos o que s\u00e3o cookies, para que s\u00e3o utilizados e como pode configur\u00e1-los e\/ou desactiv\u00e1-los, se assim o desejar. Tamb\u00e9m lhe indicamos que tipos de cookies s\u00e3o utilizados, e com que finalidade, pela empresa do Grupo Sanitas respons\u00e1vel pelo s\u00edtio Web atrav\u00e9s do qual acedeu \u00e0 presente Pol\u00edtica de Cookies (o &#8220;S\u00edtio Web&#8221;), que est\u00e1 devidamente identificado no Aviso Legal contido no mesmo.  <\/p>\n<p>Convidamo-lo a ler atentamente esta Pol\u00edtica de Cookies.  <\/p>\n\t\t\t\t\t\t\t\t<\/div>\n\t\t\t\t<\/div>\n\t\t\t\t\t<\/div>\n\t\t<\/div>\n\t\t\t\t\t<\/div>\n\t\t<\/section>\n\t\t\t\t<section class=\"elementor-section elementor-top-section elementor-element elementor-element-093c60a elementor-section-boxed elementor-section-height-default elementor-section-height-default\" data-id=\"093c60a\" data-element_type=\"section\" data-e-type=\"section\" data-settings=\"{&quot;jet_parallax_layout_list&quot;:[],&quot;background_background&quot;:&quot;classic&quot;}\">\n\t\t\t\t\t\t<div class=\"elementor-container elementor-column-gap-default\">\n\t\t\t\t\t<div class=\"elementor-column elementor-col-100 elementor-top-column elementor-element elementor-element-ee0b2dd\" data-id=\"ee0b2dd\" data-element_type=\"column\" data-e-type=\"column\">\n\t\t\t<div class=\"elementor-widget-wrap elementor-element-populated\">\n\t\t\t\t\t\t<div class=\"elementor-element elementor-element-4157986 elementor-widget elementor-widget-heading\" data-id=\"4157986\" data-element_type=\"widget\" data-e-type=\"widget\" data-widget_type=\"heading.default\">\n\t\t\t\t<div class=\"elementor-widget-container\">\n\t\t\t\t\t<h2 class=\"elementor-heading-title elementor-size-default\">1) O que s\u00e3o cookies e para que s\u00e3o utilizados?  \n\n<\/h2>\t\t\t\t<\/div>\n\t\t\t\t<\/div>\n\t\t\t\t<div class=\"elementor-element elementor-element-7ff2154 elementor-widget elementor-widget-text-editor\" data-id=\"7ff2154\" data-element_type=\"widget\" data-e-type=\"widget\" data-widget_type=\"text-editor.default\">\n\t\t\t\t<div class=\"elementor-widget-container\">\n\t\t\t\t\t\t\t\t\t<p>Os cookies s\u00e3o dispositivos de armazenamento e recupera\u00e7\u00e3o de dados que s\u00e3o utilizados no seu dispositivo (por exemplo, o seu computador, tablet ou telem\u00f3vel) para armazenar informa\u00e7\u00f5es e recuperar informa\u00e7\u00f5es j\u00e1 armazenadas. Os cookies s\u00e3o utilizados para garantir a qualidade, a usabilidade e o correto funcionamento dos s\u00edtios Web, bem como para armazenar e recuperar informa\u00e7\u00f5es sobre os h\u00e1bitos de navega\u00e7\u00e3o e para personalizar o seu conte\u00fado, podendo, por vezes, ser utilizados para reconhecer o utilizador de um s\u00edtio Web.  <\/p>\n<p>Os cookies s\u00e3o, portanto, essenciais para o funcionamento da Internet e n\u00e3o representam de modo algum um risco para o seu computador ou dispositivo. Al\u00e9m disso, podem ajudar-nos a reconhecer a necessidade de melhorar partes do s\u00edtio Web e a detetar problemas de funcionamento.<\/p>\n\t\t\t\t\t\t\t\t<\/div>\n\t\t\t\t<\/div>\n\t\t\t\t\t<\/div>\n\t\t<\/div>\n\t\t\t\t\t<\/div>\n\t\t<\/section>\n\t\t\t\t<section class=\"elementor-section elementor-top-section elementor-element elementor-element-24cf5ee elementor-section-boxed elementor-section-height-default elementor-section-height-default\" data-id=\"24cf5ee\" data-element_type=\"section\" data-e-type=\"section\" data-settings=\"{&quot;jet_parallax_layout_list&quot;:[]}\">\n\t\t\t\t\t\t<div class=\"elementor-container elementor-column-gap-default\">\n\t\t\t\t\t<div class=\"elementor-column elementor-col-100 elementor-top-column elementor-element elementor-element-547555a\" data-id=\"547555a\" data-element_type=\"column\" data-e-type=\"column\">\n\t\t\t<div class=\"elementor-widget-wrap elementor-element-populated\">\n\t\t\t\t\t\t<div class=\"elementor-element elementor-element-fff86d8 elementor-widget elementor-widget-heading\" data-id=\"fff86d8\" data-element_type=\"widget\" data-e-type=\"widget\" data-widget_type=\"heading.default\">\n\t\t\t\t<div class=\"elementor-widget-container\">\n\t\t\t\t\t<h2 class=\"elementor-heading-title elementor-size-default\">2) Que tipos de cookies s\u00e3o utilizados neste s\u00edtio Web e qual \u00e9 a sua finalidade?  \n\n<\/h2>\t\t\t\t<\/div>\n\t\t\t\t<\/div>\n\t\t\t\t<div class=\"elementor-element elementor-element-00c0cd2 elementor-widget elementor-widget-text-editor\" data-id=\"00c0cd2\" data-element_type=\"widget\" data-e-type=\"widget\" data-widget_type=\"text-editor.default\">\n\t\t\t\t<div class=\"elementor-widget-container\">\n\t\t\t\t\t\t\t\t\t<p>Abaixo encontram-se informa\u00e7\u00f5es sobre os diferentes tipos de cookies que utilizamos no s\u00edtio Web.  <\/p>\n<ul>\n<li>Cookies t\u00e9cnicos: s\u00e3o aqueles que permitem a navega\u00e7\u00e3o no s\u00edtio Web e a utiliza\u00e7\u00e3o das suas diferentes funcionalidades e servi\u00e7os, por exemplo, iniciar sess\u00e3o com o seu identificador, recordar os elementos que comp\u00f5em uma encomenda, efetuar um processo de compra, gerir um pagamento e controlar as fraudes ligadas \u00e0 seguran\u00e7a do servi\u00e7o. Estes cookies s\u00e3o instalados automaticamente no seu dispositivo.  <\/li>\n<li>Cookies de prefer\u00eancia ou personaliza\u00e7\u00e3o: s\u00e3o cookies que permitem recordar informa\u00e7\u00f5es para que possa aceder ao s\u00edtio Web com caracter\u00edsticas que podem diferenciar a sua experi\u00eancia da de outros utilizadores, como, por exemplo, a apar\u00eancia ou o conte\u00fado do s\u00edtio Web ou o seu idioma (se tiver essa op\u00e7\u00e3o), que pode variar em fun\u00e7\u00e3o do tipo de navegador que utiliza.  <\/li>\n<li>Cookies de an\u00e1lise ou de medi\u00e7\u00e3o: s\u00e3o cookies que permitem o acompanhamento e a an\u00e1lise do seu comportamento no s\u00edtio Web. Estas informa\u00e7\u00f5es permitem medir e analisar a atividade do s\u00edtio Web, com o objetivo de introduzir as melhorias necess\u00e1rias no s\u00edtio Web com base na an\u00e1lise dos dados de navega\u00e7\u00e3o recolhidos.  <\/li>\n<li>Cookies de publicidade comportamental: s\u00e3o cookies que armazenam informa\u00e7\u00f5es sobre o comportamento dos utilizadores obtidas atrav\u00e9s da observa\u00e7\u00e3o cont\u00ednua dos seus h\u00e1bitos de navega\u00e7\u00e3o, o que permite desenvolver um perfil espec\u00edfico para apresentar publicidade com base no mesmo.  <\/li>\n<\/ul>\n<p>Pode consultar a lista de cookies utilizados pelo s\u00edtio Web que est\u00e1 a visitar, bem como as caracter\u00edsticas destes cookies, na sec\u00e7\u00e3o 4 da presente pol\u00edtica: &#8220;Lista de cookies&#8221;.  <\/p>\n\t\t\t\t\t\t\t\t<\/div>\n\t\t\t\t<\/div>\n\t\t\t\t\t<\/div>\n\t\t<\/div>\n\t\t\t\t\t<\/div>\n\t\t<\/section>\n\t\t\t\t<section class=\"elementor-section elementor-top-section elementor-element elementor-element-dab5026 elementor-section-boxed elementor-section-height-default elementor-section-height-default\" data-id=\"dab5026\" data-element_type=\"section\" data-e-type=\"section\" data-settings=\"{&quot;jet_parallax_layout_list&quot;:[],&quot;background_background&quot;:&quot;classic&quot;}\">\n\t\t\t\t\t\t<div class=\"elementor-container elementor-column-gap-default\">\n\t\t\t\t\t<div class=\"elementor-column elementor-col-100 elementor-top-column elementor-element elementor-element-abd5df8\" data-id=\"abd5df8\" data-element_type=\"column\" data-e-type=\"column\">\n\t\t\t<div class=\"elementor-widget-wrap elementor-element-populated\">\n\t\t\t\t\t\t<div class=\"elementor-element elementor-element-9cfae3d elementor-widget elementor-widget-heading\" data-id=\"9cfae3d\" data-element_type=\"widget\" data-e-type=\"widget\" data-widget_type=\"heading.default\">\n\t\t\t\t<div class=\"elementor-widget-container\">\n\t\t\t\t\t<h2 class=\"elementor-heading-title elementor-size-default\">3) Como \u00e9 que pode definir cookies no s\u00edtio Web?  \n<\/h2>\t\t\t\t<\/div>\n\t\t\t\t<\/div>\n\t\t\t\t<div class=\"elementor-element elementor-element-ba5f471 elementor-widget elementor-widget-text-editor\" data-id=\"ba5f471\" data-element_type=\"widget\" data-e-type=\"widget\" data-widget_type=\"text-editor.default\">\n\t\t\t\t<div class=\"elementor-widget-container\">\n\t\t\t\t\t\t\t\t\t<p><b>3.1. Defini\u00e7\u00f5es de cookies atrav\u00e9s do centro de defini\u00e7\u00f5es de cookies<\/b> <\/p>\n<p>Pode aceitar ou recusar a utiliza\u00e7\u00e3o de cookies atrav\u00e9s do centro de configura\u00e7\u00e3o de cookies que colocamos \u00e0 sua disposi\u00e7\u00e3o, ao qual pode aceder tanto atrav\u00e9s da mensagem de informa\u00e7\u00e3o b\u00e1sica sobre cookies que aparece quando visita o s\u00edtio Web pela primeira vez e quando lhe \u00e9 pedido que actualize o seu consentimento, como atrav\u00e9s da seguinte liga\u00e7\u00e3o, que o encaminhar\u00e1 para o centro de configura\u00e7\u00e3o de cookies: definir ou recusar a utiliza\u00e7\u00e3o de cookies.  <\/p>\n<p>Tenha em aten\u00e7\u00e3o que, se aceitar cookies de terceiros, deve elimin\u00e1-los, se assim o desejar, diretamente atrav\u00e9s das op\u00e7\u00f5es de gest\u00e3o de cookies do seu navegador, tal como explicado no ponto 3.2.  <\/p>\n<\/p>\n<p><b>3.2. Definir cookies atrav\u00e9s do seu browser<\/b> <\/p>\n<p>O utilizador pode permitir, bloquear ou apagar os cookies instalados no seu computador a qualquer momento atrav\u00e9s das op\u00e7\u00f5es fornecidas pelo navegador que utiliza. N\u00f3s dizemos-lhe como o fazer:  <\/p>\n<ul>\n<li>Se utilizar o Microsoft Internet Explorer: clique no bot\u00e3o Ferramentas do Internet Explorer e, em seguida, clique em Op\u00e7\u00f5es da Internet &gt; Privacidade &gt; Defini\u00e7\u00f5es &gt; OK. Para mais informa\u00e7\u00f5es, clique <a href=\"https:\/\/support.microsoft.com\/es-es\/help\/17442\/windows-internet-explorer-delete-manage-cookies\" target=\"_blank\" rel=\"noopener\">aqui<\/a> <\/li>\n<li>Se utilizar o Firefox: clique no bot\u00e3o Firefox e seleccione Op\u00e7\u00f5es &gt; Privacidade &gt; Utilizar defini\u00e7\u00f5es personalizadas para o hist\u00f3rico &gt; Marque a op\u00e7\u00e3o Aceitar cookies para ativar os cookies, desmarque-a para os desativar &gt; Escolha durante quanto tempo os cookies ser\u00e3o armazenados &gt; OK. Para mais informa\u00e7\u00f5es, clique <a href=\"https:\/\/support.mozilla.org\/es\/products\/firefox\/privacy-and-security\" target=\"_blank\" rel=\"noopener\">aqui<\/a> <\/li>\n<li>Se utiliza o Google Chrome: clique no menu Chrome na barra de ferramentas do navegador &gt; Defini\u00e7\u00f5es &gt; Mostrar op\u00e7\u00f5es avan\u00e7adas &gt; Na sec\u00e7\u00e3o &#8220;Privacidade&#8221;, clique em Defini\u00e7\u00f5es de conte\u00fado &gt; Na sec\u00e7\u00e3o &#8220;Cookies&#8221;, pode configurar os cookies. Para mais informa\u00e7\u00f5es, clique <a href=\"https:\/\/support.google.com\/chrome\/answer\/95647?hl=es\" target=\"_blank\" rel=\"noopener\">aqui<\/a> <\/li>\n<li>Se utiliza o Safari: v\u00e1 a Prefer\u00eancias e, no painel Privacidade, escolha Bloquear cookies e seleccione a op\u00e7\u00e3o que prefere entre as oferecidas pelo navegador. Para mais informa\u00e7\u00f5es, clique <a href=\"https:\/\/support.apple.com\/es-es\/guide\/safari\/sfri11471\/mac\" target=\"_blank\" rel=\"noopener\">aqui<\/a> <\/li>\n<li>Se utilizar o Opera: clique em Defini\u00e7\u00f5es &gt; Op\u00e7\u00f5es &gt; Avan\u00e7adas &gt; Cookies. Para mais informa\u00e7\u00f5es, clique <a href=\"https:\/\/help.opera.com\/en\/latest\/web-preferences\/#cookies\" target=\"_blank\" rel=\"noopener\">aqui<\/a> <\/li>\n<li>Se estiver a utilizar um iPhone ou iPad: no ecr\u00e3 inicial, seleccione Defini\u00e7\u00f5es &gt; Safari e, em seguida, escolha as suas defini\u00e7\u00f5es preferidas. Para mais informa\u00e7\u00f5es, clique <a href=\"https:\/\/support.apple.com\/es-es\/HT201265\" target=\"_blank\" rel=\"noopener\">aqui<\/a> <\/li>\n<li>Se utilizar o Android: clique em Menu &gt; Defini\u00e7\u00f5es &gt; Seguran\u00e7a e privacidade &gt; ativar ou desativar a caixa de verifica\u00e7\u00e3o &#8220;Aceitar cookies&#8221; &gt; Reinicie o navegador para que as altera\u00e7\u00f5es tenham efeito.  <\/li>\n<li>Se utilizar o Windows Phone: no Internet Explorer, clique em Mais &gt; Defini\u00e7\u00f5es. Tamb\u00e9m \u00e9 poss\u00edvel aceder \u00e0s defini\u00e7\u00f5es do Internet Explorer atrav\u00e9s de Defini\u00e7\u00f5es na lista de aplica\u00e7\u00f5es. Selecionar ou desativar a op\u00e7\u00e3o Permitir cookies.  <\/li>\n<\/ul>\n\t\t\t\t\t\t\t\t<\/div>\n\t\t\t\t<\/div>\n\t\t\t\t\t<\/div>\n\t\t<\/div>\n\t\t\t\t\t<\/div>\n\t\t<\/section>\n\t\t\t\t<section class=\"elementor-section elementor-top-section elementor-element elementor-element-941678d elementor-section-boxed elementor-section-height-default elementor-section-height-default\" data-id=\"941678d\" data-element_type=\"section\" data-e-type=\"section\" data-settings=\"{&quot;jet_parallax_layout_list&quot;:[]}\">\n\t\t\t\t\t\t<div class=\"elementor-container elementor-column-gap-default\">\n\t\t\t\t\t<div class=\"elementor-column elementor-col-100 elementor-top-column elementor-element elementor-element-41db047\" data-id=\"41db047\" data-element_type=\"column\" data-e-type=\"column\">\n\t\t\t<div class=\"elementor-widget-wrap elementor-element-populated\">\n\t\t\t\t\t\t<div class=\"elementor-element elementor-element-13c2338 elementor-widget elementor-widget-heading\" data-id=\"13c2338\" data-element_type=\"widget\" data-e-type=\"widget\" data-widget_type=\"heading.default\">\n\t\t\t\t<div class=\"elementor-widget-container\">\n\t\t\t\t\t<h2 class=\"elementor-heading-title elementor-size-default\">4. Informa\u00e7\u00f5es complementares  \n\n<\/h2>\t\t\t\t<\/div>\n\t\t\t\t<\/div>\n\t\t\t\t<div class=\"elementor-element elementor-element-021ee4a elementor-widget elementor-widget-text-editor\" data-id=\"021ee4a\" data-element_type=\"widget\" data-e-type=\"widget\" data-widget_type=\"text-editor.default\">\n\t\t\t\t<div class=\"elementor-widget-container\">\n\t\t\t\t\t\t\t\t\t<p>Pode consultar informa\u00e7\u00f5es adicionais sobre o tratamento das suas informa\u00e7\u00f5es, em particular sobre os seus direitos e a forma de os exercer, no aviso legal e na pol\u00edtica de privacidade que encontrar\u00e1 dispon\u00edveis atrav\u00e9s da liga\u00e7\u00e3o no rodap\u00e9 da p\u00e1gina do s\u00edtio Web, que o convidamos a consultar.  <\/p>\n\t\t\t\t\t\t\t\t<\/div>\n\t\t\t\t<\/div>\n\t\t\t\t\t<\/div>\n\t\t<\/div>\n\t\t\t\t\t<\/div>\n\t\t<\/section>\n\t\t\t\t<\/div>\n\t\t","protected":false},"excerpt":{"rendered":"<p>Pol\u00edtica de cookies &#8211; Sandwich Panel. ORG Este s\u00edtio Web utiliza cookies e\/ou tecnologias semelhantes que armazenam e recuperam informa\u00e7\u00f5es quando o utilizador navega. Nesta Pol\u00edtica de Cookies, explicamos o que s\u00e3o cookies, para que s\u00e3o utilizados e como pode configur\u00e1-los e\/ou desactiv\u00e1-los, se assim o desejar. Tamb\u00e9m lhe indicamos que tipos de cookies s\u00e3o [&hellip;]<\/p>\n","protected":false},"author":5963,"featured_media":0,"parent":0,"menu_order":0,"comment_status":"closed","ping_status":"closed","template":"elementor_header_footer","meta":{"footnotes":""},"class_list":["post-60396","page","type-page","status-publish","hentry"],"_links":{"self":[{"href":"https:\/\/panelsandwich.org\/pt-pt\/wp-json\/wp\/v2\/pages\/60396","targetHints":{"allow":["GET"]}}],"collection":[{"href":"https:\/\/panelsandwich.org\/pt-pt\/wp-json\/wp\/v2\/pages"}],"about":[{"href":"https:\/\/panelsandwich.org\/pt-pt\/wp-json\/wp\/v2\/types\/page"}],"author":[{"embeddable":true,"href":"https:\/\/panelsandwich.org\/pt-pt\/wp-json\/wp\/v2\/users\/5963"}],"replies":[{"embeddable":true,"href":"https:\/\/panelsandwich.org\/pt-pt\/wp-json\/wp\/v2\/comments?post=60396"}],"version-history":[{"count":0,"href":"https:\/\/panelsandwich.org\/pt-pt\/wp-json\/wp\/v2\/pages\/60396\/revisions"}],"wp:attachment":[{"href":"https:\/\/panelsandwich.org\/pt-pt\/wp-json\/wp\/v2\/media?parent=60396"}],"curies":[{"name":"wp","href":"https:\/\/api.w.org\/{rel}","templated":true}]}}