{"id":60429,"date":"2023-09-29T10:39:22","date_gmt":"2023-09-29T08:39:22","guid":{"rendered":"https:\/\/panelsandwich.org\/09-provas-de-fogo\/"},"modified":"2025-01-15T10:55:21","modified_gmt":"2025-01-15T09:55:21","slug":"09-provas-de-fogo","status":"publish","type":"page","link":"https:\/\/panelsandwich.org\/pt-pt\/09-provas-de-fogo\/","title":{"rendered":"09 &#8211; Provas de fogo"},"content":{"rendered":"\t\t<div data-elementor-type=\"wp-page\" data-elementor-id=\"60429\" class=\"elementor elementor-60429 elementor-33525\" data-elementor-post-type=\"page\">\n\t\t\t\t<div class=\"elementor-element elementor-element-4e14d08 e-flex e-con-boxed e-con e-parent\" data-id=\"4e14d08\" data-element_type=\"container\" data-e-type=\"container\" data-settings=\"{&quot;jet_parallax_layout_list&quot;:[]}\">\n\t\t\t\t\t<div class=\"e-con-inner\">\n\t\t\t\t<div class=\"elementor-element elementor-element-c768893 elementor-widget elementor-widget-text-editor\" data-id=\"c768893\" data-element_type=\"widget\" data-e-type=\"widget\" data-widget_type=\"text-editor.default\">\n\t\t\t\t<div class=\"elementor-widget-container\">\n\t\t\t\t\t\t\t\t\t<h1><strong>Rea\u00e7\u00e3o ao fogo de pain\u00e9is sandu\u00edche de acordo com as Euroclasses<\/strong><\/h1>\n<p>A norma europeia <strong>Euroclass<\/strong> avalia o desempenho ao fogo dos materiais, incluindo <strong>os pain\u00e9is sandwich<\/strong>, e a sua contribui\u00e7\u00e3o para a propaga\u00e7\u00e3o do fogo. Esta classifica\u00e7\u00e3o \u00e9 essencial para garantir a seguran\u00e7a na constru\u00e7\u00e3o e facilita a uniformidade na utiliza\u00e7\u00e3o de materiais na Uni\u00e3o Europeia. Abaixo, detalhamos como os pain\u00e9is sandu\u00edche s\u00e3o classificados de acordo com a sua resist\u00eancia ao fogo e outros crit\u00e9rios:  <\/p>\n<hr>\n<h2><strong>Contribui\u00e7\u00e3o energ\u00e9tica para o fogo (classes A1, A2, B, C, D, E e F)<\/strong><\/h2>\n<ol>\n<li><strong>A1<\/strong>: Pain\u00e9is em sandu\u00edche <strong>incombust\u00edveis<\/strong> que n\u00e3o contribuem para o desenvolvimento do fogo em nenhuma circunst\u00e2ncia. N\u00e3o s\u00e3o necess\u00e1rios ensaios adicionais de fumo e de got\u00edculas inflam\u00e1veis. <\/li>\n<li><strong>A2<\/strong>: Pain\u00e9is sandu\u00edche <strong>praticamente incombust\u00edveis<\/strong>, com um comportamento semelhante ao A1, mas com um impacto m\u00ednimo no fogo.<\/li>\n<li><strong>B<\/strong>: Pain\u00e9is tipo sandu\u00edche que <strong>resistem ao ataque prolongado de pequenas chamas<\/strong> e limitam significativamente a propaga\u00e7\u00e3o do fogo.<\/li>\n<li><strong>C<\/strong>: Pain\u00e9is em sandu\u00edche que resistem a um ataque curto de pequenas chamas, mas com <strong>menor limita\u00e7\u00e3o da propaga\u00e7\u00e3o do fogo<\/strong> do que a classe B.<\/li>\n<li><strong>D<\/strong>: Pain\u00e9is tipo sandu\u00edche com resist\u00eancia ao fogo limitada, permitindo uma maior propaga\u00e7\u00e3o do fogo.<\/li>\n<li><strong>E<\/strong>: Pain\u00e9is tipo sandu\u00edche com resist\u00eancia b\u00e1sica ao fogo, que podem incendiar-se facilmente.<\/li>\n<li><strong>F<\/strong>: Pain\u00e9is sandu\u00edche <strong>n\u00e3o classificados<\/strong> ou que n\u00e3o cumprem os crit\u00e9rios m\u00ednimos.<\/li>\n<\/ol>\n<hr>\n<h3><strong>Opacidade do fumo (s1, s2, s3)<\/strong><\/h3>\n<p>Nos pain\u00e9is em sandu\u00edche, a gera\u00e7\u00e3o de fumo \u00e9 classificada em tr\u00eas n\u00edveis:<\/p>\n<ul>\n<li><strong>s1<\/strong>: <strong>Baixa opacidade<\/strong>, o fumo gerado \u00e9 baixo e n\u00e3o afecta significativamente a visibilidade.<\/li>\n<li><strong>s2<\/strong>: <strong>Opacidade ligeira<\/strong>, o fumo \u00e9 moderado e pode dificultar a visibilidade em determinadas condi\u00e7\u00f5es.<\/li>\n<li><strong>s3<\/strong>: <strong>Alta opacidade<\/strong>, o fumo \u00e9 denso e pode obstruir seriamente a visibilidade.<\/li>\n<\/ul>\n<hr>\n<h3><strong>Gotas Inflamadas (d0, d1, d2)<\/strong><\/h3>\n<p>Os pain\u00e9is sandu\u00edche s\u00e3o tamb\u00e9m avaliados em termos das got\u00edculas ou part\u00edculas flamejantes que geram quando ardem:<\/p>\n<ul>\n<li><strong>d0<\/strong>: <strong>N\u00e3o h\u00e1 gotas inchadas<\/strong> em 10 minutos.<\/li>\n<li><strong>d1<\/strong>: <strong>Gotas incandescentes<\/strong>, mas com limita\u00e7\u00f5es (menos de 10 segundos de igni\u00e7\u00e3o).<\/li>\n<li><strong>d2<\/strong>: Gera gotas inchadas sem restri\u00e7\u00f5es.<\/li>\n<\/ul>\n<hr>\n<h2><strong>Interpreta\u00e7\u00e3o das classes nos pain\u00e9is sandu\u00edche<\/strong><\/h2>\n<p>A classifica\u00e7\u00e3o dos <strong>pain\u00e9is em sandu\u00edche<\/strong> de acordo com as Euroclasses pode ser combinada com indica\u00e7\u00f5es de <strong>opacidade do fumo (s1, s2, s3)<\/strong> e de <strong>gotas inflam\u00e1veis (d0, d1, d2).<\/strong> Por exemplo: <\/p>\n<ul>\n<li>Um painel em sandu\u00edche classificou as m\u00e9dias <strong>B-s1-d0<\/strong>:\n<ul>\n<li>Elevada resist\u00eancia ao fogo (classe B).<\/li>\n<li>Gera pouco fumo (s1).<\/li>\n<li>N\u00e3o produz got\u00edculas inflamadas (d0).<\/li>\n<\/ul>\n<\/li>\n<\/ul>\n<hr>\n<h3><strong>Import\u00e2ncia da classifica\u00e7\u00e3o de pain\u00e9is sandu\u00edche<\/strong><\/h3>\n<p>A classifica\u00e7\u00e3o nas <strong>Euroclasses<\/strong> \u00e9 essencial para garantir:<\/p>\n<ul>\n<li><strong>Aumenta a seguran\u00e7a nos edif\u00edcios.<\/strong><\/li>\n<li><strong>Conformidade com a regulamenta\u00e7\u00e3o europeia.<\/strong><\/li>\n<li><strong>Facilidade de especifica\u00e7\u00e3o t\u00e9cnica<\/strong> em projectos de constru\u00e7\u00e3o que utilizam pain\u00e9is sandu\u00edche.<\/li>\n<\/ul>\n<p>Na <strong>Starmodul<\/strong>, trabalhamos com <strong>pain\u00e9is sandwich<\/strong> que cumprem as normas mais exigentes, oferecendo solu\u00e7\u00f5es seguras, fi\u00e1veis e adaptadas \u00e0s necessidades espec\u00edficas dos nossos clientes.<\/p>\n<p>Se necessitar de mais informa\u00e7\u00f5es sobre os <strong>pain\u00e9is sandu\u00edche<\/strong> e a sua classifica\u00e7\u00e3o de inc\u00eandio ou sobre a forma como aplicamos estes regulamentos aos nossos produtos, <strong>contacte-nos<\/strong>.<\/p>\n\t\t\t\t\t\t\t\t<\/div>\n\t\t\t\t<\/div>\n\t\t\t\t<div class=\"elementor-element elementor-element-49a7b32 elementor-widget elementor-widget-image\" data-id=\"49a7b32\" data-element_type=\"widget\" data-e-type=\"widget\" data-widget_type=\"image.default\">\n\t\t\t\t<div class=\"elementor-widget-container\">\n\t\t\t\t\t\t\t\t\t\t\t\t\t\t\t<img fetchpriority=\"high\" decoding=\"async\" width=\"654\" height=\"542\" src=\"https:\/\/panelsandwich.org\/wp-content\/uploads\/2025\/01\/euroclases.jpg\" class=\"attachment-large size-large wp-image-69182\" alt=\"|\" srcset=\"https:\/\/panelsandwich.org\/wp-content\/uploads\/2025\/01\/euroclases.jpg 654w, https:\/\/panelsandwich.org\/wp-content\/uploads\/2025\/01\/euroclases-300x249.jpg 300w\" sizes=\"(max-width: 654px) 100vw, 654px\" title=\"\">\t\t\t\t\t\t\t\t\t\t\t\t\t\t\t<\/div>\n\t\t\t\t<\/div>\n\t\t\t\t<div class=\"elementor-element elementor-element-9db2b99 elementor-widget elementor-widget-text-editor\" data-id=\"9db2b99\" data-element_type=\"widget\" data-e-type=\"widget\" data-widget_type=\"text-editor.default\">\n\t\t\t\t<div class=\"elementor-widget-container\">\n\t\t\t\t\t\t\t\t\t<h2><strong>Regulamento Europeu sobre Inc\u00eandio: Seguran\u00e7a e Conformidade na Utiliza\u00e7\u00e3o de Pain\u00e9is Sandu\u00edche<\/strong><\/h2>\n<p>Na <strong>Starmodul<\/strong>, estamos empenhados na qualidade e seguran\u00e7a, oferecendo <strong>pain\u00e9is sandu\u00edche<\/strong> que cumprem os mais elevados padr\u00f5es de resist\u00eancia ao fogo. A nossa prioridade \u00e9 garantir que os nossos sistemas de constru\u00e7\u00e3o e pain\u00e9is sandu\u00edche cumprem os <strong>regulamentos europeus contra inc\u00eandios<\/strong>, proporcionando tranquilidade e confian\u00e7a em todos os projectos. <\/p>\n<hr>\n<h2><strong>O que \u00e9 o regulamento europeu sobre inc\u00eandios?<\/strong><\/h2>\n<p>A norma europeia relativa ao fogo estabelece diretrizes claras para avaliar e classificar o desempenho de materiais, como os pain\u00e9is em sandu\u00edche, em termos de resist\u00eancia ao fogo. O seu principal objetivo \u00e9: <\/p>\n<ul>\n<li><strong>Proteger a vida humana:<\/strong> Assegura que os edif\u00edcios constru\u00eddos com pain\u00e9is em sandu\u00edche proporcionam tempo suficiente para uma evacua\u00e7\u00e3o segura em caso de inc\u00eandio.<\/li>\n<li><strong>Reduzir os danos materiais:<\/strong> Limita a propaga\u00e7\u00e3o do fogo e minimiza os danos estruturais.<\/li>\n<li><strong>Facilitar a resposta a emerg\u00eancias:<\/strong> criar ambientes mais seguros para as equipas de salvamento e de combate a inc\u00eandios.<\/li>\n<\/ul>\n<hr>\n<h3><strong>Classifica\u00e7\u00e3o europeia de resist\u00eancia ao fogo<\/strong><\/h3>\n<p>A norma europeia utiliza o sistema <strong>Euroclass<\/strong> (EN 13501-1) para classificar <strong>os pain\u00e9is sandu\u00edche<\/strong> de acordo com o seu desempenho ao fogo, tendo em conta:<\/p>\n<ol>\n<li><strong>Rea\u00e7\u00e3o ao fogo:<\/strong> Capacidade do painel em sandu\u00edche de contribuir ou n\u00e3o para a propaga\u00e7\u00e3o do fogo. \u00c9 classificado de <strong>A1<\/strong> (incombust\u00edvel) a <strong>F<\/strong> (sem classifica\u00e7\u00e3o). <\/li>\n<li><strong>Resist\u00eancia ao fogo:<\/strong> tempo durante o qual o painel sandu\u00edche mant\u00e9m a sua funcionalidade face a temperaturas elevadas. Inclui:\n<ul>\n<li><strong>A:<\/strong> Capacidade de carga estrutural.<\/li>\n<li><strong>E:<\/strong> Estanquidade \u00e0 chama e ao g\u00e1s.<\/li>\n<li><strong>I:<\/strong> Isolamento t\u00e9rmico para evitar a transmiss\u00e3o de calor.<\/li>\n<\/ul>\n<\/li>\n<\/ol>\n<p>Por exemplo, um painel sandu\u00edche <strong>com classifica\u00e7\u00e3o REI 60<\/strong> pode manter a sua resist\u00eancia, integridade e isolamento t\u00e9rmico durante 60 minutos.<\/p>\n<hr>\n<h4><strong>Como se aplica aos pain\u00e9is sandu\u00edche Starmodul<\/strong><\/h4>\n<p>Na <strong>Starmodul<\/strong>, concebemos e comercializamos <strong>pain\u00e9is sandwich<\/strong> que cumprem as normas europeias mais exigentes, garantindo:<\/p>\n<ul>\n<li><strong>Materiais certificados:<\/strong> Trabalhamos com pain\u00e9is sandwich testados de acordo com os requisitos rigorosos das Euroclasses.<\/li>\n<li><strong>Testes e valida\u00e7\u00e3o:<\/strong> Os nossos pain\u00e9is foram testados em laborat\u00f3rios acreditados em condi\u00e7\u00f5es reais de inc\u00eandio.<\/li>\n<li><strong>Conce\u00e7\u00e3o segura:<\/strong> Oferecemos pain\u00e9is sandu\u00edche com \u00f3ptimas propriedades de resist\u00eancia ao fogo, adequados para qualquer projeto de constru\u00e7\u00e3o.<\/li>\n<\/ul>\n<hr>\n<h4><strong>Vantagens de cumprir a regulamenta\u00e7\u00e3o europeia em mat\u00e9ria de inc\u00eandio com pain\u00e9is sandwich<\/strong><\/h4>\n<ol>\n<li><strong>Fiabilidade certificada:<\/strong> Garantimos que os nossos pain\u00e9is sandwich cumprem as normas mais rigorosas.<\/li>\n<li><strong>Seguran\u00e7a refor\u00e7ada:<\/strong> prote\u00e7\u00e3o eficaz de pessoas e bens.<\/li>\n<li><strong>Compatibilidade internacional:<\/strong> Os nossos pain\u00e9is cumprem os regulamentos de exporta\u00e7\u00e3o e os requisitos locais em toda a Europa.<\/li>\n<\/ol>\n<hr>\n<h4><strong>Compromisso com a seguran\u00e7a<\/strong><\/h4>\n<p>Na <strong>Starmodul<\/strong>, n\u00e3o s\u00f3 optimizamos a constru\u00e7\u00e3o do seu <strong>painel sandwich<\/strong>, como tamb\u00e9m damos prioridade \u00e0 seguran\u00e7a em todas as fases. Trabalhamos para garantir que os nossos produtos cumprem os mais elevados padr\u00f5es, adaptando-se \u00e0s suas necessidades espec\u00edficas sem comprometer a qualidade ou a durabilidade. <\/p>\n<p>Se necessitar de mais informa\u00e7\u00f5es sobre a forma como os nossos <strong>pain\u00e9is sandwich<\/strong> cumprem os regulamentos europeus em mat\u00e9ria de inc\u00eandio ou se procura aconselhamento para o seu projeto, n\u00e3o hesite em <strong>contactar-nos<\/strong>. Na <strong>Starmodul<\/strong>, estamos aqui para o ajudar a construir de forma segura, eficiente e com os melhores materiais. <\/p>\n\t\t\t\t\t\t\t\t<\/div>\n\t\t\t\t<\/div>\n\t\t\t\t\t<\/div>\n\t\t\t\t<\/div>\n\t\t\t\t<\/div>\n\t\t","protected":false},"excerpt":{"rendered":"<p>Rea\u00e7\u00e3o ao fogo de pain\u00e9is sandu\u00edche de acordo com as Euroclasses A norma europeia Euroclass avalia o desempenho ao fogo dos materiais, incluindo os pain\u00e9is sandwich, e a sua contribui\u00e7\u00e3o para a propaga\u00e7\u00e3o do fogo. Esta classifica\u00e7\u00e3o \u00e9 essencial para garantir a seguran\u00e7a na constru\u00e7\u00e3o e facilita a uniformidade na utiliza\u00e7\u00e3o de materiais na Uni\u00e3o [&hellip;]<\/p>\n","protected":false},"author":5963,"featured_media":0,"parent":0,"menu_order":0,"comment_status":"closed","ping_status":"closed","template":"","meta":{"footnotes":""},"class_list":["post-60429","page","type-page","status-publish","hentry"],"_links":{"self":[{"href":"https:\/\/panelsandwich.org\/pt-pt\/wp-json\/wp\/v2\/pages\/60429","targetHints":{"allow":["GET"]}}],"collection":[{"href":"https:\/\/panelsandwich.org\/pt-pt\/wp-json\/wp\/v2\/pages"}],"about":[{"href":"https:\/\/panelsandwich.org\/pt-pt\/wp-json\/wp\/v2\/types\/page"}],"author":[{"embeddable":true,"href":"https:\/\/panelsandwich.org\/pt-pt\/wp-json\/wp\/v2\/users\/5963"}],"replies":[{"embeddable":true,"href":"https:\/\/panelsandwich.org\/pt-pt\/wp-json\/wp\/v2\/comments?post=60429"}],"version-history":[{"count":0,"href":"https:\/\/panelsandwich.org\/pt-pt\/wp-json\/wp\/v2\/pages\/60429\/revisions"}],"wp:attachment":[{"href":"https:\/\/panelsandwich.org\/pt-pt\/wp-json\/wp\/v2\/media?parent=60429"}],"curies":[{"name":"wp","href":"https:\/\/api.w.org\/{rel}","templated":true}]}}