{"id":60628,"date":"2023-09-28T23:16:16","date_gmt":"2023-09-28T21:16:16","guid":{"rendered":"https:\/\/panelsandwich.org\/paineis-sanduiche-para-fachadas-parafusos-exteriores\/"},"modified":"2025-11-17T10:50:15","modified_gmt":"2025-11-17T09:50:15","slug":"paineis-sanduiche-para-fachadas-parafusos-exteriores","status":"publish","type":"product","link":"https:\/\/panelsandwich.org\/pt-pt\/paineis-sanduiche-para-fachadas-parafusos-exteriores\/","title":{"rendered":"Pain\u00e9is Sandu\u00edche para fachadas &#8211; Parafusos exteriores"},"content":{"rendered":"\t\t<div data-elementor-type=\"product-post\" data-elementor-id=\"60628\" class=\"elementor elementor-60628 elementor-31112\" data-elementor-post-type=\"product\">\n\t\t\t\t\t\t<section class=\"elementor-section elementor-top-section elementor-element elementor-element-4ffe9df0 elementor-section-boxed elementor-section-height-default elementor-section-height-default\" data-id=\"4ffe9df0\" data-element_type=\"section\" data-e-type=\"section\" data-settings=\"{&quot;jet_parallax_layout_list&quot;:[]}\">\n\t\t\t\t\t\t<div class=\"elementor-container elementor-column-gap-default\">\n\t\t\t\t\t<div class=\"elementor-column elementor-col-100 elementor-top-column elementor-element elementor-element-7f813a73\" data-id=\"7f813a73\" data-element_type=\"column\" data-e-type=\"column\">\n\t\t\t<div class=\"elementor-widget-wrap elementor-element-populated\">\n\t\t\t\t\t\t<div class=\"elementor-element elementor-element-3641394d elementor-widget elementor-widget-heading\" data-id=\"3641394d\" data-element_type=\"widget\" data-e-type=\"widget\" data-widget_type=\"heading.default\">\n\t\t\t\t<div class=\"elementor-widget-container\">\n\t\t\t\t\t<h2 class=\"elementor-heading-title elementor-size-default\"><h2>Parafuso exterior de fachada de painel sandu\u00edche\n\n<\/h2><\/h2>\t\t\t\t<\/div>\n\t\t\t\t<\/div>\n\t\t\t\t<div class=\"elementor-element elementor-element-6acaacf3 elementor-widget elementor-widget-text-editor\" data-id=\"6acaacf3\" data-element_type=\"widget\" data-e-type=\"widget\" data-widget_type=\"text-editor.default\">\n\t\t\t\t<div class=\"elementor-widget-container\">\n\t\t\t\t\t\t\t\t\t<p>Painel isolante composto por duas chapas met\u00e1licas em perfis, unidas por um n\u00facleo isolante de espuma r\u00edgida de poliuretano (PUR) ou poliisocianurato (PIR). Painel produzido em conformidade com a norma EN 14509 e sujeito a avalia\u00e7\u00e3o e verifica\u00e7\u00e3o da regularidade do desempenho em conformidade com o sistema 1.<\/p>\t\t\t\t\t\t\t\t<\/div>\n\t\t\t\t<\/div>\n\t\t\t\t<div class=\"elementor-element elementor-element-200ff40 elementor-tabs-view-horizontal elementor-widget elementor-widget-tabs\" data-id=\"200ff40\" data-element_type=\"widget\" data-e-type=\"widget\" data-widget_type=\"tabs.default\">\n\t\t\t\t<div class=\"elementor-widget-container\">\n\t\t\t\t\t\t\t<div class=\"elementor-tabs\">\n\t\t\t<div class=\"elementor-tabs-wrapper\" role=\"tablist\" >\n\t\t\t\t\t\t\t\t\t<div id=\"elementor-tab-title-3361\" class=\"elementor-tab-title elementor-tab-desktop-title\" aria-selected=\"true\" data-tab=\"1\" role=\"tab\" tabindex=\"0\" aria-controls=\"elementor-tab-content-3361\" aria-expanded=\"false\">Descri\u00e7\u00e3o\/Aplica\u00e7\u00e3o<\/div>\n\t\t\t\t\t\t\t\t\t<div id=\"elementor-tab-title-3362\" class=\"elementor-tab-title elementor-tab-desktop-title\" aria-selected=\"false\" data-tab=\"2\" role=\"tab\" tabindex=\"-1\" aria-controls=\"elementor-tab-content-3362\" aria-expanded=\"false\">Tabela de cargas<\/div>\n\t\t\t\t\t\t\t\t\t<div id=\"elementor-tab-title-3363\" class=\"elementor-tab-title elementor-tab-desktop-title\" aria-selected=\"false\" data-tab=\"3\" role=\"tab\" tabindex=\"-1\" aria-controls=\"elementor-tab-content-3363\" aria-expanded=\"false\">Cores dispon\u00edveis<\/div>\n\t\t\t\t\t\t\t\t\t<div id=\"elementor-tab-title-3364\" class=\"elementor-tab-title elementor-tab-desktop-title\" aria-selected=\"false\" data-tab=\"4\" role=\"tab\" tabindex=\"-1\" aria-controls=\"elementor-tab-content-3364\" aria-expanded=\"false\">Folhas de dados \/ Downloads<\/div>\n\t\t\t\t\t\t\t<\/div>\n\t\t\t<div class=\"elementor-tabs-content-wrapper\" role=\"tablist\" aria-orientation=\"vertical\">\n\t\t\t\t\t\t\t\t\t<div class=\"elementor-tab-title elementor-tab-mobile-title\" aria-selected=\"true\" data-tab=\"1\" role=\"tab\" tabindex=\"0\" aria-controls=\"elementor-tab-content-3361\" aria-expanded=\"false\">Descri\u00e7\u00e3o\/Aplica\u00e7\u00e3o<\/div>\n\t\t\t\t\t<div id=\"elementor-tab-content-3361\" class=\"elementor-tab-content elementor-clearfix\" data-tab=\"1\" role=\"tabpanel\" aria-labelledby=\"elementor-tab-title-3361\" tabindex=\"0\" hidden=\"false\"><h3><strong>Aplica-te:<\/strong><\/h3>\n<p>Paredes, pr\u00e9-fabricadas, constru\u00e7\u00e3o modular, fachadas com fixa\u00e7\u00e3o vis\u00edvel.<\/p>\n<h3><strong>Tipo de uni\u00e3o:<\/strong><\/h3>\n<p>Uni\u00e3o: Parafuso Visto<\/p>\n<p>Parafusos: Parafuso com anilha<\/p>\n<p><img fetchpriority=\"high\" decoding=\"async\" class=\" size-full wp-image-31106\" src=\"https:\/\/panelsandwich.org\/wp-content\/uploads\/2017\/12\/cms_union-fachada-visto.png\" alt=\"|\" width=\"250\" height=\"250\" title=\"\" srcset=\"https:\/\/panelsandwich.org\/wp-content\/uploads\/2017\/12\/cms_union-fachada-visto.png 378w, https:\/\/panelsandwich.org\/wp-content\/uploads\/2017\/12\/cms_union-fachada-visto-100x100.png 100w, https:\/\/panelsandwich.org\/wp-content\/uploads\/2017\/12\/cms_union-fachada-visto-300x300.png 300w, https:\/\/panelsandwich.org\/wp-content\/uploads\/2017\/12\/cms_union-fachada-visto-150x150.png 150w\" sizes=\"(max-width: 250px) 100vw, 250px\" \/><\/p>\n<h3><strong>Dimens\u00f5es:<\/strong><\/h3>\n<p>Espessuras: 30-40-50-60-80-100 mm \u00b11 mm<\/p>\n<p>Largura \u00fatil: 1000 mm \u00b11 mm<\/p>\n<p>Comprimento: 4,00 &#8211; 18,00 m \u00b110 mm<\/p>\n<p><img decoding=\"async\" class=\"size-full wp-image-31107 lazyload\" data-src=\"https:\/\/panelsandwich.org\/wp-content\/uploads\/2017\/12\/cms_FACHADA-VISTA_medidas.JPG\" alt=\"|\" width=\"100%\" title=\"\" data-srcset=\"https:\/\/panelsandwich.org\/wp-content\/uploads\/2017\/12\/cms_FACHADA-VISTA_medidas.JPG 1211w, https:\/\/panelsandwich.org\/wp-content\/uploads\/2017\/12\/cms_FACHADA-VISTA_medidas-300x103.jpg 300w, https:\/\/panelsandwich.org\/wp-content\/uploads\/2017\/12\/cms_FACHADA-VISTA_medidas-1024x352.jpg 1024w, https:\/\/panelsandwich.org\/wp-content\/uploads\/2017\/12\/cms_FACHADA-VISTA_medidas-768x264.jpg 768w, https:\/\/panelsandwich.org\/wp-content\/uploads\/2017\/12\/cms_FACHADA-VISTA_medidas-600x206.jpg 600w\" data-sizes=\"(max-width: 1211px) 100vw, 1211px\" src=\"data:image\/svg+xml;base64,PHN2ZyB3aWR0aD0iMSIgaGVpZ2h0PSIxIiB4bWxucz0iaHR0cDovL3d3dy53My5vcmcvMjAwMC9zdmciPjwvc3ZnPg==\" style=\"--smush-placeholder-width: 1211px; --smush-placeholder-aspect-ratio: 1211\/416;\" \/><\/p>\n<h3><strong>Suporte met\u00e1lico:<\/strong><\/h3>\n<p>N\u00facleo em chapa de a\u00e7o de qualidade S250GD: EN 10346<\/p>\n<p>Bobinas lacadas com revestimento org\u00e2nico: EN 10169+A1<\/p>\n<p>Espessuras: Painel com nervuras 0,4\/0,4 mm | Painel liso: 0,5\/0,4 mm<\/p>\n<h3><strong>N\u00facleo isolante:<\/strong><\/h3>\n<p>Poliuretano (PUR) | Poliisocianurato (PIR)<\/p>\n<p>Condutividade t\u00e9rmica: PUR: 0,022 W\/mK | PIR: 0,022 \/mK<\/p>\n<p>Densidade: 40 <sup>kg\/m3<\/sup> \u00b110%.<\/p>\n<p>Rea\u00e7\u00e3o ao fogo: PUR: B-s2,d0 | PIR: B-s2,d0 | PIR-HI: B-1,d0<\/p>\n<p>Resist\u00eancia \u00e0 tra\u00e7\u00e3o das folhas (ader\u00eancia) &gt; 0,10 MPa<\/p>\n<p>Resist\u00eancia \u00e0 compress\u00e3o a 10% de deforma\u00e7\u00e3o &gt;0,10 MPa<\/p>\n<h3><strong>Revestimento:<\/strong><\/h3>\n<p>Padr\u00e3o: tinta de poli\u00e9ster 25 \u00b5m<\/p>\n<p>Especiais: Granito HDX 55 \u00b5m | PVDF 35 m<\/p>\n<\/div>\n\t\t\t\t\t\t\t\t\t<div class=\"elementor-tab-title elementor-tab-mobile-title\" aria-selected=\"false\" data-tab=\"2\" role=\"tab\" tabindex=\"-1\" aria-controls=\"elementor-tab-content-3362\" aria-expanded=\"false\">Tabela de cargas<\/div>\n\t\t\t\t\t<div id=\"elementor-tab-content-3362\" class=\"elementor-tab-content elementor-clearfix\" data-tab=\"2\" role=\"tabpanel\" aria-labelledby=\"elementor-tab-title-3362\" tabindex=\"0\" hidden=\"hidden\"><p><img decoding=\"async\" class=\"size-full wp-image-31108 lazyload\" data-src=\"https:\/\/panelsandwich.org\/wp-content\/uploads\/2017\/12\/cms_FACHADA-VISTA_cargas1.JPG\" alt=\"|\" width=\"100%\" title=\"\" data-srcset=\"https:\/\/panelsandwich.org\/wp-content\/uploads\/2017\/12\/cms_FACHADA-VISTA_cargas1.JPG 1324w, https:\/\/panelsandwich.org\/wp-content\/uploads\/2017\/12\/cms_FACHADA-VISTA_cargas1-300x169.jpg 300w, https:\/\/panelsandwich.org\/wp-content\/uploads\/2017\/12\/cms_FACHADA-VISTA_cargas1-1024x575.jpg 1024w, https:\/\/panelsandwich.org\/wp-content\/uploads\/2017\/12\/cms_FACHADA-VISTA_cargas1-768x432.jpg 768w, https:\/\/panelsandwich.org\/wp-content\/uploads\/2017\/12\/cms_FACHADA-VISTA_cargas1-600x337.jpg 600w\" data-sizes=\"(max-width: 1324px) 100vw, 1324px\" src=\"data:image\/svg+xml;base64,PHN2ZyB3aWR0aD0iMSIgaGVpZ2h0PSIxIiB4bWxucz0iaHR0cDovL3d3dy53My5vcmcvMjAwMC9zdmciPjwvc3ZnPg==\" style=\"--smush-placeholder-width: 1324px; --smush-placeholder-aspect-ratio: 1324\/744;\" \/><\/p>\n<p><img decoding=\"async\" class=\"size-full wp-image-31109 lazyload\" data-src=\"https:\/\/panelsandwich.org\/wp-content\/uploads\/2017\/12\/cms_FACHADA-VISTA_cargas2.JPG\" alt=\"|\" width=\"100%\" title=\"\" data-srcset=\"https:\/\/panelsandwich.org\/wp-content\/uploads\/2017\/12\/cms_FACHADA-VISTA_cargas2.JPG 1329w, https:\/\/panelsandwich.org\/wp-content\/uploads\/2017\/12\/cms_FACHADA-VISTA_cargas2-300x185.jpg 300w, https:\/\/panelsandwich.org\/wp-content\/uploads\/2017\/12\/cms_FACHADA-VISTA_cargas2-1024x632.jpg 1024w, https:\/\/panelsandwich.org\/wp-content\/uploads\/2017\/12\/cms_FACHADA-VISTA_cargas2-768x474.jpg 768w, https:\/\/panelsandwich.org\/wp-content\/uploads\/2017\/12\/cms_FACHADA-VISTA_cargas2-600x370.jpg 600w\" data-sizes=\"(max-width: 1329px) 100vw, 1329px\" src=\"data:image\/svg+xml;base64,PHN2ZyB3aWR0aD0iMSIgaGVpZ2h0PSIxIiB4bWxucz0iaHR0cDovL3d3dy53My5vcmcvMjAwMC9zdmciPjwvc3ZnPg==\" style=\"--smush-placeholder-width: 1329px; --smush-placeholder-aspect-ratio: 1329\/820;\" \/><\/p>\n<p><img decoding=\"async\" class=\"size-full wp-image-31110 lazyload\" data-src=\"https:\/\/panelsandwich.org\/wp-content\/uploads\/2017\/12\/cms_FACHADA-VISTA_cargas3.JPG\" alt=\"|\" width=\"100%\" title=\"\" data-srcset=\"https:\/\/panelsandwich.org\/wp-content\/uploads\/2017\/12\/cms_FACHADA-VISTA_cargas3.JPG 1338w, https:\/\/panelsandwich.org\/wp-content\/uploads\/2017\/12\/cms_FACHADA-VISTA_cargas3-300x99.jpg 300w, https:\/\/panelsandwich.org\/wp-content\/uploads\/2017\/12\/cms_FACHADA-VISTA_cargas3-1024x337.jpg 1024w, https:\/\/panelsandwich.org\/wp-content\/uploads\/2017\/12\/cms_FACHADA-VISTA_cargas3-768x253.jpg 768w, https:\/\/panelsandwich.org\/wp-content\/uploads\/2017\/12\/cms_FACHADA-VISTA_cargas3-600x197.jpg 600w\" data-sizes=\"(max-width: 1338px) 100vw, 1338px\" src=\"data:image\/svg+xml;base64,PHN2ZyB3aWR0aD0iMSIgaGVpZ2h0PSIxIiB4bWxucz0iaHR0cDovL3d3dy53My5vcmcvMjAwMC9zdmciPjwvc3ZnPg==\" style=\"--smush-placeholder-width: 1338px; --smush-placeholder-aspect-ratio: 1338\/440;\" \/><\/p>\n<\/div>\n\t\t\t\t\t\t\t\t\t<div class=\"elementor-tab-title elementor-tab-mobile-title\" aria-selected=\"false\" data-tab=\"3\" role=\"tab\" tabindex=\"-1\" aria-controls=\"elementor-tab-content-3363\" aria-expanded=\"false\">Cores dispon\u00edveis<\/div>\n\t\t\t\t\t<div id=\"elementor-tab-content-3363\" class=\"elementor-tab-content elementor-clearfix\" data-tab=\"3\" role=\"tabpanel\" aria-labelledby=\"elementor-tab-title-3363\" tabindex=\"0\" hidden=\"hidden\"><h3>Gama de cores<\/h3>\n<p>As cores apresentadas no cat\u00e1logo correspondem aos nossos padr\u00f5es de forma t\u00e3o exacta quanto poss\u00edvel. No entanto, as pequenas altera\u00e7\u00f5es s\u00e3o inevit\u00e1veis, raz\u00e3o pela qual recomendamos que efectues sempre um teste de cor numa amostra real.<\/p>\n<p><img decoding=\"async\" class=\"size-full wp-image-31111 lazyload\" data-src=\"https:\/\/panelsandwich.org\/wp-content\/uploads\/2017\/12\/cms_FACHADA-VISTA_colores.JPG\" alt=\"|\" width=\"100%\" title=\"\" data-srcset=\"https:\/\/panelsandwich.org\/wp-content\/uploads\/2017\/12\/cms_FACHADA-VISTA_colores.JPG 825w, https:\/\/panelsandwich.org\/wp-content\/uploads\/2017\/12\/cms_FACHADA-VISTA_colores-100x100.jpg 100w, https:\/\/panelsandwich.org\/wp-content\/uploads\/2017\/12\/cms_FACHADA-VISTA_colores-300x300.jpg 300w, https:\/\/panelsandwich.org\/wp-content\/uploads\/2017\/12\/cms_FACHADA-VISTA_colores-150x150.jpg 150w, https:\/\/panelsandwich.org\/wp-content\/uploads\/2017\/12\/cms_FACHADA-VISTA_colores-768x767.jpg 768w, https:\/\/panelsandwich.org\/wp-content\/uploads\/2017\/12\/cms_FACHADA-VISTA_colores-600x599.jpg 600w\" data-sizes=\"(max-width: 825px) 100vw, 825px\" src=\"data:image\/svg+xml;base64,PHN2ZyB3aWR0aD0iMSIgaGVpZ2h0PSIxIiB4bWxucz0iaHR0cDovL3d3dy53My5vcmcvMjAwMC9zdmciPjwvc3ZnPg==\" style=\"--smush-placeholder-width: 825px; --smush-placeholder-aspect-ratio: 825\/824;\" \/><\/p>\n<\/div>\n\t\t\t\t\t\t\t\t\t<div class=\"elementor-tab-title elementor-tab-mobile-title\" aria-selected=\"false\" data-tab=\"4\" role=\"tab\" tabindex=\"-1\" aria-controls=\"elementor-tab-content-3364\" aria-expanded=\"false\">Folhas de dados \/ Downloads<\/div>\n\t\t\t\t\t<div id=\"elementor-tab-content-3364\" class=\"elementor-tab-content elementor-clearfix\" data-tab=\"4\" role=\"tabpanel\" aria-labelledby=\"elementor-tab-title-3364\" tabindex=\"0\" hidden=\"hidden\"><p><a href=\"https:\/\/panelsandwich.org\/wp-content\/uploads\/2023\/11\/PanelSandwich-Fachada-Visto-Ficha-Tecnica.pdf\" target=\"_blank\" rel=\"noopener\"><button style=\"background-color: #ffa300; border-color: black; color: white;\" spellcheck=\"false\" data-lt-tmp-id=\"lt-827558\" data-gramm=\"false\">Descarrega a ficha t\u00e9cnica<\/button><\/a><\/p>\n<\/div>\n\t\t\t\t\t\t\t<\/div>\n\t\t<\/div>\n\t\t\t\t\t\t<\/div>\n\t\t\t\t<\/div>\n\t\t\t\t\t<\/div>\n\t\t<\/div>\n\t\t\t\t\t<\/div>\n\t\t<\/section>\n\t\t\t\t<\/div>\n\t\t","protected":false},"excerpt":{"rendered":"<p>PFS &#8211; Pain\u00e9is Sandu\u00edche de Fachada &#8211; Parafusos exteriores<\/p>\n<p style=\"text-align: center;\"><strong><span style=\"font-size: medium;\"><a class=\"w-100 btn btn-danger btn-lg\" href=\"https:\/\/panelsandwich.org\/contactenos\">SOLICITA PRE\u00c7OS E INFORMA\u00c7\u00d5ES T\u00c9CNICAS  <i class=\"caret-right\"><\/i><\/a><\/span><\/strong><\/p>\n","protected":false},"featured_media":60647,"comment_status":"closed","ping_status":"closed","template":"","meta":[],"product_brand":[],"product_cat":[3752],"product_tag":[3763,3755,3778,3756,3764,3765,3766,3758,3775,3787,3754,3784,3769,3781,3753,3761,3773,3757],"class_list":{"0":"post-60628","1":"product","2":"type-product","3":"status-publish","4":"has-post-thumbnail","6":"product_cat-fachada-de-painel-sanduiche","7":"product_tag-agropanel-pt-pt-2","8":"product_tag-cobre","9":"product_tag-estrutura-de-claraboias-metal","10":"product_tag-fachada-pt-pt","11":"product_tag-fazendas","12":"product_tag-frigorifico-pt-pt","13":"product_tag-la-de-rocha","14":"product_tag-ocasiao","15":"product_tag-paineis-em-sanduiche","16":"product_tag-paineis-para-armarios","17":"product_tag-painel-de-azulejos","18":"product_tag-painel-de-fachada","19":"product_tag-painel-de-madeira","20":"product_tag-painel-de-parede","21":"product_tag-painel-sanduiche","22":"product_tag-preco-pt-pt","23":"product_tag-remateria-pt-pt-2","24":"product_tag-sem-parafusos","25":"pa_colorexterior-azul-lago-ral-5019","26":"pa_colorexterior-branco-pirineu-ral-9010","27":"pa_colorexterior-cinzento-antracite-ral-7016","28":"pa_colorexterior-cinzento-ardosia-ral-7024","29":"pa_colorexterior-cinzento-basalto-ral-7012","30":"pa_colorexterior-cinzento-metalizado-ral-9006","31":"pa_colorexterior-cinzento-sombra-ral-7022","32":"pa_colorexterior-creme-bidasoa-ral-1015-pt-pt","33":"pa_colorexterior-verde-navarra-ral-6005","34":"pa_colorexterior-vermelho-ral-3009","35":"pa_colorinterior-branco-pirineu-ral-9010","36":"pa_espesorespuma-100-mm-pt-pt","37":"pa_espesorespuma-30-mm-pt-pt-2","38":"pa_espesorespuma-40-mm-pt-pt","39":"pa_espesorespuma-50-mm-pt-pt-3","40":"pa_espesorespuma-60-mm-pt-pt-2","41":"pa_espesorespuma-80-mm-pt-pt","42":"pa_tipoaislamiento-espuma-de-poliuretano-b-s2-d0","43":"pa_tipoaislamiento-espuma-de-poliuretano-c-s3-d0","44":"pa_tipoaislamiento-espuma-pir-hi-b-s1-d0-pt-pt","46":"first","47":"instock","48":"taxable","49":"shipping-taxable","50":"product-type-variable","51":"has-default-attributes"},"_links":{"self":[{"href":"https:\/\/panelsandwich.org\/pt-pt\/wp-json\/wp\/v2\/product\/60628","targetHints":{"allow":["GET"]}}],"collection":[{"href":"https:\/\/panelsandwich.org\/pt-pt\/wp-json\/wp\/v2\/product"}],"about":[{"href":"https:\/\/panelsandwich.org\/pt-pt\/wp-json\/wp\/v2\/types\/product"}],"replies":[{"embeddable":true,"href":"https:\/\/panelsandwich.org\/pt-pt\/wp-json\/wp\/v2\/comments?post=60628"}],"version-history":[{"count":0,"href":"https:\/\/panelsandwich.org\/pt-pt\/wp-json\/wp\/v2\/product\/60628\/revisions"}],"wp:featuredmedia":[{"embeddable":true,"href":"https:\/\/panelsandwich.org\/pt-pt\/wp-json\/wp\/v2\/media\/60647"}],"wp:attachment":[{"href":"https:\/\/panelsandwich.org\/pt-pt\/wp-json\/wp\/v2\/media?parent=60628"}],"wp:term":[{"taxonomy":"product_brand","embeddable":true,"href":"https:\/\/panelsandwich.org\/pt-pt\/wp-json\/wp\/v2\/product_brand?post=60628"},{"taxonomy":"product_cat","embeddable":true,"href":"https:\/\/panelsandwich.org\/pt-pt\/wp-json\/wp\/v2\/product_cat?post=60628"},{"taxonomy":"product_tag","embeddable":true,"href":"https:\/\/panelsandwich.org\/pt-pt\/wp-json\/wp\/v2\/product_tag?post=60628"}],"curies":[{"name":"wp","href":"https:\/\/api.w.org\/{rel}","templated":true}]}}