{"id":60630,"date":"2024-02-27T11:13:59","date_gmt":"2024-02-27T10:13:59","guid":{"rendered":"https:\/\/panelsandwich.org\/linha-de-vida-para-telhados\/"},"modified":"2025-11-21T08:34:34","modified_gmt":"2025-11-21T07:34:34","slug":"linha-de-vida-para-telhados","status":"publish","type":"product","link":"https:\/\/panelsandwich.org\/pt-pt\/linha-de-vida-para-telhados\/","title":{"rendered":"Linha de vida para telhados"},"content":{"rendered":"\t\t<div data-elementor-type=\"product-post\" data-elementor-id=\"60630\" class=\"elementor elementor-60630 elementor-55204\" data-elementor-post-type=\"product\">\n\t\t\t\t\t\t<section class=\"elementor-section elementor-top-section elementor-element elementor-element-4ac9b75b elementor-section-boxed elementor-section-height-default elementor-section-height-default\" data-id=\"4ac9b75b\" data-element_type=\"section\" data-e-type=\"section\" data-settings=\"{&quot;jet_parallax_layout_list&quot;:[]}\">\n\t\t\t\t\t\t<div class=\"elementor-container elementor-column-gap-default\">\n\t\t\t\t\t<div class=\"elementor-column elementor-col-100 elementor-top-column elementor-element elementor-element-7e248347\" data-id=\"7e248347\" data-element_type=\"column\" data-e-type=\"column\">\n\t\t\t<div class=\"elementor-widget-wrap elementor-element-populated\">\n\t\t\t\t\t\t<div class=\"elementor-element elementor-element-ea50274 elementor-widget elementor-widget-heading\" data-id=\"ea50274\" data-element_type=\"widget\" data-e-type=\"widget\" data-widget_type=\"heading.default\">\n\t\t\t\t<div class=\"elementor-widget-container\">\n\t\t\t\t\t<h2 class=\"elementor-heading-title elementor-size-default\"><h2>Linhas de vida - Sistemas anti-queda para coberturas de pain\u00e9is sandu\u00edche\n<\/h2><\/h2>\t\t\t\t<\/div>\n\t\t\t\t<\/div>\n\t\t\t\t<div class=\"elementor-element elementor-element-19aaf7dc elementor-widget elementor-widget-text-editor\" data-id=\"19aaf7dc\" data-element_type=\"widget\" data-e-type=\"widget\" data-widget_type=\"text-editor.default\">\n\t\t\t\t<div class=\"elementor-widget-container\">\n\t\t\t\t\t\t\t\t\t<p>As linhas de vida propostas pelo PanelSandwich.ORG asseguram o movimento dos trabalhadores em todo o telhado. Os suportes para cada tipo de cobertura incorporam absorvedores de energia para reduzir o impacto das linhas de vida em caso de emerg\u00eancia.  <\/p>\t\t\t\t\t\t\t\t<\/div>\n\t\t\t\t<\/div>\n\t\t\t\t<div class=\"elementor-element elementor-element-4626154 elementor-tabs-view-horizontal elementor-widget elementor-widget-tabs\" data-id=\"4626154\" data-element_type=\"widget\" data-e-type=\"widget\" data-widget_type=\"tabs.default\">\n\t\t\t\t<div class=\"elementor-widget-container\">\n\t\t\t\t\t\t\t<div class=\"elementor-tabs\">\n\t\t\t<div class=\"elementor-tabs-wrapper\" role=\"tablist\" >\n\t\t\t\t\t\t\t\t\t<div id=\"elementor-tab-title-7351\" class=\"elementor-tab-title elementor-tab-desktop-title\" aria-selected=\"true\" data-tab=\"1\" role=\"tab\" tabindex=\"0\" aria-controls=\"elementor-tab-content-7351\" aria-expanded=\"false\">Descri\u00e7\u00e3o\/Aplica\u00e7\u00e3o<\/div>\n\t\t\t\t\t\t\t\t\t<div id=\"elementor-tab-title-7352\" class=\"elementor-tab-title elementor-tab-desktop-title\" aria-selected=\"false\" data-tab=\"2\" role=\"tab\" tabindex=\"-1\" aria-controls=\"elementor-tab-content-7352\" aria-expanded=\"false\">Caracter\u00edsticas t\u00e9cnicas<\/div>\n\t\t\t\t\t\t\t\t\t<div id=\"elementor-tab-title-7353\" class=\"elementor-tab-title elementor-tab-desktop-title\" aria-selected=\"false\" data-tab=\"3\" role=\"tab\" tabindex=\"-1\" aria-controls=\"elementor-tab-content-7353\" aria-expanded=\"false\">Folhas de dados \/ Downloads<\/div>\n\t\t\t\t\t\t\t<\/div>\n\t\t\t<div class=\"elementor-tabs-content-wrapper\" role=\"tablist\" aria-orientation=\"vertical\">\n\t\t\t\t\t\t\t\t\t<div class=\"elementor-tab-title elementor-tab-mobile-title\" aria-selected=\"true\" data-tab=\"1\" role=\"tab\" tabindex=\"0\" aria-controls=\"elementor-tab-content-7351\" aria-expanded=\"false\">Descri\u00e7\u00e3o\/Aplica\u00e7\u00e3o<\/div>\n\t\t\t\t\t<div id=\"elementor-tab-content-7351\" class=\"elementor-tab-content elementor-clearfix\" data-tab=\"1\" role=\"tabpanel\" aria-labelledby=\"elementor-tab-title-7351\" tabindex=\"0\" hidden=\"false\"><p>As linhas de vida s\u00e3o sistemas de seguran\u00e7a essenciais utilizados para evitar quedas em estaleiros de constru\u00e7\u00e3o, na ind\u00fastria e em edif\u00edcios. Neste artigo, vamos explorar os diferentes tipos e componentes de uma linha de vida fixa e os regulamentos que regem a sua utiliza\u00e7\u00e3o. Discutiremos tamb\u00e9m a instala\u00e7\u00e3o e a manuten\u00e7\u00e3o destes sistemas. Vamos ent\u00e3o analisar mais detalhadamente o que s\u00e3o linhas de vida e porque s\u00e3o cruciais para garantir a seguran\u00e7a dos trabalhadores em ambientes de trabalho elevados.<\/p>\n<p>As linhas de vida s\u00e3o essenciais como sistemas de prote\u00e7\u00e3o contra quedas numa variedade de ambientes de trabalho, como a constru\u00e7\u00e3o, a manuten\u00e7\u00e3o e as opera\u00e7\u00f5es industriais. Ao compreenderem de forma abrangente o conceito, os tipos, os componentes, os regulamentos e o papel fundamental das empresas especializadas, as organiza\u00e7\u00f5es e os profissionais da ind\u00fastria podem navegar no complexo panorama da prote\u00e7\u00e3o contra quedas com um firme compromisso com a seguran\u00e7a, promovendo assim ambientes de trabalho seguros e conformes e dando prioridade ao bem-estar das pessoas que trabalham em altura.<\/p>\n<\/p>\n<h3>Regulamentos<\/h3>\n<p>Cumpre os requisitos:<br \/>&#8211; Cumpre a norma EN 795: 2012, classe B. Testado e certificado para<br \/>utiliza\u00e7\u00e3o por dois utilizadores em simult\u00e2neo.<br \/>&#8211; Mosquet\u00e3o: ANSI Z 359.12-2009<\/p>\n<\/div>\n\t\t\t\t\t\t\t\t\t<div class=\"elementor-tab-title elementor-tab-mobile-title\" aria-selected=\"false\" data-tab=\"2\" role=\"tab\" tabindex=\"-1\" aria-controls=\"elementor-tab-content-7352\" aria-expanded=\"false\">Caracter\u00edsticas t\u00e9cnicas<\/div>\n\t\t\t\t\t<div id=\"elementor-tab-content-7352\" class=\"elementor-tab-content elementor-clearfix\" data-tab=\"2\" role=\"tabpanel\" aria-labelledby=\"elementor-tab-title-7352\" tabindex=\"0\" hidden=\"hidden\"><ul>\n<li>Comprimento: 65 p\u00e9s (20m)<\/li>\n<li>Comprimento regul\u00e1vel de 2 a 20 m.<\/li>\n<li>Carga m\u00e1xima de trabalho recomendada: 140 kg (310 lb) por hora.<\/li>\n<li>utilizador.<\/li>\n<li>Utiliza\u00e7\u00e3o m\u00e1xima simult\u00e2nea: 2 utilizadores.<\/li>\n<li>Dimens\u00f5es do saco fechado: 38 x 14 x 32 cm<\/li>\n<li>Tensor de catraca de a\u00e7o para um ajuste \u00fanico do sistema<\/li>\n<li>o comprimento necess\u00e1rio.<\/li>\n<li>Um mosquet\u00e3o de a\u00e7o em cada extremidade, fecho autom\u00e1tico e sistema de abertura com trinco de um quarto de volta. Com as seguintes caracter\u00edsticas:\n<ul>\n<li>&#8211; Capacidade de carga 5000 lb \/ 22,2 kN.<\/li>\n<li>&#8211; Capacidade de carga lateral 3600 lb \/ 16 kN.<\/li>\n<li>&#8211; Resist\u00eancia m\u00ednima \u00e0 rutura: 9000 lb.<\/li>\n<li>&#8211; For\u00e7a do port\u00e3o: 3600 lb.<\/li>\n<\/ul>\n<\/li>\n<\/ul>\n<\/div>\n\t\t\t\t\t\t\t\t\t<div class=\"elementor-tab-title elementor-tab-mobile-title\" aria-selected=\"false\" data-tab=\"3\" role=\"tab\" tabindex=\"-1\" aria-controls=\"elementor-tab-content-7353\" aria-expanded=\"false\">Folhas de dados \/ Downloads<\/div>\n\t\t\t\t\t<div id=\"elementor-tab-content-7353\" class=\"elementor-tab-content elementor-clearfix\" data-tab=\"3\" role=\"tabpanel\" aria-labelledby=\"elementor-tab-title-7353\" tabindex=\"0\" hidden=\"hidden\"><ul>\n<li><em><span style=\"text-decoration: underline;\"><strong>DESCARREGA A FOLHA DE DADOS<\/strong><\/span><\/em><\/li>\n<\/ul>\n<\/div>\n\t\t\t\t\t\t\t<\/div>\n\t\t<\/div>\n\t\t\t\t\t\t<\/div>\n\t\t\t\t<\/div>\n\t\t\t\t\t<\/div>\n\t\t<\/div>\n\t\t\t\t\t<\/div>\n\t\t<\/section>\n\t\t\t\t<\/div>\n\t\t","protected":false},"excerpt":{"rendered":"<p>Linhas de vida &#8211; Sistemas anti-queda para coberturas de pain\u00e9is sandu\u00edche As linhas de vida propostas pelo PanelSandwich.ORG asseguram o movimento dos trabalhadores em todo o telhado. Os suportes para cada tipo de cobertura incorporam absorvedores de energia para reduzir o impacto das linhas de vida em caso de emerg\u00eancia. Descri\u00e7\u00e3o\/Aplica\u00e7\u00e3o Caracter\u00edsticas t\u00e9cnicas Folhas de [&hellip;]<\/p>\n","protected":false},"featured_media":60633,"comment_status":"closed","ping_status":"closed","template":"","meta":[],"product_brand":[],"product_cat":[3714],"product_tag":[],"class_list":{"0":"post-60630","1":"product","2":"type-product","3":"status-publish","4":"has-post-thumbnail","6":"product_cat-acessorios-para-montagem-de-paineis-sanduiche","8":"first","9":"instock","10":"taxable","11":"shipping-taxable","12":"product-type-simple"},"_links":{"self":[{"href":"https:\/\/panelsandwich.org\/pt-pt\/wp-json\/wp\/v2\/product\/60630","targetHints":{"allow":["GET"]}}],"collection":[{"href":"https:\/\/panelsandwich.org\/pt-pt\/wp-json\/wp\/v2\/product"}],"about":[{"href":"https:\/\/panelsandwich.org\/pt-pt\/wp-json\/wp\/v2\/types\/product"}],"replies":[{"embeddable":true,"href":"https:\/\/panelsandwich.org\/pt-pt\/wp-json\/wp\/v2\/comments?post=60630"}],"version-history":[{"count":0,"href":"https:\/\/panelsandwich.org\/pt-pt\/wp-json\/wp\/v2\/product\/60630\/revisions"}],"wp:featuredmedia":[{"embeddable":true,"href":"https:\/\/panelsandwich.org\/pt-pt\/wp-json\/wp\/v2\/media\/60633"}],"wp:attachment":[{"href":"https:\/\/panelsandwich.org\/pt-pt\/wp-json\/wp\/v2\/media?parent=60630"}],"wp:term":[{"taxonomy":"product_brand","embeddable":true,"href":"https:\/\/panelsandwich.org\/pt-pt\/wp-json\/wp\/v2\/product_brand?post=60630"},{"taxonomy":"product_cat","embeddable":true,"href":"https:\/\/panelsandwich.org\/pt-pt\/wp-json\/wp\/v2\/product_cat?post=60630"},{"taxonomy":"product_tag","embeddable":true,"href":"https:\/\/panelsandwich.org\/pt-pt\/wp-json\/wp\/v2\/product_tag?post=60630"}],"curies":[{"name":"wp","href":"https:\/\/api.w.org\/{rel}","templated":true}]}}