{"id":60640,"date":"2023-09-28T23:16:14","date_gmt":"2023-09-28T21:16:14","guid":{"rendered":"https:\/\/panelsandwich.org\/painel-sanduiche-refrigerado-conservacao-4-8-cm\/"},"modified":"2026-02-06T01:40:58","modified_gmt":"2026-02-06T00:40:58","slug":"painel-sanduiche-refrigerado-conservacao-4-8-cm","status":"publish","type":"product","link":"https:\/\/panelsandwich.org\/pt-pt\/painel-sanduiche-refrigerado-conservacao-4-8-cm\/","title":{"rendered":"Painel Sandu\u00edche Refrigerado &#8211; Conserva\u00e7\u00e3o &#8211; 4\/8 CM"},"content":{"rendered":"\t\t<div data-elementor-type=\"product-post\" data-elementor-id=\"60640\" class=\"elementor elementor-60640 elementor-31321\" data-elementor-post-type=\"product\">\n\t\t\t\t\t\t<section class=\"elementor-section elementor-top-section elementor-element elementor-element-364a8cf elementor-section-boxed elementor-section-height-default elementor-section-height-default\" data-id=\"364a8cf\" data-element_type=\"section\" data-e-type=\"section\" data-settings=\"{&quot;jet_parallax_layout_list&quot;:[]}\">\n\t\t\t\t\t\t<div class=\"elementor-container elementor-column-gap-default\">\n\t\t\t\t\t<div class=\"elementor-column elementor-col-100 elementor-top-column elementor-element elementor-element-4e7b0a8a\" data-id=\"4e7b0a8a\" data-element_type=\"column\" data-e-type=\"column\">\n\t\t\t<div class=\"elementor-widget-wrap elementor-element-populated\">\n\t\t\t\t\t\t<div class=\"elementor-element elementor-element-3a113d13 elementor-widget elementor-widget-heading\" data-id=\"3a113d13\" data-element_type=\"widget\" data-e-type=\"widget\" data-widget_type=\"heading.default\">\n\t\t\t\t<div class=\"elementor-widget-container\">\n\t\t\t\t\t<h2 class=\"elementor-heading-title elementor-size-default\"><h2>Conserva\u00e7\u00e3o de frigor\u00edficos com pain\u00e9is sandu\u00edche\n<\/h2><\/h2>\t\t\t\t<\/div>\n\t\t\t\t<\/div>\n\t\t\t\t<div class=\"elementor-element elementor-element-141042fb elementor-widget elementor-widget-text-editor\" data-id=\"141042fb\" data-element_type=\"widget\" data-e-type=\"widget\" data-widget_type=\"text-editor.default\">\n\t\t\t\t<div class=\"elementor-widget-container\">\n\t\t\t\t\t\t\t\t\t<p>Painel isolante composto por duas chapas met\u00e1licas em perfis, unidas por um n\u00facleo isolante de espuma r\u00edgida de poliuretano (PUR) ou poliisocianurato (PIR).<br>Painel autoportante de elevada espessura para c\u00e2maras frigor\u00edficas industriais.<br>Solu\u00e7\u00e3o de elevada versatilidade e facilidade de montagem para ambientes com temperatura controlada.<br>Painel produzido de acordo com a norma EN 14509 e sujeito a avalia\u00e7\u00e3o e verifica\u00e7\u00e3o da regularidade de desempenho de acordo com o sistema 1.<\/p>\t\t\t\t\t\t\t\t<\/div>\n\t\t\t\t<\/div>\n\t\t\t\t<div class=\"elementor-element elementor-element-442b20fc elementor-tabs-view-horizontal elementor-widget elementor-widget-tabs\" data-id=\"442b20fc\" data-element_type=\"widget\" data-e-type=\"widget\" data-widget_type=\"tabs.default\">\n\t\t\t\t<div class=\"elementor-widget-container\">\n\t\t\t\t\t\t\t<div class=\"elementor-tabs\">\n\t\t\t<div class=\"elementor-tabs-wrapper\" role=\"tablist\" >\n\t\t\t\t\t\t\t\t\t<div id=\"elementor-tab-title-1141\" class=\"elementor-tab-title elementor-tab-desktop-title\" aria-selected=\"true\" data-tab=\"1\" role=\"tab\" tabindex=\"0\" aria-controls=\"elementor-tab-content-1141\" aria-expanded=\"false\">Descri\u00e7\u00e3o\/Aplica\u00e7\u00e3o<\/div>\n\t\t\t\t\t\t\t\t\t<div id=\"elementor-tab-title-1142\" class=\"elementor-tab-title elementor-tab-desktop-title\" aria-selected=\"false\" data-tab=\"2\" role=\"tab\" tabindex=\"-1\" aria-controls=\"elementor-tab-content-1142\" aria-expanded=\"false\">Tabela de cargas<\/div>\n\t\t\t\t\t\t\t\t\t<div id=\"elementor-tab-title-1143\" class=\"elementor-tab-title elementor-tab-desktop-title\" aria-selected=\"false\" data-tab=\"3\" role=\"tab\" tabindex=\"-1\" aria-controls=\"elementor-tab-content-1143\" aria-expanded=\"false\">Cores dispon\u00edveis<\/div>\n\t\t\t\t\t\t\t\t\t<div id=\"elementor-tab-title-1144\" class=\"elementor-tab-title elementor-tab-desktop-title\" aria-selected=\"false\" data-tab=\"4\" role=\"tab\" tabindex=\"-1\" aria-controls=\"elementor-tab-content-1144\" aria-expanded=\"false\">Folhas de dados \/ Downloads<\/div>\n\t\t\t\t\t\t\t<\/div>\n\t\t\t<div class=\"elementor-tabs-content-wrapper\" role=\"tablist\" aria-orientation=\"vertical\">\n\t\t\t\t\t\t\t\t\t<div class=\"elementor-tab-title elementor-tab-mobile-title\" aria-selected=\"true\" data-tab=\"1\" role=\"tab\" tabindex=\"0\" aria-controls=\"elementor-tab-content-1141\" aria-expanded=\"false\">Descri\u00e7\u00e3o\/Aplica\u00e7\u00e3o<\/div>\n\t\t\t\t\t<div id=\"elementor-tab-content-1141\" class=\"elementor-tab-content elementor-clearfix\" data-tab=\"1\" role=\"tabpanel\" aria-labelledby=\"elementor-tab-title-1141\" tabindex=\"0\" hidden=\"false\"><h3><strong>Aplica-te:<\/strong><\/h3>\n<p>C\u00e2maras frigor\u00edficas industriais.<\/p>\n<h3><strong>Tipo de uni\u00e3o:<\/strong><\/h3>\n<p>Uni\u00e3o: Parafuso Visto<\/p>\n<p>Parafusos: Parafuso com anilha<\/p>\n<p><img fetchpriority=\"high\" decoding=\"async\" class=\" size-full wp-image-31315\" src=\"https:\/\/panelsandwich.org\/wp-content\/uploads\/2017\/12\/cms_union-frigo-detalle-union-panel-frigorifico.png\" alt=\"pormenor da liga\u00e7\u00e3o do painel do frigor\u00edfico\" width=\"250\" height=\"250\" title=\"\" srcset=\"https:\/\/panelsandwich.org\/wp-content\/uploads\/2017\/12\/cms_union-frigo-detalle-union-panel-frigorifico.png 378w, https:\/\/panelsandwich.org\/wp-content\/uploads\/2017\/12\/cms_union-frigo-detalle-union-panel-frigorifico-100x100.png 100w, https:\/\/panelsandwich.org\/wp-content\/uploads\/2017\/12\/cms_union-frigo-detalle-union-panel-frigorifico-300x300.png 300w, https:\/\/panelsandwich.org\/wp-content\/uploads\/2017\/12\/cms_union-frigo-detalle-union-panel-frigorifico-150x150.png 150w\" sizes=\"(max-width: 250px) 100vw, 250px\" \/><\/p>\n<h3><strong>Dimens\u00f5es:<\/strong><\/h3>\n<p>Espessuras: 60-80-100-120-150-180-200 mm \u00b11 mm<\/p>\n<p>Largura: 1000 &#8211; 1165 mm \u00b11 mm<\/p>\n<p>Comprimento: 4,00 &#8211; 16,00 m \u00b110 mm<\/p>\n<p><img decoding=\"async\" class=\"size-full wp-image-31316 lazyload\" data-src=\"https:\/\/panelsandwich.org\/wp-content\/uploads\/2017\/12\/cms_FRIGO_medidas.JPG\" alt=\"|\" width=\"100%\" title=\"\" data-srcset=\"https:\/\/panelsandwich.org\/wp-content\/uploads\/2017\/12\/cms_FRIGO_medidas.JPG 1460w, https:\/\/panelsandwich.org\/wp-content\/uploads\/2017\/12\/cms_FRIGO_medidas-300x149.jpg 300w, https:\/\/panelsandwich.org\/wp-content\/uploads\/2017\/12\/cms_FRIGO_medidas-1024x508.jpg 1024w, https:\/\/panelsandwich.org\/wp-content\/uploads\/2017\/12\/cms_FRIGO_medidas-768x381.jpg 768w, https:\/\/panelsandwich.org\/wp-content\/uploads\/2017\/12\/cms_FRIGO_medidas-600x298.jpg 600w\" data-sizes=\"(max-width: 1460px) 100vw, 1460px\" src=\"data:image\/svg+xml;base64,PHN2ZyB3aWR0aD0iMSIgaGVpZ2h0PSIxIiB4bWxucz0iaHR0cDovL3d3dy53My5vcmcvMjAwMC9zdmciPjwvc3ZnPg==\" style=\"--smush-placeholder-width: 1460px; --smush-placeholder-aspect-ratio: 1460\/724;\" \/><\/p>\n<h3><strong>Suporte met\u00e1lico:<\/strong><\/h3>\n<p>N\u00facleo em chapa de a\u00e7o de qualidade S250GD: EN 10346<\/p>\n<p>Bobinas lacadas com revestimento org\u00e2nico: EN 10169+A1<\/p>\n<p>Espessura: 0,5 mm<\/p>\n<h3><strong>N\u00facleo isolante:<\/strong><\/h3>\n<p>Poliuretano (PUR) | Poliisocianurato (PIR)<\/p>\n<p>Condutividade t\u00e9rmica: PUR: 0,022 W\/mK | PIR: 0,022 W\/mK<\/p>\n<p>Densidade: 40 kg\/m3 \u00b110%.<\/p>\n<p>Rea\u00e7\u00e3o ao fogo: PUR: B-s2,d0 | PIR: B-s2,d0 | PIR-HI: B-s1,d0<\/p>\n<p>Resist\u00eancia \u00e0 tra\u00e7\u00e3o das folhas (ader\u00eancia) &gt; 0,10 MPa<\/p>\n<p>Resist\u00eancia \u00e0 compress\u00e3o a 10% de deforma\u00e7\u00e3o &gt;0,10 MPa<\/p>\n<h3><strong>Revestimento:<\/strong><\/h3>\n<p>Padr\u00e3o: tinta de poli\u00e9ster 25 \u00b5m<\/p>\n<p>Especiais: Granito HDX 55 \u00b5m | PVC <em>seguro para alimentos<\/em><\/p>\n<h3><strong>Comportamento t\u00e9rmico e pesos<\/strong><\/h3>\n<p><strong><img decoding=\"async\" class=\"size-full wp-image-31317 lazyload\" data-src=\"https:\/\/panelsandwich.org\/wp-content\/uploads\/2017\/12\/cms_FRIGO_comportamiento.JPG\" alt=\"|\" width=\"100%\" title=\"\" data-srcset=\"https:\/\/panelsandwich.org\/wp-content\/uploads\/2017\/12\/cms_FRIGO_comportamiento.JPG 1452w, https:\/\/panelsandwich.org\/wp-content\/uploads\/2017\/12\/cms_FRIGO_comportamiento-300x38.jpg 300w, https:\/\/panelsandwich.org\/wp-content\/uploads\/2017\/12\/cms_FRIGO_comportamiento-1024x128.jpg 1024w, https:\/\/panelsandwich.org\/wp-content\/uploads\/2017\/12\/cms_FRIGO_comportamiento-768x96.jpg 768w, https:\/\/panelsandwich.org\/wp-content\/uploads\/2017\/12\/cms_FRIGO_comportamiento-600x75.jpg 600w\" data-sizes=\"(max-width: 1452px) 100vw, 1452px\" src=\"data:image\/svg+xml;base64,PHN2ZyB3aWR0aD0iMSIgaGVpZ2h0PSIxIiB4bWxucz0iaHR0cDovL3d3dy53My5vcmcvMjAwMC9zdmciPjwvc3ZnPg==\" style=\"--smush-placeholder-width: 1452px; --smush-placeholder-aspect-ratio: 1452\/182;\" \/><\/strong><\/p>\n<\/div>\n\t\t\t\t\t\t\t\t\t<div class=\"elementor-tab-title elementor-tab-mobile-title\" aria-selected=\"false\" data-tab=\"2\" role=\"tab\" tabindex=\"-1\" aria-controls=\"elementor-tab-content-1142\" aria-expanded=\"false\">Tabela de cargas<\/div>\n\t\t\t\t\t<div id=\"elementor-tab-content-1142\" class=\"elementor-tab-content elementor-clearfix\" data-tab=\"2\" role=\"tabpanel\" aria-labelledby=\"elementor-tab-title-1142\" tabindex=\"0\" hidden=\"hidden\"><p><img decoding=\"async\" class=\"size-full wp-image-31318 lazyload\" data-src=\"https:\/\/panelsandwich.org\/wp-content\/uploads\/2017\/12\/cms_FRIGO_cargas1.JPG\" alt=\"|\" width=\"100%\" title=\"\" data-srcset=\"https:\/\/panelsandwich.org\/wp-content\/uploads\/2017\/12\/cms_FRIGO_cargas1.JPG 1457w, https:\/\/panelsandwich.org\/wp-content\/uploads\/2017\/12\/cms_FRIGO_cargas1-300x115.jpg 300w, https:\/\/panelsandwich.org\/wp-content\/uploads\/2017\/12\/cms_FRIGO_cargas1-1024x394.jpg 1024w, https:\/\/panelsandwich.org\/wp-content\/uploads\/2017\/12\/cms_FRIGO_cargas1-768x295.jpg 768w, https:\/\/panelsandwich.org\/wp-content\/uploads\/2017\/12\/cms_FRIGO_cargas1-600x231.jpg 600w\" data-sizes=\"(max-width: 1457px) 100vw, 1457px\" src=\"data:image\/svg+xml;base64,PHN2ZyB3aWR0aD0iMSIgaGVpZ2h0PSIxIiB4bWxucz0iaHR0cDovL3d3dy53My5vcmcvMjAwMC9zdmciPjwvc3ZnPg==\" style=\"--smush-placeholder-width: 1457px; --smush-placeholder-aspect-ratio: 1457\/560;\" \/><\/p>\n<p><img decoding=\"async\" class=\"size-full wp-image-31319 lazyload\" data-src=\"https:\/\/panelsandwich.org\/wp-content\/uploads\/2017\/12\/cms_FRIGO_cargas2.JPG\" alt=\"|\" width=\"100%\" title=\"\" data-srcset=\"https:\/\/panelsandwich.org\/wp-content\/uploads\/2017\/12\/cms_FRIGO_cargas2.JPG 1457w, https:\/\/panelsandwich.org\/wp-content\/uploads\/2017\/12\/cms_FRIGO_cargas2-300x110.jpg 300w, https:\/\/panelsandwich.org\/wp-content\/uploads\/2017\/12\/cms_FRIGO_cargas2-1024x375.jpg 1024w, https:\/\/panelsandwich.org\/wp-content\/uploads\/2017\/12\/cms_FRIGO_cargas2-768x281.jpg 768w, https:\/\/panelsandwich.org\/wp-content\/uploads\/2017\/12\/cms_FRIGO_cargas2-600x220.jpg 600w\" data-sizes=\"(max-width: 1457px) 100vw, 1457px\" src=\"data:image\/svg+xml;base64,PHN2ZyB3aWR0aD0iMSIgaGVpZ2h0PSIxIiB4bWxucz0iaHR0cDovL3d3dy53My5vcmcvMjAwMC9zdmciPjwvc3ZnPg==\" style=\"--smush-placeholder-width: 1457px; --smush-placeholder-aspect-ratio: 1457\/534;\" \/><\/p>\n<\/div>\n\t\t\t\t\t\t\t\t\t<div class=\"elementor-tab-title elementor-tab-mobile-title\" aria-selected=\"false\" data-tab=\"3\" role=\"tab\" tabindex=\"-1\" aria-controls=\"elementor-tab-content-1143\" aria-expanded=\"false\">Cores dispon\u00edveis<\/div>\n\t\t\t\t\t<div id=\"elementor-tab-content-1143\" class=\"elementor-tab-content elementor-clearfix\" data-tab=\"3\" role=\"tabpanel\" aria-labelledby=\"elementor-tab-title-1143\" tabindex=\"0\" hidden=\"hidden\"><h3>Gama de cores<\/h3>\n<p>As cores apresentadas no cat\u00e1logo correspondem aos nossos padr\u00f5es de forma t\u00e3o exacta quanto poss\u00edvel. No entanto, as pequenas altera\u00e7\u00f5es s\u00e3o inevit\u00e1veis, raz\u00e3o pela qual recomendamos que efectues sempre um teste de cor numa amostra real.<\/p>\n<p><img decoding=\"async\" class=\"aligncenter wp-image-31320 size-full lazyload\" data-src=\"https:\/\/panelsandwich.org\/wp-content\/uploads\/2017\/12\/cms_FRIGO_colores.JPG\" alt=\"|\" width=\"713\" height=\"709\" title=\"\" data-srcset=\"https:\/\/panelsandwich.org\/wp-content\/uploads\/2017\/12\/cms_FRIGO_colores.JPG 713w, https:\/\/panelsandwich.org\/wp-content\/uploads\/2017\/12\/cms_FRIGO_colores-100x100.jpg 100w, https:\/\/panelsandwich.org\/wp-content\/uploads\/2017\/12\/cms_FRIGO_colores-300x298.jpg 300w, https:\/\/panelsandwich.org\/wp-content\/uploads\/2017\/12\/cms_FRIGO_colores-150x150.jpg 150w, https:\/\/panelsandwich.org\/wp-content\/uploads\/2017\/12\/cms_FRIGO_colores-600x597.jpg 600w\" data-sizes=\"(max-width: 713px) 100vw, 713px\" src=\"data:image\/svg+xml;base64,PHN2ZyB3aWR0aD0iMSIgaGVpZ2h0PSIxIiB4bWxucz0iaHR0cDovL3d3dy53My5vcmcvMjAwMC9zdmciPjwvc3ZnPg==\" style=\"--smush-placeholder-width: 713px; --smush-placeholder-aspect-ratio: 713\/709;\" \/><\/p>\n<\/div>\n\t\t\t\t\t\t\t\t\t<div class=\"elementor-tab-title elementor-tab-mobile-title\" aria-selected=\"false\" data-tab=\"4\" role=\"tab\" tabindex=\"-1\" aria-controls=\"elementor-tab-content-1144\" aria-expanded=\"false\">Folhas de dados \/ Downloads<\/div>\n\t\t\t\t\t<div id=\"elementor-tab-content-1144\" class=\"elementor-tab-content elementor-clearfix\" data-tab=\"4\" role=\"tabpanel\" aria-labelledby=\"elementor-tab-title-1144\" tabindex=\"0\" hidden=\"hidden\"><p><a href=\"https:\/\/panelsandwich.org\/wp-content\/uploads\/2023\/11\/PanelSandwich-Frigorifico-Ficha-Tecnica.pdf\" target=\"_blank\" rel=\"noopener\"><button style=\"background-color: #ffa300; border-color: black; color: white;\" spellcheck=\"false\" data-lt-tmp-id=\"lt-827558\" data-gramm=\"false\">Descarrega a ficha t\u00e9cnica<\/button><\/a><\/p>\n<\/div>\n\t\t\t\t\t\t\t<\/div>\n\t\t<\/div>\n\t\t\t\t\t\t<\/div>\n\t\t\t\t<\/div>\n\t\t\t\t\t<\/div>\n\t\t<\/div>\n\t\t\t\t\t<\/div>\n\t\t<\/section>\n\t\t\t\t<\/div>\n\t\t","protected":false},"excerpt":{"rendered":"<p>PFR &#8211; Painel Sandu\u00edche Refrigerado. Salas de conserva\u00e7\u00e3o<\/p>\n<p style=\"text-align: center;\"><strong><span style=\"font-size: medium;\"><a class=\"w-100 btn btn-danger btn-lg\" href=\"https:\/\/panelsandwich.org\/contactenos\">SOLICITA PRE\u00c7OS E INFORMA\u00c7\u00d5ES T\u00c9CNICAS  <i class=\"caret-right\"><\/i><\/a><\/span><\/strong><\/p>\n","protected":false},"featured_media":60667,"comment_status":"closed","ping_status":"closed","template":"","meta":[],"product_brand":[],"product_cat":[3771],"product_tag":[3789,3790,3775,3787,3793,3784,3781,3792,3791,3794],"class_list":{"0":"post-60640","1":"product","2":"type-product","3":"status-publish","4":"has-post-thumbnail","6":"product_cat-painel-sanduiche-para-frigorifico","7":"product_tag-camaras-frigorificas-pt-pt","8":"product_tag-frigorificos","9":"product_tag-paineis-em-sanduiche","10":"product_tag-paineis-para-armarios","11":"product_tag-painel-da-camara-frigorifica","12":"product_tag-painel-de-fachada","13":"product_tag-painel-de-parede","14":"product_tag-painel-do-frigorifico-pt-pt","15":"product_tag-painel-do-frigorifico","16":"product_tag-painel-para-camaras","17":"pa_colorexterior-branco-pirineu-ral-9010","18":"pa_colorinterior-branco-pirineu-ral-9010","19":"pa_espesorespuma-40-mm-pt-pt","20":"pa_espesorespuma-50-mm-pt-pt-3","21":"pa_espesorespuma-60-mm-pt-pt-2","22":"pa_espesorespuma-80-mm-pt-pt","23":"pa_tipoaislamiento-espuma-de-poliuretano-c-s3-d0","24":"pa_tipoaislamiento-espuma-pir-b-s2-d0-pt-pt","25":"pa_tipoaislamiento-espuma-pir-hi-b-s1-d0-pt-pt","27":"first","28":"outofstock","29":"taxable","30":"shipping-taxable","31":"purchasable","32":"product-type-variable","33":"has-default-attributes"},"_links":{"self":[{"href":"https:\/\/panelsandwich.org\/pt-pt\/wp-json\/wp\/v2\/product\/60640","targetHints":{"allow":["GET"]}}],"collection":[{"href":"https:\/\/panelsandwich.org\/pt-pt\/wp-json\/wp\/v2\/product"}],"about":[{"href":"https:\/\/panelsandwich.org\/pt-pt\/wp-json\/wp\/v2\/types\/product"}],"replies":[{"embeddable":true,"href":"https:\/\/panelsandwich.org\/pt-pt\/wp-json\/wp\/v2\/comments?post=60640"}],"version-history":[{"count":0,"href":"https:\/\/panelsandwich.org\/pt-pt\/wp-json\/wp\/v2\/product\/60640\/revisions"}],"wp:featuredmedia":[{"embeddable":true,"href":"https:\/\/panelsandwich.org\/pt-pt\/wp-json\/wp\/v2\/media\/60667"}],"wp:attachment":[{"href":"https:\/\/panelsandwich.org\/pt-pt\/wp-json\/wp\/v2\/media?parent=60640"}],"wp:term":[{"taxonomy":"product_brand","embeddable":true,"href":"https:\/\/panelsandwich.org\/pt-pt\/wp-json\/wp\/v2\/product_brand?post=60640"},{"taxonomy":"product_cat","embeddable":true,"href":"https:\/\/panelsandwich.org\/pt-pt\/wp-json\/wp\/v2\/product_cat?post=60640"},{"taxonomy":"product_tag","embeddable":true,"href":"https:\/\/panelsandwich.org\/pt-pt\/wp-json\/wp\/v2\/product_tag?post=60640"}],"curies":[{"name":"wp","href":"https:\/\/api.w.org\/{rel}","templated":true}]}}