{"id":62248,"date":"2023-09-28T23:16:13","date_gmt":"2023-09-28T21:16:13","guid":{"rendered":"https:\/\/panelsandwich.org\/painel-sanduiche-agropanel-3-grecas\/"},"modified":"2026-01-15T06:31:52","modified_gmt":"2026-01-15T05:31:52","slug":"painel-sanduiche-agropanel-3-grecas","status":"publish","type":"product","link":"https:\/\/panelsandwich.org\/pt-pt\/painel-sanduiche-agropanel-3-grecas\/","title":{"rendered":"Painel Sandu\u00edche Agropanel &#8211; 3 Grecas"},"content":{"rendered":"\t\t<div data-elementor-type=\"product-post\" data-elementor-id=\"62248\" class=\"elementor elementor-62248 elementor-31377\" data-elementor-post-type=\"product\">\n\t\t\t\t\t\t<section class=\"elementor-section elementor-top-section elementor-element elementor-element-e1e9bd3 elementor-section-boxed elementor-section-height-default elementor-section-height-default\" data-id=\"e1e9bd3\" data-element_type=\"section\" data-e-type=\"section\" data-settings=\"{&quot;jet_parallax_layout_list&quot;:[]}\">\n\t\t\t\t\t\t<div class=\"elementor-container elementor-column-gap-default\">\n\t\t\t\t\t<div class=\"elementor-column elementor-col-100 elementor-top-column elementor-element elementor-element-990a391\" data-id=\"990a391\" data-element_type=\"column\" data-e-type=\"column\">\n\t\t\t<div class=\"elementor-widget-wrap elementor-element-populated\">\n\t\t\t\t\t\t<div class=\"elementor-element elementor-element-44938a5f elementor-widget elementor-widget-heading\" data-id=\"44938a5f\" data-element_type=\"widget\" data-e-type=\"widget\" data-widget_type=\"heading.default\">\n\t\t\t\t<div class=\"elementor-widget-container\">\n\t\t\t\t\t<h2 class=\"elementor-heading-title elementor-size-default\"><h2>Agropanel - 3 Grecas\n<\/h2><\/h2>\t\t\t\t<\/div>\n\t\t\t\t<\/div>\n\t\t\t\t<div class=\"elementor-element elementor-element-659cf1e5 elementor-widget elementor-widget-text-editor\" data-id=\"659cf1e5\" data-element_type=\"widget\" data-e-type=\"widget\" data-widget_type=\"text-editor.default\">\n\t\t\t\t<div class=\"elementor-widget-container\">\n\t\t\t\t\t\t\t\t\tPainel isolante composto por duas chapas met\u00e1licas em perfis, unidas por um n\u00facleo isolante de espuma r\u00edgida de poliuretano. Painel de cobertura de 3 abas para instala\u00e7\u00f5es agr\u00edcolas e pecu\u00e1rias, com face exterior em chapa perfilada e face interior em chapa de resina de poli\u00e9ster, refor\u00e7ada com fibra de vidro, resistente \u00e0 corros\u00e3o bioqu\u00edmica.\t\t\t\t\t\t\t\t<\/div>\n\t\t\t\t<\/div>\n\t\t\t\t<div class=\"elementor-element elementor-element-36fc7bbc elementor-tabs-view-horizontal elementor-widget elementor-widget-tabs\" data-id=\"36fc7bbc\" data-element_type=\"widget\" data-e-type=\"widget\" data-widget_type=\"tabs.default\">\n\t\t\t\t<div class=\"elementor-widget-container\">\n\t\t\t\t\t\t\t<div class=\"elementor-tabs\">\n\t\t\t<div class=\"elementor-tabs-wrapper\" role=\"tablist\" >\n\t\t\t\t\t\t\t\t\t<div id=\"elementor-tab-title-9221\" class=\"elementor-tab-title elementor-tab-desktop-title\" aria-selected=\"true\" data-tab=\"1\" role=\"tab\" tabindex=\"0\" aria-controls=\"elementor-tab-content-9221\" aria-expanded=\"false\">Descri\u00e7\u00e3o\/Aplica\u00e7\u00e3o<\/div>\n\t\t\t\t\t\t\t\t\t<div id=\"elementor-tab-title-9222\" class=\"elementor-tab-title elementor-tab-desktop-title\" aria-selected=\"false\" data-tab=\"2\" role=\"tab\" tabindex=\"-1\" aria-controls=\"elementor-tab-content-9222\" aria-expanded=\"false\">Tabela de cargas<\/div>\n\t\t\t\t\t\t\t\t\t<div id=\"elementor-tab-title-9223\" class=\"elementor-tab-title elementor-tab-desktop-title\" aria-selected=\"false\" data-tab=\"3\" role=\"tab\" tabindex=\"-1\" aria-controls=\"elementor-tab-content-9223\" aria-expanded=\"false\">Cores dispon\u00edveis<\/div>\n\t\t\t\t\t\t\t\t\t<div id=\"elementor-tab-title-9224\" class=\"elementor-tab-title elementor-tab-desktop-title\" aria-selected=\"false\" data-tab=\"4\" role=\"tab\" tabindex=\"-1\" aria-controls=\"elementor-tab-content-9224\" aria-expanded=\"false\">Folhas de dados \/ Downloads<\/div>\n\t\t\t\t\t\t\t<\/div>\n\t\t\t<div class=\"elementor-tabs-content-wrapper\" role=\"tablist\" aria-orientation=\"vertical\">\n\t\t\t\t\t\t\t\t\t<div class=\"elementor-tab-title elementor-tab-mobile-title\" aria-selected=\"true\" data-tab=\"1\" role=\"tab\" tabindex=\"0\" aria-controls=\"elementor-tab-content-9221\" aria-expanded=\"false\">Descri\u00e7\u00e3o\/Aplica\u00e7\u00e3o<\/div>\n\t\t\t\t\t<div id=\"elementor-tab-content-9221\" class=\"elementor-tab-content elementor-clearfix\" data-tab=\"1\" role=\"tabpanel\" aria-labelledby=\"elementor-tab-title-9221\" tabindex=\"0\" hidden=\"false\"><h3 style=\"font-weight: 500;\">Aplica-te:<\/h3>\n<p style=\"font-weight: 400;\">Cobertura de instala\u00e7\u00f5es agr\u00edcolas ou de instala\u00e7\u00f5es expostas a ambientes corrosivos.<\/p>\n<p style=\"font-weight: 400;\">&nbsp;S\u00e3o concebidos para utiliza\u00e7\u00e3o em telhados inclinados geralmente aplicados em explora\u00e7\u00f5es agr\u00edcolas (exceto explora\u00e7\u00f5es de su\u00ednos, onde recomendamos a instala\u00e7\u00e3o do nosso produto SPM) com uma inclina\u00e7\u00e3o m\u00ednima de 5% em telhados n\u00e3o sobrepostos e de 7% em telhados sobrepostos. O comprimento m\u00e1ximo recomendado para este produto \u00e9 de 15.000 mm, com uma largura \u00fatil de 1.000 mm.<\/p>\n<h3 style=\"font-weight: 500;\">Tipo de uni\u00e3o:<\/h3>\n<p style=\"font-weight: 400;\">Uni\u00e3o: Parafuso Visto<\/p>\n<p style=\"font-weight: 400;\">&nbsp;Parafusos: Parafuso com anilha<\/p>\n<p style=\"font-weight: 400;\"><img fetchpriority=\"high\" decoding=\"async\" class=\"alignnone wp-image-33005 size-medium\" src=\"https:\/\/panelsandwich.org\/wp-content\/uploads\/2018\/12\/cms_union-greca-union-greca.png-300x300.png\" alt=\"union greca.png\" width=\"300\" height=\"300\" title=\"\" srcset=\"https:\/\/panelsandwich.org\/wp-content\/uploads\/2018\/12\/cms_union-greca-union-greca.png-300x300.png 300w, https:\/\/panelsandwich.org\/wp-content\/uploads\/2018\/12\/cms_union-greca-union-greca.png-100x100.png 100w, https:\/\/panelsandwich.org\/wp-content\/uploads\/2018\/12\/cms_union-greca-union-greca.png-150x150.png 150w, https:\/\/panelsandwich.org\/wp-content\/uploads\/2018\/12\/cms_union-greca-union-greca.png.png 378w\" sizes=\"(max-width: 300px) 100vw, 300px\" \/><\/p>\n<h3 style=\"font-weight: 500;\">Vantagens<\/h3>\n<p style=\"font-weight: 400;\">O sistema de fixa\u00e7\u00e3o vis\u00edvel permite uma montagem r\u00e1pida e garante a estanquidade \u00e0 \u00e1gua da chuva. A pel\u00edcula interna de poli\u00e9ster \u00e9 altamente resistente ao ataque de microrganismos, bact\u00e9rias, vapores e condensa\u00e7\u00e3o de \u00e1cidos org\u00e2nicos presentes nas explora\u00e7\u00f5es agr\u00edcolas.<\/p>\n<h3 style=\"font-weight: 500;\">Dimens\u00f5es:<\/h3>\n<p style=\"font-weight: 400;\">Espessuras: 30-40-50-60-80-100 mm.<br \/>Largura: 1000 mm<br \/>Comprimento: 2,00 &#8211; 18,00 m<\/p>\n<p style=\"font-weight: 400;\"><img decoding=\"async\" class=\"alignnone wp-image-36925 size-full lazyload\" data-src=\"https:\/\/panelsandwich.org\/wp-content\/uploads\/2023\/11\/Captura-6.jpg\" alt=\"|\" width=\"1331\" height=\"252\" title=\"\" data-srcset=\"https:\/\/panelsandwich.org\/wp-content\/uploads\/2023\/11\/Captura-6.jpg 1331w, https:\/\/panelsandwich.org\/wp-content\/uploads\/2023\/11\/Captura-6-300x57.jpg 300w, https:\/\/panelsandwich.org\/wp-content\/uploads\/2023\/11\/Captura-6-1024x194.jpg 1024w, https:\/\/panelsandwich.org\/wp-content\/uploads\/2023\/11\/Captura-6-768x145.jpg 768w\" data-sizes=\"(max-width: 1331px) 100vw, 1331px\" src=\"data:image\/svg+xml;base64,PHN2ZyB3aWR0aD0iMSIgaGVpZ2h0PSIxIiB4bWxucz0iaHR0cDovL3d3dy53My5vcmcvMjAwMC9zdmciPjwvc3ZnPg==\" style=\"--smush-placeholder-width: 1331px; --smush-placeholder-aspect-ratio: 1331\/252;\" \/><\/p>\n<h3 style=\"font-weight: 500;\">Suporte met\u00e1lico:<\/h3>\n<p style=\"font-weight: 400;\">N\u00facleo em chapa de a\u00e7o de qualidade S250GD: EN 10346<\/p>\n<p style=\"font-weight: 400;\">Bobinas lacadas com revestimento org\u00e2nico: EN 10169+A1.<\/p>\n<p style=\"font-weight: 400;\">Espessura: 0,4-0,5-0,6 mm<\/p>\n<h3 style=\"font-weight: 500;\">N\u00facleo isolante:<\/h3>\n<p style=\"font-weight: 400;\">Poliuretano (PUR)<br \/>Condutividade t\u00e9rmica: 0,022 W\/mK<br \/>Densidade: 40 kg\/m3.<\/p>\n<h3 style=\"font-weight: 500;\">Revestimento:<\/h3>\n<p style=\"font-weight: 400;\">Standard: Tinta de poli\u00e9ster 25 \u00b5m <br \/><span style=\"color: var( --e-global-color-text ); font-family: var( --e-global-typography-text-font-family ), Sans-serif; font-size: 1rem;\">Especial: Granito HDX 55 \u00b5m | PVDF 35 \u00b5m.<br \/><\/span><span style=\"color: var( --e-global-color-text ); font-family: var( --e-global-typography-text-font-family ), Sans-serif; font-size: 1rem;\">Folha de poli\u00e9ster com fibra de vidro no interior.<\/span><\/p>\n<\/div>\n\t\t\t\t\t\t\t\t\t<div class=\"elementor-tab-title elementor-tab-mobile-title\" aria-selected=\"false\" data-tab=\"2\" role=\"tab\" tabindex=\"-1\" aria-controls=\"elementor-tab-content-9222\" aria-expanded=\"false\">Tabela de cargas<\/div>\n\t\t\t\t\t<div id=\"elementor-tab-content-9222\" class=\"elementor-tab-content elementor-clearfix\" data-tab=\"2\" role=\"tabpanel\" aria-labelledby=\"elementor-tab-title-9222\" tabindex=\"0\" hidden=\"hidden\"><p><img decoding=\"async\" class=\"alignnone wp-image-36926 size-full lazyload\" data-src=\"https:\/\/panelsandwich.org\/wp-content\/uploads\/2023\/11\/Captura-7.jpg\" alt=\"|\" width=\"1291\" height=\"798\" title=\"\" data-srcset=\"https:\/\/panelsandwich.org\/wp-content\/uploads\/2023\/11\/Captura-7.jpg 1291w, https:\/\/panelsandwich.org\/wp-content\/uploads\/2023\/11\/Captura-7-300x185.jpg 300w, https:\/\/panelsandwich.org\/wp-content\/uploads\/2023\/11\/Captura-7-1024x633.jpg 1024w, https:\/\/panelsandwich.org\/wp-content\/uploads\/2023\/11\/Captura-7-768x475.jpg 768w\" data-sizes=\"(max-width: 1291px) 100vw, 1291px\" src=\"data:image\/svg+xml;base64,PHN2ZyB3aWR0aD0iMSIgaGVpZ2h0PSIxIiB4bWxucz0iaHR0cDovL3d3dy53My5vcmcvMjAwMC9zdmciPjwvc3ZnPg==\" style=\"--smush-placeholder-width: 1291px; --smush-placeholder-aspect-ratio: 1291\/798;\" \/><\/p>\n<\/div>\n\t\t\t\t\t\t\t\t\t<div class=\"elementor-tab-title elementor-tab-mobile-title\" aria-selected=\"false\" data-tab=\"3\" role=\"tab\" tabindex=\"-1\" aria-controls=\"elementor-tab-content-9223\" aria-expanded=\"false\">Cores dispon\u00edveis<\/div>\n\t\t\t\t\t<div id=\"elementor-tab-content-9223\" class=\"elementor-tab-content elementor-clearfix\" data-tab=\"3\" role=\"tabpanel\" aria-labelledby=\"elementor-tab-title-9223\" tabindex=\"0\" hidden=\"hidden\"><p><img decoding=\"async\" class=\"aligncenter wp-image-33292 size-full lazyload\" data-src=\"https:\/\/panelsandwich.org\/wp-content\/uploads\/2021\/10\/cms_CUBIERTA_4-GRECAS_colores.JPG\" alt=\"|\" width=\"830\" height=\"819\" title=\"\" data-srcset=\"https:\/\/panelsandwich.org\/wp-content\/uploads\/2021\/10\/cms_CUBIERTA_4-GRECAS_colores.JPG 830w, https:\/\/panelsandwich.org\/wp-content\/uploads\/2021\/10\/cms_CUBIERTA_4-GRECAS_colores-100x100.jpg 100w, https:\/\/panelsandwich.org\/wp-content\/uploads\/2021\/10\/cms_CUBIERTA_4-GRECAS_colores-300x296.jpg 300w, https:\/\/panelsandwich.org\/wp-content\/uploads\/2021\/10\/cms_CUBIERTA_4-GRECAS_colores-768x758.jpg 768w, https:\/\/panelsandwich.org\/wp-content\/uploads\/2021\/10\/cms_CUBIERTA_4-GRECAS_colores-600x592.jpg 600w\" data-sizes=\"(max-width: 830px) 100vw, 830px\" src=\"data:image\/svg+xml;base64,PHN2ZyB3aWR0aD0iMSIgaGVpZ2h0PSIxIiB4bWxucz0iaHR0cDovL3d3dy53My5vcmcvMjAwMC9zdmciPjwvc3ZnPg==\" style=\"--smush-placeholder-width: 830px; --smush-placeholder-aspect-ratio: 830\/819;\" \/><\/p>\n<\/div>\n\t\t\t\t\t\t\t\t\t<div class=\"elementor-tab-title elementor-tab-mobile-title\" aria-selected=\"false\" data-tab=\"4\" role=\"tab\" tabindex=\"-1\" aria-controls=\"elementor-tab-content-9224\" aria-expanded=\"false\">Folhas de dados \/ Downloads<\/div>\n\t\t\t\t\t<div id=\"elementor-tab-content-9224\" class=\"elementor-tab-content elementor-clearfix\" data-tab=\"4\" role=\"tabpanel\" aria-labelledby=\"elementor-tab-title-9224\" tabindex=\"0\" hidden=\"hidden\"><p><a href=\"https:\/\/panelsandwich.org\/wp-content\/uploads\/2023\/11\/PanelSandwich-Agropanel-3G.pdf\" target=\"_blank\" rel=\"noopener\"><button style=\"background-color: #ffa300; border-color: black; color: white;\" spellcheck=\"false\" data-lt-tmp-id=\"lt-827558\" data-gramm=\"false\">Descarrega a ficha t\u00e9cnica<\/button><\/a><\/p>\n<p><a href=\"https:\/\/panelsandwich.org\/wp-content\/uploads\/2023\/11\/Carta-de-Colores-PanelSandwich.ORG_.pdf\" target=\"_blank\" rel=\"noopener\"><button style=\"background-color: #ffa300; border-color: black; color: white;\" spellcheck=\"false\" data-lt-tmp-id=\"lt-827558\" data-gramm=\"false\">Tabela de cores<\/button><\/a><\/p>\n<\/div>\n\t\t\t\t\t\t\t<\/div>\n\t\t<\/div>\n\t\t\t\t\t\t<\/div>\n\t\t\t\t<\/div>\n\t\t\t\t\t<\/div>\n\t\t<\/div>\n\t\t\t\t\t<\/div>\n\t\t<\/section>\n\t\t\t\t<\/div>\n\t\t","protected":false},"excerpt":{"rendered":"<p>P3A- Painel Sandu\u00edche Agropanel. 3 Grecas<\/p>\n<p style=\"text-align: center;\"><strong><span style=\"font-size: medium;\"><a class=\"w-100 btn btn-danger btn-lg\" href=\"https:\/\/panelsandwich.org\/contactenos\">SOLICITA PRE\u00c7OS E INFORMA\u00c7\u00d5ES T\u00c9CNICAS  <i class=\"caret-right\"><\/i><\/a><\/span><\/strong><\/p>\n","protected":false},"featured_media":62259,"comment_status":"closed","ping_status":"closed","template":"","meta":[],"product_brand":[],"product_cat":[3824],"product_tag":[3763,3774,3810,3755,3756,3764,3765,3766,3758,3754,3812,3769,3753,3811,3761,3773],"class_list":{"0":"post-62248","1":"product","2":"type-product","3":"status-publish","4":"has-post-thumbnail","6":"product_cat-painel-sanduiche-para-fazendas-agropanel","7":"product_tag-agropanel-pt-pt-2","8":"product_tag-claraboias","9":"product_tag-cobertura-em-painel-sanduiche","10":"product_tag-cobre","11":"product_tag-fachada-pt-pt","12":"product_tag-fazendas","13":"product_tag-frigorifico-pt-pt","14":"product_tag-la-de-rocha","15":"product_tag-ocasiao","16":"product_tag-painel-de-azulejos","17":"product_tag-painel-de-azulejos-envelhecidos","18":"product_tag-painel-de-madeira","19":"product_tag-painel-sanduiche","20":"product_tag-painel-sanduiche-para-fachada","21":"product_tag-preco-pt-pt","22":"product_tag-remateria-pt-pt-2","23":"pa_colorexterior-azul-genciana-ral-5010-pt-pt","24":"pa_colorexterior-branco-pirineu-ral-9010","25":"pa_colorexterior-cinzento-antracite-ral-7016","26":"pa_colorexterior-cinzento-ardosia-ral-7024","27":"pa_colorexterior-cinzento-metalizado-ral-9006","28":"pa_colorexterior-cinzento-sombra-ral-7022","29":"pa_colorexterior-creme-bidasoa-ral-1015-pt-pt","30":"pa_colorexterior-preto-ral-9004","31":"pa_colorexterior-verde-navarra-ral-6005","32":"pa_colorexterior-vermelho-ral-3009","33":"pa_colorinterior-branco-chapas-de-poliester-e-fibra-de-vidro","34":"pa_espesorespuma-100-mm-pt-pt","35":"pa_espesorespuma-30-mm-pt-pt-2","36":"pa_espesorespuma-40-mm-pt-pt","37":"pa_espesorespuma-50-mm-pt-pt-3","38":"pa_espesorespuma-60-mm-pt-pt-2","39":"pa_espesorespuma-80-mm-pt-pt","40":"pa_tipoaislamiento-espuma-de-poliuretano-c-s3-d0","41":"pa_tipoaislamiento-espuma-pir-b-s2-d0-pt-pt","42":"pa_tipoaislamiento-espuma-pir-hi-b-s1-d0-pt-pt","44":"first","45":"outofstock","46":"taxable","47":"shipping-taxable","48":"purchasable","49":"product-type-variable","50":"has-default-attributes"},"_links":{"self":[{"href":"https:\/\/panelsandwich.org\/pt-pt\/wp-json\/wp\/v2\/product\/62248","targetHints":{"allow":["GET"]}}],"collection":[{"href":"https:\/\/panelsandwich.org\/pt-pt\/wp-json\/wp\/v2\/product"}],"about":[{"href":"https:\/\/panelsandwich.org\/pt-pt\/wp-json\/wp\/v2\/types\/product"}],"replies":[{"embeddable":true,"href":"https:\/\/panelsandwich.org\/pt-pt\/wp-json\/wp\/v2\/comments?post=62248"}],"version-history":[{"count":0,"href":"https:\/\/panelsandwich.org\/pt-pt\/wp-json\/wp\/v2\/product\/62248\/revisions"}],"wp:featuredmedia":[{"embeddable":true,"href":"https:\/\/panelsandwich.org\/pt-pt\/wp-json\/wp\/v2\/media\/62259"}],"wp:attachment":[{"href":"https:\/\/panelsandwich.org\/pt-pt\/wp-json\/wp\/v2\/media?parent=62248"}],"wp:term":[{"taxonomy":"product_brand","embeddable":true,"href":"https:\/\/panelsandwich.org\/pt-pt\/wp-json\/wp\/v2\/product_brand?post=62248"},{"taxonomy":"product_cat","embeddable":true,"href":"https:\/\/panelsandwich.org\/pt-pt\/wp-json\/wp\/v2\/product_cat?post=62248"},{"taxonomy":"product_tag","embeddable":true,"href":"https:\/\/panelsandwich.org\/pt-pt\/wp-json\/wp\/v2\/product_tag?post=62248"}],"curies":[{"name":"wp","href":"https:\/\/api.w.org\/{rel}","templated":true}]}}