{"id":62339,"date":"2023-09-28T23:16:13","date_gmt":"2023-09-28T21:16:13","guid":{"rendered":"https:\/\/panelsandwich.org\/painel-sanduiche-agropanel-3-ranhuras-para-flashing\/"},"modified":"2025-11-21T08:28:32","modified_gmt":"2025-11-21T07:28:32","slug":"painel-sanduiche-agropanel-3-ranhuras-para-flashing","status":"publish","type":"product","link":"https:\/\/panelsandwich.org\/pt-pt\/painel-sanduiche-agropanel-3-ranhuras-para-flashing\/","title":{"rendered":"Painel Sandu\u00edche Agropanel &#8211; 3 Ranhuras para Flashing"},"content":{"rendered":"\t\t<div data-elementor-type=\"product-post\" data-elementor-id=\"62339\" class=\"elementor elementor-62339 elementor-31432\" data-elementor-post-type=\"product\">\n\t\t\t\t\t\t<section class=\"elementor-section elementor-top-section elementor-element elementor-element-6467db89 elementor-section-boxed elementor-section-height-default elementor-section-height-default\" data-id=\"6467db89\" data-element_type=\"section\" data-e-type=\"section\" data-settings=\"{&quot;jet_parallax_layout_list&quot;:[]}\">\n\t\t\t\t\t\t<div class=\"elementor-container elementor-column-gap-default\">\n\t\t\t\t\t<div class=\"elementor-column elementor-col-100 elementor-top-column elementor-element elementor-element-1ec172d1\" data-id=\"1ec172d1\" data-element_type=\"column\" data-e-type=\"column\">\n\t\t\t<div class=\"elementor-widget-wrap elementor-element-populated\">\n\t\t\t\t\t\t<div class=\"elementor-element elementor-element-6558f0d3 elementor-widget elementor-widget-heading\" data-id=\"6558f0d3\" data-element_type=\"widget\" data-e-type=\"widget\" data-widget_type=\"heading.default\">\n\t\t\t\t<div class=\"elementor-widget-container\">\n\t\t\t\t\t<h2 class=\"elementor-heading-title elementor-size-default\"><h2>Agropanel - 3 Flanges\n<\/h2><\/h2>\t\t\t\t<\/div>\n\t\t\t\t<\/div>\n\t\t\t\t<div class=\"elementor-element elementor-element-79d27cac elementor-widget elementor-widget-text-editor\" data-id=\"79d27cac\" data-element_type=\"widget\" data-e-type=\"widget\" data-widget_type=\"text-editor.default\">\n\t\t\t\t<div class=\"elementor-widget-container\">\n\t\t\t\t\t\t\t\t\t<p>Painel de cobertura com rufo para instala\u00e7\u00f5es agr\u00edcolas, com uma face exterior de chapa perfilada e uma face interior de chapa de resina de poli\u00e9ster, refor\u00e7ada com fibra de vidro, resistente \u00e0 corros\u00e3o em ambientes corrosivos como quintas e empresas qu\u00edmicas. Os pain\u00e9is sandu\u00edche autoportantes s\u00e3o compostos por uma chapa de a\u00e7o no exterior, uma chapa de poli\u00e9ster no interior e um n\u00facleo de espuma de poliuretano com elevado isolamento t\u00e9rmico.<\/p>\t\t\t\t\t\t\t\t<\/div>\n\t\t\t\t<\/div>\n\t\t\t\t<div class=\"elementor-element elementor-element-7625b0bf elementor-tabs-view-horizontal elementor-widget elementor-widget-tabs\" data-id=\"7625b0bf\" data-element_type=\"widget\" data-e-type=\"widget\" data-widget_type=\"tabs.default\">\n\t\t\t\t<div class=\"elementor-widget-container\">\n\t\t\t\t\t\t\t<div class=\"elementor-tabs\">\n\t\t\t<div class=\"elementor-tabs-wrapper\" role=\"tablist\" >\n\t\t\t\t\t\t\t\t\t<div id=\"elementor-tab-title-1981\" class=\"elementor-tab-title elementor-tab-desktop-title\" aria-selected=\"true\" data-tab=\"1\" role=\"tab\" tabindex=\"0\" aria-controls=\"elementor-tab-content-1981\" aria-expanded=\"false\">Descri\u00e7\u00e3o\/Aplica\u00e7\u00e3o<\/div>\n\t\t\t\t\t\t\t\t\t<div id=\"elementor-tab-title-1982\" class=\"elementor-tab-title elementor-tab-desktop-title\" aria-selected=\"false\" data-tab=\"2\" role=\"tab\" tabindex=\"-1\" aria-controls=\"elementor-tab-content-1982\" aria-expanded=\"false\">Tabela de cargas<\/div>\n\t\t\t\t\t\t\t\t\t<div id=\"elementor-tab-title-1983\" class=\"elementor-tab-title elementor-tab-desktop-title\" aria-selected=\"false\" data-tab=\"3\" role=\"tab\" tabindex=\"-1\" aria-controls=\"elementor-tab-content-1983\" aria-expanded=\"false\">Cores dispon\u00edveis<\/div>\n\t\t\t\t\t\t\t\t\t<div id=\"elementor-tab-title-1984\" class=\"elementor-tab-title elementor-tab-desktop-title\" aria-selected=\"false\" data-tab=\"4\" role=\"tab\" tabindex=\"-1\" aria-controls=\"elementor-tab-content-1984\" aria-expanded=\"false\">Folhas de dados \/ Downloads<\/div>\n\t\t\t\t\t\t\t<\/div>\n\t\t\t<div class=\"elementor-tabs-content-wrapper\" role=\"tablist\" aria-orientation=\"vertical\">\n\t\t\t\t\t\t\t\t\t<div class=\"elementor-tab-title elementor-tab-mobile-title\" aria-selected=\"true\" data-tab=\"1\" role=\"tab\" tabindex=\"0\" aria-controls=\"elementor-tab-content-1981\" aria-expanded=\"false\">Descri\u00e7\u00e3o\/Aplica\u00e7\u00e3o<\/div>\n\t\t\t\t\t<div id=\"elementor-tab-content-1981\" class=\"elementor-tab-content elementor-clearfix\" data-tab=\"1\" role=\"tabpanel\" aria-labelledby=\"elementor-tab-title-1981\" tabindex=\"0\" hidden=\"false\"><h3>Aplica-te:<\/h3>\n<p>Cobertura de instala\u00e7\u00f5es agr\u00edcolas ou de instala\u00e7\u00f5es expostas a ambientes corrosivos.<\/p>\n<h3>Tipo de uni\u00e3o:<\/h3>\n<p>Junta: oculta com um revestimento. O parafuso est\u00e1 escondido na tampa da extremidade. Parafusos: Parafuso sem anilha<\/p>\n<p><img decoding=\"async\" class=\"size-full wp-image-31429 lazyload\" data-src=\"https:\/\/panelsandwich.org\/wp-content\/uploads\/2018\/01\/cms_AGROPANEL_TAPAJUNTAS_union.jpg\" alt=\"|\" width=\"50%\" title=\"\" data-srcset=\"https:\/\/panelsandwich.org\/wp-content\/uploads\/2018\/01\/cms_AGROPANEL_TAPAJUNTAS_union.jpg 567w, https:\/\/panelsandwich.org\/wp-content\/uploads\/2018\/01\/cms_AGROPANEL_TAPAJUNTAS_union-300x107.jpg 300w\" data-sizes=\"(max-width: 567px) 100vw, 567px\" src=\"data:image\/svg+xml;base64,PHN2ZyB3aWR0aD0iMSIgaGVpZ2h0PSIxIiB4bWxucz0iaHR0cDovL3d3dy53My5vcmcvMjAwMC9zdmciPjwvc3ZnPg==\" style=\"--smush-placeholder-width: 567px; --smush-placeholder-aspect-ratio: 567\/202;\" \/><\/p>\n<h3>Vantagens<\/h3>\n<p>O sistema de revestimento oculta o sistema de fixa\u00e7\u00e3o dupla e oferece todas as garantias de estanquidade \u00e0 \u00e1gua da chuva. A pel\u00edcula interna de poli\u00e9ster \u00e9 altamente resistente ao ataque de microrganismos, bact\u00e9rias, vapores e condensa\u00e7\u00e3o de \u00e1cidos org\u00e2nicos presentes nas explora\u00e7\u00f5es agr\u00edcolas.<\/p>\n<p>Rea\u00e7\u00e3o ao fogo<\/p>\n<p>Classifica\u00e7\u00e3o F, de acordo com a norma UNE-EN 13501-1:2007+A1:2010. N\u00e3o utiliza CFC.<\/p>\n<\/p>\n<h3>Sec\u00e7\u00e3o do painel<\/h3>\n<p><img fetchpriority=\"high\" decoding=\"async\" class=\"alignnone wp-image-36913 size-full\" src=\"https:\/\/panelsandwich.org\/wp-content\/uploads\/2023\/11\/Captura-3.jpg\" alt=\"|\" width=\"1086\" height=\"523\" title=\"\" srcset=\"https:\/\/panelsandwich.org\/wp-content\/uploads\/2023\/11\/Captura-3.jpg 1086w, https:\/\/panelsandwich.org\/wp-content\/uploads\/2023\/11\/Captura-3-300x144.jpg 300w, https:\/\/panelsandwich.org\/wp-content\/uploads\/2023\/11\/Captura-3-1024x493.jpg 1024w, https:\/\/panelsandwich.org\/wp-content\/uploads\/2023\/11\/Captura-3-768x370.jpg 768w\" sizes=\"(max-width: 1086px) 100vw, 1086px\" \/><\/p>\n<\/div>\n\t\t\t\t\t\t\t\t\t<div class=\"elementor-tab-title elementor-tab-mobile-title\" aria-selected=\"false\" data-tab=\"2\" role=\"tab\" tabindex=\"-1\" aria-controls=\"elementor-tab-content-1982\" aria-expanded=\"false\">Tabela de cargas<\/div>\n\t\t\t\t\t<div id=\"elementor-tab-content-1982\" class=\"elementor-tab-content elementor-clearfix\" data-tab=\"2\" role=\"tabpanel\" aria-labelledby=\"elementor-tab-title-1982\" tabindex=\"0\" hidden=\"hidden\"><p><img decoding=\"async\" class=\"alignnone wp-image-36914 size-full lazyload\" data-src=\"https:\/\/panelsandwich.org\/wp-content\/uploads\/2023\/11\/Captura-4.jpg\" alt=\"|\" width=\"1271\" height=\"526\" title=\"\" data-srcset=\"https:\/\/panelsandwich.org\/wp-content\/uploads\/2023\/11\/Captura-4.jpg 1271w, https:\/\/panelsandwich.org\/wp-content\/uploads\/2023\/11\/Captura-4-300x124.jpg 300w, https:\/\/panelsandwich.org\/wp-content\/uploads\/2023\/11\/Captura-4-1024x424.jpg 1024w, https:\/\/panelsandwich.org\/wp-content\/uploads\/2023\/11\/Captura-4-768x318.jpg 768w\" data-sizes=\"(max-width: 1271px) 100vw, 1271px\" src=\"data:image\/svg+xml;base64,PHN2ZyB3aWR0aD0iMSIgaGVpZ2h0PSIxIiB4bWxucz0iaHR0cDovL3d3dy53My5vcmcvMjAwMC9zdmciPjwvc3ZnPg==\" style=\"--smush-placeholder-width: 1271px; --smush-placeholder-aspect-ratio: 1271\/526;\" \/><\/p>\n<\/div>\n\t\t\t\t\t\t\t\t\t<div class=\"elementor-tab-title elementor-tab-mobile-title\" aria-selected=\"false\" data-tab=\"3\" role=\"tab\" tabindex=\"-1\" aria-controls=\"elementor-tab-content-1983\" aria-expanded=\"false\">Cores dispon\u00edveis<\/div>\n\t\t\t\t\t<div id=\"elementor-tab-content-1983\" class=\"elementor-tab-content elementor-clearfix\" data-tab=\"3\" role=\"tabpanel\" aria-labelledby=\"elementor-tab-title-1983\" tabindex=\"0\" hidden=\"hidden\"><p><img decoding=\"async\" class=\"aligncenter wp-image-36915 size-full lazyload\" data-src=\"https:\/\/panelsandwich.org\/wp-content\/uploads\/2023\/11\/Captura-5.jpg\" alt=\"|\" width=\"590\" height=\"860\" title=\"\" data-srcset=\"https:\/\/panelsandwich.org\/wp-content\/uploads\/2023\/11\/Captura-5.jpg 590w, https:\/\/panelsandwich.org\/wp-content\/uploads\/2023\/11\/Captura-5-206x300.jpg 206w\" data-sizes=\"(max-width: 590px) 100vw, 590px\" src=\"data:image\/svg+xml;base64,PHN2ZyB3aWR0aD0iMSIgaGVpZ2h0PSIxIiB4bWxucz0iaHR0cDovL3d3dy53My5vcmcvMjAwMC9zdmciPjwvc3ZnPg==\" style=\"--smush-placeholder-width: 590px; --smush-placeholder-aspect-ratio: 590\/860;\" \/><\/p>\n<\/div>\n\t\t\t\t\t\t\t\t\t<div class=\"elementor-tab-title elementor-tab-mobile-title\" aria-selected=\"false\" data-tab=\"4\" role=\"tab\" tabindex=\"-1\" aria-controls=\"elementor-tab-content-1984\" aria-expanded=\"false\">Folhas de dados \/ Downloads<\/div>\n\t\t\t\t\t<div id=\"elementor-tab-content-1984\" class=\"elementor-tab-content elementor-clearfix\" data-tab=\"4\" role=\"tabpanel\" aria-labelledby=\"elementor-tab-title-1984\" tabindex=\"0\" hidden=\"hidden\"><p><a href=\"https:\/\/panelsandwich.org\/wp-content\/uploads\/2023\/11\/PanelSandwich-Agropanel-3G-Tapajuntas.pdf\" target=\"_blank\" rel=\"noopener\"><button style=\"background-color: #ffa300; border-color: black; color: white;\" spellcheck=\"false\" data-lt-tmp-id=\"lt-827558\" data-gramm=\"false\">Descarrega a ficha t\u00e9cnica<\/button><\/a><\/p>\n<p><a href=\"https:\/\/panelsandwich.org\/wp-content\/uploads\/2023\/11\/Carta-de-Colores-PanelSandwich.ORG_-1.pdf\" target=\"_blank\" rel=\"noopener\"> <button style=\"background-color: #ffa300; border-color: black; color: white;\" spellcheck=\"false\" data-lt-tmp-id=\"lt-827558\" data-gramm=\"false\">Tabela de cores<\/button><\/a><\/p>\n<\/div>\n\t\t\t\t\t\t\t<\/div>\n\t\t<\/div>\n\t\t\t\t\t\t<\/div>\n\t\t\t\t<\/div>\n\t\t\t\t\t<\/div>\n\t\t<\/div>\n\t\t\t\t\t<\/div>\n\t\t<\/section>\n\t\t\t\t<\/div>\n\t\t","protected":false},"excerpt":{"rendered":"<p>PAT- Painel Sandu\u00edche Agropanel. Revestimentos<\/p>\n<p style=\"text-align: center;\"><strong><span style=\"font-size: medium;\"><a class=\"w-100 btn btn-danger btn-lg\" href=\"https:\/\/panelsandwich.org\/contactenos\">SOLICITA PRE\u00c7OS E INFORMA\u00c7\u00d5ES T\u00c9CNICAS  <i class=\"caret-right\"><\/i><\/a><\/span><\/strong><\/p>\n","protected":false},"featured_media":62354,"comment_status":"closed","ping_status":"closed","template":"","meta":[],"product_brand":[],"product_cat":[3824],"product_tag":[3763,3774,3755,3756,3764,3765,3766,3758,3754,3769,3761,3773,3796],"class_list":{"0":"post-62339","1":"product","2":"type-product","3":"status-publish","4":"has-post-thumbnail","6":"product_cat-painel-sanduiche-para-fazendas-agropanel","7":"product_tag-agropanel-pt-pt-2","8":"product_tag-claraboias","9":"product_tag-cobre","10":"product_tag-fachada-pt-pt","11":"product_tag-fazendas","12":"product_tag-frigorifico-pt-pt","13":"product_tag-la-de-rocha","14":"product_tag-ocasiao","15":"product_tag-painel-de-azulejos","16":"product_tag-painel-de-madeira","17":"product_tag-preco-pt-pt","18":"product_tag-remateria-pt-pt-2","19":"product_tag-sanduiche-de-anel","20":"pa_colorexterior-azul-genciana-ral-5010-pt-pt","21":"pa_colorexterior-branco-pirineu-ral-9010","22":"pa_colorexterior-cinzento-antracite-ral-7016","23":"pa_colorexterior-cinzento-ardosia-ral-7024","24":"pa_colorexterior-cinzento-basalto-ral-7012","25":"pa_colorexterior-cinzento-metalizado-ral-9006","26":"pa_colorexterior-cinzento-sombra-ral-7022","27":"pa_colorexterior-creme-bidasoa-ral-1015-pt-pt","28":"pa_colorexterior-preto-ral-9004","29":"pa_colorexterior-verde-navarra-ral-6005","30":"pa_colorexterior-vermelho-ral-3009","31":"pa_colorinterior-branco-chapas-de-poliester-e-fibra-de-vidro","32":"pa_espesorespuma-100-mm-pt-pt","33":"pa_espesorespuma-30-mm-pt-pt-2","34":"pa_espesorespuma-40-mm-pt-pt","35":"pa_espesorespuma-50-mm-pt-pt-3","36":"pa_espesorespuma-60-mm-pt-pt-2","37":"pa_espesorespuma-80-mm-pt-pt","38":"pa_tipoaislamiento-espuma-de-poliuretano-c-s3-d0","39":"pa_tipoaislamiento-espuma-pir-b-s2-d0-pt-pt","40":"pa_tipoaislamiento-espuma-pir-hi-b-s1-d0-pt-pt","42":"first","43":"instock","44":"taxable","45":"shipping-taxable","46":"product-type-variable","47":"has-default-attributes"},"_links":{"self":[{"href":"https:\/\/panelsandwich.org\/pt-pt\/wp-json\/wp\/v2\/product\/62339","targetHints":{"allow":["GET"]}}],"collection":[{"href":"https:\/\/panelsandwich.org\/pt-pt\/wp-json\/wp\/v2\/product"}],"about":[{"href":"https:\/\/panelsandwich.org\/pt-pt\/wp-json\/wp\/v2\/types\/product"}],"replies":[{"embeddable":true,"href":"https:\/\/panelsandwich.org\/pt-pt\/wp-json\/wp\/v2\/comments?post=62339"}],"version-history":[{"count":0,"href":"https:\/\/panelsandwich.org\/pt-pt\/wp-json\/wp\/v2\/product\/62339\/revisions"}],"wp:featuredmedia":[{"embeddable":true,"href":"https:\/\/panelsandwich.org\/pt-pt\/wp-json\/wp\/v2\/media\/62354"}],"wp:attachment":[{"href":"https:\/\/panelsandwich.org\/pt-pt\/wp-json\/wp\/v2\/media?parent=62339"}],"wp:term":[{"taxonomy":"product_brand","embeddable":true,"href":"https:\/\/panelsandwich.org\/pt-pt\/wp-json\/wp\/v2\/product_brand?post=62339"},{"taxonomy":"product_cat","embeddable":true,"href":"https:\/\/panelsandwich.org\/pt-pt\/wp-json\/wp\/v2\/product_cat?post=62339"},{"taxonomy":"product_tag","embeddable":true,"href":"https:\/\/panelsandwich.org\/pt-pt\/wp-json\/wp\/v2\/product_tag?post=62339"}],"curies":[{"name":"wp","href":"https:\/\/api.w.org\/{rel}","templated":true}]}}