{"id":62601,"date":"2023-09-28T23:16:12","date_gmt":"2023-09-28T21:16:12","guid":{"rendered":"https:\/\/panelsandwich.org\/painel-sanduiche-agropanel-5-tiras\/"},"modified":"2024-05-06T16:50:32","modified_gmt":"2024-05-06T14:50:32","slug":"painel-sanduiche-agropanel-5-tiras","status":"publish","type":"product","link":"https:\/\/panelsandwich.org\/pt-pt\/painel-sanduiche-agropanel-5-tiras\/","title":{"rendered":"Painel Sandu\u00edche Agropanel &#8211; 5 tiras"},"content":{"rendered":"\t\t<div data-elementor-type=\"product-post\" data-elementor-id=\"62601\" class=\"elementor elementor-62601 elementor-31487\" data-elementor-post-type=\"product\">\n\t\t\t\t\t\t<section class=\"elementor-section elementor-top-section elementor-element elementor-element-5aa71375 elementor-section-boxed elementor-section-height-default elementor-section-height-default\" data-id=\"5aa71375\" data-element_type=\"section\" data-e-type=\"section\" data-settings=\"{&quot;jet_parallax_layout_list&quot;:[]}\">\n\t\t\t\t\t\t<div class=\"elementor-container elementor-column-gap-default\">\n\t\t\t\t\t<div class=\"elementor-column elementor-col-100 elementor-top-column elementor-element elementor-element-153d6f40\" data-id=\"153d6f40\" data-element_type=\"column\" data-e-type=\"column\">\n\t\t\t<div class=\"elementor-widget-wrap elementor-element-populated\">\n\t\t\t\t\t\t<div class=\"elementor-element elementor-element-6e54341f elementor-widget elementor-widget-heading\" data-id=\"6e54341f\" data-element_type=\"widget\" data-e-type=\"widget\" data-widget_type=\"heading.default\">\n\t\t\t\t<div class=\"elementor-widget-container\">\n\t\t\t\t\t<h2 class=\"elementor-heading-title elementor-size-default\"><h2>Agropanel - 5 Grecas\n<\/h2><\/h2>\t\t\t\t<\/div>\n\t\t\t\t<\/div>\n\t\t\t\t<div class=\"elementor-element elementor-element-19eddf0a elementor-widget elementor-widget-text-editor\" data-id=\"19eddf0a\" data-element_type=\"widget\" data-e-type=\"widget\" data-widget_type=\"text-editor.default\">\n\t\t\t\t<div class=\"elementor-widget-container\">\n\t\t\t\t\t\t\t\t\t<p>Painel isolante composto por duas chapas met\u00e1licas em perfis, unidas por um n\u00facleo isolante de espuma r\u00edgida de poliuretano. Painel de cobertura de 5 nervuras para instala\u00e7\u00f5es agr\u00edcolas e pecu\u00e1rias, com face exterior em chapa perfilada e face interior em chapa de resina de poli\u00e9ster, refor\u00e7ada com fibra de vidro, resistente \u00e0 corros\u00e3o bioqu\u00edmica.<\/p>\n\t\t\t\t\t\t\t\t<\/div>\n\t\t\t\t<\/div>\n\t\t\t\t<div class=\"elementor-element elementor-element-7924667 elementor-tabs-view-horizontal elementor-widget elementor-widget-tabs\" data-id=\"7924667\" data-element_type=\"widget\" data-e-type=\"widget\" data-widget_type=\"tabs.default\">\n\t\t\t\t<div class=\"elementor-widget-container\">\n\t\t\t\t\t\t\t<div class=\"elementor-tabs\">\n\t\t\t<div class=\"elementor-tabs-wrapper\" role=\"tablist\" >\n\t\t\t\t\t\t\t\t\t<div id=\"elementor-tab-title-1271\" class=\"elementor-tab-title elementor-tab-desktop-title\" aria-selected=\"true\" data-tab=\"1\" role=\"tab\" tabindex=\"0\" aria-controls=\"elementor-tab-content-1271\" aria-expanded=\"false\">Descri\u00e7\u00e3o\/Aplica\u00e7\u00e3o<\/div>\n\t\t\t\t\t\t\t\t\t<div id=\"elementor-tab-title-1272\" class=\"elementor-tab-title elementor-tab-desktop-title\" aria-selected=\"false\" data-tab=\"2\" role=\"tab\" tabindex=\"-1\" aria-controls=\"elementor-tab-content-1272\" aria-expanded=\"false\">Tabela de cargas<\/div>\n\t\t\t\t\t\t\t\t\t<div id=\"elementor-tab-title-1273\" class=\"elementor-tab-title elementor-tab-desktop-title\" aria-selected=\"false\" data-tab=\"3\" role=\"tab\" tabindex=\"-1\" aria-controls=\"elementor-tab-content-1273\" aria-expanded=\"false\">Cores dispon\u00edveis<\/div>\n\t\t\t\t\t\t\t\t\t<div id=\"elementor-tab-title-1274\" class=\"elementor-tab-title elementor-tab-desktop-title\" aria-selected=\"false\" data-tab=\"4\" role=\"tab\" tabindex=\"-1\" aria-controls=\"elementor-tab-content-1274\" aria-expanded=\"false\">Folhas de dados \/ Downloads<\/div>\n\t\t\t\t\t\t\t<\/div>\n\t\t\t<div class=\"elementor-tabs-content-wrapper\" role=\"tablist\" aria-orientation=\"vertical\">\n\t\t\t\t\t\t\t\t\t<div class=\"elementor-tab-title elementor-tab-mobile-title\" aria-selected=\"true\" data-tab=\"1\" role=\"tab\" tabindex=\"0\" aria-controls=\"elementor-tab-content-1271\" aria-expanded=\"false\">Descri\u00e7\u00e3o\/Aplica\u00e7\u00e3o<\/div>\n\t\t\t\t\t<div id=\"elementor-tab-content-1271\" class=\"elementor-tab-content elementor-clearfix\" data-tab=\"1\" role=\"tabpanel\" aria-labelledby=\"elementor-tab-title-1271\" tabindex=\"0\" hidden=\"false\"><h3>Aplica\u00e7\u00e3o<\/h3>\n<p>Cobertura de instala\u00e7\u00f5es agr\u00edcolas ou de instala\u00e7\u00f5es expostas a ambientes corrosivos. S\u00e3o concebidos para utiliza\u00e7\u00e3o em telhados inclinados geralmente aplicados em explora\u00e7\u00f5es agr\u00edcolas (exceto explora\u00e7\u00f5es de su\u00ednos, onde recomendamos a instala\u00e7\u00e3o do nosso produto SPM) com uma inclina\u00e7\u00e3o m\u00ednima de 5% em telhados n\u00e3o sobrepostos e de 7% em telhados sobrepostos. O comprimento m\u00e1ximo recomendado para este produto \u00e9 de 15.000 mm, com uma largura \u00fatil de 1.000 mm.<\/p>\n<h3>Tipo de uni\u00e3o:<\/h3>\n<p>Uni\u00e3o: Parafuso Visto<\/p>\n<p>Parafusos: Parafuso com anilha<\/p>\n<p><img fetchpriority=\"high\" decoding=\"async\" class=\"alignnone size-medium wp-image-33005\" src=\"https:\/\/panelsandwich.org\/wp-content\/uploads\/2018\/12\/cms_union-greca-union-greca.png-300x300.png\" alt=\"union greca.png\" width=\"300\" height=\"300\" title=\"\" srcset=\"https:\/\/panelsandwich.org\/wp-content\/uploads\/2018\/12\/cms_union-greca-union-greca.png-300x300.png 300w, https:\/\/panelsandwich.org\/wp-content\/uploads\/2018\/12\/cms_union-greca-union-greca.png-100x100.png 100w, https:\/\/panelsandwich.org\/wp-content\/uploads\/2018\/12\/cms_union-greca-union-greca.png-150x150.png 150w, https:\/\/panelsandwich.org\/wp-content\/uploads\/2018\/12\/cms_union-greca-union-greca.png.png 378w\" sizes=\"(max-width: 300px) 100vw, 300px\" \/><\/p>\n<h3>Vantagens<\/h3>\n<p>O sistema de fixa\u00e7\u00e3o vis\u00edvel permite uma montagem r\u00e1pida e garante a estanquidade \u00e0 \u00e1gua da chuva. A pel\u00edcula interna de poli\u00e9ster \u00e9 altamente resistente ao ataque de microrganismos, bact\u00e9rias, vapores e condensa\u00e7\u00e3o de \u00e1cidos org\u00e2nicos presentes nas explora\u00e7\u00f5es agr\u00edcolas.<\/p>\n<h3>Dimens\u00f5es:<\/h3>\n<p>Espesores: 30\u201340\u201350-60-80-100mm.<\/p>\n<p>Largura: 1000 mm<\/p>\n<p>Comprimento: 2,00 &#8211; 18,00 m<\/p>\n<p><img decoding=\"async\" class=\"alignnone wp-image-36937 size-full lazyload\" data-src=\"https:\/\/panelsandwich.org\/wp-content\/uploads\/2023\/11\/Captura-8.jpg\" alt=\"|\" width=\"1493\" height=\"254\" title=\"\" data-srcset=\"https:\/\/panelsandwich.org\/wp-content\/uploads\/2023\/11\/Captura-8.jpg 1493w, https:\/\/panelsandwich.org\/wp-content\/uploads\/2023\/11\/Captura-8-300x51.jpg 300w, https:\/\/panelsandwich.org\/wp-content\/uploads\/2023\/11\/Captura-8-1024x174.jpg 1024w, https:\/\/panelsandwich.org\/wp-content\/uploads\/2023\/11\/Captura-8-768x131.jpg 768w\" data-sizes=\"(max-width: 1493px) 100vw, 1493px\" src=\"data:image\/svg+xml;base64,PHN2ZyB3aWR0aD0iMSIgaGVpZ2h0PSIxIiB4bWxucz0iaHR0cDovL3d3dy53My5vcmcvMjAwMC9zdmciPjwvc3ZnPg==\" style=\"--smush-placeholder-width: 1493px; --smush-placeholder-aspect-ratio: 1493\/254;\" \/><\/p>\n<h3>Suporte met\u00e1lico<\/h3>\n<p>N\u00facleo em chapa de a\u00e7o de qualidade S250GD: EN 10346<\/p>\n<p>Bobinas lacadas com revestimento org\u00e2nico: EN 10169+A1.<\/p>\n<p>Espessura: 0,4-0,5-0,6 mm<\/p>\n<h3>N\u00facleo isolante<\/h3>\n<p>Poliuretano (PUR)<\/p>\n<p>Condutividade t\u00e9rmica: 0,022 W\/mK<\/p>\n<p>Densidade: 40 kg\/m3.<\/p>\n<h3>Revestimento<\/h3>\n<p>Padr\u00e3o: tinta de poli\u00e9ster 25 \u00b5m<\/p>\n<p>Especiais: Granito HDX 55 \u00b5m | PVDF 35 \u00b5m.<\/p>\n<p>Folha de poli\u00e9ster com fibra de vidro no interior.<\/p>\n<\/div>\n\t\t\t\t\t\t\t\t\t<div class=\"elementor-tab-title elementor-tab-mobile-title\" aria-selected=\"false\" data-tab=\"2\" role=\"tab\" tabindex=\"-1\" aria-controls=\"elementor-tab-content-1272\" aria-expanded=\"false\">Tabela de cargas<\/div>\n\t\t\t\t\t<div id=\"elementor-tab-content-1272\" class=\"elementor-tab-content elementor-clearfix\" data-tab=\"2\" role=\"tabpanel\" aria-labelledby=\"elementor-tab-title-1272\" tabindex=\"0\" hidden=\"hidden\"><p><img decoding=\"async\" class=\"alignnone wp-image-36938 size-full lazyload\" data-src=\"https:\/\/panelsandwich.org\/wp-content\/uploads\/2023\/11\/Captura-9.jpg\" alt=\"|\" width=\"1251\" height=\"862\" title=\"\" data-srcset=\"https:\/\/panelsandwich.org\/wp-content\/uploads\/2023\/11\/Captura-9.jpg 1251w, https:\/\/panelsandwich.org\/wp-content\/uploads\/2023\/11\/Captura-9-300x207.jpg 300w, https:\/\/panelsandwich.org\/wp-content\/uploads\/2023\/11\/Captura-9-1024x706.jpg 1024w, https:\/\/panelsandwich.org\/wp-content\/uploads\/2023\/11\/Captura-9-768x529.jpg 768w\" data-sizes=\"(max-width: 1251px) 100vw, 1251px\" src=\"data:image\/svg+xml;base64,PHN2ZyB3aWR0aD0iMSIgaGVpZ2h0PSIxIiB4bWxucz0iaHR0cDovL3d3dy53My5vcmcvMjAwMC9zdmciPjwvc3ZnPg==\" style=\"--smush-placeholder-width: 1251px; --smush-placeholder-aspect-ratio: 1251\/862;\" \/><\/p>\n<\/div>\n\t\t\t\t\t\t\t\t\t<div class=\"elementor-tab-title elementor-tab-mobile-title\" aria-selected=\"false\" data-tab=\"3\" role=\"tab\" tabindex=\"-1\" aria-controls=\"elementor-tab-content-1273\" aria-expanded=\"false\">Cores dispon\u00edveis<\/div>\n\t\t\t\t\t<div id=\"elementor-tab-content-1273\" class=\"elementor-tab-content elementor-clearfix\" data-tab=\"3\" role=\"tabpanel\" aria-labelledby=\"elementor-tab-title-1273\" tabindex=\"0\" hidden=\"hidden\"><p><img decoding=\"async\" class=\"aligncenter wp-image-33115 size-full lazyload\" data-src=\"https:\/\/panelsandwich.org\/wp-content\/uploads\/2020\/04\/cms_FACHADA-OCULTA_colores.JPG\" alt=\"|\" width=\"782\" height=\"765\" title=\"\" data-srcset=\"https:\/\/panelsandwich.org\/wp-content\/uploads\/2020\/04\/cms_FACHADA-OCULTA_colores.JPG 782w, https:\/\/panelsandwich.org\/wp-content\/uploads\/2020\/04\/cms_FACHADA-OCULTA_colores-300x293.jpg 300w, https:\/\/panelsandwich.org\/wp-content\/uploads\/2020\/04\/cms_FACHADA-OCULTA_colores-768x751.jpg 768w, https:\/\/panelsandwich.org\/wp-content\/uploads\/2020\/04\/cms_FACHADA-OCULTA_colores-600x587.jpg 600w\" data-sizes=\"(max-width: 782px) 100vw, 782px\" src=\"data:image\/svg+xml;base64,PHN2ZyB3aWR0aD0iMSIgaGVpZ2h0PSIxIiB4bWxucz0iaHR0cDovL3d3dy53My5vcmcvMjAwMC9zdmciPjwvc3ZnPg==\" style=\"--smush-placeholder-width: 782px; --smush-placeholder-aspect-ratio: 782\/765;\" \/><\/p>\n<\/div>\n\t\t\t\t\t\t\t\t\t<div class=\"elementor-tab-title elementor-tab-mobile-title\" aria-selected=\"false\" data-tab=\"4\" role=\"tab\" tabindex=\"-1\" aria-controls=\"elementor-tab-content-1274\" aria-expanded=\"false\">Folhas de dados \/ Downloads<\/div>\n\t\t\t\t\t<div id=\"elementor-tab-content-1274\" class=\"elementor-tab-content elementor-clearfix\" data-tab=\"4\" role=\"tabpanel\" aria-labelledby=\"elementor-tab-title-1274\" tabindex=\"0\" hidden=\"hidden\"><p><a href=\"https:\/\/panelsandwich.org\/wp-content\/uploads\/2023\/11\/PanelSandwich-AGropanel5G-Ficha-Tecnica.pdf\" target=\"_blank\" rel=\"noopener\"><button style=\"background-color: #ffa300; border-color: black; color: white;\" spellcheck=\"false\" data-lt-tmp-id=\"lt-827558\" data-gramm=\"false\">Descarrega a ficha t\u00e9cnica<\/button><\/a><\/p>\n<\/div>\n\t\t\t\t\t\t\t<\/div>\n\t\t<\/div>\n\t\t\t\t\t\t<\/div>\n\t\t\t\t<\/div>\n\t\t\t\t\t<\/div>\n\t\t<\/div>\n\t\t\t\t\t<\/div>\n\t\t<\/section>\n\t\t\t\t<\/div>\n\t\t","protected":false},"excerpt":{"rendered":"<p>P5A- Painel Sandu\u00edche Agropanel. 5 Grecas<\/p>\n<p style=\"text-align: center;\"><strong><span style=\"font-size: medium;\"><a class=\"w-100 btn btn-danger btn-lg\" href=\"https:\/\/panelsandwich.org\/contactenos\">SOLICITA PRE\u00c7OS E INFORMA\u00c7\u00d5ES T\u00c9CNICAS  <i class=\"caret-right\"><\/i><\/a><\/span><\/strong><\/p>\n","protected":false},"featured_media":60649,"comment_status":"closed","ping_status":"closed","template":"","meta":[],"product_brand":[],"product_cat":[3824],"product_tag":[3763,3774,3755,3756,3764,3765,3766,3758,3754,3769,3753,3761,3773],"class_list":{"0":"post-62601","1":"product","2":"type-product","3":"status-publish","4":"has-post-thumbnail","6":"product_cat-painel-sanduiche-para-fazendas-agropanel","7":"product_tag-agropanel-pt-pt-2","8":"product_tag-claraboias","9":"product_tag-cobre","10":"product_tag-fachada-pt-pt","11":"product_tag-fazendas","12":"product_tag-frigorifico-pt-pt","13":"product_tag-la-de-rocha","14":"product_tag-ocasiao","15":"product_tag-painel-de-azulejos","16":"product_tag-painel-de-madeira","17":"product_tag-painel-sanduiche","18":"product_tag-preco-pt-pt","19":"product_tag-remateria-pt-pt-2","20":"pa_colorexterior-azul-genciana-ral-5010-pt-pt","21":"pa_colorexterior-branco-pirineu-ral-9010","22":"pa_colorexterior-cinzento-antracite-ral-7016","23":"pa_colorexterior-cinzento-ardosia-ral-7024","24":"pa_colorexterior-cinzento-basalto-ral-7012","25":"pa_colorexterior-cinzento-metalizado-ral-9006","26":"pa_colorexterior-cinzento-sombra-ral-7022","27":"pa_colorexterior-creme-bidasoa-ral-1015-pt-pt","28":"pa_colorexterior-preto-ral-9004","29":"pa_colorexterior-verde-navarra-ral-6005","30":"pa_colorexterior-vermelho-ral-3009","31":"pa_colorinterior-branco-chapas-de-poliester-e-fibra-de-vidro","32":"pa_espesorespuma-100-mm-pt-pt","33":"pa_espesorespuma-30-mm-pt-pt-2","34":"pa_espesorespuma-40-mm-pt-pt","35":"pa_espesorespuma-50-mm-pt-pt-3","36":"pa_espesorespuma-60-mm-pt-pt-2","37":"pa_espesorespuma-80-mm-pt-pt","38":"pa_tipoaislamiento-espuma-de-poliuretano-c-s3-d0","39":"pa_tipoaislamiento-espuma-pir-b-s2-d0-pt-pt","40":"pa_tipoaislamiento-espuma-pir-hi-b-s1-d0-pt-pt","42":"first","43":"outofstock","44":"taxable","45":"shipping-taxable","46":"purchasable","47":"product-type-variable","48":"has-default-attributes"},"_links":{"self":[{"href":"https:\/\/panelsandwich.org\/pt-pt\/wp-json\/wp\/v2\/product\/62601","targetHints":{"allow":["GET"]}}],"collection":[{"href":"https:\/\/panelsandwich.org\/pt-pt\/wp-json\/wp\/v2\/product"}],"about":[{"href":"https:\/\/panelsandwich.org\/pt-pt\/wp-json\/wp\/v2\/types\/product"}],"replies":[{"embeddable":true,"href":"https:\/\/panelsandwich.org\/pt-pt\/wp-json\/wp\/v2\/comments?post=62601"}],"version-history":[{"count":0,"href":"https:\/\/panelsandwich.org\/pt-pt\/wp-json\/wp\/v2\/product\/62601\/revisions"}],"wp:featuredmedia":[{"embeddable":true,"href":"https:\/\/panelsandwich.org\/pt-pt\/wp-json\/wp\/v2\/media\/60649"}],"wp:attachment":[{"href":"https:\/\/panelsandwich.org\/pt-pt\/wp-json\/wp\/v2\/media?parent=62601"}],"wp:term":[{"taxonomy":"product_brand","embeddable":true,"href":"https:\/\/panelsandwich.org\/pt-pt\/wp-json\/wp\/v2\/product_brand?post=62601"},{"taxonomy":"product_cat","embeddable":true,"href":"https:\/\/panelsandwich.org\/pt-pt\/wp-json\/wp\/v2\/product_cat?post=62601"},{"taxonomy":"product_tag","embeddable":true,"href":"https:\/\/panelsandwich.org\/pt-pt\/wp-json\/wp\/v2\/product_tag?post=62601"}],"curies":[{"name":"wp","href":"https:\/\/api.w.org\/{rel}","templated":true}]}}