{"id":63322,"date":"2023-09-28T23:16:11","date_gmt":"2023-09-28T21:16:11","guid":{"rendered":"https:\/\/panelsandwich.org\/painel-sanduiche-de-la-de-rocha-a-prova-de-fogo-telhado-rei-30-120-180\/"},"modified":"2024-05-06T16:50:32","modified_gmt":"2024-05-06T14:50:32","slug":"painel-sanduiche-de-la-de-rocha-a-prova-de-fogo-telhado-rei-30-120-180","status":"publish","type":"product","link":"https:\/\/panelsandwich.org\/pt-pt\/painel-sanduiche-de-la-de-rocha-a-prova-de-fogo-telhado-rei-30-120-180\/","title":{"rendered":"Painel sandu\u00edche de l\u00e3 de rocha \u00e0 prova de fogo &#8211; Telhado &#8211; REI 30\/120\/180"},"content":{"rendered":"\t\t<div data-elementor-type=\"product-post\" data-elementor-id=\"63322\" class=\"elementor elementor-63322 elementor-31536\" data-elementor-post-type=\"product\">\n\t\t\t\t\t\t<section class=\"elementor-section elementor-top-section elementor-element elementor-element-5b38231d elementor-section-boxed elementor-section-height-default elementor-section-height-default\" data-id=\"5b38231d\" data-element_type=\"section\" data-e-type=\"section\" data-settings=\"{&quot;jet_parallax_layout_list&quot;:[]}\">\n\t\t\t\t\t\t<div class=\"elementor-container elementor-column-gap-default\">\n\t\t\t\t\t<div class=\"elementor-column elementor-col-100 elementor-top-column elementor-element elementor-element-341bb393\" data-id=\"341bb393\" data-element_type=\"column\" data-e-type=\"column\">\n\t\t\t<div class=\"elementor-widget-wrap elementor-element-populated\">\n\t\t\t\t\t\t<div class=\"elementor-element elementor-element-65ce557a elementor-widget elementor-widget-heading\" data-id=\"65ce557a\" data-element_type=\"widget\" data-e-type=\"widget\" data-widget_type=\"heading.default\">\n\t\t\t\t<div class=\"elementor-widget-container\">\n\t\t\t\t\t<h2 class=\"elementor-heading-title elementor-size-default\"><h2>Painel sandu\u00edche de l\u00e3 de rocha \u00e0 prova de fogo - Revestimento\n\n<\/h2><\/h2>\t\t\t\t<\/div>\n\t\t\t\t<\/div>\n\t\t\t\t<div class=\"elementor-element elementor-element-50ea0ffa elementor-widget elementor-widget-text-editor\" data-id=\"50ea0ffa\" data-element_type=\"widget\" data-e-type=\"widget\" data-widget_type=\"text-editor.default\">\n\t\t\t\t<div class=\"elementor-widget-container\">\n\t\t\t\t\t\t\t\t\t<p>Painel met\u00e1lico autoportante isolado com l\u00e3 de rocha para coberturas e fachadas que exijam uma elevada resist\u00eancia ao fogo e um elevado desempenho de insonoriza\u00e7\u00e3o.<\/p>\n<p>O painel, fabricado de acordo com um sistema de produ\u00e7\u00e3o patenteado, \u00e9 composto por uma chapa de a\u00e7o ondulada exterior e por uma chapa interior micro-nervurada com uma camada isolante de l\u00e3 de rocha intercalada. A l\u00e3 de rocha, com fibras orientadas e dispostas ortogonalmente ao plano das placas, \u00e9 colocada em l\u00e2minas com juntas alternadas longitudinais e transversais compactadas que tornam o painel perfeitamente monol\u00edtico. A chapa de revestimento exterior \u00e9 preenchida com ripas de l\u00e3 de rocha.<\/p>\n\t\t\t\t\t\t\t\t<\/div>\n\t\t\t\t<\/div>\n\t\t\t\t<div class=\"elementor-element elementor-element-59d326ea elementor-tabs-view-horizontal elementor-widget elementor-widget-tabs\" data-id=\"59d326ea\" data-element_type=\"widget\" data-e-type=\"widget\" data-widget_type=\"tabs.default\">\n\t\t\t\t<div class=\"elementor-widget-container\">\n\t\t\t\t\t\t\t<div class=\"elementor-tabs\">\n\t\t\t<div class=\"elementor-tabs-wrapper\" role=\"tablist\" >\n\t\t\t\t\t\t\t\t\t<div id=\"elementor-tab-title-1501\" class=\"elementor-tab-title elementor-tab-desktop-title\" aria-selected=\"true\" data-tab=\"1\" role=\"tab\" tabindex=\"0\" aria-controls=\"elementor-tab-content-1501\" aria-expanded=\"false\">Descri\u00e7\u00e3o\/Aplica\u00e7\u00e3o<\/div>\n\t\t\t\t\t\t\t\t\t<div id=\"elementor-tab-title-1502\" class=\"elementor-tab-title elementor-tab-desktop-title\" aria-selected=\"false\" data-tab=\"2\" role=\"tab\" tabindex=\"-1\" aria-controls=\"elementor-tab-content-1502\" aria-expanded=\"false\">Perfis dispon\u00edveis<\/div>\n\t\t\t\t\t\t\t\t\t<div id=\"elementor-tab-title-1503\" class=\"elementor-tab-title elementor-tab-desktop-title\" aria-selected=\"false\" data-tab=\"3\" role=\"tab\" tabindex=\"-1\" aria-controls=\"elementor-tab-content-1503\" aria-expanded=\"false\">Cores dispon\u00edveis<\/div>\n\t\t\t\t\t\t\t\t\t<div id=\"elementor-tab-title-1504\" class=\"elementor-tab-title elementor-tab-desktop-title\" aria-selected=\"false\" data-tab=\"4\" role=\"tab\" tabindex=\"-1\" aria-controls=\"elementor-tab-content-1504\" aria-expanded=\"false\">Folhas de dados \/ Downloads<\/div>\n\t\t\t\t\t\t\t<\/div>\n\t\t\t<div class=\"elementor-tabs-content-wrapper\" role=\"tablist\" aria-orientation=\"vertical\">\n\t\t\t\t\t\t\t\t\t<div class=\"elementor-tab-title elementor-tab-mobile-title\" aria-selected=\"true\" data-tab=\"1\" role=\"tab\" tabindex=\"0\" aria-controls=\"elementor-tab-content-1501\" aria-expanded=\"false\">Descri\u00e7\u00e3o\/Aplica\u00e7\u00e3o<\/div>\n\t\t\t\t\t<div id=\"elementor-tab-content-1501\" class=\"elementor-tab-content elementor-clearfix\" data-tab=\"1\" role=\"tabpanel\" aria-labelledby=\"elementor-tab-title-1501\" tabindex=\"0\" hidden=\"false\"><h3>Descri\u00e7\u00e3o<\/h3>\n<p>Painel met\u00e1lico autoportante isolado com l\u00e3 de rocha para coberturas e fachadas que exijam uma elevada resist\u00eancia ao fogo e um elevado desempenho de insonoriza\u00e7\u00e3o.<\/p>\n<p>O painel, fabricado de acordo com um sistema de produ\u00e7\u00e3o patenteado, \u00e9 composto por uma chapa de a\u00e7o ondulada exterior e por uma chapa interior micro-nervurada com uma camada isolante de l\u00e3 de rocha intercalada. A l\u00e3 de rocha, com fibras orientadas e dispostas ortogonalmente ao plano das placas, \u00e9 colocada em l\u00e2minas com juntas alternadas longitudinais e transversais compactadas que tornam o painel perfeitamente monol\u00edtico. A chapa de revestimento exterior \u00e9 preenchida com ripas de l\u00e3 de rocha.<\/p>\n<h3>Aplica\u00e7\u00f5es<\/h3>\n<p>Os pain\u00e9is foram concebidos para a constru\u00e7\u00e3o de caixas em grandes \u00e1reas industriais ou de constru\u00e7\u00e3o civil. Pode ser utilizado indistintamente para a constru\u00e7\u00e3o de telhados dos seguintes tipos de edif\u00edcios:<\/p>\n<ul>\n<li>Instala\u00e7\u00f5es aquecidas.<\/li>\n<li>Prote\u00e7\u00e3o ac\u00fastica interior em instala\u00e7\u00f5es industriais.<\/li>\n<li>Instala\u00e7\u00f5es de fabrico.<\/li>\n<li>Instala\u00e7\u00f5es onde o desempenho em termos de resist\u00eancia ao fogo \u00e9 um requisito importante.<\/li>\n<li>Recintos incombust\u00edveis: DPC&#8217;s, garagens, armaz\u00e9ns para subst\u00e2ncias perigosas, etc.<\/li>\n<li>Edif\u00edcios em que a atividade \u00e9 mut\u00e1vel ou destinada a ser arrendada<\/li>\n<\/ul>\n<h3> <\/h3>\n<h3>Vantagens<\/h3>\n<p>As vantagens de ser um painel pr\u00e9-fabricado s\u00e3o a facilidade e a rapidez de montagem, a homogeneidade e a qualidade dos acabamentos, e as suas certifica\u00e7\u00f5es.<\/p>\n<p>Devido \u00e0s propriedades da l\u00e3 de rocha, o painel sandu\u00edche FTB combina v\u00e1rias vantagens num \u00fanico material, entre as quais se destacam as seguintes<\/p>\n<ul>\n<li>Isolamento t\u00e9rmico;<\/li>\n<li>Isolamento ac\u00fastico;<\/li>\n<li>Seguran\u00e7a contra inc\u00eandios.<\/li>\n<\/ul>\n<div> <\/div>\n<h3>Medidas<\/h3>\n<p><img fetchpriority=\"high\" decoding=\"async\" class=\"alignnone wp-image-37003 size-full\" src=\"https:\/\/panelsandwich.org\/wp-content\/uploads\/2023\/11\/Captura-20.jpg\" alt=\"|\" width=\"1610\" height=\"342\" title=\"\" srcset=\"https:\/\/panelsandwich.org\/wp-content\/uploads\/2023\/11\/Captura-20.jpg 1610w, https:\/\/panelsandwich.org\/wp-content\/uploads\/2023\/11\/Captura-20-300x64.jpg 300w, https:\/\/panelsandwich.org\/wp-content\/uploads\/2023\/11\/Captura-20-1024x218.jpg 1024w, https:\/\/panelsandwich.org\/wp-content\/uploads\/2023\/11\/Captura-20-768x163.jpg 768w, https:\/\/panelsandwich.org\/wp-content\/uploads\/2023\/11\/Captura-20-1536x326.jpg 1536w\" sizes=\"(max-width: 1610px) 100vw, 1610px\" \/><\/p>\n<p><img decoding=\"async\" class=\"alignnone wp-image-37004 size-full lazyload\" data-src=\"https:\/\/panelsandwich.org\/wp-content\/uploads\/2023\/11\/Captura-21.jpg\" alt=\"|\" width=\"1276\" height=\"439\" title=\"\" data-srcset=\"https:\/\/panelsandwich.org\/wp-content\/uploads\/2023\/11\/Captura-21.jpg 1276w, https:\/\/panelsandwich.org\/wp-content\/uploads\/2023\/11\/Captura-21-300x103.jpg 300w, https:\/\/panelsandwich.org\/wp-content\/uploads\/2023\/11\/Captura-21-1024x352.jpg 1024w, https:\/\/panelsandwich.org\/wp-content\/uploads\/2023\/11\/Captura-21-768x264.jpg 768w\" data-sizes=\"(max-width: 1276px) 100vw, 1276px\" src=\"data:image\/svg+xml;base64,PHN2ZyB3aWR0aD0iMSIgaGVpZ2h0PSIxIiB4bWxucz0iaHR0cDovL3d3dy53My5vcmcvMjAwMC9zdmciPjwvc3ZnPg==\" style=\"--smush-placeholder-width: 1276px; --smush-placeholder-aspect-ratio: 1276\/439;\" \/> <img decoding=\"async\" class=\"alignnone wp-image-37005 size-full lazyload\" data-src=\"https:\/\/panelsandwich.org\/wp-content\/uploads\/2023\/11\/Captura-22.jpg\" alt=\"|\" width=\"1334\" height=\"379\" title=\"\" data-srcset=\"https:\/\/panelsandwich.org\/wp-content\/uploads\/2023\/11\/Captura-22.jpg 1334w, https:\/\/panelsandwich.org\/wp-content\/uploads\/2023\/11\/Captura-22-300x85.jpg 300w, https:\/\/panelsandwich.org\/wp-content\/uploads\/2023\/11\/Captura-22-1024x291.jpg 1024w, https:\/\/panelsandwich.org\/wp-content\/uploads\/2023\/11\/Captura-22-768x218.jpg 768w\" data-sizes=\"(max-width: 1334px) 100vw, 1334px\" src=\"data:image\/svg+xml;base64,PHN2ZyB3aWR0aD0iMSIgaGVpZ2h0PSIxIiB4bWxucz0iaHR0cDovL3d3dy53My5vcmcvMjAwMC9zdmciPjwvc3ZnPg==\" style=\"--smush-placeholder-width: 1334px; --smush-placeholder-aspect-ratio: 1334\/379;\" \/><\/p>\n<h3><img decoding=\"async\" class=\"wp-image-36964 size-full aligncenter lazyload\" data-src=\"https:\/\/panelsandwich.org\/wp-content\/uploads\/2023\/11\/Captura-16.jpg\" alt=\"|\" width=\"932\" height=\"320\" title=\"\" data-srcset=\"https:\/\/panelsandwich.org\/wp-content\/uploads\/2023\/11\/Captura-16.jpg 932w, https:\/\/panelsandwich.org\/wp-content\/uploads\/2023\/11\/Captura-16-300x103.jpg 300w, https:\/\/panelsandwich.org\/wp-content\/uploads\/2023\/11\/Captura-16-768x264.jpg 768w\" data-sizes=\"(max-width: 932px) 100vw, 932px\" src=\"data:image\/svg+xml;base64,PHN2ZyB3aWR0aD0iMSIgaGVpZ2h0PSIxIiB4bWxucz0iaHR0cDovL3d3dy53My5vcmcvMjAwMC9zdmciPjwvc3ZnPg==\" style=\"--smush-placeholder-width: 932px; --smush-placeholder-aspect-ratio: 932\/320;\" \/><\/h3>\n<p><img decoding=\"async\" class=\"alignnone wp-image-36985 size-full lazyload\" data-src=\"https:\/\/panelsandwich.org\/wp-content\/uploads\/2023\/11\/Captura-19.jpg\" alt=\"|\" width=\"1148\" height=\"428\" title=\"\" data-srcset=\"https:\/\/panelsandwich.org\/wp-content\/uploads\/2023\/11\/Captura-19.jpg 1148w, https:\/\/panelsandwich.org\/wp-content\/uploads\/2023\/11\/Captura-19-300x112.jpg 300w, https:\/\/panelsandwich.org\/wp-content\/uploads\/2023\/11\/Captura-19-1024x382.jpg 1024w, https:\/\/panelsandwich.org\/wp-content\/uploads\/2023\/11\/Captura-19-768x286.jpg 768w\" data-sizes=\"(max-width: 1148px) 100vw, 1148px\" src=\"data:image\/svg+xml;base64,PHN2ZyB3aWR0aD0iMSIgaGVpZ2h0PSIxIiB4bWxucz0iaHR0cDovL3d3dy53My5vcmcvMjAwMC9zdmciPjwvc3ZnPg==\" style=\"--smush-placeholder-width: 1148px; --smush-placeholder-aspect-ratio: 1148\/428;\" \/><\/p>\n<\/div>\n\t\t\t\t\t\t\t\t\t<div class=\"elementor-tab-title elementor-tab-mobile-title\" aria-selected=\"false\" data-tab=\"2\" role=\"tab\" tabindex=\"-1\" aria-controls=\"elementor-tab-content-1502\" aria-expanded=\"false\">Perfis dispon\u00edveis<\/div>\n\t\t\t\t\t<div id=\"elementor-tab-content-1502\" class=\"elementor-tab-content elementor-clearfix\" data-tab=\"2\" role=\"tabpanel\" aria-labelledby=\"elementor-tab-title-1502\" tabindex=\"0\" hidden=\"hidden\"><p><img decoding=\"async\" class=\"aligncenter wp-image-36965 size-full lazyload\" data-src=\"https:\/\/panelsandwich.org\/wp-content\/uploads\/2023\/11\/c.jpg\" alt=\"|\" width=\"931\" height=\"765\" title=\"\" data-srcset=\"https:\/\/panelsandwich.org\/wp-content\/uploads\/2023\/11\/c.jpg 931w, https:\/\/panelsandwich.org\/wp-content\/uploads\/2023\/11\/c-300x247.jpg 300w, https:\/\/panelsandwich.org\/wp-content\/uploads\/2023\/11\/c-768x631.jpg 768w\" data-sizes=\"(max-width: 931px) 100vw, 931px\" src=\"data:image\/svg+xml;base64,PHN2ZyB3aWR0aD0iMSIgaGVpZ2h0PSIxIiB4bWxucz0iaHR0cDovL3d3dy53My5vcmcvMjAwMC9zdmciPjwvc3ZnPg==\" style=\"--smush-placeholder-width: 931px; --smush-placeholder-aspect-ratio: 931\/765;\" \/><\/p>\n<\/div>\n\t\t\t\t\t\t\t\t\t<div class=\"elementor-tab-title elementor-tab-mobile-title\" aria-selected=\"false\" data-tab=\"3\" role=\"tab\" tabindex=\"-1\" aria-controls=\"elementor-tab-content-1503\" aria-expanded=\"false\">Cores dispon\u00edveis<\/div>\n\t\t\t\t\t<div id=\"elementor-tab-content-1503\" class=\"elementor-tab-content elementor-clearfix\" data-tab=\"3\" role=\"tabpanel\" aria-labelledby=\"elementor-tab-title-1503\" tabindex=\"0\" hidden=\"hidden\"><p><img decoding=\"async\" class=\"aligncenter wp-image-36969 size-full lazyload\" data-src=\"https:\/\/panelsandwich.org\/wp-content\/uploads\/2023\/11\/Captura-17.jpg\" alt=\"|\" width=\"654\" height=\"393\" title=\"\" data-srcset=\"https:\/\/panelsandwich.org\/wp-content\/uploads\/2023\/11\/Captura-17.jpg 654w, https:\/\/panelsandwich.org\/wp-content\/uploads\/2023\/11\/Captura-17-300x180.jpg 300w\" data-sizes=\"(max-width: 654px) 100vw, 654px\" src=\"data:image\/svg+xml;base64,PHN2ZyB3aWR0aD0iMSIgaGVpZ2h0PSIxIiB4bWxucz0iaHR0cDovL3d3dy53My5vcmcvMjAwMC9zdmciPjwvc3ZnPg==\" style=\"--smush-placeholder-width: 654px; --smush-placeholder-aspect-ratio: 654\/393;\" \/><\/p>\n<\/div>\n\t\t\t\t\t\t\t\t\t<div class=\"elementor-tab-title elementor-tab-mobile-title\" aria-selected=\"false\" data-tab=\"4\" role=\"tab\" tabindex=\"-1\" aria-controls=\"elementor-tab-content-1504\" aria-expanded=\"false\">Folhas de dados \/ Downloads<\/div>\n\t\t\t\t\t<div id=\"elementor-tab-content-1504\" class=\"elementor-tab-content elementor-clearfix\" data-tab=\"4\" role=\"tabpanel\" aria-labelledby=\"elementor-tab-title-1504\" tabindex=\"0\" hidden=\"hidden\"><ul>\n<li><em><span style=\"text-decoration: underline;\"><strong>DESCARREGA A FOLHA DE DADOS<\/strong><\/span><\/em><\/li>\n<\/ul>\n<\/div>\n\t\t\t\t\t\t\t<\/div>\n\t\t<\/div>\n\t\t\t\t\t\t<\/div>\n\t\t\t\t<\/div>\n\t\t\t\t\t<\/div>\n\t\t<\/div>\n\t\t\t\t\t<\/div>\n\t\t<\/section>\n\t\t\t\t<\/div>\n\t\t","protected":false},"excerpt":{"rendered":"<p>PRC &#8211; Cobertura de l\u00e3 de rocha com painel sandu\u00edche. \u00c0 prova de fogo<\/p>\n<p>Os pain\u00e9is sandu\u00edche .ORG s\u00e3o constitu\u00eddos por duas chapas de a\u00e7o ligadas por um adesivo org\u00e2nico ao n\u00facleo de l\u00e3 de rocha.<\/p>\n<p style=\"text-align: center;\"><strong><span style=\"font-size: medium;\"><a class=\"w-100 btn btn-danger btn-lg\" href=\"https:\/\/panelsandwich.org\/contactenos\">SOLICITA PRE\u00c7OS E INFORMA\u00c7\u00d5ES T\u00c9CNICAS  <i class=\"caret-right\"><\/i><\/a><\/span><\/strong><\/p>\n","protected":false},"featured_media":63493,"comment_status":"open","ping_status":"closed","template":"","meta":[],"product_brand":[],"product_cat":[3809],"product_tag":[3763,3810,3754,3812,3753,3811],"class_list":{"0":"post-63322","1":"product","2":"type-product","3":"status-publish","4":"has-post-thumbnail","6":"product_cat-painel-sanduiche-de-la-de-rocha","7":"product_tag-agropanel-pt-pt-2","8":"product_tag-cobertura-em-painel-sanduiche","9":"product_tag-painel-de-azulejos","10":"product_tag-painel-de-azulejos-envelhecidos","11":"product_tag-painel-sanduiche","12":"product_tag-painel-sanduiche-para-fachada","13":"pa_colorexterior-azul-genciana-ral-5010-pt-pt","14":"pa_colorexterior-azul-lago-ral-5019","15":"pa_colorexterior-branco-pirineu-ral-9010","16":"pa_colorexterior-cinzento-ardosia-ral-7024","17":"pa_colorexterior-cinzento-basalto-ral-7012","18":"pa_colorexterior-cinzento-metalizado-ral-9006","19":"pa_colorexterior-cinzento-sombra-ral-7022","20":"pa_colorexterior-creme-bidasoa-ral-1015-pt-pt","21":"pa_colorexterior-verde-navarra-ral-6005","22":"pa_colorexterior-vermelho-ral-3009","23":"pa_colorinterior-branco-pirineu-ral-9010","24":"pa_espesorespuma-100-mm-pt-pt","25":"pa_espesorespuma-120-mm-pt-pt","26":"pa_espesorespuma-50-mm-pt-pt-3","27":"pa_espesorespuma-75-mm-pt-pt","28":"pa_tipoaislamiento-la-de-rocha-100-mm-a2-s1-d0-rei-180","29":"pa_tipoaislamiento-la-de-rocha-120-mm-a2-s1-d0-ei-180","30":"pa_tipoaislamiento-la-de-rocha-50-mm-a2-s1-d0-rei-30","31":"pa_tipoaislamiento-la-de-rocha-75-mm-a2-s1-d0-rei-120","33":"first","34":"outofstock","35":"taxable","36":"shipping-taxable","37":"purchasable","38":"product-type-variable","39":"has-default-attributes"},"_links":{"self":[{"href":"https:\/\/panelsandwich.org\/pt-pt\/wp-json\/wp\/v2\/product\/63322","targetHints":{"allow":["GET"]}}],"collection":[{"href":"https:\/\/panelsandwich.org\/pt-pt\/wp-json\/wp\/v2\/product"}],"about":[{"href":"https:\/\/panelsandwich.org\/pt-pt\/wp-json\/wp\/v2\/types\/product"}],"replies":[{"embeddable":true,"href":"https:\/\/panelsandwich.org\/pt-pt\/wp-json\/wp\/v2\/comments?post=63322"}],"version-history":[{"count":0,"href":"https:\/\/panelsandwich.org\/pt-pt\/wp-json\/wp\/v2\/product\/63322\/revisions"}],"wp:featuredmedia":[{"embeddable":true,"href":"https:\/\/panelsandwich.org\/pt-pt\/wp-json\/wp\/v2\/media\/63493"}],"wp:attachment":[{"href":"https:\/\/panelsandwich.org\/pt-pt\/wp-json\/wp\/v2\/media?parent=63322"}],"wp:term":[{"taxonomy":"product_brand","embeddable":true,"href":"https:\/\/panelsandwich.org\/pt-pt\/wp-json\/wp\/v2\/product_brand?post=63322"},{"taxonomy":"product_cat","embeddable":true,"href":"https:\/\/panelsandwich.org\/pt-pt\/wp-json\/wp\/v2\/product_cat?post=63322"},{"taxonomy":"product_tag","embeddable":true,"href":"https:\/\/panelsandwich.org\/pt-pt\/wp-json\/wp\/v2\/product_tag?post=63322"}],"curies":[{"name":"wp","href":"https:\/\/api.w.org\/{rel}","templated":true}]}}