{"id":63675,"date":"2023-09-28T23:16:06","date_gmt":"2023-09-28T21:16:06","guid":{"rendered":"https:\/\/panelsandwich.org\/parafuso-para-painel-sanduiche-madeira\/"},"modified":"2023-09-28T23:16:06","modified_gmt":"2023-09-28T21:16:06","slug":"parafuso-para-painel-sanduiche-madeira","status":"publish","type":"product","link":"https:\/\/panelsandwich.org\/pt-pt\/parafuso-para-painel-sanduiche-madeira\/","title":{"rendered":"Parafuso para painel sandu\u00edche &#8211; Madeira"},"content":{"rendered":"<h2>Descreve:<\/h2>\n<p>Parafuso utilizado para fixar pain\u00e9is tipo sandu\u00edche com suportes met\u00e1licos, com espessura n\u00e3o superior a 6 mm.<\/p>\n<p>Duas roscas de 5,5 mm s\u00e3o colocadas no material de suporte e por baixo da cabe\u00e7a da rosca, evitando assim o esmagamento e actuando como um batente para aparafusar.<\/p>\n<p style=\"text-align: center;\"><strong><span style=\"font-size: medium;\"><a class=\"w-100 btn btn-danger btn-lg\" href=\"https:\/\/panelsandwich.org\/contactenos\">SOLICITA PRE\u00c7OS E INFORMA\u00c7\u00d5ES T\u00c9CNICAS  <i class=\"caret-right\"><\/i><\/a><\/span><\/strong><\/p>\n<h2>Caracter\u00edsticas<\/h2>\n<ul style=\"list-style-type: circle;\">\n<li>N\u00e3o necessita de pr\u00e9-perfura\u00e7\u00e3o.<\/li>\n<li>Chave 8.<\/li>\n<li>M\u00e1ximo. Capacidade de perfura\u00e7\u00e3o 2,0x 0,8 + 6,0 mm.<\/li>\n<li>Velocidade de perfura\u00e7\u00e3o: 1000 1500 rpm.<\/li>\n<\/ul>\n<h2>Medi\u00e7\u00f5es:<\/h2>\n<ul style=\"list-style-type: circle;\">\n<li>Ref-TOCO06 Parafuso de painel 5,5\/6,3 X 60<\/li>\n<li>Ref-TOCO08 Painel de parafusos 5,5\/6,3 X 80<\/li>\n<li>Ref-TOCO10 Painel de parafusos 5,5\/6,3 X 100<\/li>\n<li>Ref-TOCO11 Painel de parafusos 5,5\/6,3 X 115<\/li>\n<li>Ref-TOCO13 Parafuso de painel 5,5\/6,3 X 132<\/li>\n<li>Ref-TOCO15 Parafuso de painel 5,5\/6,3 X 150<\/li>\n<li>Ref-TOCO17 Parafuso de painel 5,5\/6,3 X 170<\/li>\n<\/ul>\n<h2>Dados t\u00e9cnicos<\/h2>\n<table class=\"MsoTable15Grid1LightAccent5\" style=\"width: 100%; border-collapse: collapse; border: none;\" border=\"1\" width=\"965\" cellspacing=\"0\" cellpadding=\"0\">\n<tbody>\n<tr>\n<td style=\"width: 53.25pt; border-width: 1pt 1pt 1.5pt; border-style: solid; border-color: #bdd6ee #bdd6ee #9cc2e5; padding: 0cm 5.4pt; text-align: center;\" valign=\"top\" width=\"71\">\n<p class=\"MsoNormal\" style=\"text-align: center; line-height: 18.4pt; margin: .75pt 0cm .75pt 0cm;\" align=\"center\"><b><span style=\"font-size: 8.5pt; font-family: Verdana, sans-serif; color: #242c2e;\">Dimens\u00e3o D1+D2x L (mm)<\/span><\/b><b><\/b><\/p>\n<p>&nbsp;<\/p>\n<p>&nbsp;<\/td>\n<td style=\"width: 45.25pt; border-top: 1pt solid #bdd6ee; border-left: none; border-bottom: 1.5pt solid #9cc2e5; border-right: 1pt solid #bdd6ee; padding: 0cm 5.4pt; text-align: center;\" valign=\"top\" width=\"60\">\n<p class=\"MsoNormal\" style=\"text-align: center; line-height: 18.4pt; margin: .75pt 0cm .75pt 0cm;\" align=\"center\"><b><span style=\"font-size: 8.5pt; font-family: Verdana, sans-serif; color: #242c2e;\">L (mm)<\/span><\/b><b><\/b><\/p>\n<p>&nbsp;<\/p>\n<p>&nbsp;<\/td>\n<td style=\"width: 45.2pt; border-top: 1pt solid #bdd6ee; border-left: none; border-bottom: 1.5pt solid #9cc2e5; border-right: 1pt solid #bdd6ee; padding: 0cm 5.4pt; text-align: center;\" valign=\"top\" width=\"60\">\n<p class=\"MsoNormal\" style=\"text-align: center; line-height: 18.4pt; margin: .75pt 0cm .75pt 0cm;\" align=\"center\"><b><span style=\"font-size: 8.5pt; font-family: Verdana, sans-serif; color: #242c2e;\">S (mm)<\/span><\/b><b><\/b><\/p>\n<p>&nbsp;<\/p>\n<p>&nbsp;<\/td>\n<td style=\"width: 47.25pt; border-top: 1pt solid #bdd6ee; border-left: none; border-bottom: 1.5pt solid #9cc2e5; border-right: 1pt solid #bdd6ee; padding: 0cm 5.4pt; text-align: center;\" valign=\"top\" width=\"63\">\n<p class=\"MsoNormal\" style=\"text-align: center; line-height: 18.4pt; margin: .75pt 0cm .75pt 0cm;\" align=\"center\"><b><span style=\"font-size: 8.5pt; font-family: Verdana, sans-serif; color: #242c2e;\">B (mm)<\/span><\/b><b><\/b><\/p>\n<p>&nbsp;<\/p>\n<p>&nbsp;<\/td>\n<td style=\"width: 48.65pt; border-top: 1pt solid #bdd6ee; border-left: none; border-bottom: 1.5pt solid #9cc2e5; border-right: 1pt solid #bdd6ee; padding: 0cm 5.4pt; text-align: center;\" valign=\"top\" width=\"65\">\n<p class=\"MsoNormal\" style=\"text-align: center; line-height: 18.4pt; margin: .75pt 0cm .75pt 0cm;\" align=\"center\"><b><span style=\"font-size: 8.5pt; font-family: Verdana, sans-serif; color: #242c2e;\">B1 (mm)<\/span><\/b><b><\/b><\/p>\n<p>&nbsp;<\/p>\n<p>&nbsp;<\/td>\n<td style=\"width: 46.35pt; border-top: 1pt solid #bdd6ee; border-left: none; border-bottom: 1.5pt solid #9cc2e5; border-right: 1pt solid #bdd6ee; padding: 0cm 5.4pt; text-align: center;\" valign=\"top\" width=\"62\">\n<p class=\"MsoNormal\" style=\"text-align: center; line-height: 18.4pt; margin: .75pt 0cm .75pt 0cm;\" align=\"center\"><b><span style=\"font-size: 8.5pt; font-family: Verdana, sans-serif; color: #242c2e;\">H (mm)<\/span><\/b><b><\/b><\/p>\n<p>&nbsp;<\/p>\n<p>&nbsp;<\/td>\n<\/tr>\n<tr>\n<td style=\"width: 53.25pt; border-right: 1pt solid #bdd6ee; border-bottom: 1pt solid #bdd6ee; border-left: 1pt solid #bdd6ee; border-top: none; padding: 0cm 5.4pt; text-align: center;\" valign=\"top\" width=\"71\">\n<p class=\"MsoNormal\" style=\"text-align: center; line-height: 18.4pt; margin: .75pt 0cm .75pt 0cm;\" align=\"center\"><b><span style=\"font-size: 8.5pt; font-family: Verdana, sans-serif; color: #242c2e;\">5,5\/6,3x L<\/span><\/b><b><\/b><\/p>\n<p>&nbsp;<\/p>\n<p>&nbsp;<\/td>\n<td style=\"width: 45.25pt; border-top: none; border-left: none; border-bottom: 1pt solid #bdd6ee; border-right: 1pt solid #bdd6ee; padding: 0cm 5.4pt; text-align: center;\" valign=\"top\" width=\"60\">\n<p class=\"MsoNormal\" style=\"text-align: center; line-height: 18.4pt; margin: .75pt 0cm .75pt 0cm;\" align=\"center\"><span style=\"font-size: 8.5pt; font-family: Verdana, sans-serif; color: #242c2e;\">7,78-8,00<\/span><\/p>\n<\/td>\n<td style=\"width: 45.2pt; border-top: none; border-left: none; border-bottom: 1pt solid #bdd6ee; border-right: 1pt solid #bdd6ee; padding: 0cm 5.4pt; text-align: center;\" valign=\"top\" width=\"60\">\n<p class=\"MsoNormal\" style=\"text-align: center; line-height: 18.4pt; margin: .75pt 0cm .75pt 0cm;\" align=\"center\"><span style=\"font-size: 8.5pt; font-family: Verdana, sans-serif; color: #242c2e;\">8,64<\/span><\/p>\n<\/td>\n<td style=\"width: 47.25pt; border-top: none; border-left: none; border-bottom: 1pt solid #bdd6ee; border-right: 1pt solid #bdd6ee; padding: 0cm 5.4pt; text-align: center;\" valign=\"top\" width=\"63\">\n<p class=\"MsoNormal\" style=\"text-align: center; line-height: 18.4pt; margin: .75pt 0cm .75pt 0cm;\" align=\"center\"><span style=\"font-size: 8.5pt; font-family: Verdana, sans-serif; color: #242c2e;\">5,15-5,45<\/span><\/p>\n<\/td>\n<td style=\"width: 48.65pt; border-top: none; border-left: none; border-bottom: 1pt solid #bdd6ee; border-right: 1pt solid #bdd6ee; padding: 0cm 5.4pt; text-align: center;\" valign=\"top\" width=\"65\">\n<p class=\"MsoNormal\" style=\"text-align: center; line-height: 18.4pt; margin: .75pt 0cm .75pt 0cm;\" align=\"center\"><span style=\"font-size: 8.5pt; font-family: Verdana, sans-serif; color: #242c2e;\">5,15-5,45<\/span><\/p>\n<\/td>\n<td style=\"width: 46.35pt; border-top: none; border-left: none; border-bottom: 1pt solid #bdd6ee; border-right: 1pt solid #bdd6ee; padding: 0cm 5.4pt; text-align: center;\" valign=\"top\" width=\"62\">\n<p class=\"MsoNormal\" style=\"text-align: center; line-height: 18.4pt; margin: .75pt 0cm .75pt 0cm;\" align=\"center\"><span style=\"font-size: 8.5pt; font-family: Verdana, sans-serif; color: #242c2e;\">1,00-1,25<\/span><\/p>\n<\/td>\n<\/tr>\n<\/tbody>\n<\/table>\n<table class=\"MsoTable15Grid1LightAccent5\" style=\"width: 100%; border-collapse: collapse; border: none;\" border=\"1\" width=\"965\" cellspacing=\"0\" cellpadding=\"0\">\n<tbody>\n<tr>\n<td style=\"width: 88.15pt; border-width: 1pt 1pt 1.5pt; border-style: solid; border-color: #bdd6ee #bdd6ee #9cc2e5; padding: 0cm 5.4pt; text-align: center;\" valign=\"top\" width=\"118\">\n<p class=\"MsoNormal\" style=\"text-align: center; line-height: 18.4pt; margin: .75pt 0cm .75pt 0cm;\" align=\"center\"><b><span style=\"font-size: 8.5pt; font-family: Verdana, sans-serif; color: #242c2e;\">Tipo<\/span><\/b><b><\/b><\/p>\n<p>&nbsp;<\/p>\n<p>&nbsp;<\/td>\n<td style=\"width: 82.3pt; border-top: 1pt solid #bdd6ee; border-left: none; border-bottom: 1.5pt solid #9cc2e5; border-right: 1pt solid #bdd6ee; padding: 0cm 5.4pt; text-align: center;\" valign=\"top\" width=\"110\">\n<p class=\"MsoNormal\" style=\"text-align: center; line-height: 18.4pt; margin: .75pt 0cm .75pt 0cm;\" align=\"center\"><b><span style=\"font-size: 8.5pt; font-family: Verdana, sans-serif; color: #242c2e;\">Material<\/span><\/b><b><\/b><\/p>\n<p>&nbsp;<\/p>\n<p>&nbsp;<\/td>\n<td style=\"width: 88.6pt; border-top: 1pt solid #bdd6ee; border-left: none; border-bottom: 1.5pt solid #9cc2e5; border-right: 1pt solid #bdd6ee; padding: 0cm 5.4pt; text-align: center;\" valign=\"top\" width=\"118\">\n<p class=\"MsoNormal\" style=\"text-align: center; line-height: 18.4pt; margin: .75pt 0cm .75pt 0cm;\" align=\"center\"><b><span style=\"font-size: 8.5pt; font-family: Verdana, sans-serif; color: #242c2e;\">Revestimento<\/span><\/b><b><\/b><\/p>\n<p>&nbsp;<\/p>\n<p>&nbsp;<\/td>\n<\/tr>\n<tr>\n<td style=\"width: 88.15pt; border-right: 1pt solid #bdd6ee; border-bottom: 1pt solid #bdd6ee; border-left: 1pt solid #bdd6ee; border-top: none; padding: 0cm 5.4pt; text-align: center;\" rowspan=\"5\" valign=\"top\" width=\"118\">\n<p class=\"MsoNormal\" style=\"text-align: center; line-height: 18.4pt; margin: .75pt 0cm .75pt 0cm;\" align=\"center\"><b><span style=\"font-size: 8.5pt; font-family: Verdana, sans-serif; color: #242c2e;\">Parafuso hexagonal 8 mm<\/span><\/b><b><\/b><\/p>\n<p>&nbsp;<\/p>\n<p>&nbsp;<\/td>\n<td style=\"width: 82.3pt; border-top: none; border-left: none; border-bottom: 1pt solid #bdd6ee; border-right: 1pt solid #bdd6ee; padding: 0cm 5.4pt; text-align: center;\" rowspan=\"5\" valign=\"top\" width=\"110\">\n<p class=\"MsoNormal\" style=\"text-align: center; line-height: 18.4pt; margin: .75pt 0cm .75pt 0cm;\" align=\"center\"><span style=\"font-size: 8.5pt; font-family: Verdana, sans-serif; color: #242c2e;\">A\u00e7o cementado<\/span><\/p>\n<\/td>\n<td style=\"width: 88.6pt; border-top: none; border-left: none; border-bottom: 1pt solid #bdd6ee; border-right: 1pt solid #bdd6ee; padding: 0cm 5.4pt; text-align: center;\" rowspan=\"5\" valign=\"top\" width=\"118\">\n<p class=\"MsoNormal\" style=\"text-align: center; line-height: 18.4pt; margin: .75pt 0cm .75pt 0cm;\" align=\"center\"><span style=\"font-size: 8.5pt; font-family: Verdana, sans-serif; color: #242c2e;\">Amarelo zincado &lt;= 5 microns ISO 4042<\/span><\/p>\n<\/td>\n<\/tr>\n<\/tbody>\n<\/table>\n<table class=\"MsoTable15Grid1LightAccent5\" style=\"width: 100%; border-collapse: collapse; border: none;\" border=\"1\" width=\"965\" cellspacing=\"0\" cellpadding=\"0\">\n<tbody>\n<tr>\n<td style=\"width: 464.7pt; border-width: 1pt 1pt 1.5pt; border-style: solid; border-color: #bdd6ee #bdd6ee #9cc2e5; padding: 0cm 5.4pt; text-align: center;\" colspan=\"2\" valign=\"top\" width=\"620\">\n<p class=\"MsoNormal\" style=\"text-align: center; line-height: 18.4pt; margin: .75pt 0cm .75pt 0cm;\" align=\"center\"><b><span style=\"font-size: 8.5pt; font-family: Verdana, sans-serif; color: #242c2e;\">Espessura a fixar (mm)<\/span><\/b><b><\/b><\/p>\n<p>&nbsp;<\/p>\n<p>&nbsp;<\/td>\n<\/tr>\n<tr>\n<td style=\"width: 81pt; border-right: 1pt solid #bdd6ee; border-bottom: 1pt solid #bdd6ee; border-left: 1pt solid #bdd6ee; border-top: none; padding: 0cm 5.4pt; text-align: center;\" valign=\"top\" width=\"108\">\n<p class=\"MsoNormal\" style=\"text-align: center; line-height: 18.4pt; margin: .75pt 0cm .75pt 0cm;\" align=\"center\"><b><span style=\"font-size: 8.5pt; font-family: Verdana, sans-serif; color: #242c2e;\">Medi\u00e7\u00e3o D1+D2x L<\/span><\/b><b><\/b><\/p>\n<p>&nbsp;<\/p>\n<p>&nbsp;<\/td>\n<td style=\"width: 383.7pt; border-top: none; border-left: none; border-bottom: 1pt solid #bdd6ee; border-right: 1pt solid #bdd6ee; padding: 0cm 5.4pt; text-align: center;\" valign=\"top\" width=\"512\">\n<p class=\"MsoNormal\" style=\"text-align: center; line-height: 18.4pt; margin: .75pt 0cm .75pt 0cm;\" align=\"center\"><span style=\"font-size: 8.5pt; font-family: Verdana, sans-serif; color: #242c2e;\">Espessura do painel<\/span><\/p>\n<\/td>\n<\/tr>\n<tr>\n<td style=\"width: 81pt; border-right: 1pt solid #bdd6ee; border-bottom: 1pt solid #bdd6ee; border-left: 1pt solid #bdd6ee; border-top: none; padding: 0cm 5.4pt; text-align: center;\" valign=\"top\" width=\"108\">\n<p class=\"MsoNormal\" style=\"text-align: center; line-height: 18.4pt; margin: .75pt 0cm .75pt 0cm;\" align=\"center\"><b><span style=\"font-size: 8.5pt; font-family: Verdana, sans-serif; color: #242c2e;\">5,5\/6,3x 63<\/span><\/b><b><\/b><\/p>\n<p>&nbsp;<\/p>\n<p>&nbsp;<\/td>\n<td style=\"width: 383.7pt; border-top: none; border-left: none; border-bottom: 1pt solid #bdd6ee; border-right: 1pt solid #bdd6ee; padding: 0cm 5.4pt; text-align: center;\" valign=\"top\" width=\"512\">\n<p class=\"MsoNormal\" style=\"text-align: center; line-height: 18.4pt; margin: .75pt 0cm .75pt 0cm;\" align=\"center\"><span style=\"font-size: 8.5pt; font-family: Verdana, sans-serif; color: #242c2e;\">30%45<\/span><\/p>\n<\/td>\n<\/tr>\n<tr>\n<td style=\"width: 81pt; border-right: 1pt solid #bdd6ee; border-bottom: 1pt solid #bdd6ee; border-left: 1pt solid #bdd6ee; border-top: none; padding: 0cm 5.4pt; text-align: center;\" valign=\"top\" width=\"108\">\n<p class=\"MsoNormal\" style=\"text-align: center; line-height: 18.4pt; margin: .75pt 0cm .75pt 0cm;\" align=\"center\"><b><span style=\"font-size: 8.5pt; font-family: Verdana, sans-serif; color: #242c2e;\">5,5\/6,3x 82<\/span><\/b><b><\/b><\/p>\n<p>&nbsp;<\/p>\n<p>&nbsp;<\/td>\n<td style=\"width: 383.7pt; border-top: none; border-left: none; border-bottom: 1pt solid #bdd6ee; border-right: 1pt solid #bdd6ee; padding: 0cm 5.4pt; text-align: center;\" valign=\"top\" width=\"512\">\n<p class=\"MsoNormal\" style=\"text-align: center; line-height: 18.4pt; margin: .75pt 0cm .75pt 0cm;\" align=\"center\"><span style=\"font-size: 8.5pt; font-family: Verdana, sans-serif; color: #242c2e;\">30%65<\/span><\/p>\n<\/td>\n<\/tr>\n<tr>\n<td style=\"width: 81pt; border-right: 1pt solid #bdd6ee; border-bottom: 1pt solid #bdd6ee; border-left: 1pt solid #bdd6ee; border-top: none; padding: 0cm 5.4pt; text-align: center;\" valign=\"top\" width=\"108\">\n<p class=\"MsoNormal\" style=\"text-align: center; line-height: 18.4pt; margin: .75pt 0cm .75pt 0cm;\" align=\"center\"><b><span style=\"font-size: 8.5pt; font-family: Verdana, sans-serif; color: #242c2e;\">5,5\/6,3x 98<\/span><\/b><b><\/b><\/p>\n<p>&nbsp;<\/p>\n<p>&nbsp;<\/td>\n<td style=\"width: 383.7pt; border-top: none; border-left: none; border-bottom: 1pt solid #bdd6ee; border-right: 1pt solid #bdd6ee; padding: 0cm 5.4pt; text-align: center;\" valign=\"top\" width=\"512\">\n<p class=\"MsoNormal\" style=\"text-align: center; line-height: 18.4pt; margin: .75pt 0cm .75pt 0cm;\" align=\"center\"><span style=\"font-size: 8.5pt; font-family: Verdana, sans-serif; color: #242c2e;\">45%85<\/span><\/p>\n<\/td>\n<\/tr>\n<tr>\n<td style=\"width: 81pt; border-right: 1pt solid #bdd6ee; border-bottom: 1pt solid #bdd6ee; border-left: 1pt solid #bdd6ee; border-top: none; padding: 0cm 5.4pt; text-align: center;\" valign=\"top\" width=\"108\">\n<p class=\"MsoNormal\" style=\"text-align: center; line-height: 18.4pt; margin: .75pt 0cm .75pt 0cm;\" align=\"center\"><b><span style=\"font-size: 8.5pt; font-family: Verdana, sans-serif; color: #242c2e;\">5,5\/6,3x 115<\/span><\/b><b><\/b><\/p>\n<p>&nbsp;<\/p>\n<p>&nbsp;<\/td>\n<td style=\"width: 383.7pt; border-top: none; border-left: none; border-bottom: 1pt solid #bdd6ee; border-right: 1pt solid #bdd6ee; padding: 0cm 5.4pt; text-align: center;\" valign=\"top\" width=\"512\">\n<p class=\"MsoNormal\" style=\"text-align: center; line-height: 18.4pt; margin: .75pt 0cm .75pt 0cm;\" align=\"center\"><span style=\"font-size: 8.5pt; font-family: Verdana, sans-serif; color: #242c2e;\">65%100<\/span><\/p>\n<\/td>\n<\/tr>\n<\/tbody>\n<\/table>\n<p style=\"text-align: center;\"><strong><span style=\"font-size: medium;\"><a class=\"w-100 btn btn-danger btn-lg\" href=\"https:\/\/panelsandwich.org\/contactenos\">SOLICITA PRE\u00c7OS E INFORMA\u00c7\u00d5ES T\u00c9CNICAS  <i class=\"caret-right\"><\/i><\/a><\/span><\/strong><\/p>\n","protected":false},"excerpt":{"rendered":"<p>Parafuso utilizado para fixar pain\u00e9is tipo sandu\u00edche com suportes met\u00e1licos, com espessura n\u00e3o superior a 6 mm.<\/p>\n<p>Duas roscas de 5,5 mm s\u00e3o colocadas no material de suporte e por baixo da cabe\u00e7a da rosca, evitando assim o esmagamento e actuando como um batente para aparafusar.<\/p>\n<p style=\"text-align: center;\"><strong><span style=\"font-size: medium;\"><a class=\"w-100 btn btn-danger btn-lg\" href=\"https:\/\/panelsandwich.org\/contactenos\">SOLICITA PRE\u00c7OS E INFORMA\u00c7\u00d5ES T\u00c9CNICAS  <i class=\"caret-right\"><\/i><\/a><\/span><\/strong><\/p>\n","protected":false},"featured_media":63683,"comment_status":"closed","ping_status":"closed","template":"","meta":[],"product_brand":[],"product_cat":[3842],"product_tag":[3847,3845],"class_list":{"0":"post-63675","1":"product","2":"type-product","3":"status-publish","4":"has-post-thumbnail","6":"product_cat-parafusos-do-painel-sanduiche","7":"product_tag-fixadores-industriais","8":"product_tag-parafuso-para-madeira","9":"pa_medidas-unidades-unidades","10":"pa_situacion-armazem-de-stock","12":"first","13":"outofstock","14":"taxable","15":"shipping-taxable","16":"purchasable","17":"product-type-variable","18":"has-default-attributes"},"_links":{"self":[{"href":"https:\/\/panelsandwich.org\/pt-pt\/wp-json\/wp\/v2\/product\/63675","targetHints":{"allow":["GET"]}}],"collection":[{"href":"https:\/\/panelsandwich.org\/pt-pt\/wp-json\/wp\/v2\/product"}],"about":[{"href":"https:\/\/panelsandwich.org\/pt-pt\/wp-json\/wp\/v2\/types\/product"}],"replies":[{"embeddable":true,"href":"https:\/\/panelsandwich.org\/pt-pt\/wp-json\/wp\/v2\/comments?post=63675"}],"version-history":[{"count":0,"href":"https:\/\/panelsandwich.org\/pt-pt\/wp-json\/wp\/v2\/product\/63675\/revisions"}],"wp:featuredmedia":[{"embeddable":true,"href":"https:\/\/panelsandwich.org\/pt-pt\/wp-json\/wp\/v2\/media\/63683"}],"wp:attachment":[{"href":"https:\/\/panelsandwich.org\/pt-pt\/wp-json\/wp\/v2\/media?parent=63675"}],"wp:term":[{"taxonomy":"product_brand","embeddable":true,"href":"https:\/\/panelsandwich.org\/pt-pt\/wp-json\/wp\/v2\/product_brand?post=63675"},{"taxonomy":"product_cat","embeddable":true,"href":"https:\/\/panelsandwich.org\/pt-pt\/wp-json\/wp\/v2\/product_cat?post=63675"},{"taxonomy":"product_tag","embeddable":true,"href":"https:\/\/panelsandwich.org\/pt-pt\/wp-json\/wp\/v2\/product_tag?post=63675"}],"curies":[{"name":"wp","href":"https:\/\/api.w.org\/{rel}","templated":true}]}}