{"id":63808,"date":"2023-09-28T23:16:05","date_gmt":"2023-09-28T21:16:05","guid":{"rendered":"https:\/\/panelsandwich.org\/correia-de-metal-omegas\/"},"modified":"2023-09-28T23:16:05","modified_gmt":"2023-09-28T21:16:05","slug":"correia-de-metal-omegas","status":"publish","type":"product","link":"https:\/\/panelsandwich.org\/pt-pt\/correia-de-metal-omegas\/","title":{"rendered":"Correia de metal &#8211; Omegas"},"content":{"rendered":"<h2>Descreve:<\/h2>\n<p>Os perfis C e Z de a\u00e7o macio enformados a frio apresentam muitas vantagens em rela\u00e7\u00e3o aos perfis de a\u00e7o laminados a quente. O peso versus resist\u00eancia \u00e9 uma carater\u00edstica que tem levado ao crescimento exponencial da utiliza\u00e7\u00e3o destas sec\u00e7\u00f5es na constru\u00e7\u00e3o de edif\u00edcios das mais variadas tipologias. Assim, este documento cont\u00e9m as propriedades da sec\u00e7\u00e3o bruta e da sec\u00e7\u00e3o efectiva dos perfis de sec\u00e7\u00e3o C e Z atualmente produzidos pela Panel Sandwich .ORG.<\/p>\n<h2><img decoding=\"async\" class=\"size-full wp-image-31899 lazyload\" data-src=\"https:\/\/panelsandwich.org\/wp-content\/uploads\/2018\/02\/cms_2_1.JPG\" alt=\"|\" width=\"100%\" title=\"\" data-srcset=\"https:\/\/panelsandwich.org\/wp-content\/uploads\/2018\/02\/cms_2_1.JPG 1012w, https:\/\/panelsandwich.org\/wp-content\/uploads\/2018\/02\/cms_2_1-300x100.jpg 300w, https:\/\/panelsandwich.org\/wp-content\/uploads\/2018\/02\/cms_2_1-768x255.jpg 768w, https:\/\/panelsandwich.org\/wp-content\/uploads\/2018\/02\/cms_2_1-600x199.jpg 600w\" data-sizes=\"(max-width: 1012px) 100vw, 1012px\" src=\"data:image\/svg+xml;base64,PHN2ZyB3aWR0aD0iMSIgaGVpZ2h0PSIxIiB4bWxucz0iaHR0cDovL3d3dy53My5vcmcvMjAwMC9zdmciPjwvc3ZnPg==\" style=\"--smush-placeholder-width: 1012px; --smush-placeholder-aspect-ratio: 1012\/336;\" \/><\/h2>\n<p style=\"text-align: center;\"><strong><span style=\"font-size: medium;\"><a class=\"w-100 btn btn-danger btn-lg\" href=\"https:\/\/panelsandwich.org\/contactenos\">SOLICITA PRE\u00c7OS E INFORMA\u00c7\u00d5ES T\u00c9CNICAS  <i class=\"caret-right\"><\/i><\/a><\/span><\/strong><\/p>\n<h2>Aplica-te:<\/h2>\n<p>A aplica\u00e7\u00e3o de perfis de a\u00e7o enformados a frio tem registado um crescimento exponencial devido \u00e0s enormes vantagens da aplica\u00e7\u00e3o em rela\u00e7\u00e3o \u00e0s solu\u00e7\u00f5es concorrentes.<\/p>\n<ul style=\"list-style-type: circle;\">\n<li>Estrutura secund\u00e1ria para telhados e fachadas Suporte para telhados e fachadas<\/li>\n<li>Divis\u00f3rias e compartimentos exteriores<\/li>\n<li>Envolventes de edif\u00edcios<\/li>\n<li>Estruturas de suporte para sistemas de pain\u00e9is solares ou fotovoltaicos<\/li>\n<li>Pisos interm\u00e9dios<\/li>\n<li>Remodela\u00e7\u00e3o de edif\u00edcios.<\/li>\n<\/ul>\n<h2>Qualidade dos materiais:<\/h2>\n<p>Os perfis C e Z mencionados no cat\u00e1logo s\u00e3o fabricados em a\u00e7o pr\u00e9-galvanizado, de acordo com a norma EN 10346, com um grau de zinco que varia entre Z10 e Z275, consoante os requisitos do projeto. Opcionalmente, este produto pode ser fornecido com outro tipo de acabamento superficial, nomeadamente com laca RAL a definir.<\/p>\n<h2>Propriedades geom\u00e9tricas<\/h2>\n<p>No \u00e2mbito das normas europeias em vigor, o dimensionamento dos perfis de a\u00e7o macio enformados a frio (classes 3 e 4) \u00e9 efectuado com base no Euroc\u00f3digo 3 &#8211; Projeto de estruturas de a\u00e7o, partes 1.1, 1.3 e 1.5. Estas normas apresentam modelos para o dimensionamento de elementos, sujeitos a diferentes tipos de tens\u00f5es actuando isoladamente ou em combina\u00e7\u00e3o, com base em propriedades efectivas. As sec\u00e7\u00f5es aqui tratadas respeitam as restri\u00e7\u00f5es estabelecidas na norma EN 1993-1-3 no que respeita aos limites m\u00e1ximos entre a rela\u00e7\u00e3o das diferentes larguras.<\/p>\n<p>As sec\u00e7\u00f5es transversais e as propriedades geom\u00e9tricas correspondentes foram obtidas separadamente, para a compress\u00e3o pura, a flex\u00e3o de acordo com e a flex\u00e3o de acordo com z. No entanto, estas propriedades podem ser utilizadas na verifica\u00e7\u00e3o de sec\u00e7\u00f5es sujeitas a esfor\u00e7os combinados, tal como previsto nos pontos 4.3(3) e 4.3(4) da norma. EN 1993-1-3.<\/p>\n<p>As tabelas apresentadas neste cat\u00e1logo cont\u00eam as propriedades da sec\u00e7\u00e3o bruta e as sec\u00e7\u00f5es efectivas (em compress\u00e3o e flex\u00e3o) dos perfis de sec\u00e7\u00e3o C e Z que comp\u00f5em a nossa gama. Para a sec\u00e7\u00e3o efectiva, s\u00e3o apresentados os momentos de in\u00e9rcia e o m\u00f3dulo de elasticidade de flex\u00e3o nas direc\u00e7\u00f5es y e z, considerando momentos de flex\u00e3o positivos e negativos, bem como a \u00e1rea efectiva e a posi\u00e7\u00e3o do centro de gravidade relativamente \u00e0 posi\u00e7\u00e3o inicial. (sec\u00e7\u00e3o bruta) para tens\u00f5es de compress\u00e3o puras.<\/p>\n<p>Para determinar as propriedades efectivas das sec\u00e7\u00f5es Z, considerou-se uma simplifica\u00e7\u00e3o, que consiste em calcular as propriedades para o mesmo sistema de eixos do perfil C, ou seja, de acordo com os eixos horizontal e vertical, embora estes n\u00e3o sejam os eixos principais de in\u00e9rcia do perfil C. sec\u00e7\u00e3o.<\/p>\n<h2>Suporte met\u00e1lico: <img decoding=\"async\" class=\"size-full wp-image-31900 lazyload\" data-src=\"https:\/\/panelsandwich.org\/wp-content\/uploads\/2018\/02\/cms_1_1.JPG\" alt=\"|\" width=\"100%\" title=\"\" data-srcset=\"https:\/\/panelsandwich.org\/wp-content\/uploads\/2018\/02\/cms_1_1.JPG 967w, https:\/\/panelsandwich.org\/wp-content\/uploads\/2018\/02\/cms_1_1-300x224.jpg 300w, https:\/\/panelsandwich.org\/wp-content\/uploads\/2018\/02\/cms_1_1-768x573.jpg 768w, https:\/\/panelsandwich.org\/wp-content\/uploads\/2018\/02\/cms_1_1-600x448.jpg 600w\" data-sizes=\"(max-width: 967px) 100vw, 967px\" src=\"data:image\/svg+xml;base64,PHN2ZyB3aWR0aD0iMSIgaGVpZ2h0PSIxIiB4bWxucz0iaHR0cDovL3d3dy53My5vcmcvMjAwMC9zdmciPjwvc3ZnPg==\" style=\"--smush-placeholder-width: 967px; --smush-placeholder-aspect-ratio: 967\/722;\" \/><\/h2>\n<h2>Refor\u00e7o:<\/h2>\n<p>Cintas met\u00e1licas C De modo a permitir a transmiss\u00e3o de tens\u00f5es de continuidade em situa\u00e7\u00f5es de emenda, foram definidas liga\u00e7\u00f5es normalizadas para cada uma das situa\u00e7\u00f5es em fun\u00e7\u00e3o do tipo de perfil. Poliuretano (PUR) | Poliisocianurato (PIR)<\/p>\n<h2>Padr\u00f5es de perfura\u00e7\u00e3o:<\/h2>\n<p>As cintas met\u00e1licas C Os perfis C s\u00e3o fornecidos com orif\u00edcios para serem aparafusados \u00e0 estrutura principal por meio de acess\u00f3rios.<\/p>\n<ul style=\"list-style-type: circle;\">\n<li>Furo standard O furo standard \u00e9 oval no sentido do desenvolvimento longitudinal das madres, sendo \u00d817\u00d725 para parafusos M12-8.8.<\/li>\n<li>Centro de Perfura\u00e7\u00e3o Para al\u00e9m da perfura\u00e7\u00e3o standard, dispomos de equipamento que nos permite realizar perfura\u00e7\u00f5es diversificadas e personalizadas para responder a qualquer exig\u00eancia do projeto.<\/li>\n<\/ul>\n<p><img decoding=\"async\" class=\"size-full wp-image-31901 lazyload\" data-src=\"https:\/\/panelsandwich.org\/wp-content\/uploads\/2018\/02\/cms_c.JPG\" alt=\"|\" width=\"100%\" title=\"\" data-srcset=\"https:\/\/panelsandwich.org\/wp-content\/uploads\/2018\/02\/cms_c.JPG 973w, https:\/\/panelsandwich.org\/wp-content\/uploads\/2018\/02\/cms_c-300x173.jpg 300w, https:\/\/panelsandwich.org\/wp-content\/uploads\/2018\/02\/cms_c-768x442.jpg 768w, https:\/\/panelsandwich.org\/wp-content\/uploads\/2018\/02\/cms_c-600x345.jpg 600w\" data-sizes=\"(max-width: 973px) 100vw, 973px\" src=\"data:image\/svg+xml;base64,PHN2ZyB3aWR0aD0iMSIgaGVpZ2h0PSIxIiB4bWxucz0iaHR0cDovL3d3dy53My5vcmcvMjAwMC9zdmciPjwvc3ZnPg==\" style=\"--smush-placeholder-width: 973px; --smush-placeholder-aspect-ratio: 973\/560;\" \/><img decoding=\"async\" class=\"size-full wp-image-31902 lazyload\" data-src=\"https:\/\/panelsandwich.org\/wp-content\/uploads\/2018\/02\/cms_z.JPG\" alt=\"|\" width=\"100%\" title=\"\" data-srcset=\"https:\/\/panelsandwich.org\/wp-content\/uploads\/2018\/02\/cms_z.JPG 968w, https:\/\/panelsandwich.org\/wp-content\/uploads\/2018\/02\/cms_z-300x173.jpg 300w, https:\/\/panelsandwich.org\/wp-content\/uploads\/2018\/02\/cms_z-768x444.jpg 768w, https:\/\/panelsandwich.org\/wp-content\/uploads\/2018\/02\/cms_z-600x346.jpg 600w\" data-sizes=\"(max-width: 968px) 100vw, 968px\" src=\"data:image\/svg+xml;base64,PHN2ZyB3aWR0aD0iMSIgaGVpZ2h0PSIxIiB4bWxucz0iaHR0cDovL3d3dy53My5vcmcvMjAwMC9zdmciPjwvc3ZnPg==\" style=\"--smush-placeholder-width: 968px; --smush-placeholder-aspect-ratio: 968\/559;\" \/><\/p>\n<p style=\"text-align: center;\"><strong><span style=\"font-size: medium;\"><a class=\"w-100 btn btn-danger btn-lg\" href=\"https:\/\/panelsandwich.org\/contactenos\">SOLICITA PRE\u00c7OS E INFORMA\u00c7\u00d5ES T\u00c9CNICAS  <i class=\"caret-right\"><\/i><\/a><\/span><\/strong><\/p>\n","protected":false},"excerpt":{"rendered":"<p style=\"text-align: center;\"><strong><span style=\"font-size: medium;\"><a class=\"w-100 btn btn-danger btn-lg\" href=\"https:\/\/panelsandwich.org\/contactenos\">SOLICITA PRE\u00c7OS E INFORMA\u00c7\u00d5ES T\u00c9CNICAS  <i class=\"caret-right\"><\/i><\/a><\/span><\/strong><\/p>\n","protected":false},"featured_media":63818,"comment_status":"closed","ping_status":"closed","template":"","meta":[],"product_brand":[],"product_cat":[3869],"product_tag":[3879,3877,3878],"class_list":{"0":"post-63808","1":"product","2":"type-product","3":"status-publish","4":"has-post-thumbnail","6":"product_cat-correias-de-aco-estrutural","7":"product_tag-omega-pt-pt","8":"product_tag-omegas-metalica-pt-pt","9":"product_tag-ripas","10":"pa_colorexterior-galvanizado-pt-pt","11":"pa_espesordelachapa-100-mm-pt-pt","12":"pa_medidas-metros-lineares-ml","13":"pa_situacion-a-pedido","15":"first","16":"outofstock","17":"taxable","18":"shipping-taxable","19":"purchasable","20":"product-type-variable","21":"has-default-attributes"},"_links":{"self":[{"href":"https:\/\/panelsandwich.org\/pt-pt\/wp-json\/wp\/v2\/product\/63808","targetHints":{"allow":["GET"]}}],"collection":[{"href":"https:\/\/panelsandwich.org\/pt-pt\/wp-json\/wp\/v2\/product"}],"about":[{"href":"https:\/\/panelsandwich.org\/pt-pt\/wp-json\/wp\/v2\/types\/product"}],"replies":[{"embeddable":true,"href":"https:\/\/panelsandwich.org\/pt-pt\/wp-json\/wp\/v2\/comments?post=63808"}],"version-history":[{"count":0,"href":"https:\/\/panelsandwich.org\/pt-pt\/wp-json\/wp\/v2\/product\/63808\/revisions"}],"wp:featuredmedia":[{"embeddable":true,"href":"https:\/\/panelsandwich.org\/pt-pt\/wp-json\/wp\/v2\/media\/63818"}],"wp:attachment":[{"href":"https:\/\/panelsandwich.org\/pt-pt\/wp-json\/wp\/v2\/media?parent=63808"}],"wp:term":[{"taxonomy":"product_brand","embeddable":true,"href":"https:\/\/panelsandwich.org\/pt-pt\/wp-json\/wp\/v2\/product_brand?post=63808"},{"taxonomy":"product_cat","embeddable":true,"href":"https:\/\/panelsandwich.org\/pt-pt\/wp-json\/wp\/v2\/product_cat?post=63808"},{"taxonomy":"product_tag","embeddable":true,"href":"https:\/\/panelsandwich.org\/pt-pt\/wp-json\/wp\/v2\/product_tag?post=63808"}],"curies":[{"name":"wp","href":"https:\/\/api.w.org\/{rel}","templated":true}]}}