{"id":64109,"date":"2023-09-28T23:16:03","date_gmt":"2023-09-28T21:16:03","guid":{"rendered":"https:\/\/panelsandwich.org\/rt1011-telha-de-imitacao-guarnicao-lateral\/"},"modified":"2023-09-28T23:16:03","modified_gmt":"2023-09-28T21:16:03","slug":"rt1011-telha-de-imitacao-guarnicao-lateral","status":"publish","type":"product","link":"https:\/\/panelsandwich.org\/pt-pt\/rt1011-telha-de-imitacao-guarnicao-lateral\/","title":{"rendered":"RT1011 &#8211; Telha de imita\u00e7\u00e3o &#8211; Guarni\u00e7\u00e3o lateral"},"content":{"rendered":"<p style=\"text-align: center;\"><strong><span style=\"font-size: medium;\"><a class=\"w-100 btn btn-danger btn-lg\" href=\"https:\/\/panelsandwich.org\/contactenos\" target=\"  _blank=\" rel=\"noreferrer noopener\">SOLICITA PRE\u00c7OS E INFORMA\u00c7\u00d5ES T\u00c9CNICAS  <i class=\"caret-right\"><\/i><\/a><\/span><\/strong><\/p>\n","protected":false},"excerpt":{"rendered":"<p>Guarni\u00e7\u00e3o lateral cor Ral 8004<\/p>\n<p style=\"text-align: center;\"><strong><span style=\"font-size: medium;\"><a class=\"w-100 btn btn-danger btn-lg\" href=\"https:\/\/panelsandwich.org\/contactenos\" target=\"  _blank=\" rel=\"noreferrer noopener\">SOLICITA PRE\u00c7OS E INFORMA\u00c7\u00d5ES T\u00c9CNICAS  <i class=\"caret-right\"><\/i><\/a><\/span><\/strong><\/p>\n","protected":false},"featured_media":64124,"comment_status":"closed","ping_status":"closed","template":"","meta":[],"product_brand":[],"product_cat":[3892,3889],"product_tag":[3891,3894,3893,3890,3887],"class_list":{"0":"post-64109","1":"product","2":"type-product","3":"status-publish","4":"has-post-thumbnail","6":"product_cat-acabamentos-para-paineis-sanduiche-ladrilhos-para-paineis-sanduiche-ral-8004","7":"product_cat-telha-sanduiche-remateria-pt-pt","8":"product_tag-acabamentos-especiais","9":"product_tag-guarnicoes-de-telhado","10":"product_tag-guarnicoes-metalicas","11":"product_tag-leilao-por-medida","12":"product_tag-telha-para-telhado","13":"pa_colorexterior-azulejo-ral-3009","14":"pa_espesordelachapa-06-mm-aco-galvanizado-s250gd","15":"pa_medidas-metros-lineares-ml","16":"pa_situacion-armazem-de-stock","18":"first","19":"outofstock","20":"taxable","21":"shipping-taxable","22":"purchasable","23":"product-type-variable","24":"has-default-attributes"},"_links":{"self":[{"href":"https:\/\/panelsandwich.org\/pt-pt\/wp-json\/wp\/v2\/product\/64109","targetHints":{"allow":["GET"]}}],"collection":[{"href":"https:\/\/panelsandwich.org\/pt-pt\/wp-json\/wp\/v2\/product"}],"about":[{"href":"https:\/\/panelsandwich.org\/pt-pt\/wp-json\/wp\/v2\/types\/product"}],"replies":[{"embeddable":true,"href":"https:\/\/panelsandwich.org\/pt-pt\/wp-json\/wp\/v2\/comments?post=64109"}],"version-history":[{"count":0,"href":"https:\/\/panelsandwich.org\/pt-pt\/wp-json\/wp\/v2\/product\/64109\/revisions"}],"wp:featuredmedia":[{"embeddable":true,"href":"https:\/\/panelsandwich.org\/pt-pt\/wp-json\/wp\/v2\/media\/64124"}],"wp:attachment":[{"href":"https:\/\/panelsandwich.org\/pt-pt\/wp-json\/wp\/v2\/media?parent=64109"}],"wp:term":[{"taxonomy":"product_brand","embeddable":true,"href":"https:\/\/panelsandwich.org\/pt-pt\/wp-json\/wp\/v2\/product_brand?post=64109"},{"taxonomy":"product_cat","embeddable":true,"href":"https:\/\/panelsandwich.org\/pt-pt\/wp-json\/wp\/v2\/product_cat?post=64109"},{"taxonomy":"product_tag","embeddable":true,"href":"https:\/\/panelsandwich.org\/pt-pt\/wp-json\/wp\/v2\/product_tag?post=64109"}],"curies":[{"name":"wp","href":"https:\/\/api.w.org\/{rel}","templated":true}]}}