{"id":64185,"date":"2023-09-28T23:16:01","date_gmt":"2023-09-28T21:16:01","guid":{"rendered":"https:\/\/panelsandwich.org\/2021-tampa-da-tampa-lateral-50\/"},"modified":"2023-09-28T23:16:01","modified_gmt":"2023-09-28T21:16:01","slug":"2021-tampa-da-tampa-lateral-50","status":"publish","type":"product","link":"https:\/\/panelsandwich.org\/pt-pt\/2021-tampa-da-tampa-lateral-50\/","title":{"rendered":"2021 &#8211; Tampa da tampa lateral &#8211; 50"},"content":{"rendered":"<p style=\"text-align: center;\"><strong><span style=\"font-size: medium;\"><a class=\"w-100 btn btn-danger btn-lg\" href=\"https:\/\/panelsandwich.org\/contactenos\" target=\"  _blank=\" rel=\"noreferrer noopener\">SOLICITA PRE\u00c7OS E INFORMA\u00c7\u00d5ES T\u00c9CNICAS  <i class=\"caret-right\"><\/i><\/a><\/span><\/strong><\/p>\n","protected":false},"excerpt":{"rendered":"<p style=\"text-align: center;\"><strong><span style=\"font-size: medium;\"><a class=\"w-100 btn btn-danger btn-lg\" href=\"https:\/\/panelsandwich.org\/contactenos\" target=\"  _blank=\" rel=\"noreferrer noopener\">SOLICITA PRE\u00c7OS E INFORMA\u00c7\u00d5ES T\u00c9CNICAS  <i class=\"caret-right\"><\/i><\/a><\/span><\/strong><\/p>\n","protected":false},"featured_media":32143,"comment_status":"open","ping_status":"closed","template":"","meta":[],"product_brand":[],"product_cat":[3886],"product_tag":[3891,3894,3893,3890,3887],"class_list":{"0":"post-64185","1":"product","2":"type-product","3":"status-publish","4":"has-post-thumbnail","6":"product_cat-remateria-telhado-de-painel-sanduiche","7":"product_tag-acabamentos-especiais","8":"product_tag-guarnicoes-de-telhado","9":"product_tag-guarnicoes-metalicas","10":"product_tag-leilao-por-medida","11":"product_tag-telha-para-telhado","13":"first","14":"instock","15":"taxable","16":"shipping-taxable","17":"product-type-simple"},"_links":{"self":[{"href":"https:\/\/panelsandwich.org\/pt-pt\/wp-json\/wp\/v2\/product\/64185","targetHints":{"allow":["GET"]}}],"collection":[{"href":"https:\/\/panelsandwich.org\/pt-pt\/wp-json\/wp\/v2\/product"}],"about":[{"href":"https:\/\/panelsandwich.org\/pt-pt\/wp-json\/wp\/v2\/types\/product"}],"replies":[{"embeddable":true,"href":"https:\/\/panelsandwich.org\/pt-pt\/wp-json\/wp\/v2\/comments?post=64185"}],"version-history":[{"count":0,"href":"https:\/\/panelsandwich.org\/pt-pt\/wp-json\/wp\/v2\/product\/64185\/revisions"}],"wp:featuredmedia":[{"embeddable":true,"href":"https:\/\/panelsandwich.org\/pt-pt\/wp-json\/wp\/v2\/media\/32143"}],"wp:attachment":[{"href":"https:\/\/panelsandwich.org\/pt-pt\/wp-json\/wp\/v2\/media?parent=64185"}],"wp:term":[{"taxonomy":"product_brand","embeddable":true,"href":"https:\/\/panelsandwich.org\/pt-pt\/wp-json\/wp\/v2\/product_brand?post=64185"},{"taxonomy":"product_cat","embeddable":true,"href":"https:\/\/panelsandwich.org\/pt-pt\/wp-json\/wp\/v2\/product_cat?post=64185"},{"taxonomy":"product_tag","embeddable":true,"href":"https:\/\/panelsandwich.org\/pt-pt\/wp-json\/wp\/v2\/product_tag?post=64185"}],"curies":[{"name":"wp","href":"https:\/\/api.w.org\/{rel}","templated":true}]}}