{"id":64544,"date":"2023-09-28T23:16:08","date_gmt":"2023-09-28T21:16:08","guid":{"rendered":"https:\/\/panelsandwich.org\/cobertura-de-chapa-metalica-com-graxa-simples-perfil-40\/"},"modified":"2024-05-06T16:57:53","modified_gmt":"2024-05-06T14:57:53","slug":"cobertura-de-chapa-metalica-com-graxa-simples-perfil-40","status":"publish","type":"product","link":"https:\/\/panelsandwich.org\/pt-pt\/cobertura-de-chapa-metalica-com-graxa-simples-perfil-40\/","title":{"rendered":"Cobertura de chapa met\u00e1lica com graxa simples &#8211; Perfil 40"},"content":{"rendered":"\t\t<div data-elementor-type=\"product-post\" data-elementor-id=\"64544\" class=\"elementor elementor-64544 elementor-31826\" data-elementor-post-type=\"product\">\n\t\t\t\t\t\t<section class=\"elementor-section elementor-top-section elementor-element elementor-element-3a9d8338 elementor-section-boxed elementor-section-height-default elementor-section-height-default\" data-id=\"3a9d8338\" data-element_type=\"section\" data-e-type=\"section\" data-settings=\"{&quot;jet_parallax_layout_list&quot;:[]}\">\n\t\t\t\t\t\t<div class=\"elementor-container elementor-column-gap-default\">\n\t\t\t\t\t<div class=\"elementor-column elementor-col-100 elementor-top-column elementor-element elementor-element-5a83d209\" data-id=\"5a83d209\" data-element_type=\"column\" data-e-type=\"column\">\n\t\t\t<div class=\"elementor-widget-wrap elementor-element-populated\">\n\t\t\t\t\t\t<div class=\"elementor-element elementor-element-6cc119c8 elementor-widget elementor-widget-heading\" data-id=\"6cc119c8\" data-element_type=\"widget\" data-e-type=\"widget\" data-widget_type=\"heading.default\">\n\t\t\t\t<div class=\"elementor-widget-container\">\n\t\t\t\t\t<h2 class=\"elementor-heading-title elementor-size-default\"><h2>Tampa de chapa \u00fanica lubrificada Perfil 40\n\n<\/h2><\/h2>\t\t\t\t<\/div>\n\t\t\t\t<\/div>\n\t\t\t\t<div class=\"elementor-element elementor-element-6aa5f234 elementor-widget elementor-widget-text-editor\" data-id=\"6aa5f234\" data-element_type=\"widget\" data-e-type=\"widget\" data-widget_type=\"text-editor.default\">\n\t\t\t\t<div class=\"elementor-widget-container\">\n\t\t\t\t\t\t\t\t\t<p>A utiliza\u00e7\u00e3o de chapa perfilada para o revestimento de telhados e fachadas \u00e9 uma solu\u00e7\u00e3o t\u00e9cnica e economicamente competitiva.<br \/>Variando a espessura da chapa e as caracter\u00edsticas geom\u00e9tricas da sec\u00e7\u00e3o, podemos obter componentes leves capazes de vencer diferentes v\u00e3os.<\/p>\n<p>Os diferentes perfis s\u00e3o obtidos atrav\u00e9s do perfilamento de bobinas de chapa laminada a frio pr\u00e9-pintada ou galvanizada.<br \/>A chapa perfilada pode ser ondulada ou trapezoidal, com alturas de perfil, espa\u00e7amento e dimens\u00f5es vari\u00e1veis e pode ou n\u00e3o ter nervuras r\u00edgidas.<\/p>\n<p>A fim de proporcionar um melhor isolamento t\u00e9rmico e ac\u00fastico, \u00e9 utilizada uma camada de isolamento entre as duas folhas de revestimento.<br \/>A estrutura secund\u00e1ria \u00e9 fixada com parafusos galvanizados, parafusos auto-roscantes de a\u00e7o inoxid\u00e1vel ou parafusos auto-perfurantes.<\/p>\n<p>No mesmo tipo de chapa, fabricamos tamb\u00e9m todos os acess\u00f3rios necess\u00e1rios para uma impermeabiliza\u00e7\u00e3o correcta, nomeadamente: rufos, extremidades, cumes, goteiras, etc.<\/p>\n\t\t\t\t\t\t\t\t<\/div>\n\t\t\t\t<\/div>\n\t\t\t\t<div class=\"elementor-element elementor-element-1c6b0d0f elementor-tabs-view-horizontal elementor-widget elementor-widget-tabs\" data-id=\"1c6b0d0f\" data-element_type=\"widget\" data-e-type=\"widget\" data-widget_type=\"tabs.default\">\n\t\t\t\t<div class=\"elementor-widget-container\">\n\t\t\t\t\t\t\t<div class=\"elementor-tabs\">\n\t\t\t<div class=\"elementor-tabs-wrapper\" role=\"tablist\" >\n\t\t\t\t\t\t\t\t\t<div id=\"elementor-tab-title-4761\" class=\"elementor-tab-title elementor-tab-desktop-title\" aria-selected=\"true\" data-tab=\"1\" role=\"tab\" tabindex=\"0\" aria-controls=\"elementor-tab-content-4761\" aria-expanded=\"false\">Descri\u00e7\u00e3o\/Aplica\u00e7\u00e3o<\/div>\n\t\t\t\t\t\t\t\t\t<div id=\"elementor-tab-title-4762\" class=\"elementor-tab-title elementor-tab-desktop-title\" aria-selected=\"false\" data-tab=\"2\" role=\"tab\" tabindex=\"-1\" aria-controls=\"elementor-tab-content-4762\" aria-expanded=\"false\">Tabela de cargas<\/div>\n\t\t\t\t\t\t\t\t\t<div id=\"elementor-tab-title-4763\" class=\"elementor-tab-title elementor-tab-desktop-title\" aria-selected=\"false\" data-tab=\"3\" role=\"tab\" tabindex=\"-1\" aria-controls=\"elementor-tab-content-4763\" aria-expanded=\"false\">Cores dispon\u00edveis<\/div>\n\t\t\t\t\t\t\t\t\t<div id=\"elementor-tab-title-4764\" class=\"elementor-tab-title elementor-tab-desktop-title\" aria-selected=\"false\" data-tab=\"4\" role=\"tab\" tabindex=\"-1\" aria-controls=\"elementor-tab-content-4764\" aria-expanded=\"false\">Folhas de dados \/ Downloads<\/div>\n\t\t\t\t\t\t\t<\/div>\n\t\t\t<div class=\"elementor-tabs-content-wrapper\" role=\"tablist\" aria-orientation=\"vertical\">\n\t\t\t\t\t\t\t\t\t<div class=\"elementor-tab-title elementor-tab-mobile-title\" aria-selected=\"true\" data-tab=\"1\" role=\"tab\" tabindex=\"0\" aria-controls=\"elementor-tab-content-4761\" aria-expanded=\"false\">Descri\u00e7\u00e3o\/Aplica\u00e7\u00e3o<\/div>\n\t\t\t\t\t<div id=\"elementor-tab-content-4761\" class=\"elementor-tab-content elementor-clearfix\" data-tab=\"1\" role=\"tabpanel\" aria-labelledby=\"elementor-tab-title-4761\" tabindex=\"0\" hidden=\"false\"><p><img fetchpriority=\"high\" decoding=\"async\" class=\"aligncenter wp-image-37266 size-full\" src=\"https:\/\/panelsandwich.org\/wp-content\/uploads\/2023\/11\/Captura-31.jpg\" alt=\"|\" width=\"1031\" height=\"849\" title=\"\" srcset=\"https:\/\/panelsandwich.org\/wp-content\/uploads\/2023\/11\/Captura-31.jpg 1031w, https:\/\/panelsandwich.org\/wp-content\/uploads\/2023\/11\/Captura-31-300x247.jpg 300w, https:\/\/panelsandwich.org\/wp-content\/uploads\/2023\/11\/Captura-31-1024x843.jpg 1024w, https:\/\/panelsandwich.org\/wp-content\/uploads\/2023\/11\/Captura-31-768x632.jpg 768w\" sizes=\"(max-width: 1031px) 100vw, 1031px\" \/><\/p><\/p>\n<\/div>\n\t\t\t\t\t\t\t\t\t<div class=\"elementor-tab-title elementor-tab-mobile-title\" aria-selected=\"false\" data-tab=\"2\" role=\"tab\" tabindex=\"-1\" aria-controls=\"elementor-tab-content-4762\" aria-expanded=\"false\">Tabela de cargas<\/div>\n\t\t\t\t\t<div id=\"elementor-tab-content-4762\" class=\"elementor-tab-content elementor-clearfix\" data-tab=\"2\" role=\"tabpanel\" aria-labelledby=\"elementor-tab-title-4762\" tabindex=\"0\" hidden=\"hidden\"><p><img decoding=\"async\" class=\"alignnone wp-image-37268 size-full lazyload\" data-src=\"https:\/\/panelsandwich.org\/wp-content\/uploads\/2023\/11\/Captura-32.jpg\" alt=\"|\" width=\"973\" height=\"826\" title=\"\" data-srcset=\"https:\/\/panelsandwich.org\/wp-content\/uploads\/2023\/11\/Captura-32.jpg 973w, https:\/\/panelsandwich.org\/wp-content\/uploads\/2023\/11\/Captura-32-300x255.jpg 300w, https:\/\/panelsandwich.org\/wp-content\/uploads\/2023\/11\/Captura-32-768x652.jpg 768w\" data-sizes=\"(max-width: 973px) 100vw, 973px\" src=\"data:image\/svg+xml;base64,PHN2ZyB3aWR0aD0iMSIgaGVpZ2h0PSIxIiB4bWxucz0iaHR0cDovL3d3dy53My5vcmcvMjAwMC9zdmciPjwvc3ZnPg==\" style=\"--smush-placeholder-width: 973px; --smush-placeholder-aspect-ratio: 973\/826;\" \/><\/p>\n<\/div>\n\t\t\t\t\t\t\t\t\t<div class=\"elementor-tab-title elementor-tab-mobile-title\" aria-selected=\"false\" data-tab=\"3\" role=\"tab\" tabindex=\"-1\" aria-controls=\"elementor-tab-content-4763\" aria-expanded=\"false\">Cores dispon\u00edveis<\/div>\n\t\t\t\t\t<div id=\"elementor-tab-content-4763\" class=\"elementor-tab-content elementor-clearfix\" data-tab=\"3\" role=\"tabpanel\" aria-labelledby=\"elementor-tab-title-4763\" tabindex=\"0\" hidden=\"hidden\"><p><img decoding=\"async\" class=\"aligncenter wp-image-37243 size-full lazyload\" data-src=\"https:\/\/panelsandwich.org\/wp-content\/uploads\/2023\/11\/Captura-30.jpg\" alt=\"|\" width=\"885\" height=\"873\" title=\"\" data-srcset=\"https:\/\/panelsandwich.org\/wp-content\/uploads\/2023\/11\/Captura-30.jpg 885w, https:\/\/panelsandwich.org\/wp-content\/uploads\/2023\/11\/Captura-30-300x296.jpg 300w, https:\/\/panelsandwich.org\/wp-content\/uploads\/2023\/11\/Captura-30-768x758.jpg 768w, https:\/\/panelsandwich.org\/wp-content\/uploads\/2023\/11\/Captura-30-100x100.jpg 100w\" data-sizes=\"(max-width: 885px) 100vw, 885px\" src=\"data:image\/svg+xml;base64,PHN2ZyB3aWR0aD0iMSIgaGVpZ2h0PSIxIiB4bWxucz0iaHR0cDovL3d3dy53My5vcmcvMjAwMC9zdmciPjwvc3ZnPg==\" style=\"--smush-placeholder-width: 885px; --smush-placeholder-aspect-ratio: 885\/873;\" \/><\/p>\n<\/div>\n\t\t\t\t\t\t\t\t\t<div class=\"elementor-tab-title elementor-tab-mobile-title\" aria-selected=\"false\" data-tab=\"4\" role=\"tab\" tabindex=\"-1\" aria-controls=\"elementor-tab-content-4764\" aria-expanded=\"false\">Folhas de dados \/ Downloads<\/div>\n\t\t\t\t\t<div id=\"elementor-tab-content-4764\" class=\"elementor-tab-content elementor-clearfix\" data-tab=\"4\" role=\"tabpanel\" aria-labelledby=\"elementor-tab-title-4764\" tabindex=\"0\" hidden=\"hidden\"><p><a href=\"https:\/\/panelsandwich.org\/wp-content\/uploads\/2023\/11\/Chapa-Simple-Perfil-30.pdf\" target=\"_blank\" rel=\"noopener\"><button style=\"background-color: #ffa300; border-color: black; color: white;\" spellcheck=\"false\" data-lt-tmp-id=\"lt-827558\" data-gramm=\"false\">Descarrega a ficha t\u00e9cnica<\/button><\/a><\/p>\n<\/div>\n\t\t\t\t\t\t\t<\/div>\n\t\t<\/div>\n\t\t\t\t\t\t<\/div>\n\t\t\t\t<\/div>\n\t\t\t\t\t<\/div>\n\t\t<\/div>\n\t\t\t\t\t<\/div>\n\t\t<\/section>\n\t\t\t\t<\/div>\n\t\t","protected":false},"excerpt":{"rendered":"<p>CSC40 &#8211; Placa de xadrez simples com cobertura lubrificada Perfil 40<\/p>\n<p style=\"text-align: center;\"><strong><span style=\"font-size: medium;\"><a class=\"w-100 btn btn-danger btn-lg\" href=\"https:\/\/panelsandwich.org\/contactenos\">SOLICITA PRE\u00c7OS E INFORMA\u00c7\u00d5ES T\u00c9CNICAS  <i class=\"caret-right\"><\/i><\/a><\/span><\/strong><\/p>\n","protected":false},"featured_media":31821,"comment_status":"open","ping_status":"closed","template":"","meta":[],"product_brand":[],"product_cat":[3837],"product_tag":[3839,3859,3858,3841,3843],"class_list":{"0":"post-64544","1":"product","2":"type-product","3":"status-publish","4":"has-post-thumbnail","6":"product_cat-chapa-metalica-lubrificada-simples","7":"product_tag-chapa-metalica-revestida","8":"product_tag-chapa-perfilada-pt-pt","9":"product_tag-chapa-simples","10":"product_tag-fachada-de-chapa-metalica","11":"product_tag-perfilagem-de-chapa","12":"pa_anchodelpanel-largura-110-metros","13":"pa_colorexterior-azul-lago-ral-5019","14":"pa_colorexterior-branco-pirineu-ral-9010","15":"pa_colorexterior-cinzento-ardosia-ral-7024","16":"pa_colorexterior-cinzento-metalizado-ral-9006","17":"pa_colorexterior-creme-bidasoa-ral-1015-pt-pt","18":"pa_colorexterior-verde-navarra-ral-6005","19":"pa_colorexterior-vermelho-ral-3009","20":"pa_espesordelachapa-06-mm-aco-galvanizado-s250gd","22":"first","23":"outofstock","24":"taxable","25":"shipping-taxable","26":"purchasable","27":"product-type-variable","28":"has-default-attributes"},"_links":{"self":[{"href":"https:\/\/panelsandwich.org\/pt-pt\/wp-json\/wp\/v2\/product\/64544","targetHints":{"allow":["GET"]}}],"collection":[{"href":"https:\/\/panelsandwich.org\/pt-pt\/wp-json\/wp\/v2\/product"}],"about":[{"href":"https:\/\/panelsandwich.org\/pt-pt\/wp-json\/wp\/v2\/types\/product"}],"replies":[{"embeddable":true,"href":"https:\/\/panelsandwich.org\/pt-pt\/wp-json\/wp\/v2\/comments?post=64544"}],"version-history":[{"count":0,"href":"https:\/\/panelsandwich.org\/pt-pt\/wp-json\/wp\/v2\/product\/64544\/revisions"}],"wp:featuredmedia":[{"embeddable":true,"href":"https:\/\/panelsandwich.org\/pt-pt\/wp-json\/wp\/v2\/media\/31821"}],"wp:attachment":[{"href":"https:\/\/panelsandwich.org\/pt-pt\/wp-json\/wp\/v2\/media?parent=64544"}],"wp:term":[{"taxonomy":"product_brand","embeddable":true,"href":"https:\/\/panelsandwich.org\/pt-pt\/wp-json\/wp\/v2\/product_brand?post=64544"},{"taxonomy":"product_cat","embeddable":true,"href":"https:\/\/panelsandwich.org\/pt-pt\/wp-json\/wp\/v2\/product_cat?post=64544"},{"taxonomy":"product_tag","embeddable":true,"href":"https:\/\/panelsandwich.org\/pt-pt\/wp-json\/wp\/v2\/product_tag?post=64544"}],"curies":[{"name":"wp","href":"https:\/\/api.w.org\/{rel}","templated":true}]}}