{"id":64649,"date":"2023-09-28T23:16:08","date_gmt":"2023-09-28T21:16:08","guid":{"rendered":"https:\/\/panelsandwich.org\/fachada-em-chapa-unica-de-metal-minionda\/"},"modified":"2024-05-06T16:57:53","modified_gmt":"2024-05-06T14:57:53","slug":"fachada-em-chapa-unica-de-metal-minionda","status":"publish","type":"product","link":"https:\/\/panelsandwich.org\/pt-pt\/fachada-em-chapa-unica-de-metal-minionda\/","title":{"rendered":"Fachada em chapa \u00fanica de metal &#8211; Minionda"},"content":{"rendered":"\t\t<div data-elementor-type=\"product-post\" data-elementor-id=\"64649\" class=\"elementor elementor-64649 elementor-31879\" data-elementor-post-type=\"product\">\n\t\t\t\t\t\t<section class=\"elementor-section elementor-top-section elementor-element elementor-element-4b2337d6 elementor-section-boxed elementor-section-height-default elementor-section-height-default\" data-id=\"4b2337d6\" data-element_type=\"section\" data-e-type=\"section\" data-settings=\"{&quot;jet_parallax_layout_list&quot;:[]}\">\n\t\t\t\t\t\t<div class=\"elementor-container elementor-column-gap-default\">\n\t\t\t\t\t<div class=\"elementor-column elementor-col-100 elementor-top-column elementor-element elementor-element-41e3de1e\" data-id=\"41e3de1e\" data-element_type=\"column\" data-e-type=\"column\">\n\t\t\t<div class=\"elementor-widget-wrap elementor-element-populated\">\n\t\t\t\t\t\t<div class=\"elementor-element elementor-element-763071a elementor-widget elementor-widget-heading\" data-id=\"763071a\" data-element_type=\"widget\" data-e-type=\"widget\" data-widget_type=\"heading.default\">\n\t\t\t\t<div class=\"elementor-widget-container\">\n\t\t\t\t\t<h2 class=\"elementor-heading-title elementor-size-default\"><h2>Minionda Prato \u00danico\n<\/h2><\/h2>\t\t\t\t<\/div>\n\t\t\t\t<\/div>\n\t\t\t\t<div class=\"elementor-element elementor-element-53acc1ec elementor-widget elementor-widget-text-editor\" data-id=\"53acc1ec\" data-element_type=\"widget\" data-e-type=\"widget\" data-widget_type=\"text-editor.default\">\n\t\t\t\t<div class=\"elementor-widget-container\">\n\t\t\t\t\t\t\t\t\t<p>A utiliza\u00e7\u00e3o de chapa perfilada para o revestimento de telhados e fachadas \u00e9 uma solu\u00e7\u00e3o t\u00e9cnica e economicamente competitiva.<br \/>Variando a espessura da chapa e as caracter\u00edsticas geom\u00e9tricas da sec\u00e7\u00e3o, podemos obter componentes leves capazes de vencer diferentes v\u00e3os.<\/p>\n<p>Os diferentes perfis s\u00e3o obtidos atrav\u00e9s do perfilamento de bobinas de chapa laminada a frio pr\u00e9-pintada ou galvanizada.<br \/>A chapa perfilada pode ser ondulada ou trapezoidal, com alturas de perfil, espa\u00e7amento e dimens\u00f5es vari\u00e1veis e pode ou n\u00e3o ter nervuras r\u00edgidas.<\/p>\n<p>A fim de proporcionar um melhor isolamento t\u00e9rmico e ac\u00fastico, \u00e9 utilizada uma camada de isolamento entre as duas folhas de revestimento.<br \/>A estrutura secund\u00e1ria \u00e9 fixada com parafusos galvanizados, parafusos auto-roscantes de a\u00e7o inoxid\u00e1vel ou parafusos auto-perfurantes.<\/p>\n<p>No mesmo tipo de chapa, fabricamos tamb\u00e9m todos os acess\u00f3rios necess\u00e1rios para uma impermeabiliza\u00e7\u00e3o correcta, nomeadamente: rufos, extremidades, cumes, goteiras, etc.<\/p>\n\t\t\t\t\t\t\t\t<\/div>\n\t\t\t\t<\/div>\n\t\t\t\t<div class=\"elementor-element elementor-element-2d1ade32 elementor-tabs-view-horizontal elementor-widget elementor-widget-tabs\" data-id=\"2d1ade32\" data-element_type=\"widget\" data-e-type=\"widget\" data-widget_type=\"tabs.default\">\n\t\t\t\t<div class=\"elementor-widget-container\">\n\t\t\t\t\t\t\t<div class=\"elementor-tabs\">\n\t\t\t<div class=\"elementor-tabs-wrapper\" role=\"tablist\" >\n\t\t\t\t\t\t\t\t\t<div id=\"elementor-tab-title-7561\" class=\"elementor-tab-title elementor-tab-desktop-title\" aria-selected=\"true\" data-tab=\"1\" role=\"tab\" tabindex=\"0\" aria-controls=\"elementor-tab-content-7561\" aria-expanded=\"false\">Descri\u00e7\u00e3o\/Aplica\u00e7\u00e3o<\/div>\n\t\t\t\t\t\t\t\t\t<div id=\"elementor-tab-title-7562\" class=\"elementor-tab-title elementor-tab-desktop-title\" aria-selected=\"false\" data-tab=\"2\" role=\"tab\" tabindex=\"-1\" aria-controls=\"elementor-tab-content-7562\" aria-expanded=\"false\">Tabela de cargas<\/div>\n\t\t\t\t\t\t\t\t\t<div id=\"elementor-tab-title-7563\" class=\"elementor-tab-title elementor-tab-desktop-title\" aria-selected=\"false\" data-tab=\"3\" role=\"tab\" tabindex=\"-1\" aria-controls=\"elementor-tab-content-7563\" aria-expanded=\"false\">Cores dispon\u00edveis<\/div>\n\t\t\t\t\t\t\t\t\t<div id=\"elementor-tab-title-7564\" class=\"elementor-tab-title elementor-tab-desktop-title\" aria-selected=\"false\" data-tab=\"4\" role=\"tab\" tabindex=\"-1\" aria-controls=\"elementor-tab-content-7564\" aria-expanded=\"false\">Folhas de dados \/ Downloads<\/div>\n\t\t\t\t\t\t\t<\/div>\n\t\t\t<div class=\"elementor-tabs-content-wrapper\" role=\"tablist\" aria-orientation=\"vertical\">\n\t\t\t\t\t\t\t\t\t<div class=\"elementor-tab-title elementor-tab-mobile-title\" aria-selected=\"true\" data-tab=\"1\" role=\"tab\" tabindex=\"0\" aria-controls=\"elementor-tab-content-7561\" aria-expanded=\"false\">Descri\u00e7\u00e3o\/Aplica\u00e7\u00e3o<\/div>\n\t\t\t\t\t<div id=\"elementor-tab-content-7561\" class=\"elementor-tab-content elementor-clearfix\" data-tab=\"1\" role=\"tabpanel\" aria-labelledby=\"elementor-tab-title-7561\" tabindex=\"0\" hidden=\"false\"><p><img fetchpriority=\"high\" decoding=\"async\" class=\"aligncenter wp-image-37279 size-full\" src=\"https:\/\/panelsandwich.org\/wp-content\/uploads\/2023\/11\/Captura-36.jpg\" alt=\"|\" width=\"1020\" height=\"292\" title=\"\" srcset=\"https:\/\/panelsandwich.org\/wp-content\/uploads\/2023\/11\/Captura-36.jpg 1020w, https:\/\/panelsandwich.org\/wp-content\/uploads\/2023\/11\/Captura-36-300x86.jpg 300w, https:\/\/panelsandwich.org\/wp-content\/uploads\/2023\/11\/Captura-36-768x220.jpg 768w\" sizes=\"(max-width: 1020px) 100vw, 1020px\" \/><\/p>\n<p><img decoding=\"async\" class=\"aligncenter wp-image-37276 size-full lazyload\" data-src=\"https:\/\/panelsandwich.org\/wp-content\/uploads\/2023\/11\/Captura-33.jpg\" alt=\"|\" width=\"929\" height=\"845\" title=\"\" data-srcset=\"https:\/\/panelsandwich.org\/wp-content\/uploads\/2023\/11\/Captura-33.jpg 929w, https:\/\/panelsandwich.org\/wp-content\/uploads\/2023\/11\/Captura-33-300x273.jpg 300w, https:\/\/panelsandwich.org\/wp-content\/uploads\/2023\/11\/Captura-33-768x699.jpg 768w\" data-sizes=\"(max-width: 929px) 100vw, 929px\" src=\"data:image\/svg+xml;base64,PHN2ZyB3aWR0aD0iMSIgaGVpZ2h0PSIxIiB4bWxucz0iaHR0cDovL3d3dy53My5vcmcvMjAwMC9zdmciPjwvc3ZnPg==\" style=\"--smush-placeholder-width: 929px; --smush-placeholder-aspect-ratio: 929\/845;\" \/><\/p>\n<p><img decoding=\"async\" class=\"aligncenter wp-image-37277 size-full lazyload\" data-src=\"https:\/\/panelsandwich.org\/wp-content\/uploads\/2023\/11\/Captura-34.jpg\" alt=\"|\" width=\"1018\" height=\"396\" title=\"\" data-srcset=\"https:\/\/panelsandwich.org\/wp-content\/uploads\/2023\/11\/Captura-34.jpg 1018w, https:\/\/panelsandwich.org\/wp-content\/uploads\/2023\/11\/Captura-34-300x117.jpg 300w, https:\/\/panelsandwich.org\/wp-content\/uploads\/2023\/11\/Captura-34-768x299.jpg 768w\" data-sizes=\"(max-width: 1018px) 100vw, 1018px\" src=\"data:image\/svg+xml;base64,PHN2ZyB3aWR0aD0iMSIgaGVpZ2h0PSIxIiB4bWxucz0iaHR0cDovL3d3dy53My5vcmcvMjAwMC9zdmciPjwvc3ZnPg==\" style=\"--smush-placeholder-width: 1018px; --smush-placeholder-aspect-ratio: 1018\/396;\" \/><\/p>\n<\/div>\n\t\t\t\t\t\t\t\t\t<div class=\"elementor-tab-title elementor-tab-mobile-title\" aria-selected=\"false\" data-tab=\"2\" role=\"tab\" tabindex=\"-1\" aria-controls=\"elementor-tab-content-7562\" aria-expanded=\"false\">Tabela de cargas<\/div>\n\t\t\t\t\t<div id=\"elementor-tab-content-7562\" class=\"elementor-tab-content elementor-clearfix\" data-tab=\"2\" role=\"tabpanel\" aria-labelledby=\"elementor-tab-title-7562\" tabindex=\"0\" hidden=\"hidden\"><p><img decoding=\"async\" class=\"aligncenter wp-image-37280 size-full lazyload\" data-src=\"https:\/\/panelsandwich.org\/wp-content\/uploads\/2023\/11\/Captura-37.jpg\" alt=\"|\" width=\"1010\" height=\"713\" title=\"\" data-srcset=\"https:\/\/panelsandwich.org\/wp-content\/uploads\/2023\/11\/Captura-37.jpg 1010w, https:\/\/panelsandwich.org\/wp-content\/uploads\/2023\/11\/Captura-37-300x212.jpg 300w, https:\/\/panelsandwich.org\/wp-content\/uploads\/2023\/11\/Captura-37-768x542.jpg 768w\" data-sizes=\"(max-width: 1010px) 100vw, 1010px\" src=\"data:image\/svg+xml;base64,PHN2ZyB3aWR0aD0iMSIgaGVpZ2h0PSIxIiB4bWxucz0iaHR0cDovL3d3dy53My5vcmcvMjAwMC9zdmciPjwvc3ZnPg==\" style=\"--smush-placeholder-width: 1010px; --smush-placeholder-aspect-ratio: 1010\/713;\" \/><\/p>\n<p><img decoding=\"async\" class=\"aligncenter wp-image-37281 size-full lazyload\" data-src=\"https:\/\/panelsandwich.org\/wp-content\/uploads\/2023\/11\/Captura-38.jpg\" alt=\"|\" width=\"1018\" height=\"355\" title=\"\" data-srcset=\"https:\/\/panelsandwich.org\/wp-content\/uploads\/2023\/11\/Captura-38.jpg 1018w, https:\/\/panelsandwich.org\/wp-content\/uploads\/2023\/11\/Captura-38-300x105.jpg 300w, https:\/\/panelsandwich.org\/wp-content\/uploads\/2023\/11\/Captura-38-768x268.jpg 768w\" data-sizes=\"(max-width: 1018px) 100vw, 1018px\" src=\"data:image\/svg+xml;base64,PHN2ZyB3aWR0aD0iMSIgaGVpZ2h0PSIxIiB4bWxucz0iaHR0cDovL3d3dy53My5vcmcvMjAwMC9zdmciPjwvc3ZnPg==\" style=\"--smush-placeholder-width: 1018px; --smush-placeholder-aspect-ratio: 1018\/355;\" \/><\/p>\n<\/div>\n\t\t\t\t\t\t\t\t\t<div class=\"elementor-tab-title elementor-tab-mobile-title\" aria-selected=\"false\" data-tab=\"3\" role=\"tab\" tabindex=\"-1\" aria-controls=\"elementor-tab-content-7563\" aria-expanded=\"false\">Cores dispon\u00edveis<\/div>\n\t\t\t\t\t<div id=\"elementor-tab-content-7563\" class=\"elementor-tab-content elementor-clearfix\" data-tab=\"3\" role=\"tabpanel\" aria-labelledby=\"elementor-tab-title-7563\" tabindex=\"0\" hidden=\"hidden\"><p><img decoding=\"async\" class=\"aligncenter wp-image-37243 size-full lazyload\" data-src=\"https:\/\/panelsandwich.org\/wp-content\/uploads\/2023\/11\/Captura-30.jpg\" alt=\"|\" width=\"885\" height=\"873\" title=\"\" data-srcset=\"https:\/\/panelsandwich.org\/wp-content\/uploads\/2023\/11\/Captura-30.jpg 885w, https:\/\/panelsandwich.org\/wp-content\/uploads\/2023\/11\/Captura-30-300x296.jpg 300w, https:\/\/panelsandwich.org\/wp-content\/uploads\/2023\/11\/Captura-30-768x758.jpg 768w, https:\/\/panelsandwich.org\/wp-content\/uploads\/2023\/11\/Captura-30-100x100.jpg 100w\" data-sizes=\"(max-width: 885px) 100vw, 885px\" src=\"data:image\/svg+xml;base64,PHN2ZyB3aWR0aD0iMSIgaGVpZ2h0PSIxIiB4bWxucz0iaHR0cDovL3d3dy53My5vcmcvMjAwMC9zdmciPjwvc3ZnPg==\" style=\"--smush-placeholder-width: 885px; --smush-placeholder-aspect-ratio: 885\/873;\" \/><\/p>\n<\/div>\n\t\t\t\t\t\t\t\t\t<div class=\"elementor-tab-title elementor-tab-mobile-title\" aria-selected=\"false\" data-tab=\"4\" role=\"tab\" tabindex=\"-1\" aria-controls=\"elementor-tab-content-7564\" aria-expanded=\"false\">Folhas de dados \/ Downloads<\/div>\n\t\t\t\t\t<div id=\"elementor-tab-content-7564\" class=\"elementor-tab-content elementor-clearfix\" data-tab=\"4\" role=\"tabpanel\" aria-labelledby=\"elementor-tab-title-7564\" tabindex=\"0\" hidden=\"hidden\"><p><a href=\"https:\/\/panelsandwich.org\/wp-content\/uploads\/2023\/11\/Chapa-Simple-Minionda.pdf\" target=\"_blank\" rel=\"noopener\"><button style=\"background-color: #ffa300; border-color: black; color: white;\" spellcheck=\"false\" data-lt-tmp-id=\"lt-827558\" data-gramm=\"false\">Descarrega a ficha t\u00e9cnica<\/button><\/a><\/p>\n<\/div>\n\t\t\t\t\t\t\t<\/div>\n\t\t<\/div>\n\t\t\t\t\t\t<\/div>\n\t\t\t\t<\/div>\n\t\t\t\t\t<\/div>\n\t\t<\/div>\n\t\t\t\t\t<\/div>\n\t\t<\/section>\n\t\t\t\t<\/div>\n\t\t","protected":false},"excerpt":{"rendered":"<p>CSFMO &#8211; Minionda de fachada em chapa simples<\/p>\n<p style=\"text-align: center;\"><strong><span style=\"font-size: medium;\"><a class=\"w-100 btn btn-danger btn-lg\" href=\"https:\/\/panelsandwich.org\/contactenos\">SOLICITA PRE\u00c7OS E INFORMA\u00c7\u00d5ES T\u00c9CNICAS  <i class=\"caret-right\"><\/i><\/a><\/span><\/strong><\/p>\n","protected":false},"featured_media":64656,"comment_status":"closed","ping_status":"closed","template":"","meta":[],"product_brand":[],"product_cat":[3837],"product_tag":[3839,3859,3858,3841,3899],"class_list":{"0":"post-64649","1":"product","2":"type-product","3":"status-publish","4":"has-post-thumbnail","6":"product_cat-chapa-metalica-lubrificada-simples","7":"product_tag-chapa-metalica-revestida","8":"product_tag-chapa-perfilada-pt-pt","9":"product_tag-chapa-simples","10":"product_tag-fachada-de-chapa-metalica","11":"product_tag-rematerial-pt-pt","12":"pa_anchodelpanel-largura-110-metros","13":"pa_colorexterior-azul-lago-ral-5019","14":"pa_colorexterior-branco-pirineu-ral-9010","15":"pa_colorexterior-cinzento-ardosia-ral-7024","16":"pa_colorexterior-cinzento-metalizado-ral-9006","17":"pa_colorexterior-creme-bidasoa-ral-1015-pt-pt","18":"pa_colorexterior-verde-navarra-ral-6005","19":"pa_colorexterior-vermelho-ral-3009","20":"pa_espesordelachapa-06-mm-aco-galvanizado-s250gd","22":"first","23":"outofstock","24":"taxable","25":"shipping-taxable","26":"purchasable","27":"product-type-variable","28":"has-default-attributes"},"_links":{"self":[{"href":"https:\/\/panelsandwich.org\/pt-pt\/wp-json\/wp\/v2\/product\/64649","targetHints":{"allow":["GET"]}}],"collection":[{"href":"https:\/\/panelsandwich.org\/pt-pt\/wp-json\/wp\/v2\/product"}],"about":[{"href":"https:\/\/panelsandwich.org\/pt-pt\/wp-json\/wp\/v2\/types\/product"}],"replies":[{"embeddable":true,"href":"https:\/\/panelsandwich.org\/pt-pt\/wp-json\/wp\/v2\/comments?post=64649"}],"version-history":[{"count":0,"href":"https:\/\/panelsandwich.org\/pt-pt\/wp-json\/wp\/v2\/product\/64649\/revisions"}],"wp:featuredmedia":[{"embeddable":true,"href":"https:\/\/panelsandwich.org\/pt-pt\/wp-json\/wp\/v2\/media\/64656"}],"wp:attachment":[{"href":"https:\/\/panelsandwich.org\/pt-pt\/wp-json\/wp\/v2\/media?parent=64649"}],"wp:term":[{"taxonomy":"product_brand","embeddable":true,"href":"https:\/\/panelsandwich.org\/pt-pt\/wp-json\/wp\/v2\/product_brand?post=64649"},{"taxonomy":"product_cat","embeddable":true,"href":"https:\/\/panelsandwich.org\/pt-pt\/wp-json\/wp\/v2\/product_cat?post=64649"},{"taxonomy":"product_tag","embeddable":true,"href":"https:\/\/panelsandwich.org\/pt-pt\/wp-json\/wp\/v2\/product_tag?post=64649"}],"curies":[{"name":"wp","href":"https:\/\/api.w.org\/{rel}","templated":true}]}}