{"id":65258,"date":"2023-09-28T23:15:59","date_gmt":"2023-09-28T21:15:59","guid":{"rendered":"https:\/\/panelsandwich.org\/2015-remate-de-cumeeira-cortado\/"},"modified":"2023-09-28T23:15:59","modified_gmt":"2023-09-28T21:15:59","slug":"2015-remate-de-cumeeira-cortado","status":"publish","type":"product","link":"https:\/\/panelsandwich.org\/pt-pt\/2015-remate-de-cumeeira-cortado\/","title":{"rendered":"2015 &#8211; Remate de cumeeira cortado"},"content":{"rendered":"<p><img decoding=\"async\" class=\"size-full wp-image-32071 lazyload\" data-src=\"https:\/\/painel-sandwich.com\/wp-content\/uploads\/2018\/04\/https__ofelizpainel.com_wp-content_uploads_2017_11_cumeeira-topcover-3-5-cap-desenho-1280x893.png\" width=\"100%\" alt=\"|\" title=\"\" data-srcset=\"https:\/\/panelsandwich.org\/wp-content\/uploads\/2018\/04\/https__ofelizpainel.com_wp-content_uploads_2017_11_cumeeira-topcover-3-5-cap-desenho-1280x893.png 1280w, https:\/\/panelsandwich.org\/wp-content\/uploads\/2018\/04\/https__ofelizpainel.com_wp-content_uploads_2017_11_cumeeira-topcover-3-5-cap-desenho-1280x893-300x209.png 300w, https:\/\/panelsandwich.org\/wp-content\/uploads\/2018\/04\/https__ofelizpainel.com_wp-content_uploads_2017_11_cumeeira-topcover-3-5-cap-desenho-1280x893-1024x714.png 1024w, https:\/\/panelsandwich.org\/wp-content\/uploads\/2018\/04\/https__ofelizpainel.com_wp-content_uploads_2017_11_cumeeira-topcover-3-5-cap-desenho-1280x893-768x536.png 768w, https:\/\/panelsandwich.org\/wp-content\/uploads\/2018\/04\/https__ofelizpainel.com_wp-content_uploads_2017_11_cumeeira-topcover-3-5-cap-desenho-1280x893-600x419.png 600w\" data-sizes=\"(max-width: 1280px) 100vw, 1280px\" src=\"data:image\/svg+xml;base64,PHN2ZyB3aWR0aD0iMSIgaGVpZ2h0PSIxIiB4bWxucz0iaHR0cDovL3d3dy53My5vcmcvMjAwMC9zdmciPjwvc3ZnPg==\" style=\"--smush-placeholder-width: 1280px; --smush-placeholder-aspect-ratio: 1280\/893;\" \/><\/p>\n<p style=\"text-align: center;\"><strong><span style=\"font-size: medium;\"><a class=\"w-100 btn btn-danger btn-lg\" href=\"https:\/\/panelsandwich.org\/contactenos\" target=\"  _blank=\" rel=\"noreferrer noopener\">SOLICITA PRE\u00c7OS E INFORMA\u00c7\u00d5ES T\u00c9CNICAS  <i class=\"caret-right\"><\/i><\/a><\/span><\/strong><\/p>\n","protected":false},"excerpt":{"rendered":"<p>2015-Remate Stamped Ridge Coping<\/p>\n<p style=\"text-align: center;\"><strong><span style=\"font-size: medium;\"><a class=\"w-100 btn btn-danger btn-lg\" href=\"https:\/\/panelsandwich.org\/contactenos\" target=\"  _blank=\" rel=\"noreferrer noopener\">SOLICITA PRE\u00c7OS E INFORMA\u00c7\u00d5ES T\u00c9CNICAS  <i class=\"caret-right\"><\/i><\/a><\/span><\/strong><\/p>\n","protected":false},"featured_media":32063,"comment_status":"open","ping_status":"closed","template":"","meta":[],"product_brand":[],"product_cat":[3886],"product_tag":[3891,3894,3893,3890,3887],"class_list":{"0":"post-65258","1":"product","2":"type-product","3":"status-publish","4":"has-post-thumbnail","6":"product_cat-remateria-telhado-de-painel-sanduiche","7":"product_tag-acabamentos-especiais","8":"product_tag-guarnicoes-de-telhado","9":"product_tag-guarnicoes-metalicas","10":"product_tag-leilao-por-medida","11":"product_tag-telha-para-telhado","12":"pa_colorexterior-branco-pirineu-ral-9010","13":"pa_colorexterior-cinzento-ardosia-ral-7024","14":"pa_colorexterior-cinzento-metalizado-ral-9006","15":"pa_colorexterior-creme-bidasoa-ral-1015-pt-pt","16":"pa_colorexterior-verde-navarra-ral-6005","17":"pa_colorexterior-vermelho-ral-3009","18":"pa_espesordelachapa-06-mm-aco-galvanizado-s250gd","19":"pa_medidas-metros-lineares-ml","20":"pa_situacion-a-pedido","21":"pa_situacion-armazem-de-stock","23":"first","24":"outofstock","25":"taxable","26":"shipping-taxable","27":"purchasable","28":"product-type-variable","29":"has-default-attributes"},"_links":{"self":[{"href":"https:\/\/panelsandwich.org\/pt-pt\/wp-json\/wp\/v2\/product\/65258","targetHints":{"allow":["GET"]}}],"collection":[{"href":"https:\/\/panelsandwich.org\/pt-pt\/wp-json\/wp\/v2\/product"}],"about":[{"href":"https:\/\/panelsandwich.org\/pt-pt\/wp-json\/wp\/v2\/types\/product"}],"replies":[{"embeddable":true,"href":"https:\/\/panelsandwich.org\/pt-pt\/wp-json\/wp\/v2\/comments?post=65258"}],"version-history":[{"count":0,"href":"https:\/\/panelsandwich.org\/pt-pt\/wp-json\/wp\/v2\/product\/65258\/revisions"}],"wp:featuredmedia":[{"embeddable":true,"href":"https:\/\/panelsandwich.org\/pt-pt\/wp-json\/wp\/v2\/media\/32063"}],"wp:attachment":[{"href":"https:\/\/panelsandwich.org\/pt-pt\/wp-json\/wp\/v2\/media?parent=65258"}],"wp:term":[{"taxonomy":"product_brand","embeddable":true,"href":"https:\/\/panelsandwich.org\/pt-pt\/wp-json\/wp\/v2\/product_brand?post=65258"},{"taxonomy":"product_cat","embeddable":true,"href":"https:\/\/panelsandwich.org\/pt-pt\/wp-json\/wp\/v2\/product_cat?post=65258"},{"taxonomy":"product_tag","embeddable":true,"href":"https:\/\/panelsandwich.org\/pt-pt\/wp-json\/wp\/v2\/product_tag?post=65258"}],"curies":[{"name":"wp","href":"https:\/\/api.w.org\/{rel}","templated":true}]}}