{"id":65287,"date":"2023-09-28T23:15:55","date_gmt":"2023-09-28T21:15:55","guid":{"rendered":"https:\/\/panelsandwich.org\/ra1019-guarnicao-em-forma-de-l-interior-10-x-10\/"},"modified":"2023-09-28T23:15:55","modified_gmt":"2023-09-28T21:15:55","slug":"ra1019-guarnicao-em-forma-de-l-interior-10-x-10","status":"publish","type":"product","link":"https:\/\/panelsandwich.org\/pt-pt\/ra1019-guarnicao-em-forma-de-l-interior-10-x-10\/","title":{"rendered":"RA1019 &#8211; Guarni\u00e7\u00e3o em forma de L &#8211; Interior 10 x 10"},"content":{"rendered":"<p>Guarni\u00e7\u00e3o multiusos com cor Ral Albero Envejecido no interior<\/p>\n","protected":false},"excerpt":{"rendered":"<p>Guarni\u00e7\u00e3o em forma de L Interior 10 x 10 cor Ral Albero Envelhecido<\/p>\n","protected":false},"featured_media":32233,"comment_status":"open","ping_status":"closed","template":"","meta":[],"product_brand":[],"product_cat":[3905,3889],"product_tag":[3891,3894,3893,3890,3887],"class_list":{"0":"post-65287","1":"product","2":"type-product","3":"status-publish","4":"has-post-thumbnail","6":"product_cat-acabamentos-de-paineis-sanduiche-painel-sanduiche-de-aluminio-envelhecido","7":"product_cat-telha-sanduiche-remateria-pt-pt","8":"product_tag-acabamentos-especiais","9":"product_tag-guarnicoes-de-telhado","10":"product_tag-guarnicoes-metalicas","11":"product_tag-leilao-por-medida","12":"product_tag-telha-para-telhado","13":"pa_colorexterior-albero-envelhecido","14":"pa_espesordelachapa-06-mm-aco-galvanizado-s250gd","15":"pa_medidas-metros-lineares-ml","16":"pa_situacion-armazem-de-stock","18":"first","19":"outofstock","20":"taxable","21":"shipping-taxable","22":"purchasable","23":"product-type-variable","24":"has-default-attributes"},"_links":{"self":[{"href":"https:\/\/panelsandwich.org\/pt-pt\/wp-json\/wp\/v2\/product\/65287","targetHints":{"allow":["GET"]}}],"collection":[{"href":"https:\/\/panelsandwich.org\/pt-pt\/wp-json\/wp\/v2\/product"}],"about":[{"href":"https:\/\/panelsandwich.org\/pt-pt\/wp-json\/wp\/v2\/types\/product"}],"replies":[{"embeddable":true,"href":"https:\/\/panelsandwich.org\/pt-pt\/wp-json\/wp\/v2\/comments?post=65287"}],"version-history":[{"count":0,"href":"https:\/\/panelsandwich.org\/pt-pt\/wp-json\/wp\/v2\/product\/65287\/revisions"}],"wp:featuredmedia":[{"embeddable":true,"href":"https:\/\/panelsandwich.org\/pt-pt\/wp-json\/wp\/v2\/media\/32233"}],"wp:attachment":[{"href":"https:\/\/panelsandwich.org\/pt-pt\/wp-json\/wp\/v2\/media?parent=65287"}],"wp:term":[{"taxonomy":"product_brand","embeddable":true,"href":"https:\/\/panelsandwich.org\/pt-pt\/wp-json\/wp\/v2\/product_brand?post=65287"},{"taxonomy":"product_cat","embeddable":true,"href":"https:\/\/panelsandwich.org\/pt-pt\/wp-json\/wp\/v2\/product_cat?post=65287"},{"taxonomy":"product_tag","embeddable":true,"href":"https:\/\/panelsandwich.org\/pt-pt\/wp-json\/wp\/v2\/product_tag?post=65287"}],"curies":[{"name":"wp","href":"https:\/\/api.w.org\/{rel}","templated":true}]}}