{"id":65339,"date":"2023-09-28T23:15:50","date_gmt":"2023-09-28T21:15:50","guid":{"rendered":"https:\/\/panelsandwich.org\/3000-guarnicao-em-forma-de-u-painel-refrigerado-40-80\/"},"modified":"2023-09-28T23:15:50","modified_gmt":"2023-09-28T21:15:50","slug":"3000-guarnicao-em-forma-de-u-painel-refrigerado-40-80","status":"publish","type":"product","link":"https:\/\/panelsandwich.org\/pt-pt\/3000-guarnicao-em-forma-de-u-painel-refrigerado-40-80\/","title":{"rendered":"3000 &#8211; Guarni\u00e7\u00e3o em forma de U &#8211; Painel refrigerado 40-80"},"content":{"rendered":"<p style=\"text-align: center;\"><strong><span style=\"font-size: medium;\"><a class=\"w-100 btn btn-danger btn-lg\" href=\"https:\/\/panelsandwich.org\/contactenos\" target=\"  _blank=\" rel=\"noreferrer noopener\">SOLICITA PRE\u00c7OS E INFORMA\u00c7\u00d5ES T\u00c9CNICAS  <i class=\"caret-right\"><\/i><\/a><\/span><\/strong><\/p>\n","protected":false},"excerpt":{"rendered":"<p>3000-Remate Frigor\u00edfico de painel em forma de U 40-80<\/p>\n<p style=\"text-align: center;\"><strong><span style=\"font-size: medium;\"><a class=\"w-100 btn btn-danger btn-lg\" href=\"https:\/\/panelsandwich.org\/contactenos\" target=\"  _blank=\" rel=\"noreferrer noopener\">SOLICITA PRE\u00c7OS E INFORMA\u00c7\u00d5ES T\u00c9CNICAS  <i class=\"caret-right\"><\/i><\/a><\/span><\/strong><\/p>\n","protected":false},"featured_media":65343,"comment_status":"closed","ping_status":"closed","template":"","meta":[],"product_brand":[],"product_cat":[3907],"product_tag":[3891,3894,3893,3890,3887],"class_list":{"0":"post-65339","1":"product","2":"type-product","3":"status-publish","4":"has-post-thumbnail","6":"product_cat-remateria-sandwich-panel-frigorifico","7":"product_tag-acabamentos-especiais","8":"product_tag-guarnicoes-de-telhado","9":"product_tag-guarnicoes-metalicas","10":"product_tag-leilao-por-medida","11":"product_tag-telha-para-telhado","12":"pa_colorexterior-branco-pirineu-ral-9010","13":"pa_espesordelachapa-06-mm-aco-galvanizado-s250gd","14":"pa_espesorespuma-40-mm-pt-pt","15":"pa_espesorespuma-50-mm-pt-pt-3","16":"pa_espesorespuma-60-mm-pt-pt-2","17":"pa_espesorespuma-80-mm-pt-pt","18":"pa_medidas-metros-lineares-ml","19":"pa_situacion-a-pedido","21":"first","22":"outofstock","23":"taxable","24":"shipping-taxable","25":"purchasable","26":"product-type-variable","27":"has-default-attributes"},"_links":{"self":[{"href":"https:\/\/panelsandwich.org\/pt-pt\/wp-json\/wp\/v2\/product\/65339","targetHints":{"allow":["GET"]}}],"collection":[{"href":"https:\/\/panelsandwich.org\/pt-pt\/wp-json\/wp\/v2\/product"}],"about":[{"href":"https:\/\/panelsandwich.org\/pt-pt\/wp-json\/wp\/v2\/types\/product"}],"replies":[{"embeddable":true,"href":"https:\/\/panelsandwich.org\/pt-pt\/wp-json\/wp\/v2\/comments?post=65339"}],"version-history":[{"count":0,"href":"https:\/\/panelsandwich.org\/pt-pt\/wp-json\/wp\/v2\/product\/65339\/revisions"}],"wp:featuredmedia":[{"embeddable":true,"href":"https:\/\/panelsandwich.org\/pt-pt\/wp-json\/wp\/v2\/media\/65343"}],"wp:attachment":[{"href":"https:\/\/panelsandwich.org\/pt-pt\/wp-json\/wp\/v2\/media?parent=65339"}],"wp:term":[{"taxonomy":"product_brand","embeddable":true,"href":"https:\/\/panelsandwich.org\/pt-pt\/wp-json\/wp\/v2\/product_brand?post=65339"},{"taxonomy":"product_cat","embeddable":true,"href":"https:\/\/panelsandwich.org\/pt-pt\/wp-json\/wp\/v2\/product_cat?post=65339"},{"taxonomy":"product_tag","embeddable":true,"href":"https:\/\/panelsandwich.org\/pt-pt\/wp-json\/wp\/v2\/product_tag?post=65339"}],"curies":[{"name":"wp","href":"https:\/\/api.w.org\/{rel}","templated":true}]}}