{"id":65437,"date":"2023-09-28T23:15:46","date_gmt":"2023-09-28T21:15:46","guid":{"rendered":"https:\/\/panelsandwich.org\/claraboia-chapa-metalica-compativel\/"},"modified":"2023-09-28T23:15:46","modified_gmt":"2023-09-28T21:15:46","slug":"claraboia-chapa-metalica-compativel","status":"publish","type":"product","link":"https:\/\/panelsandwich.org\/pt-pt\/claraboia-chapa-metalica-compativel\/","title":{"rendered":"Claraboia &#8211; Chapa met\u00e1lica compat\u00edvel"},"content":{"rendered":"<h1>Descreve: <\/h1>\n<p>Macrolux\u00ae Rooflite s\u00e3o placas de policarbonato extrudido com uma forma ondulada ou trapezoidal protegidas por uma ou duas camadas coextrudidas para garantir a resist\u00eancia aos raios UV.<\/p>\n<\/p>\n<p style=\"text-align:center;\"><strong><span style=\"font-size:medium;\"><a class=\"w-100 btn btn-danger btn-lg\" href=\"https:\/\/panelsandwich.org\/contactenos\">SOLICITA PRE\u00c7OS E INFORMA\u00c7\u00d5ES T\u00c9CNICAS  <i class=\"caret-right\"><\/i><\/a><\/span><\/strong><\/p>\n<h2>Aplica\u00e7\u00e3o e benef\u00edcios:<\/h2>\n<ul style=\"list-style-type:circle;\">\n<li>Cobertura de chapa met\u00e1lica  <\/li>\n<li>Dentes de serra<\/li>\n<li>Transpar\u00eancia<\/li>\n<li>Resist\u00eancia ao impacto  <\/li>\n<li>Dobr\u00e1vel a frio<\/li>\n<\/ul>\n<h2>Especifica\u00e7\u00e3o do produto:<\/h2>\n<ul style=\"list-style-type:circle;\">\n<li>Certificado de rea\u00e7\u00e3o ao fogo do produto Macrolux Rooflite de acordo com a norma EN 13501-1. Classifica\u00e7\u00e3o obtida: B s1 d0.<\/li>\n<li>Garantia de 10 anos<\/li>\n<\/ul>\n<h2>Instala\u00e7\u00e3o recomendada:  <\/h2>\n<ul style=\"list-style-type:circle;\">\n<li>\n<p>Sistema de fixa\u00e7\u00e3o O sistema de fixa\u00e7\u00e3o deve permitir a livre expans\u00e3o do painel, pelo que n\u00e3o s\u00e3o recomendadas fixa\u00e7\u00f5es r\u00edgidas ou fixa\u00e7\u00f5es com parafusos passantes.<\/p>\n<\/li>\n<li>Estrutura. \u00c9 necess\u00e1ria uma estrutura de suporte transversal, que pode ser de qualquer natureza ou geometria. Na modula\u00e7\u00e3o, as dimens\u00f5es m\u00e1ximas da chapa devem ser respeitadas de acordo com o perfil e as cargas a suportar.<\/li>\n<li>Estrutura de suporte de carga. O espa\u00e7amento m\u00e1ximo entre madres deve ser determinado para cada perfil, em fun\u00e7\u00e3o da carga a suportar e da deforma\u00e7\u00e3o m\u00e1xima admiss\u00edvel. Em qualquer caso, nunca poder\u00e1 ser superior a 1,20 m.  <\/li>\n<li>No caso de grandes espa\u00e7amentos entre madres (superiores a 1,20 m), devem ser previstos suportes interm\u00e9dios.<\/li>\n<li>Dilata\u00e7\u00e3o das placas. O coeficiente de dilata\u00e7\u00e3o t\u00e9rmica do policarbonato \u00e9 consideravelmente mais elevado do que o das estruturas e de outros produtos pl\u00e1sticos, pelo que \u00e9 essencial prever sistemas que permitam a livre dilata\u00e7\u00e3o das chapas. \u00c9 necess\u00e1rio fazer furos com um di\u00e2metro 3 mm maior do que o do parafuso.<\/li>\n<li>Comprimento das placas. Os comprimentos de chapa longos (superiores a cerca de 7 metros) acumulam dilata\u00e7\u00f5es longitudinais de elevado valor absoluto e devem ser evitados sempre que poss\u00edvel.  <\/li>\n<li>Se forem necess\u00e1rios v\u00e3os maiores, recomendam-se sobreposi\u00e7\u00f5es cruzadas de 150 a 250 mm, dependendo da inclina\u00e7\u00e3o do telhado.<\/li>\n<li>Disposi\u00e7\u00e3o das placas. O lado com prote\u00e7\u00e3o UV especial indicado \u00e9 o que deve ir para o exterior. Para coberturas em sandu\u00edche in-situ, recomenda-se que instale sempre a pel\u00edcula difusora branca no lado exterior e a pel\u00edcula incolor no lado interior.<\/li>\n<li>Fixa\u00e7\u00e3o das placas. Os perfis de policarbonato podem ser perfurados com berbequins e brocas normais. Os perfis devem ser fixados de forma segura para evitar vibra\u00e7\u00f5es; deve ter-se especial cuidado ao perfurar em \u00e2ngulos rectos. Os furos devem ser sempre efectuados a uma dist\u00e2ncia m\u00ednima de 50 mm dos bordos da chapa.<\/li>\n<li>Selado. Utiliza sempre silicone neutro. Em caso algum poder\u00e1 ser utilizada espuma de poliuretano.<\/li>\n<li>Solape. A sobreposi\u00e7\u00e3o longitudinal \u00e9 feita na dire\u00e7\u00e3o oposta \u00e0 dire\u00e7\u00e3o do vento ou da chuva. A sobreposi\u00e7\u00e3o transversal n\u00e3o deve ser inferior a 200 mm acima da viga. Cada placa deve sobressair 100 mm da linha de fixa\u00e7\u00e3o da viga.<\/li>\n<li>Seguran\u00e7a N\u00e3o pises diretamente a placa. As lajes n\u00e3o s\u00e3o transit\u00e1veis.  <\/li>\n<\/ul>\n<h2>Medi\u00e7\u00f5es: <img decoding=\"async\" class=\"size-full wp-image-32666 lazyload\" data-src=\"https:\/\/painel-sandwich.com\/wp-content\/uploads\/2018\/12\/cms_Imagen2.png\" alt=\"|\" width=\"100%\" title=\"\" data-srcset=\"https:\/\/panelsandwich.org\/wp-content\/uploads\/2018\/12\/cms_Imagen2.png 1842w, https:\/\/panelsandwich.org\/wp-content\/uploads\/2018\/12\/cms_Imagen2-300x63.png 300w, https:\/\/panelsandwich.org\/wp-content\/uploads\/2018\/12\/cms_Imagen2-1024x213.png 1024w, https:\/\/panelsandwich.org\/wp-content\/uploads\/2018\/12\/cms_Imagen2-768x160.png 768w, https:\/\/panelsandwich.org\/wp-content\/uploads\/2018\/12\/cms_Imagen2-1536x320.png 1536w, https:\/\/panelsandwich.org\/wp-content\/uploads\/2018\/12\/cms_Imagen2-600x125.png 600w\" data-sizes=\"(max-width: 1842px) 100vw, 1842px\" src=\"data:image\/svg+xml;base64,PHN2ZyB3aWR0aD0iMSIgaGVpZ2h0PSIxIiB4bWxucz0iaHR0cDovL3d3dy53My5vcmcvMjAwMC9zdmciPjwvc3ZnPg==\" \/><\/h2>\n<h2><\/h2>\n<h2>Carga admiss\u00edvel:  <\/h2>\n<p><img decoding=\"async\" class=\"size-full wp-image-32667 lazyload\" data-src=\"https:\/\/painel-sandwich.com\/wp-content\/uploads\/2018\/12\/cms_Lucernarios_cargas.JPG\" alt=\"|\" width=\"100%\" title=\"\" data-srcset=\"https:\/\/panelsandwich.org\/wp-content\/uploads\/2018\/12\/cms_Lucernarios_cargas.JPG 1127w, https:\/\/panelsandwich.org\/wp-content\/uploads\/2018\/12\/cms_Lucernarios_cargas-300x63.jpg 300w, https:\/\/panelsandwich.org\/wp-content\/uploads\/2018\/12\/cms_Lucernarios_cargas-1024x216.jpg 1024w, https:\/\/panelsandwich.org\/wp-content\/uploads\/2018\/12\/cms_Lucernarios_cargas-768x162.jpg 768w, https:\/\/panelsandwich.org\/wp-content\/uploads\/2018\/12\/cms_Lucernarios_cargas-600x127.jpg 600w\" data-sizes=\"(max-width: 1127px) 100vw, 1127px\" src=\"data:image\/svg+xml;base64,PHN2ZyB3aWR0aD0iMSIgaGVpZ2h0PSIxIiB4bWxucz0iaHR0cDovL3d3dy53My5vcmcvMjAwMC9zdmciPjwvc3ZnPg==\" \/><\/p>\n<h2>Caracter\u00edsticas t\u00e9cnicas:  <\/h2>\n<p><img decoding=\"async\" class=\"size-full wp-image-32668 lazyload\" data-src=\"https:\/\/painel-sandwich.com\/wp-content\/uploads\/2018\/12\/cms_Lucernarios_caracte.JPG\" alt=\"|\" width=\"100%\" title=\"\" data-srcset=\"https:\/\/panelsandwich.org\/wp-content\/uploads\/2018\/12\/cms_Lucernarios_caracte.JPG 1467w, https:\/\/panelsandwich.org\/wp-content\/uploads\/2018\/12\/cms_Lucernarios_caracte-300x122.jpg 300w, https:\/\/panelsandwich.org\/wp-content\/uploads\/2018\/12\/cms_Lucernarios_caracte-1024x416.jpg 1024w, https:\/\/panelsandwich.org\/wp-content\/uploads\/2018\/12\/cms_Lucernarios_caracte-768x312.jpg 768w, https:\/\/panelsandwich.org\/wp-content\/uploads\/2018\/12\/cms_Lucernarios_caracte-600x244.jpg 600w\" data-sizes=\"(max-width: 1467px) 100vw, 1467px\" src=\"data:image\/svg+xml;base64,PHN2ZyB3aWR0aD0iMSIgaGVpZ2h0PSIxIiB4bWxucz0iaHR0cDovL3d3dy53My5vcmcvMjAwMC9zdmciPjwvc3ZnPg==\" \/><\/p>\n<\/p>\n<p style=\"text-align:center;\"><strong><span style=\"font-size:medium;\"><a class=\"w-100 btn btn-danger btn-lg\" href=\"https:\/\/panelsandwich.org\/contactenos\">SOLICITA PRE\u00c7OS E INFORMA\u00c7\u00d5ES T\u00c9CNICAS  <i class=\"caret-right\"><\/i><\/a><\/span><\/strong><\/p>\n","protected":false},"excerpt":{"rendered":"<p class=\"MsoNormal\" style=\"margin:0cm 6.05pt 15.15pt .5pt;\">As chapas Lucernario s\u00e3o chapas de policarbonato extrudido com uma forma ondulada ou trapezoidal protegidas por uma ou duas camadas coextrudidas para garantir a resist\u00eancia aos raios UV.<\/p>\n<p style=\"text-align:center;\"><strong><span style=\"font-size:medium;\"><a class=\"w-100 btn btn-danger btn-lg\" href=\"https:\/\/panelsandwich.org\/contactenos\">SOLICITA PRE\u00c7OS E INFORMA\u00c7\u00d5ES T\u00c9CNICAS  <i class=\"caret-right\"><\/i><\/a><\/span><\/strong><\/p>\n","protected":false},"featured_media":32670,"comment_status":"open","ping_status":"closed","template":"","meta":[],"product_brand":[],"product_cat":[3912],"product_tag":[],"class_list":{"0":"post-65437","1":"product","2":"type-product","3":"status-publish","4":"has-post-thumbnail","6":"product_cat-claraboias-policarbonatos","8":"first","9":"outofstock","10":"taxable","11":"shipping-taxable","12":"purchasable","13":"product-type-simple"},"_links":{"self":[{"href":"https:\/\/panelsandwich.org\/pt-pt\/wp-json\/wp\/v2\/product\/65437","targetHints":{"allow":["GET"]}}],"collection":[{"href":"https:\/\/panelsandwich.org\/pt-pt\/wp-json\/wp\/v2\/product"}],"about":[{"href":"https:\/\/panelsandwich.org\/pt-pt\/wp-json\/wp\/v2\/types\/product"}],"replies":[{"embeddable":true,"href":"https:\/\/panelsandwich.org\/pt-pt\/wp-json\/wp\/v2\/comments?post=65437"}],"version-history":[{"count":0,"href":"https:\/\/panelsandwich.org\/pt-pt\/wp-json\/wp\/v2\/product\/65437\/revisions"}],"wp:featuredmedia":[{"embeddable":true,"href":"https:\/\/panelsandwich.org\/pt-pt\/wp-json\/wp\/v2\/media\/32670"}],"wp:attachment":[{"href":"https:\/\/panelsandwich.org\/pt-pt\/wp-json\/wp\/v2\/media?parent=65437"}],"wp:term":[{"taxonomy":"product_brand","embeddable":true,"href":"https:\/\/panelsandwich.org\/pt-pt\/wp-json\/wp\/v2\/product_brand?post=65437"},{"taxonomy":"product_cat","embeddable":true,"href":"https:\/\/panelsandwich.org\/pt-pt\/wp-json\/wp\/v2\/product_cat?post=65437"},{"taxonomy":"product_tag","embeddable":true,"href":"https:\/\/panelsandwich.org\/pt-pt\/wp-json\/wp\/v2\/product_tag?post=65437"}],"curies":[{"name":"wp","href":"https:\/\/api.w.org\/{rel}","templated":true}]}}