{"id":65468,"date":"2023-09-28T23:15:48","date_gmt":"2023-09-28T21:15:48","guid":{"rendered":"https:\/\/panelsandwich.org\/3026-guarnicao-em-forma-de-l-interior-5-x-7\/"},"modified":"2023-09-28T23:15:48","modified_gmt":"2023-09-28T21:15:48","slug":"3026-guarnicao-em-forma-de-l-interior-5-x-7","status":"publish","type":"product","link":"https:\/\/panelsandwich.org\/pt-pt\/3026-guarnicao-em-forma-de-l-interior-5-x-7\/","title":{"rendered":"3026 &#8211; Guarni\u00e7\u00e3o em forma de L &#8211; Interior 5 x 7"},"content":{"rendered":"<p style=\"text-align: center;\"><strong><span style=\"font-size: medium;\"><a class=\"w-100 btn btn-danger btn-lg\" href=\"https:\/\/panelsandwich.org\/contactenos\" target=\"  _blank=\" rel=\"noreferrer noopener\">SOLICITA PRE\u00c7OS E INFORMA\u00c7\u00d5ES T\u00c9CNICAS  <i class=\"caret-right\"><\/i><\/a><\/span><\/strong><\/p>\n","protected":false},"excerpt":{"rendered":"<p>3026-Remate Form L Int . 5&#215;7<\/p>\n<p style=\"text-align: center;\"><strong><span style=\"font-size: medium;\"><a class=\"w-100 btn btn-danger btn-lg\" href=\"https:\/\/panelsandwich.org\/contactenos\" target=\"  _blank=\" rel=\"noreferrer noopener\">SOLICITA PRE\u00c7OS E INFORMA\u00c7\u00d5ES T\u00c9CNICAS  <i class=\"caret-right\"><\/i><\/a><\/span><\/strong><\/p>\n","protected":false},"featured_media":32596,"comment_status":"open","ping_status":"closed","template":"","meta":[],"product_brand":[],"product_cat":[3908],"product_tag":[3891,3894,3893,3890,3887],"class_list":{"0":"post-65468","1":"product","2":"type-product","3":"status-publish","4":"has-post-thumbnail","6":"product_cat-fachada-de-painel-sanduiche-remateria","7":"product_tag-acabamentos-especiais","8":"product_tag-guarnicoes-de-telhado","9":"product_tag-guarnicoes-metalicas","10":"product_tag-leilao-por-medida","11":"product_tag-telha-para-telhado","12":"pa_colorexterior-azul-lago-ral-5019","13":"pa_colorexterior-branco-pirineu-ral-9010","14":"pa_colorexterior-cinzento-ardosia-ral-7024","15":"pa_colorexterior-cinzento-metalizado-ral-9006","16":"pa_colorexterior-creme-bidasoa-ral-1015-pt-pt","17":"pa_colorexterior-verde-navarra-ral-6005","18":"pa_colorexterior-vermelho-ral-3009","19":"pa_espesordelachapa-06-mm-aco-galvanizado-s250gd","20":"pa_medidas-metros-lineares-ml","21":"pa_situacion-a-pedido","22":"pa_situacion-armazem-de-stock","24":"first","25":"outofstock","26":"taxable","27":"shipping-taxable","28":"purchasable","29":"product-type-variable","30":"has-default-attributes"},"_links":{"self":[{"href":"https:\/\/panelsandwich.org\/pt-pt\/wp-json\/wp\/v2\/product\/65468","targetHints":{"allow":["GET"]}}],"collection":[{"href":"https:\/\/panelsandwich.org\/pt-pt\/wp-json\/wp\/v2\/product"}],"about":[{"href":"https:\/\/panelsandwich.org\/pt-pt\/wp-json\/wp\/v2\/types\/product"}],"replies":[{"embeddable":true,"href":"https:\/\/panelsandwich.org\/pt-pt\/wp-json\/wp\/v2\/comments?post=65468"}],"version-history":[{"count":0,"href":"https:\/\/panelsandwich.org\/pt-pt\/wp-json\/wp\/v2\/product\/65468\/revisions"}],"wp:featuredmedia":[{"embeddable":true,"href":"https:\/\/panelsandwich.org\/pt-pt\/wp-json\/wp\/v2\/media\/32596"}],"wp:attachment":[{"href":"https:\/\/panelsandwich.org\/pt-pt\/wp-json\/wp\/v2\/media?parent=65468"}],"wp:term":[{"taxonomy":"product_brand","embeddable":true,"href":"https:\/\/panelsandwich.org\/pt-pt\/wp-json\/wp\/v2\/product_brand?post=65468"},{"taxonomy":"product_cat","embeddable":true,"href":"https:\/\/panelsandwich.org\/pt-pt\/wp-json\/wp\/v2\/product_cat?post=65468"},{"taxonomy":"product_tag","embeddable":true,"href":"https:\/\/panelsandwich.org\/pt-pt\/wp-json\/wp\/v2\/product_tag?post=65468"}],"curies":[{"name":"wp","href":"https:\/\/api.w.org\/{rel}","templated":true}]}}