{"id":65561,"date":"2023-09-28T23:15:49","date_gmt":"2023-09-28T21:15:49","guid":{"rendered":"https:\/\/panelsandwich.org\/3000-guarnicao-em-forma-de-u-painel-de-refrigeracao-100-200\/"},"modified":"2023-09-28T23:15:49","modified_gmt":"2023-09-28T21:15:49","slug":"3000-guarnicao-em-forma-de-u-painel-de-refrigeracao-100-200","status":"publish","type":"product","link":"https:\/\/panelsandwich.org\/pt-pt\/3000-guarnicao-em-forma-de-u-painel-de-refrigeracao-100-200\/","title":{"rendered":"3000 &#8211; Guarni\u00e7\u00e3o em forma de U &#8211; Painel de refrigera\u00e7\u00e3o 100 &#8211; 200"},"content":{"rendered":"","protected":false},"excerpt":{"rendered":"<p>3000-Remate o painel em forma de U Frigo 100-200<\/p>\n","protected":false},"featured_media":32527,"comment_status":"open","ping_status":"closed","template":"","meta":[],"product_brand":[],"product_cat":[3907],"product_tag":[3891,3894,3893,3890,3887],"class_list":{"0":"post-65561","1":"product","2":"type-product","3":"status-publish","4":"has-post-thumbnail","6":"product_cat-remateria-sandwich-panel-frigorifico","7":"product_tag-acabamentos-especiais","8":"product_tag-guarnicoes-de-telhado","9":"product_tag-guarnicoes-metalicas","10":"product_tag-leilao-por-medida","11":"product_tag-telha-para-telhado","12":"pa_colorexterior-branco-pirineu-ral-9010","13":"pa_espesordelachapa-06-mm-aco-galvanizado-s250gd","14":"pa_espesorespuma-100-mm-pt-pt","15":"pa_espesorespuma-120-mm-pt-pt","16":"pa_espesorespuma-150-mm-pt-pt","17":"pa_espesorespuma-180-mm-pt-pt","18":"pa_espesorespuma-200-mm-pt-pt","19":"pa_medidas-metros-lineares-ml","20":"pa_situacion-a-pedido","22":"first","23":"outofstock","24":"taxable","25":"shipping-taxable","26":"purchasable","27":"product-type-variable","28":"has-default-attributes"},"_links":{"self":[{"href":"https:\/\/panelsandwich.org\/pt-pt\/wp-json\/wp\/v2\/product\/65561","targetHints":{"allow":["GET"]}}],"collection":[{"href":"https:\/\/panelsandwich.org\/pt-pt\/wp-json\/wp\/v2\/product"}],"about":[{"href":"https:\/\/panelsandwich.org\/pt-pt\/wp-json\/wp\/v2\/types\/product"}],"replies":[{"embeddable":true,"href":"https:\/\/panelsandwich.org\/pt-pt\/wp-json\/wp\/v2\/comments?post=65561"}],"version-history":[{"count":0,"href":"https:\/\/panelsandwich.org\/pt-pt\/wp-json\/wp\/v2\/product\/65561\/revisions"}],"wp:featuredmedia":[{"embeddable":true,"href":"https:\/\/panelsandwich.org\/pt-pt\/wp-json\/wp\/v2\/media\/32527"}],"wp:attachment":[{"href":"https:\/\/panelsandwich.org\/pt-pt\/wp-json\/wp\/v2\/media?parent=65561"}],"wp:term":[{"taxonomy":"product_brand","embeddable":true,"href":"https:\/\/panelsandwich.org\/pt-pt\/wp-json\/wp\/v2\/product_brand?post=65561"},{"taxonomy":"product_cat","embeddable":true,"href":"https:\/\/panelsandwich.org\/pt-pt\/wp-json\/wp\/v2\/product_cat?post=65561"},{"taxonomy":"product_tag","embeddable":true,"href":"https:\/\/panelsandwich.org\/pt-pt\/wp-json\/wp\/v2\/product_tag?post=65561"}],"curies":[{"name":"wp","href":"https:\/\/api.w.org\/{rel}","templated":true}]}}