{"id":65609,"date":"2023-09-28T23:15:42","date_gmt":"2023-09-28T21:15:42","guid":{"rendered":"https:\/\/panelsandwich.org\/policarbonato-multiusos-fachada\/"},"modified":"2023-09-28T23:15:42","modified_gmt":"2023-09-28T21:15:42","slug":"policarbonato-multiusos-fachada","status":"publish","type":"product","link":"https:\/\/panelsandwich.org\/pt-pt\/policarbonato-multiusos-fachada\/","title":{"rendered":"Policarbonato multiusos &#8211; Fachada"},"content":{"rendered":"<h3>Descri\u00e7\u00e3o<\/h3>\n<p>\u00c9 um sistema de policarbonato para a realiza\u00e7\u00e3o de paredes transl\u00facidas em pain\u00e9is sandwich verticais na constru\u00e7\u00e3o industrial e civil. O sistema consiste em pain\u00e9is de policarbonato extrudido com uma estrutura em favo de mel, com 20 mm de espessura, 495 mm de largura de m\u00f3dulo e prote\u00e7\u00e3o UV obtida por co-extrus\u00e3o no lado exterior.<\/p>\n<p>O sistema \u00e9 composto por pain\u00e9is de engate, equipados com perfis &#8220;macho\/f\u00eamea&#8221; para um encaixe perfeito; perfis perimetrais em alum\u00ednio anodizado completam a estrutura de fixa\u00e7\u00e3o. F\u00e1cil e econ\u00f3mico de instalar, proporciona uma \u00f3ptima transmiss\u00e3o da luz, uma elevada resist\u00eancia \u00e0 carga e um isolamento t\u00e9rmico.<\/p>\n<p style=\"text-align: center;\"><img decoding=\"async\" class=\"size-full wp-image-32838 lazyload\" data-src=\"https:\/\/painel-sandwich.com\/wp-content\/uploads\/2018\/12\/cms_fachada-medidas.JPG\" alt=\"|\" width=\"100%\" title=\"\" data-srcset=\"https:\/\/panelsandwich.org\/wp-content\/uploads\/2018\/12\/cms_fachada-medidas.JPG 1421w, https:\/\/panelsandwich.org\/wp-content\/uploads\/2018\/12\/cms_fachada-medidas-300x125.jpg 300w, https:\/\/panelsandwich.org\/wp-content\/uploads\/2018\/12\/cms_fachada-medidas-1024x426.jpg 1024w, https:\/\/panelsandwich.org\/wp-content\/uploads\/2018\/12\/cms_fachada-medidas-768x319.jpg 768w, https:\/\/panelsandwich.org\/wp-content\/uploads\/2018\/12\/cms_fachada-medidas-600x250.jpg 600w\" data-sizes=\"(max-width: 1421px) 100vw, 1421px\" src=\"data:image\/svg+xml;base64,PHN2ZyB3aWR0aD0iMSIgaGVpZ2h0PSIxIiB4bWxucz0iaHR0cDovL3d3dy53My5vcmcvMjAwMC9zdmciPjwvc3ZnPg==\" \/><\/p>\n<h3><img decoding=\"async\" class=\"size-full wp-image-32839 lazyload\" data-src=\"https:\/\/painel-sandwich.com\/wp-content\/uploads\/2018\/12\/cms_fachada-caracteristicas.JPG\" alt=\"|\" width=\"100%\" title=\"\" data-srcset=\"https:\/\/panelsandwich.org\/wp-content\/uploads\/2018\/12\/cms_fachada-caracteristicas.JPG 1402w, https:\/\/panelsandwich.org\/wp-content\/uploads\/2018\/12\/cms_fachada-caracteristicas-300x131.jpg 300w, https:\/\/panelsandwich.org\/wp-content\/uploads\/2018\/12\/cms_fachada-caracteristicas-1024x447.jpg 1024w, https:\/\/panelsandwich.org\/wp-content\/uploads\/2018\/12\/cms_fachada-caracteristicas-768x335.jpg 768w, https:\/\/panelsandwich.org\/wp-content\/uploads\/2018\/12\/cms_fachada-caracteristicas-600x262.jpg 600w\" data-sizes=\"(max-width: 1402px) 100vw, 1402px\" src=\"data:image\/svg+xml;base64,PHN2ZyB3aWR0aD0iMSIgaGVpZ2h0PSIxIiB4bWxucz0iaHR0cDovL3d3dy53My5vcmcvMjAwMC9zdmciPjwvc3ZnPg==\" \/><\/h3>\n<h3>Componentes<\/h3>\n<p>Realiza\u00e7\u00e3o de parede transl\u00facida com Painel Sandu\u00edche Polivalente Fachada composta por:<\/p>\n<ul style=\"list-style-type: circle;\">\n<li>Painel alveolar em policarbonato, protegido contra os raios UV, co-extrudido no lado exterior, estrutura alveolar com 20 mm de espessura, fator de transmiss\u00e3o t\u00e9rmica certificado 2,0 W\/m2 K, cor de vidro (outras cores a pedido), fecho de cabe\u00e7a com fita adesiva de alum\u00ednio; dimens\u00f5es: largura do m\u00f3dulo 495 mm, comprimento personalizado, garantia de dez anos.<\/li>\n<li>Perfis perimetrais em alum\u00ednio anodizado prateado, m\u00ednimo 15 microns (ou em bruto a pedido).<\/li>\n<li>Veda\u00e7\u00f5es externas em borracha EPDM.<\/li>\n<li>Barra de a\u00e7o para fixa\u00e7\u00e3o dos pain\u00e9is (se necess\u00e1rio).<\/li>\n<\/ul>\n<h3>Carrega tabelas<\/h3>\n<h4>Tabela de cargas 2 apoios<\/h4>\n<h4><img decoding=\"async\" class=\"size-full wp-image-32840 lazyload\" data-src=\"https:\/\/painel-sandwich.com\/wp-content\/uploads\/2018\/12\/cms_tabla-de-cargas-2-apoyos.JPG\" alt=\"|\" width=\"100%\" title=\"\" data-srcset=\"https:\/\/panelsandwich.org\/wp-content\/uploads\/2018\/12\/cms_tabla-de-cargas-2-apoyos.JPG 878w, https:\/\/panelsandwich.org\/wp-content\/uploads\/2018\/12\/cms_tabla-de-cargas-2-apoyos-300x168.jpg 300w, https:\/\/panelsandwich.org\/wp-content\/uploads\/2018\/12\/cms_tabla-de-cargas-2-apoyos-768x430.jpg 768w, https:\/\/panelsandwich.org\/wp-content\/uploads\/2018\/12\/cms_tabla-de-cargas-2-apoyos-600x336.jpg 600w\" data-sizes=\"(max-width: 878px) 100vw, 878px\" src=\"data:image\/svg+xml;base64,PHN2ZyB3aWR0aD0iMSIgaGVpZ2h0PSIxIiB4bWxucz0iaHR0cDovL3d3dy53My5vcmcvMjAwMC9zdmciPjwvc3ZnPg==\" \/><\/h4>\n<h4>Tabela de cargas 3 ou mais apoios<img decoding=\"async\" class=\"size-full wp-image-32841 lazyload\" data-src=\"https:\/\/painel-sandwich.com\/wp-content\/uploads\/2018\/12\/cms_tabla-de-cargas-3-apoyos.JPG\" alt=\"|\" width=\"100%\" title=\"\" data-srcset=\"https:\/\/panelsandwich.org\/wp-content\/uploads\/2018\/12\/cms_tabla-de-cargas-3-apoyos.JPG 868w, https:\/\/panelsandwich.org\/wp-content\/uploads\/2018\/12\/cms_tabla-de-cargas-3-apoyos-300x172.jpg 300w, https:\/\/panelsandwich.org\/wp-content\/uploads\/2018\/12\/cms_tabla-de-cargas-3-apoyos-768x442.jpg 768w, https:\/\/panelsandwich.org\/wp-content\/uploads\/2018\/12\/cms_tabla-de-cargas-3-apoyos-600x345.jpg 600w\" data-sizes=\"(max-width: 868px) 100vw, 868px\" src=\"data:image\/svg+xml;base64,PHN2ZyB3aWR0aD0iMSIgaGVpZ2h0PSIxIiB4bWxucz0iaHR0cDovL3d3dy53My5vcmcvMjAwMC9zdmciPjwvc3ZnPg==\" \/><\/h4>\n","protected":false},"excerpt":{"rendered":"<p>Policarbonatos\/Lucern\u00e1rios: Elementos que permitem a ilumina\u00e7\u00e3o natural em objectos que correspondem a par\u00e2metros energ\u00e9ticos e est\u00e9ticos.<\/p>\n","protected":false},"featured_media":65613,"comment_status":"closed","ping_status":"closed","template":"","meta":[],"product_brand":[],"product_cat":[3912],"product_tag":[],"class_list":{"0":"post-65609","1":"product","2":"type-product","3":"status-publish","4":"has-post-thumbnail","6":"product_cat-claraboias-policarbonatos","7":"pa_anchodelpanel-largura-1-metro","8":"pa_colorexterior-vidro-transparente","9":"pa_espesordelaplaca-40-mm-pt-pt","11":"first","12":"outofstock","13":"taxable","14":"shipping-taxable","15":"purchasable","16":"product-type-variable","17":"has-default-attributes"},"_links":{"self":[{"href":"https:\/\/panelsandwich.org\/pt-pt\/wp-json\/wp\/v2\/product\/65609","targetHints":{"allow":["GET"]}}],"collection":[{"href":"https:\/\/panelsandwich.org\/pt-pt\/wp-json\/wp\/v2\/product"}],"about":[{"href":"https:\/\/panelsandwich.org\/pt-pt\/wp-json\/wp\/v2\/types\/product"}],"replies":[{"embeddable":true,"href":"https:\/\/panelsandwich.org\/pt-pt\/wp-json\/wp\/v2\/comments?post=65609"}],"version-history":[{"count":0,"href":"https:\/\/panelsandwich.org\/pt-pt\/wp-json\/wp\/v2\/product\/65609\/revisions"}],"wp:featuredmedia":[{"embeddable":true,"href":"https:\/\/panelsandwich.org\/pt-pt\/wp-json\/wp\/v2\/media\/65613"}],"wp:attachment":[{"href":"https:\/\/panelsandwich.org\/pt-pt\/wp-json\/wp\/v2\/media?parent=65609"}],"wp:term":[{"taxonomy":"product_brand","embeddable":true,"href":"https:\/\/panelsandwich.org\/pt-pt\/wp-json\/wp\/v2\/product_brand?post=65609"},{"taxonomy":"product_cat","embeddable":true,"href":"https:\/\/panelsandwich.org\/pt-pt\/wp-json\/wp\/v2\/product_cat?post=65609"},{"taxonomy":"product_tag","embeddable":true,"href":"https:\/\/panelsandwich.org\/pt-pt\/wp-json\/wp\/v2\/product_tag?post=65609"}],"curies":[{"name":"wp","href":"https:\/\/api.w.org\/{rel}","templated":true}]}}