{"id":65617,"date":"2023-09-28T23:15:44","date_gmt":"2023-09-28T21:15:44","guid":{"rendered":"https:\/\/panelsandwich.org\/acessorio-de-montagem-fita-adesiva-butilica\/"},"modified":"2023-09-28T23:15:44","modified_gmt":"2023-09-28T21:15:44","slug":"acessorio-de-montagem-fita-adesiva-butilica","status":"publish","type":"product","link":"https:\/\/panelsandwich.org\/pt-pt\/acessorio-de-montagem-fita-adesiva-butilica\/","title":{"rendered":"Acess\u00f3rio de montagem &#8211; Fita adesiva but\u00edlica"},"content":{"rendered":"<p>  Fita but\u00edlica revestida de alum\u00ednio ou cobre, resistente aos agentes atmosf\u00e9ricos e aos raios UV.<\/p>\n<p>&#8211; Ideal para uma repara\u00e7\u00e3o invis\u00edvel de poss\u00edveis fissuras em rufos.<\/p>\n<p>&#8211; Particularmente indicado para a veda\u00e7\u00e3o de pain\u00e9is solares e fotovoltaicos ou em todas as situa\u00e7\u00f5es de exposi\u00e7\u00e3o permanente aos raios UV.<\/p>\n<p>&#8211; Ader\u00eancia perfeita em todos os materiais de constru\u00e7\u00e3o.<\/p>\n<\/p>\n<p style=\"text-align:center;\"><strong><span style=\"font-size:medium;\"><a class=\"w-100 btn btn-danger btn-lg\" href=\"https:\/\/panelsandwich.org\/contactenos\">SOLICITA PRE\u00c7OS E INFORMA\u00c7\u00d5ES T\u00c9CNICAS  <i class=\"caret-right\"><\/i><\/a><\/span><\/strong><\/p>\n","protected":false},"excerpt":{"rendered":"<p>Acess\u00f3rio de montagem &#8211; Fita adesiva but\u00edlica<\/p>\n<p style=\"text-align:center;\"><strong><span style=\"font-size:medium;\"><a class=\"w-100 btn btn-danger btn-lg\" href=\"https:\/\/panelsandwich.org\/contactenos\">SOLICITA PRE\u00c7OS E INFORMA\u00c7\u00d5ES T\u00c9CNICAS  <i class=\"caret-right\"><\/i><\/a><\/span><\/strong><\/p>\n","protected":false},"featured_media":32747,"comment_status":"open","ping_status":"closed","template":"","meta":[],"product_brand":[],"product_cat":[3714],"product_tag":[],"class_list":{"0":"post-65617","1":"product","2":"type-product","3":"status-publish","4":"has-post-thumbnail","6":"product_cat-acessorios-para-montagem-de-paineis-sanduiche","8":"first","9":"outofstock","10":"taxable","11":"shipping-taxable","12":"purchasable","13":"product-type-simple"},"_links":{"self":[{"href":"https:\/\/panelsandwich.org\/pt-pt\/wp-json\/wp\/v2\/product\/65617","targetHints":{"allow":["GET"]}}],"collection":[{"href":"https:\/\/panelsandwich.org\/pt-pt\/wp-json\/wp\/v2\/product"}],"about":[{"href":"https:\/\/panelsandwich.org\/pt-pt\/wp-json\/wp\/v2\/types\/product"}],"replies":[{"embeddable":true,"href":"https:\/\/panelsandwich.org\/pt-pt\/wp-json\/wp\/v2\/comments?post=65617"}],"version-history":[{"count":0,"href":"https:\/\/panelsandwich.org\/pt-pt\/wp-json\/wp\/v2\/product\/65617\/revisions"}],"wp:featuredmedia":[{"embeddable":true,"href":"https:\/\/panelsandwich.org\/pt-pt\/wp-json\/wp\/v2\/media\/32747"}],"wp:attachment":[{"href":"https:\/\/panelsandwich.org\/pt-pt\/wp-json\/wp\/v2\/media?parent=65617"}],"wp:term":[{"taxonomy":"product_brand","embeddable":true,"href":"https:\/\/panelsandwich.org\/pt-pt\/wp-json\/wp\/v2\/product_brand?post=65617"},{"taxonomy":"product_cat","embeddable":true,"href":"https:\/\/panelsandwich.org\/pt-pt\/wp-json\/wp\/v2\/product_cat?post=65617"},{"taxonomy":"product_tag","embeddable":true,"href":"https:\/\/panelsandwich.org\/pt-pt\/wp-json\/wp\/v2\/product_tag?post=65617"}],"curies":[{"name":"wp","href":"https:\/\/api.w.org\/{rel}","templated":true}]}}