{"id":65628,"date":"2023-09-28T23:15:46","date_gmt":"2023-09-28T21:15:46","guid":{"rendered":"https:\/\/panelsandwich.org\/acessorio-de-montagem-tampa-da-chamine\/"},"modified":"2023-09-28T23:15:46","modified_gmt":"2023-09-28T21:15:46","slug":"acessorio-de-montagem-tampa-da-chamine","status":"publish","type":"product","link":"https:\/\/panelsandwich.org\/pt-pt\/acessorio-de-montagem-tampa-da-chamine\/","title":{"rendered":"Acess\u00f3rio de montagem &#8211; Tampa da chamin\u00e9"},"content":{"rendered":"<p>Veda\u00e7\u00e3o do veio flex\u00edvel EPDM<\/p>\n<p>Protege e permite uma veda\u00e7\u00e3o perfeita das sa\u00eddas dos tubos para o exterior.<\/p>\n<p>Resiste a longos anos de envelhecimento por ozono e raios ultravioleta<\/p>\n<p>Adapta-se a qualquer di\u00e2metro de tubo de 114 mm a 864 mm.<\/p>\n<p style=\"text-align: center;\"><strong><span style=\"font-size: medium;\"><a class=\"w-100 btn btn-danger btn-lg\" href=\"https:\/\/panelsandwich.org\/contactenos\">SOLICITA PRE\u00c7OS E INFORMA\u00c7\u00d5ES T\u00c9CNICAS  <i class=\"caret-right\"><\/i><\/a><\/span><\/strong><\/p>\n","protected":false},"excerpt":{"rendered":"<p style=\"text-align: center;\"><strong><span style=\"font-size: medium;\"><a class=\"w-100 btn btn-danger btn-lg\" href=\"https:\/\/panelsandwich.org\/contactenos\">SOLICITA PRE\u00c7OS E INFORMA\u00c7\u00d5ES T\u00c9CNICAS  <i class=\"caret-right\"><\/i><\/a><\/span><\/strong><\/p>\n","protected":false},"featured_media":65634,"comment_status":"closed","ping_status":"closed","template":"","meta":[],"product_brand":[],"product_cat":[3714],"product_tag":[],"class_list":{"0":"post-65628","1":"product","2":"type-product","3":"status-publish","4":"has-post-thumbnail","6":"product_cat-acessorios-para-montagem-de-paineis-sanduiche","7":"pa_diametrodeltubo-tubo-102-175-mm","8":"pa_diametrodeltubo-tubo-152-280-mm","9":"pa_diametrodeltubo-tubo-245-467-mm","11":"first","12":"outofstock","13":"taxable","14":"shipping-taxable","15":"purchasable","16":"product-type-variable","17":"has-default-attributes"},"_links":{"self":[{"href":"https:\/\/panelsandwich.org\/pt-pt\/wp-json\/wp\/v2\/product\/65628","targetHints":{"allow":["GET"]}}],"collection":[{"href":"https:\/\/panelsandwich.org\/pt-pt\/wp-json\/wp\/v2\/product"}],"about":[{"href":"https:\/\/panelsandwich.org\/pt-pt\/wp-json\/wp\/v2\/types\/product"}],"replies":[{"embeddable":true,"href":"https:\/\/panelsandwich.org\/pt-pt\/wp-json\/wp\/v2\/comments?post=65628"}],"version-history":[{"count":0,"href":"https:\/\/panelsandwich.org\/pt-pt\/wp-json\/wp\/v2\/product\/65628\/revisions"}],"wp:featuredmedia":[{"embeddable":true,"href":"https:\/\/panelsandwich.org\/pt-pt\/wp-json\/wp\/v2\/media\/65634"}],"wp:attachment":[{"href":"https:\/\/panelsandwich.org\/pt-pt\/wp-json\/wp\/v2\/media?parent=65628"}],"wp:term":[{"taxonomy":"product_brand","embeddable":true,"href":"https:\/\/panelsandwich.org\/pt-pt\/wp-json\/wp\/v2\/product_brand?post=65628"},{"taxonomy":"product_cat","embeddable":true,"href":"https:\/\/panelsandwich.org\/pt-pt\/wp-json\/wp\/v2\/product_cat?post=65628"},{"taxonomy":"product_tag","embeddable":true,"href":"https:\/\/panelsandwich.org\/pt-pt\/wp-json\/wp\/v2\/product_tag?post=65628"}],"curies":[{"name":"wp","href":"https:\/\/api.w.org\/{rel}","templated":true}]}}