{"id":65630,"date":"2023-09-28T23:15:44","date_gmt":"2023-09-28T21:15:44","guid":{"rendered":"https:\/\/panelsandwich.org\/policarbonato-compacto-vidro\/"},"modified":"2023-09-28T23:15:44","modified_gmt":"2023-09-28T21:15:44","slug":"policarbonato-compacto-vidro","status":"publish","type":"product","link":"https:\/\/panelsandwich.org\/pt-pt\/policarbonato-compacto-vidro\/","title":{"rendered":"Policarbonato compacto &#8211; Vidro"},"content":{"rendered":"<h1>Policarbonato Vidro compacto<\/h1>\n<h3>Descri\u00e7\u00e3o<\/h3>\n<p>As chapas de policarbonato Compact Crystal oferecem vantagens significativas em rela\u00e7\u00e3o aos materiais de envidra\u00e7amento tradicionais em termos de leveza, resist\u00eancia ao impacto e transpar\u00eancia.<\/p>\n<p>As chapas de policarbonato Crystal Compact podem ser termoformadas e podem ser obtidas geometrias especiais. Est\u00e3o tamb\u00e9m equipados com prote\u00e7\u00e3o U.V. em ambos os lados, o que permite a sua utiliza\u00e7\u00e3o no exterior.  <\/p>\n<p style=\"text-align:center;\"><strong><span style=\"font-size:medium;\"><a class=\"w-100 btn btn-danger btn-lg\" href=\"https:\/\/panelsandwich.org\/contactenos\">SOLICITA PRE\u00c7OS E INFORMA\u00c7\u00d5ES T\u00c9CNICAS  <i class=\"caret-right\"><\/i><\/a><\/span><\/strong><\/p>\n<h3>Aplica\u00e7\u00f5es<\/h3>\n<ul style=\"list-style-type:circle;\">\n<li>Substitui\u00e7\u00e3o do vidro da janela<\/li>\n<li>T\u00faneis transl\u00facidos<\/li>\n<li>Clarab\u00f3ias com estrutura<\/li>\n<li>Elementos de seguran\u00e7a<\/li>\n<li>Cofres de barril<\/li>\n<li>Elementos de prote\u00e7\u00e3o industrial<\/li>\n<li>Publicidade<\/li>\n<li>Sinaliza\u00e7\u00e3o<\/li>\n<li>Telhados em geral<\/li>\n<\/ul>\n<h3>Sistema de fixa\u00e7\u00e3o<\/h3>\n<p>O sistema de fixa\u00e7\u00e3o deve permitir a livre expans\u00e3o da pel\u00edcula, pelo que n\u00e3o s\u00e3o recomendadas fixa\u00e7\u00f5es r\u00edgidas ou parafusos passantes.<\/p>\n<h3>Estrutura<\/h3>\n<p>As folhas necessitam de uma estrutura de suporte longitudinal e\/ou transversal, que pode ser de qualquer natureza ou geometria. Na modula\u00e7\u00e3o, devem ser respeitadas as dimens\u00f5es m\u00e1ximas da chapa, de acordo com a sua espessura e as cargas a suportar, e compatibilizadas com um corte adequado \u00e0s suas dimens\u00f5es.<\/p>\n<h3>Coloca\u00e7\u00e3o em funcionamento e manuseamento<\/h3>\n<p>As placas de policarbonato compacto podem ser fixadas \u00e0 estrutura atrav\u00e9s de v\u00e1rios m\u00e9todos: com perfis universais ou estruturais e dentro dos ressaltos dos elementos de carpintaria. As folhas s\u00e3o protegidas por uma pel\u00edcula em ambos os lados. Quando for necess\u00e1rio selar as juntas, a compatibilidade do policarbonato com o selante deve ser assegurada e a utiliza\u00e7\u00e3o de silicone neutro \u00e9 altamente recomendada.<\/p>\n<p><img decoding=\"async\" class=\" size-full wp-image-32750\" src=\"https:\/\/painel-sandwich.com\/wp-content\/uploads\/2018\/12\/cms_cristal-caracteristicas.JPG\" alt=\"|\" width=\"100%\" title=\"\" srcset=\"https:\/\/panelsandwich.org\/wp-content\/uploads\/2018\/12\/cms_cristal-caracteristicas.JPG 1249w, https:\/\/panelsandwich.org\/wp-content\/uploads\/2018\/12\/cms_cristal-caracteristicas-300x128.jpg 300w, https:\/\/panelsandwich.org\/wp-content\/uploads\/2018\/12\/cms_cristal-caracteristicas-1024x437.jpg 1024w, https:\/\/panelsandwich.org\/wp-content\/uploads\/2018\/12\/cms_cristal-caracteristicas-768x328.jpg 768w, https:\/\/panelsandwich.org\/wp-content\/uploads\/2018\/12\/cms_cristal-caracteristicas-600x256.jpg 600w\" sizes=\"(max-width: 1249px) 100vw, 1249px\" \/><\/p>\n","protected":false},"excerpt":{"rendered":"<p>PLPO6X &#8211; Vidro compacto de policarbonato<\/p>\n<p>As chapas de policarbonato Crystal Compact podem ser termoformadas e podem ser obtidas geometrias especiais. Est\u00e3o tamb\u00e9m equipados com prote\u00e7\u00e3o U.V. em ambos os lados, o que permite a sua utiliza\u00e7\u00e3o no exterior.<\/p>\n<p style=\"text-align:center;\"><strong><span style=\"font-size:medium;\"><a class=\"w-100 btn btn-danger btn-lg\" href=\"https:\/\/panelsandwich.org\/contactenos\">SOLICITA PRE\u00c7OS E INFORMA\u00c7\u00d5ES T\u00c9CNICAS  <i class=\"caret-right\"><\/i><\/a><\/span><\/strong><\/p>\n","protected":false},"featured_media":65642,"comment_status":"closed","ping_status":"closed","template":"","meta":[],"product_brand":[],"product_cat":[3912],"product_tag":[],"class_list":{"0":"post-65630","1":"product","2":"type-product","3":"status-publish","4":"has-post-thumbnail","6":"product_cat-claraboias-policarbonatos","7":"pa_anchodelpanel-largura-205-metros","8":"pa_espesordelaplaca-10-mm-pt-pt","9":"pa_espesordelaplaca-2-mm-pt-pt","10":"pa_espesordelaplaca-3-mm-pt-pt","11":"pa_espesordelaplaca-4-mm-pt-pt","12":"pa_espesordelaplaca-5-mm-pt-pt","13":"pa_espesordelaplaca-6-mm-pt-pt","14":"pa_espesordelaplaca-8-mm-pt-pt","16":"first","17":"outofstock","18":"taxable","19":"shipping-taxable","20":"purchasable","21":"product-type-variable","22":"has-default-attributes"},"_links":{"self":[{"href":"https:\/\/panelsandwich.org\/pt-pt\/wp-json\/wp\/v2\/product\/65630","targetHints":{"allow":["GET"]}}],"collection":[{"href":"https:\/\/panelsandwich.org\/pt-pt\/wp-json\/wp\/v2\/product"}],"about":[{"href":"https:\/\/panelsandwich.org\/pt-pt\/wp-json\/wp\/v2\/types\/product"}],"replies":[{"embeddable":true,"href":"https:\/\/panelsandwich.org\/pt-pt\/wp-json\/wp\/v2\/comments?post=65630"}],"version-history":[{"count":0,"href":"https:\/\/panelsandwich.org\/pt-pt\/wp-json\/wp\/v2\/product\/65630\/revisions"}],"wp:featuredmedia":[{"embeddable":true,"href":"https:\/\/panelsandwich.org\/pt-pt\/wp-json\/wp\/v2\/media\/65642"}],"wp:attachment":[{"href":"https:\/\/panelsandwich.org\/pt-pt\/wp-json\/wp\/v2\/media?parent=65630"}],"wp:term":[{"taxonomy":"product_brand","embeddable":true,"href":"https:\/\/panelsandwich.org\/pt-pt\/wp-json\/wp\/v2\/product_brand?post=65630"},{"taxonomy":"product_cat","embeddable":true,"href":"https:\/\/panelsandwich.org\/pt-pt\/wp-json\/wp\/v2\/product_cat?post=65630"},{"taxonomy":"product_tag","embeddable":true,"href":"https:\/\/panelsandwich.org\/pt-pt\/wp-json\/wp\/v2\/product_tag?post=65630"}],"curies":[{"name":"wp","href":"https:\/\/api.w.org\/{rel}","templated":true}]}}