{"id":65646,"date":"2023-09-28T23:15:45","date_gmt":"2023-09-28T21:15:45","guid":{"rendered":"https:\/\/panelsandwich.org\/acessorio-de-montagem-abajures-de-plastico-para-teto-falso\/"},"modified":"2023-09-28T23:15:45","modified_gmt":"2023-09-28T21:15:45","slug":"acessorio-de-montagem-abajures-de-plastico-para-teto-falso","status":"publish","type":"product","link":"https:\/\/panelsandwich.org\/pt-pt\/acessorio-de-montagem-abajures-de-plastico-para-teto-falso\/","title":{"rendered":"Acess\u00f3rio de montagem &#8211; Abajures de pl\u00e1stico para teto falso"},"content":{"rendered":"<p style=\"text-align:center;\"><strong><span style=\"font-size:medium;\"><a class=\"w-100 btn btn-danger btn-lg\" href=\"https:\/\/panelsandwich.org\/contactenos\">SOLICITA PRE\u00c7OS E INFORMA\u00c7\u00d5ES T\u00c9CNICAS  <i class=\"caret-right\"><\/i><\/a><\/span><\/strong><\/p>\n","protected":false},"excerpt":{"rendered":"<p>Acess\u00f3rio de montagem &#8211; Abajures de pl\u00e1stico para teto falso<\/p>\n<p style=\"text-align:center;\"><strong><span style=\"font-size:medium;\"><a class=\"w-100 btn btn-danger btn-lg\" href=\"https:\/\/panelsandwich.org\/contactenos\">SOLICITA PRE\u00c7OS E INFORMA\u00c7\u00d5ES T\u00c9CNICAS  <i class=\"caret-right\"><\/i><\/a><\/span><\/strong><\/p>\n","protected":false},"featured_media":32689,"comment_status":"open","ping_status":"closed","template":"","meta":[],"product_brand":[],"product_cat":[3714],"product_tag":[],"class_list":{"0":"post-65646","1":"product","2":"type-product","3":"status-publish","4":"has-post-thumbnail","6":"product_cat-acessorios-para-montagem-de-paineis-sanduiche","8":"first","9":"outofstock","10":"taxable","11":"shipping-taxable","12":"purchasable","13":"product-type-simple"},"_links":{"self":[{"href":"https:\/\/panelsandwich.org\/pt-pt\/wp-json\/wp\/v2\/product\/65646","targetHints":{"allow":["GET"]}}],"collection":[{"href":"https:\/\/panelsandwich.org\/pt-pt\/wp-json\/wp\/v2\/product"}],"about":[{"href":"https:\/\/panelsandwich.org\/pt-pt\/wp-json\/wp\/v2\/types\/product"}],"replies":[{"embeddable":true,"href":"https:\/\/panelsandwich.org\/pt-pt\/wp-json\/wp\/v2\/comments?post=65646"}],"version-history":[{"count":0,"href":"https:\/\/panelsandwich.org\/pt-pt\/wp-json\/wp\/v2\/product\/65646\/revisions"}],"wp:featuredmedia":[{"embeddable":true,"href":"https:\/\/panelsandwich.org\/pt-pt\/wp-json\/wp\/v2\/media\/32689"}],"wp:attachment":[{"href":"https:\/\/panelsandwich.org\/pt-pt\/wp-json\/wp\/v2\/media?parent=65646"}],"wp:term":[{"taxonomy":"product_brand","embeddable":true,"href":"https:\/\/panelsandwich.org\/pt-pt\/wp-json\/wp\/v2\/product_brand?post=65646"},{"taxonomy":"product_cat","embeddable":true,"href":"https:\/\/panelsandwich.org\/pt-pt\/wp-json\/wp\/v2\/product_cat?post=65646"},{"taxonomy":"product_tag","embeddable":true,"href":"https:\/\/panelsandwich.org\/pt-pt\/wp-json\/wp\/v2\/product_tag?post=65646"}],"curies":[{"name":"wp","href":"https:\/\/api.w.org\/{rel}","templated":true}]}}