{"id":65651,"date":"2023-09-28T23:15:43","date_gmt":"2023-09-28T21:15:43","guid":{"rendered":"https:\/\/panelsandwich.org\/acessorio-de-montagem-deck-de-acesso-a-claraboia\/"},"modified":"2023-09-28T23:15:43","modified_gmt":"2023-09-28T21:15:43","slug":"acessorio-de-montagem-deck-de-acesso-a-claraboia","status":"publish","type":"product","link":"https:\/\/panelsandwich.org\/pt-pt\/acessorio-de-montagem-deck-de-acesso-a-claraboia\/","title":{"rendered":"Acess\u00f3rio de montagem &#8211; Deck de acesso \u00e0 claraboia"},"content":{"rendered":"<p>Claraboia de abrir com c\u00fapula e saia em metacrilato, com rodap\u00e9 em poli\u00e9ster refor\u00e7ado. Produto para ilumina\u00e7\u00e3o natural e acesso ao telhado.<\/p>\n<p><img decoding=\"async\" class=\"size-full wp-image-32798 lazyload\" data-src=\"https:\/\/painel-sandwich.com\/wp-content\/uploads\/2018\/12\/cms_caracteristiques-trampilla-salida.JPG\" alt=\"|\" width=\"100%\" title=\"\" data-srcset=\"https:\/\/panelsandwich.org\/wp-content\/uploads\/2018\/12\/cms_caracteristiques-trampilla-salida.JPG 930w, https:\/\/panelsandwich.org\/wp-content\/uploads\/2018\/12\/cms_caracteristiques-trampilla-salida-300x82.jpg 300w, https:\/\/panelsandwich.org\/wp-content\/uploads\/2018\/12\/cms_caracteristiques-trampilla-salida-768x209.jpg 768w, https:\/\/panelsandwich.org\/wp-content\/uploads\/2018\/12\/cms_caracteristiques-trampilla-salida-600x163.jpg 600w\" data-sizes=\"(max-width: 930px) 100vw, 930px\" src=\"data:image\/svg+xml;base64,PHN2ZyB3aWR0aD0iMSIgaGVpZ2h0PSIxIiB4bWxucz0iaHR0cDovL3d3dy53My5vcmcvMjAwMC9zdmciPjwvc3ZnPg==\" \/><\/p>\n<p style=\"text-align:center;\"><strong><span style=\"font-size:medium;\"><a class=\"w-100 btn btn-danger btn-lg\" href=\"https:\/\/panelsandwich.org\/contactenos\">SOLICITA PRE\u00c7OS E INFORMA\u00c7\u00d5ES T\u00c9CNICAS  <i class=\"caret-right\"><\/i><\/a><\/span><\/strong><\/p>\n","protected":false},"excerpt":{"rendered":"<p>Escotilha com sa\u00edda para o conv\u00e9s &#8211; Compat\u00edvel com v\u00e1rios pain\u00e9is sandwich.<\/p>\n<p style=\"text-align:center;\"><strong><span style=\"font-size:medium;\"><a class=\"w-100 btn btn-danger btn-lg\" href=\"https:\/\/panelsandwich.org\/contactenos\">SOLICITA PRE\u00c7OS E INFORMA\u00c7\u00d5ES T\u00c9CNICAS  <i class=\"caret-right\"><\/i><\/a><\/span><\/strong><\/p>\n","protected":false},"featured_media":32797,"comment_status":"open","ping_status":"closed","template":"","meta":[],"product_brand":[],"product_cat":[3714,3922],"product_tag":[],"class_list":{"0":"post-65651","1":"product","2":"type-product","3":"status-publish","4":"has-post-thumbnail","6":"product_cat-acessorios-para-montagem-de-paineis-sanduiche","7":"product_cat-aeradores-e-claraboias","9":"first","10":"outofstock","11":"taxable","12":"shipping-taxable","13":"purchasable","14":"product-type-simple"},"_links":{"self":[{"href":"https:\/\/panelsandwich.org\/pt-pt\/wp-json\/wp\/v2\/product\/65651","targetHints":{"allow":["GET"]}}],"collection":[{"href":"https:\/\/panelsandwich.org\/pt-pt\/wp-json\/wp\/v2\/product"}],"about":[{"href":"https:\/\/panelsandwich.org\/pt-pt\/wp-json\/wp\/v2\/types\/product"}],"replies":[{"embeddable":true,"href":"https:\/\/panelsandwich.org\/pt-pt\/wp-json\/wp\/v2\/comments?post=65651"}],"version-history":[{"count":0,"href":"https:\/\/panelsandwich.org\/pt-pt\/wp-json\/wp\/v2\/product\/65651\/revisions"}],"wp:featuredmedia":[{"embeddable":true,"href":"https:\/\/panelsandwich.org\/pt-pt\/wp-json\/wp\/v2\/media\/32797"}],"wp:attachment":[{"href":"https:\/\/panelsandwich.org\/pt-pt\/wp-json\/wp\/v2\/media?parent=65651"}],"wp:term":[{"taxonomy":"product_brand","embeddable":true,"href":"https:\/\/panelsandwich.org\/pt-pt\/wp-json\/wp\/v2\/product_brand?post=65651"},{"taxonomy":"product_cat","embeddable":true,"href":"https:\/\/panelsandwich.org\/pt-pt\/wp-json\/wp\/v2\/product_cat?post=65651"},{"taxonomy":"product_tag","embeddable":true,"href":"https:\/\/panelsandwich.org\/pt-pt\/wp-json\/wp\/v2\/product_tag?post=65651"}],"curies":[{"name":"wp","href":"https:\/\/api.w.org\/{rel}","templated":true}]}}