{"id":65720,"date":"2023-09-28T23:15:43","date_gmt":"2023-09-28T21:15:43","guid":{"rendered":"https:\/\/panelsandwich.org\/policarbonato-celular-10-mm-transparente\/"},"modified":"2023-09-28T23:15:43","modified_gmt":"2023-09-28T21:15:43","slug":"policarbonato-celular-10-mm-transparente","status":"publish","type":"product","link":"https:\/\/panelsandwich.org\/pt-pt\/policarbonato-celular-10-mm-transparente\/","title":{"rendered":"Policarbonato celular &#8211; 10 mm transparente"},"content":{"rendered":"<h3>Descri\u00e7\u00e3o<\/h3>\n<p>Os pain\u00e9is de policarbonato celular standard s\u00e3o folhas de policarbonato com estruturas alveolares que proporcionam isolamento e resist\u00eancia ao produto. Todas as chapas de policarbonato s\u00e3o protegidas contra os raios UV atrav\u00e9s da co-extrus\u00e3o de absorventes de UV no lado exterior.<\/p>\n<p style=\"text-align: center;\"><strong><span style=\"font-size: medium;\"><a class=\"w-100 btn btn-danger btn-lg\" href=\"https:\/\/panelsandwich.org\/contactenos\">SOLICITA PRE\u00c7OS E INFORMA\u00c7\u00d5ES T\u00c9CNICAS  <i class=\"caret-right\"><\/i><\/a><\/span><\/strong><\/p>\n<h3>Aplica\u00e7\u00f5es<\/h3>\n<ul style=\"list-style-type: circle;\">\n<li>T\u00faneis transl\u00facidos<\/li>\n<li>Clarab\u00f3ias com estrutura<\/li>\n<li>Substitui\u00e7\u00e3o do vidro da janela<\/li>\n<li>estufas<\/li>\n<\/ul>\n<h3>Sistema de fixa\u00e7\u00e3o<\/h3>\n<p>O sistema de fixa\u00e7\u00e3o deve permitir a livre expans\u00e3o da pel\u00edcula, pelo que n\u00e3o s\u00e3o recomendadas fixa\u00e7\u00f5es r\u00edgidas ou parafusos passantes. Deixa sempre uma folga suficiente entre o furo e o parafuso.<\/p>\n<h3>Estrutura<\/h3>\n<p>Sempre que poss\u00edvel, devem ser previstas nervuras na dire\u00e7\u00e3o da inclina\u00e7\u00e3o m\u00e1xima do toldo, para garantir uma acumula\u00e7\u00e3o m\u00ednima de poeiras nas cavidades.<\/p>\n<p>As folhas necessitam de uma estrutura de suporte longitudinal e\/ou transversal, que pode ser de qualquer natureza ou geometria. Na modula\u00e7\u00e3o, as dimens\u00f5es m\u00e1ximas da chapa devem ser respeitadas de acordo com a espessura das cargas a suportar, tornando-as compat\u00edveis com um corte adequado.<\/p>\n<h3>Coloca\u00e7\u00e3o em funcionamento e manuseamento<\/h3>\n<p>As folhas s\u00e3o protegidas por uma pel\u00edcula em ambos os lados, indicando qual o lado que est\u00e1 protegido da radia\u00e7\u00e3o solar.<\/p>\n<p>Se for necess\u00e1rio vedar as juntas, deve ser assegurada a compatibilidade do policarbonato com o vedante (recomenda-se a utiliza\u00e7\u00e3o de silicone neutro).<\/p>\n<p>\u00c9 essencial cobrir as c\u00e9lulas para evitar que o p\u00f3 entre no interior da pel\u00edcula. Recomenda-se a utiliza\u00e7\u00e3o de fita de alum\u00ednio nas extremidades: lisa na parte superior e porosa, permitindo a drenagem da \u00e1gua de condensa\u00e7\u00e3o na parte inferior.<\/p>\n<p>Se for necess\u00e1rio perfurar a folha de alum\u00ednio, devem ser utilizados bot\u00f5es de fixa\u00e7\u00e3o.<\/p>\n<p><img decoding=\"async\" class=\"size-full wp-image-32662 lazyload\" data-src=\"https:\/\/panelsandwich.org\/wp-content\/uploads\/2018\/12\/cms_CARACTERISTIQUES.JPG\" alt=\"|\" width=\"100%\" title=\"\" data-srcset=\"https:\/\/panelsandwich.org\/wp-content\/uploads\/2018\/12\/cms_CARACTERISTIQUES.JPG 1356w, https:\/\/panelsandwich.org\/wp-content\/uploads\/2018\/12\/cms_CARACTERISTIQUES-300x144.jpg 300w, https:\/\/panelsandwich.org\/wp-content\/uploads\/2018\/12\/cms_CARACTERISTIQUES-1024x491.jpg 1024w, https:\/\/panelsandwich.org\/wp-content\/uploads\/2018\/12\/cms_CARACTERISTIQUES-768x368.jpg 768w, https:\/\/panelsandwich.org\/wp-content\/uploads\/2018\/12\/cms_CARACTERISTIQUES-600x288.jpg 600w\" data-sizes=\"(max-width: 1356px) 100vw, 1356px\" src=\"data:image\/svg+xml;base64,PHN2ZyB3aWR0aD0iMSIgaGVpZ2h0PSIxIiB4bWxucz0iaHR0cDovL3d3dy53My5vcmcvMjAwMC9zdmciPjwvc3ZnPg==\" style=\"--smush-placeholder-width: 1356px; --smush-placeholder-aspect-ratio: 1356\/650;\" \/><\/p>\n<p style=\"text-align: center;\"><strong><span style=\"font-size: medium;\"><a class=\"w-100 btn btn-danger btn-lg\" href=\"https:\/\/panelsandwich.org\/contactenos\">SOLICITA PRE\u00c7OS E INFORMA\u00c7\u00d5ES T\u00c9CNICAS  <i class=\"caret-right\"><\/i><\/a><\/span><\/strong><\/p>\n","protected":false},"excerpt":{"rendered":"<p>As chapas de policarbonato\u00ae s\u00e3o produzidas com prote\u00e7\u00e3o U.V. na face exterior (a pedido, nas duas faces), o que garante resist\u00eancia ao longo do tempo, mesmo ap\u00f3s exposi\u00e7\u00e3o prolongada ao sol e aos agentes atmosf\u00e9ricos. As chapas celulares de policarbonato\u00ae s\u00e3o utilizadas para coberturas, envidra\u00e7ados, estufas, conservat\u00f3rios, clarab\u00f3ias, varandas, quiosques, coberturas e tectos falsos.<\/p>\n<p style=\"text-align: center;\"><strong><span style=\"font-size: medium;\"><a class=\"w-100 btn btn-danger btn-lg\" href=\"https:\/\/panelsandwich.org\/contactenos\">SOLICITA PRE\u00c7OS E INFORMA\u00c7\u00d5ES T\u00c9CNICAS  <i class=\"caret-right\"><\/i><\/a><\/span><\/strong><\/p>\n","protected":false},"featured_media":65731,"comment_status":"closed","ping_status":"closed","template":"","meta":[],"product_brand":[],"product_cat":[3912],"product_tag":[],"class_list":{"0":"post-65720","1":"product","2":"type-product","3":"status-publish","4":"has-post-thumbnail","6":"product_cat-claraboias-policarbonatos","7":"pa_anchodelpanel-largura-105-metros","8":"pa_anchodelpanel-largura-210-metros","9":"pa_colorexterior-vidro-transparente","10":"pa_espesordelaplaca-10-mm-pt-pt","12":"first","13":"outofstock","14":"taxable","15":"shipping-taxable","16":"purchasable","17":"product-type-variable","18":"has-default-attributes"},"_links":{"self":[{"href":"https:\/\/panelsandwich.org\/pt-pt\/wp-json\/wp\/v2\/product\/65720","targetHints":{"allow":["GET"]}}],"collection":[{"href":"https:\/\/panelsandwich.org\/pt-pt\/wp-json\/wp\/v2\/product"}],"about":[{"href":"https:\/\/panelsandwich.org\/pt-pt\/wp-json\/wp\/v2\/types\/product"}],"replies":[{"embeddable":true,"href":"https:\/\/panelsandwich.org\/pt-pt\/wp-json\/wp\/v2\/comments?post=65720"}],"version-history":[{"count":0,"href":"https:\/\/panelsandwich.org\/pt-pt\/wp-json\/wp\/v2\/product\/65720\/revisions"}],"wp:featuredmedia":[{"embeddable":true,"href":"https:\/\/panelsandwich.org\/pt-pt\/wp-json\/wp\/v2\/media\/65731"}],"wp:attachment":[{"href":"https:\/\/panelsandwich.org\/pt-pt\/wp-json\/wp\/v2\/media?parent=65720"}],"wp:term":[{"taxonomy":"product_brand","embeddable":true,"href":"https:\/\/panelsandwich.org\/pt-pt\/wp-json\/wp\/v2\/product_brand?post=65720"},{"taxonomy":"product_cat","embeddable":true,"href":"https:\/\/panelsandwich.org\/pt-pt\/wp-json\/wp\/v2\/product_cat?post=65720"},{"taxonomy":"product_tag","embeddable":true,"href":"https:\/\/panelsandwich.org\/pt-pt\/wp-json\/wp\/v2\/product_tag?post=65720"}],"curies":[{"name":"wp","href":"https:\/\/api.w.org\/{rel}","templated":true}]}}