{"id":65799,"date":"2023-09-28T23:15:39","date_gmt":"2023-09-28T21:15:39","guid":{"rendered":"https:\/\/panelsandwich.org\/painel-sanduiche-agropanel-poliester-poliester\/"},"modified":"2024-05-06T17:14:05","modified_gmt":"2024-05-06T15:14:05","slug":"painel-sanduiche-agropanel-poliester-poliester","status":"publish","type":"product","link":"https:\/\/panelsandwich.org\/pt-pt\/painel-sanduiche-agropanel-poliester-poliester\/","title":{"rendered":"Painel Sandu\u00edche Agropanel &#8211; Poli\u00e9ster\/Poli\u00e9ster"},"content":{"rendered":"\t\t<div data-elementor-type=\"product-post\" data-elementor-id=\"65799\" class=\"elementor elementor-65799 elementor-33008\" data-elementor-post-type=\"product\">\n\t\t\t\t\t\t<section class=\"elementor-section elementor-top-section elementor-element elementor-element-bb7aa7e elementor-section-boxed elementor-section-height-default elementor-section-height-default\" data-id=\"bb7aa7e\" data-element_type=\"section\" data-e-type=\"section\" data-settings=\"{&quot;jet_parallax_layout_list&quot;:[]}\">\n\t\t\t\t\t\t<div class=\"elementor-container elementor-column-gap-default\">\n\t\t\t\t\t<div class=\"elementor-column elementor-col-100 elementor-top-column elementor-element elementor-element-ea72b37\" data-id=\"ea72b37\" data-element_type=\"column\" data-e-type=\"column\">\n\t\t\t<div class=\"elementor-widget-wrap elementor-element-populated\">\n\t\t\t\t\t\t<div class=\"elementor-element elementor-element-6d7ee387 elementor-widget elementor-widget-heading\" data-id=\"6d7ee387\" data-element_type=\"widget\" data-e-type=\"widget\" data-widget_type=\"heading.default\">\n\t\t\t\t<div class=\"elementor-widget-container\">\n\t\t\t\t\t<h2 class=\"elementor-heading-title elementor-size-default\"><h2>Agropanel 5 Grecas - Poli\u00e9ster \/ Poli\u00e9ster\n<\/h2><\/h2>\t\t\t\t<\/div>\n\t\t\t\t<\/div>\n\t\t\t\t<div class=\"elementor-element elementor-element-7a496167 elementor-widget elementor-widget-text-editor\" data-id=\"7a496167\" data-element_type=\"widget\" data-e-type=\"widget\" data-widget_type=\"text-editor.default\">\n\t\t\t\t<div class=\"elementor-widget-container\">\n\t\t\t\t\t\t\t\t\t<p>  Os pain\u00e9is sandu\u00edche autoportantes Agropanel 5 Grecas s\u00e3o constitu\u00eddos por uma chapa de a\u00e7o no exterior, uma chapa de poli\u00e9ster no interior e um n\u00facleo de espuma r\u00edgida de poliuretano.<\/p>\n\t\t\t\t\t\t\t\t<\/div>\n\t\t\t\t<\/div>\n\t\t\t\t<div class=\"elementor-element elementor-element-363d7705 elementor-tabs-view-horizontal elementor-widget elementor-widget-tabs\" data-id=\"363d7705\" data-element_type=\"widget\" data-e-type=\"widget\" data-widget_type=\"tabs.default\">\n\t\t\t\t<div class=\"elementor-widget-container\">\n\t\t\t\t\t\t\t<div class=\"elementor-tabs\">\n\t\t\t<div class=\"elementor-tabs-wrapper\" role=\"tablist\" >\n\t\t\t\t\t\t\t\t\t<div id=\"elementor-tab-title-9091\" class=\"elementor-tab-title elementor-tab-desktop-title\" aria-selected=\"true\" data-tab=\"1\" role=\"tab\" tabindex=\"0\" aria-controls=\"elementor-tab-content-9091\" aria-expanded=\"false\">Descri\u00e7\u00e3o\/Aplica\u00e7\u00e3o<\/div>\n\t\t\t\t\t\t\t\t\t<div id=\"elementor-tab-title-9092\" class=\"elementor-tab-title elementor-tab-desktop-title\" aria-selected=\"false\" data-tab=\"2\" role=\"tab\" tabindex=\"-1\" aria-controls=\"elementor-tab-content-9092\" aria-expanded=\"false\">Tabela de cargas<\/div>\n\t\t\t\t\t\t\t\t\t<div id=\"elementor-tab-title-9093\" class=\"elementor-tab-title elementor-tab-desktop-title\" aria-selected=\"false\" data-tab=\"3\" role=\"tab\" tabindex=\"-1\" aria-controls=\"elementor-tab-content-9093\" aria-expanded=\"false\">Cores dispon\u00edveis<\/div>\n\t\t\t\t\t\t\t\t\t<div id=\"elementor-tab-title-9094\" class=\"elementor-tab-title elementor-tab-desktop-title\" aria-selected=\"false\" data-tab=\"4\" role=\"tab\" tabindex=\"-1\" aria-controls=\"elementor-tab-content-9094\" aria-expanded=\"false\">Folhas de dados \/ Downloads<\/div>\n\t\t\t\t\t\t\t<\/div>\n\t\t\t<div class=\"elementor-tabs-content-wrapper\" role=\"tablist\" aria-orientation=\"vertical\">\n\t\t\t\t\t\t\t\t\t<div class=\"elementor-tab-title elementor-tab-mobile-title\" aria-selected=\"true\" data-tab=\"1\" role=\"tab\" tabindex=\"0\" aria-controls=\"elementor-tab-content-9091\" aria-expanded=\"false\">Descri\u00e7\u00e3o\/Aplica\u00e7\u00e3o<\/div>\n\t\t\t\t\t<div id=\"elementor-tab-content-9091\" class=\"elementor-tab-content elementor-clearfix\" data-tab=\"1\" role=\"tabpanel\" aria-labelledby=\"elementor-tab-title-9091\" tabindex=\"0\" hidden=\"false\"><h3 style=\"font-weight: 500;\">Aplica-te:<\/h3>\n<p style=\"font-weight: 400;\">Cobertura de instala\u00e7\u00f5es agr\u00edcolas ou de instala\u00e7\u00f5es expostas a ambientes corrosivos.<\/p>\n<p style=\"font-weight: 400;\"> S\u00e3o concebidos para utiliza\u00e7\u00e3o em telhados inclinados geralmente aplicados em explora\u00e7\u00f5es agr\u00edcolas (exceto explora\u00e7\u00f5es de su\u00ednos, onde recomendamos a instala\u00e7\u00e3o do nosso produto SPM) com uma inclina\u00e7\u00e3o m\u00ednima de 5% em telhados n\u00e3o sobrepostos e de 7% em telhados sobrepostos. O comprimento m\u00e1ximo recomendado para este produto \u00e9 de 15.000 mm, com uma largura \u00fatil de 1.000 mm.<\/p>\n<h3 style=\"font-weight: 500;\">Tipo de uni\u00e3o:<\/h3>\n<p style=\"font-weight: 400;\">Uni\u00e3o: Parafuso Visto<\/p>\n<p style=\"font-weight: 400;\"> Parafusos: Parafuso com anilha<\/p>\n<\/p>\n<p><img fetchpriority=\"high\" decoding=\"async\" class=\"alignnone size-medium wp-image-33005\" src=\"https:\/\/panelsandwich.org\/wp-content\/uploads\/2018\/12\/cms_union-greca-union-greca.png-300x300.png\" alt=\"union greca.png\" width=\"300\" height=\"300\" title=\"\" srcset=\"https:\/\/panelsandwich.org\/wp-content\/uploads\/2018\/12\/cms_union-greca-union-greca.png-300x300.png 300w, https:\/\/panelsandwich.org\/wp-content\/uploads\/2018\/12\/cms_union-greca-union-greca.png-100x100.png 100w, https:\/\/panelsandwich.org\/wp-content\/uploads\/2018\/12\/cms_union-greca-union-greca.png-150x150.png 150w, https:\/\/panelsandwich.org\/wp-content\/uploads\/2018\/12\/cms_union-greca-union-greca.png.png 378w\" sizes=\"(max-width: 300px) 100vw, 300px\" \/><\/p>\n<h3 style=\"font-weight: 500;\"> Vantagens<\/h3>\n<p style=\"font-weight: 400;\">O sistema de fixa\u00e7\u00e3o vis\u00edvel permite uma montagem r\u00e1pida e garante a estanquidade \u00e0 \u00e1gua da chuva. A pel\u00edcula interna de poli\u00e9ster \u00e9 altamente resistente ao ataque de microrganismos, bact\u00e9rias, vapores e condensa\u00e7\u00e3o de \u00e1cidos org\u00e2nicos presentes nas explora\u00e7\u00f5es agr\u00edcolas.<\/p>\n<h3 style=\"font-weight: 500;\">Dimens\u00f5es:<\/h3>\n<p style=\"font-weight: 400;\">Espessuras: 30-40-50mm.<br \/>Largura: 1000 mm<br \/>Comprimento: 2,00 &#8211; 18,00 m<\/p>\n<p style=\"font-weight: 400;\"><img decoding=\"async\" class=\"aligncenter wp-image-36937 size-full lazyload\" data-src=\"https:\/\/panelsandwich.org\/wp-content\/uploads\/2023\/11\/Captura-8.jpg\" alt=\"|\" width=\"1493\" height=\"254\" title=\"\" data-srcset=\"https:\/\/panelsandwich.org\/wp-content\/uploads\/2023\/11\/Captura-8.jpg 1493w, https:\/\/panelsandwich.org\/wp-content\/uploads\/2023\/11\/Captura-8-300x51.jpg 300w, https:\/\/panelsandwich.org\/wp-content\/uploads\/2023\/11\/Captura-8-1024x174.jpg 1024w, https:\/\/panelsandwich.org\/wp-content\/uploads\/2023\/11\/Captura-8-768x131.jpg 768w\" data-sizes=\"(max-width: 1493px) 100vw, 1493px\" src=\"data:image\/svg+xml;base64,PHN2ZyB3aWR0aD0iMSIgaGVpZ2h0PSIxIiB4bWxucz0iaHR0cDovL3d3dy53My5vcmcvMjAwMC9zdmciPjwvc3ZnPg==\" style=\"--smush-placeholder-width: 1493px; --smush-placeholder-aspect-ratio: 1493\/254;\" \/><\/p>\n<h3 style=\"font-weight: 500;\">Suporte met\u00e1lico:<\/h3>\n<p style=\"font-weight: 400;\">N\u00facleo em chapa de a\u00e7o de qualidade S250GD: EN 10346<\/p>\n<p style=\"font-weight: 400;\">Bobinas lacadas com revestimento org\u00e2nico: EN 10169+A1.<\/p>\n<p style=\"font-weight: 400;\">Espessura: 0,4-0,5-0,6 mm<\/p>\n<h3 style=\"font-weight: 500;\">N\u00facleo isolante:<\/h3>\n<p style=\"font-weight: 400;\">Poliuretano (PUR)<br \/>Condutividade t\u00e9rmica: 0,022 W\/mK<br \/>Densidade: 40 kg\/m3.<\/p>\n<h3 style=\"font-weight: 500;\">Revestimento:<\/h3>\n<p style=\"font-weight: 400;\">Padr\u00e3o: tinta de poli\u00e9ster 25 \u00b5m<\/p>\n<p style=\"font-weight: 400;\">Especiais: Granito HDX 55 \u00b5m | PVDF 35 \u00b5m.<\/p>\n<p style=\"font-weight: 400;\">Folha de poli\u00e9ster com fibra de vidro no interior.<\/p>\n<\/div>\n\t\t\t\t\t\t\t\t\t<div class=\"elementor-tab-title elementor-tab-mobile-title\" aria-selected=\"false\" data-tab=\"2\" role=\"tab\" tabindex=\"-1\" aria-controls=\"elementor-tab-content-9092\" aria-expanded=\"false\">Tabela de cargas<\/div>\n\t\t\t\t\t<div id=\"elementor-tab-content-9092\" class=\"elementor-tab-content elementor-clearfix\" data-tab=\"2\" role=\"tabpanel\" aria-labelledby=\"elementor-tab-title-9092\" tabindex=\"0\" hidden=\"hidden\"><h3 style=\"font-weight: 500;\">Comportamento t\u00e9rmico e pesos<\/h3>\n<p><img decoding=\"async\" class=\"alignnone wp-image-36948 size-full lazyload\" data-src=\"https:\/\/panelsandwich.org\/wp-content\/uploads\/2023\/11\/Captura-12.jpg\" alt=\"|\" width=\"1079\" height=\"256\" title=\"\" data-srcset=\"https:\/\/panelsandwich.org\/wp-content\/uploads\/2023\/11\/Captura-12.jpg 1079w, https:\/\/panelsandwich.org\/wp-content\/uploads\/2023\/11\/Captura-12-300x71.jpg 300w, https:\/\/panelsandwich.org\/wp-content\/uploads\/2023\/11\/Captura-12-1024x243.jpg 1024w, https:\/\/panelsandwich.org\/wp-content\/uploads\/2023\/11\/Captura-12-768x182.jpg 768w\" data-sizes=\"(max-width: 1079px) 100vw, 1079px\" src=\"data:image\/svg+xml;base64,PHN2ZyB3aWR0aD0iMSIgaGVpZ2h0PSIxIiB4bWxucz0iaHR0cDovL3d3dy53My5vcmcvMjAwMC9zdmciPjwvc3ZnPg==\" style=\"--smush-placeholder-width: 1079px; --smush-placeholder-aspect-ratio: 1079\/256;\" \/> <\/p>\n<\/div>\n\t\t\t\t\t\t\t\t\t<div class=\"elementor-tab-title elementor-tab-mobile-title\" aria-selected=\"false\" data-tab=\"3\" role=\"tab\" tabindex=\"-1\" aria-controls=\"elementor-tab-content-9093\" aria-expanded=\"false\">Cores dispon\u00edveis<\/div>\n\t\t\t\t\t<div id=\"elementor-tab-content-9093\" class=\"elementor-tab-content elementor-clearfix\" data-tab=\"3\" role=\"tabpanel\" aria-labelledby=\"elementor-tab-title-9093\" tabindex=\"0\" hidden=\"hidden\"><p><img decoding=\"async\" class=\"aligncenter wp-image-36915 size-full lazyload\" data-src=\"https:\/\/panelsandwich.org\/wp-content\/uploads\/2023\/11\/Captura-5.jpg\" alt=\"|\" width=\"590\" height=\"860\" title=\"\" data-srcset=\"https:\/\/panelsandwich.org\/wp-content\/uploads\/2023\/11\/Captura-5.jpg 590w, https:\/\/panelsandwich.org\/wp-content\/uploads\/2023\/11\/Captura-5-206x300.jpg 206w\" data-sizes=\"(max-width: 590px) 100vw, 590px\" src=\"data:image\/svg+xml;base64,PHN2ZyB3aWR0aD0iMSIgaGVpZ2h0PSIxIiB4bWxucz0iaHR0cDovL3d3dy53My5vcmcvMjAwMC9zdmciPjwvc3ZnPg==\" style=\"--smush-placeholder-width: 590px; --smush-placeholder-aspect-ratio: 590\/860;\" \/><\/p>\n<\/div>\n\t\t\t\t\t\t\t\t\t<div class=\"elementor-tab-title elementor-tab-mobile-title\" aria-selected=\"false\" data-tab=\"4\" role=\"tab\" tabindex=\"-1\" aria-controls=\"elementor-tab-content-9094\" aria-expanded=\"false\">Folhas de dados \/ Downloads<\/div>\n\t\t\t\t\t<div id=\"elementor-tab-content-9094\" class=\"elementor-tab-content elementor-clearfix\" data-tab=\"4\" role=\"tabpanel\" aria-labelledby=\"elementor-tab-title-9094\" tabindex=\"0\" hidden=\"hidden\"><p><a href=\"https:\/\/panelsandwich.org\/wp-content\/uploads\/2023\/11\/Panel-Sandwich-.ORG-Agropanel-Poliester-Poliester.pdf\" target=\"_blank\" rel=\"noopener\"><button style=\"background-color: #ffa300; border-color: black; color: white;\" spellcheck=\"false\" data-lt-tmp-id=\"lt-827558\" data-gramm=\"false\">Descarrega a ficha t\u00e9cnica<\/button><\/a><\/p>\n<\/div>\n\t\t\t\t\t\t\t<\/div>\n\t\t<\/div>\n\t\t\t\t\t\t<\/div>\n\t\t\t\t<\/div>\n\t\t\t\t\t<\/div>\n\t\t<\/div>\n\t\t\t\t\t<\/div>\n\t\t<\/section>\n\t\t\t\t<\/div>\n\t\t","protected":false},"excerpt":{"rendered":"<p>PAP- Painel Sandu\u00edche Agropanel para cobertura. Poli\u00e9ster\/Poli\u00e9ster<\/p>\n<p style=\"text-align: center;\"><strong><span style=\"font-size: medium;\"><a class=\"w-100 btn btn-danger btn-lg\" href=\"https:\/\/panelsandwich.org\/contactenos\">SOLICITA PRE\u00c7OS E INFORMA\u00c7\u00d5ES T\u00c9CNICAS  <i class=\"caret-right\"><\/i><\/a><\/span><\/strong><\/p>\n","protected":false},"featured_media":31479,"comment_status":"open","ping_status":"closed","template":"","meta":[],"product_brand":[],"product_cat":[3824],"product_tag":[3763,3774,3755,3756,3764,3765,3766,3758,3754,3769,3753,3761,3773],"class_list":{"0":"post-65799","1":"product","2":"type-product","3":"status-publish","4":"has-post-thumbnail","6":"product_cat-painel-sanduiche-para-fazendas-agropanel","7":"product_tag-agropanel-pt-pt-2","8":"product_tag-claraboias","9":"product_tag-cobre","10":"product_tag-fachada-pt-pt","11":"product_tag-fazendas","12":"product_tag-frigorifico-pt-pt","13":"product_tag-la-de-rocha","14":"product_tag-ocasiao","15":"product_tag-painel-de-azulejos","16":"product_tag-painel-de-madeira","17":"product_tag-painel-sanduiche","18":"product_tag-preco-pt-pt","19":"product_tag-remateria-pt-pt-2","20":"pa_colorexterior-poliester-branco","21":"pa_colorexterior-poliester-verde","22":"pa_colorexterior-poliester-vermelho","23":"pa_colorinterior-branco-chapas-de-poliester-e-fibra-de-vidro","24":"pa_espesorespuma-30-mm-pt-pt-2","25":"pa_espesorespuma-40-mm-pt-pt","26":"pa_espesorespuma-50-mm-pt-pt-3","27":"pa_espesorespuma-60-mm-pt-pt-2","28":"pa_tipoaislamiento-espuma-de-poliuretano-classificacao-f","30":"first","31":"outofstock","32":"taxable","33":"shipping-taxable","34":"purchasable","35":"product-type-variable","36":"has-default-attributes"},"_links":{"self":[{"href":"https:\/\/panelsandwich.org\/pt-pt\/wp-json\/wp\/v2\/product\/65799","targetHints":{"allow":["GET"]}}],"collection":[{"href":"https:\/\/panelsandwich.org\/pt-pt\/wp-json\/wp\/v2\/product"}],"about":[{"href":"https:\/\/panelsandwich.org\/pt-pt\/wp-json\/wp\/v2\/types\/product"}],"replies":[{"embeddable":true,"href":"https:\/\/panelsandwich.org\/pt-pt\/wp-json\/wp\/v2\/comments?post=65799"}],"version-history":[{"count":0,"href":"https:\/\/panelsandwich.org\/pt-pt\/wp-json\/wp\/v2\/product\/65799\/revisions"}],"wp:featuredmedia":[{"embeddable":true,"href":"https:\/\/panelsandwich.org\/pt-pt\/wp-json\/wp\/v2\/media\/31479"}],"wp:attachment":[{"href":"https:\/\/panelsandwich.org\/pt-pt\/wp-json\/wp\/v2\/media?parent=65799"}],"wp:term":[{"taxonomy":"product_brand","embeddable":true,"href":"https:\/\/panelsandwich.org\/pt-pt\/wp-json\/wp\/v2\/product_brand?post=65799"},{"taxonomy":"product_cat","embeddable":true,"href":"https:\/\/panelsandwich.org\/pt-pt\/wp-json\/wp\/v2\/product_cat?post=65799"},{"taxonomy":"product_tag","embeddable":true,"href":"https:\/\/panelsandwich.org\/pt-pt\/wp-json\/wp\/v2\/product_tag?post=65799"}],"curies":[{"name":"wp","href":"https:\/\/api.w.org\/{rel}","templated":true}]}}