{"id":65800,"date":"2023-09-28T23:15:38","date_gmt":"2023-09-28T21:15:38","guid":{"rendered":"https:\/\/panelsandwich.org\/painel-sanduiche-eco-tile-tile-red-ral-8004\/"},"modified":"2024-05-06T17:18:27","modified_gmt":"2024-05-06T15:18:27","slug":"painel-sanduiche-eco-tile-tile-red-ral-8004","status":"publish","type":"product","link":"https:\/\/panelsandwich.org\/pt-pt\/painel-sanduiche-eco-tile-tile-red-ral-8004\/","title":{"rendered":"Painel Sandu\u00edche ECO Tile &#8211; Tile Red (Ral 8004)"},"content":{"rendered":"\t\t<div data-elementor-type=\"product-post\" data-elementor-id=\"65800\" class=\"elementor elementor-65800 elementor-33058\" data-elementor-post-type=\"product\">\n\t\t\t\t\t\t<section class=\"elementor-section elementor-top-section elementor-element elementor-element-5f9d286 elementor-section-boxed elementor-section-height-default elementor-section-height-default\" data-id=\"5f9d286\" data-element_type=\"section\" data-e-type=\"section\" data-settings=\"{&quot;jet_parallax_layout_list&quot;:[]}\">\n\t\t\t\t\t\t<div class=\"elementor-container elementor-column-gap-default\">\n\t\t\t\t\t<div class=\"elementor-column elementor-col-100 elementor-top-column elementor-element elementor-element-6bfaaf9b\" data-id=\"6bfaaf9b\" data-element_type=\"column\" data-e-type=\"column\">\n\t\t\t<div class=\"elementor-widget-wrap elementor-element-populated\">\n\t\t\t\t\t\t<div class=\"elementor-element elementor-element-4d08dae4 elementor-widget elementor-widget-heading\" data-id=\"4d08dae4\" data-element_type=\"widget\" data-e-type=\"widget\" data-widget_type=\"heading.default\">\n\t\t\t\t<div class=\"elementor-widget-container\">\n\t\t\t\t\t<h2 class=\"elementor-heading-title elementor-size-default\"><h2>Painel sandu\u00edche de imita\u00e7\u00e3o de telha - Eco\n<\/h2><\/h2>\t\t\t\t<\/div>\n\t\t\t\t<\/div>\n\t\t\t\t<div class=\"elementor-element elementor-element-c1c0867 elementor-widget elementor-widget-text-editor\" data-id=\"c1c0867\" data-element_type=\"widget\" data-e-type=\"widget\" data-widget_type=\"text-editor.default\">\n\t\t\t\t<div class=\"elementor-widget-container\">\n\t\t\t\t\t\t\t\t\t<p>Estes tipos de pain\u00e9is s\u00e3o constitu\u00eddos por uma chapa de a\u00e7o pr\u00e9-pintada na parte superior e uma fina camada de alum\u00ednio em relevo na parte inferior, entre as quais se encontra um n\u00facleo de espuma r\u00edgida injectada entre as duas chapas num processo de fabrico cont\u00ednuo (PUR).<\/p>\n\t\t\t\t\t\t\t\t<\/div>\n\t\t\t\t<\/div>\n\t\t\t\t<div class=\"elementor-element elementor-element-1bf4bcee elementor-tabs-view-horizontal elementor-widget elementor-widget-tabs\" data-id=\"1bf4bcee\" data-element_type=\"widget\" data-e-type=\"widget\" data-widget_type=\"tabs.default\">\n\t\t\t\t<div class=\"elementor-widget-container\">\n\t\t\t\t\t\t\t<div class=\"elementor-tabs\">\n\t\t\t<div class=\"elementor-tabs-wrapper\" role=\"tablist\" >\n\t\t\t\t\t\t\t\t\t<div id=\"elementor-tab-title-4691\" class=\"elementor-tab-title elementor-tab-desktop-title\" aria-selected=\"true\" data-tab=\"1\" role=\"tab\" tabindex=\"0\" aria-controls=\"elementor-tab-content-4691\" aria-expanded=\"false\">Descri\u00e7\u00e3o\/Aplica\u00e7\u00e3o<\/div>\n\t\t\t\t\t\t\t\t\t<div id=\"elementor-tab-title-4692\" class=\"elementor-tab-title elementor-tab-desktop-title\" aria-selected=\"false\" data-tab=\"2\" role=\"tab\" tabindex=\"-1\" aria-controls=\"elementor-tab-content-4692\" aria-expanded=\"false\">Tabela de cargas<\/div>\n\t\t\t\t\t\t\t\t\t<div id=\"elementor-tab-title-4693\" class=\"elementor-tab-title elementor-tab-desktop-title\" aria-selected=\"false\" data-tab=\"3\" role=\"tab\" tabindex=\"-1\" aria-controls=\"elementor-tab-content-4693\" aria-expanded=\"false\">Cores dispon\u00edveis<\/div>\n\t\t\t\t\t\t\t\t\t<div id=\"elementor-tab-title-4694\" class=\"elementor-tab-title elementor-tab-desktop-title\" aria-selected=\"false\" data-tab=\"4\" role=\"tab\" tabindex=\"-1\" aria-controls=\"elementor-tab-content-4694\" aria-expanded=\"false\">Folhas de dados \/ Downloads<\/div>\n\t\t\t\t\t\t\t<\/div>\n\t\t\t<div class=\"elementor-tabs-content-wrapper\" role=\"tablist\" aria-orientation=\"vertical\">\n\t\t\t\t\t\t\t\t\t<div class=\"elementor-tab-title elementor-tab-mobile-title\" aria-selected=\"true\" data-tab=\"1\" role=\"tab\" tabindex=\"0\" aria-controls=\"elementor-tab-content-4691\" aria-expanded=\"false\">Descri\u00e7\u00e3o\/Aplica\u00e7\u00e3o<\/div>\n\t\t\t\t\t<div id=\"elementor-tab-content-4691\" class=\"elementor-tab-content elementor-clearfix\" data-tab=\"1\" role=\"tabpanel\" aria-labelledby=\"elementor-tab-title-4691\" tabindex=\"0\" hidden=\"false\"><h3 style=\"font-weight: 500;\">Interior em alum\u00ednio:<\/h3>\n<p style=\"font-weight: 400;\">Folha de alum\u00ednio em relevo, com verniz de poli\u00e9ster transparente mate de 2 g\/m\u00b2 no exterior e prim\u00e1rio adesivo PUR de 0,3 g\/m\u00b2.<\/p>\n<p style=\"font-weight: 400;\">A folha tem uma carga m\u00e1xima superior a 130 mpa e um alongamento superior a 2%.<\/p>\n<h3 style=\"font-weight: 500;\">Face met\u00e1lica exterior:<\/h3>\n<p style=\"font-weight: 400;\">A face exterior, juntamente com o n\u00facleo isolante, oferece um elevado isolamento, uma vez que ambas as faces est\u00e3o aderidas ao n\u00facleo e separadas em ambos os lados, conseguindo uma rutura da ponte t\u00e9rmica.<\/p>\n<p style=\"font-weight: 400;\">Espessura da chapa a partir de 0,5 mm a pedido. O a\u00e7o utilizado e as suas toler\u00e2ncias dimensionais e de forma s\u00e3o indicados na norma UNE-EN 10169-1, 2.<\/p>\n<h3 style=\"font-weight: 500;\">Propriedades principais<\/h3>\n<ul style=\"font-weight: 400;\">\n<li>Este tipo de telha \u00e9 a escolha perfeita quando uma boa est\u00e9tica \u00e9 importante, ideal para \u00e1reas rurais, civis e de reabilita\u00e7\u00e3o, uma vez que n\u00e3o toca na estrutura, libertando-a de qualquer tens\u00e3o.<\/li>\n<li>Oferece o m\u00e1ximo desempenho com o m\u00ednimo de peso.<\/li>\n<li>Elevado isolamento t\u00e9rmico e ac\u00fastico<\/li>\n<li>Altamente pratic\u00e1vel e seguro<\/li>\n<li>S\u00e3o muito leves e proporcionam um elevado grau de impermeabiliza\u00e7\u00e3o dos telhados.<\/li>\n<li>Acabamentos dispon\u00edveis: RAL 8004 \u00e1spero, albero, fireclay antiquado e ard\u00f3sia.<\/li>\n<li>S\u00e3o fixadas diretamente \u00e0 madeira\/estacas, proporcionando uma fixa\u00e7\u00e3o muito segura \u00e0 estrutura.<\/li>\n<li>Para al\u00e9m das dimens\u00f5es standard indicadas no quadro, estes pain\u00e9is podem ser personalizados em corte, em fun\u00e7\u00e3o da dimens\u00e3o da encomenda.<\/li>\n<\/ul>\n<p><img fetchpriority=\"high\" decoding=\"async\" class=\"alignnone wp-image-36865 size-full\" src=\"https:\/\/panelsandwich.org\/wp-content\/uploads\/2023\/11\/Captura.jpg\" alt=\"|\" width=\"1463\" height=\"581\" title=\"\" srcset=\"https:\/\/panelsandwich.org\/wp-content\/uploads\/2023\/11\/Captura.jpg 1463w, https:\/\/panelsandwich.org\/wp-content\/uploads\/2023\/11\/Captura-300x119.jpg 300w, https:\/\/panelsandwich.org\/wp-content\/uploads\/2023\/11\/Captura-1024x407.jpg 1024w, https:\/\/panelsandwich.org\/wp-content\/uploads\/2023\/11\/Captura-768x305.jpg 768w\" sizes=\"(max-width: 1463px) 100vw, 1463px\" \/><\/p>\n<\/div>\n\t\t\t\t\t\t\t\t\t<div class=\"elementor-tab-title elementor-tab-mobile-title\" aria-selected=\"false\" data-tab=\"2\" role=\"tab\" tabindex=\"-1\" aria-controls=\"elementor-tab-content-4692\" aria-expanded=\"false\">Tabela de cargas<\/div>\n\t\t\t\t\t<div id=\"elementor-tab-content-4692\" class=\"elementor-tab-content elementor-clearfix\" data-tab=\"2\" role=\"tabpanel\" aria-labelledby=\"elementor-tab-title-4692\" tabindex=\"0\" hidden=\"hidden\"><p><img decoding=\"async\" class=\"alignnone wp-image-36866 size-full lazyload\" data-src=\"https:\/\/panelsandwich.org\/wp-content\/uploads\/2023\/11\/Captura-1.jpg\" alt=\"|\" width=\"1152\" height=\"698\" title=\"\" data-srcset=\"https:\/\/panelsandwich.org\/wp-content\/uploads\/2023\/11\/Captura-1.jpg 1152w, https:\/\/panelsandwich.org\/wp-content\/uploads\/2023\/11\/Captura-1-300x182.jpg 300w, https:\/\/panelsandwich.org\/wp-content\/uploads\/2023\/11\/Captura-1-1024x620.jpg 1024w, https:\/\/panelsandwich.org\/wp-content\/uploads\/2023\/11\/Captura-1-768x465.jpg 768w\" data-sizes=\"(max-width: 1152px) 100vw, 1152px\" src=\"data:image\/svg+xml;base64,PHN2ZyB3aWR0aD0iMSIgaGVpZ2h0PSIxIiB4bWxucz0iaHR0cDovL3d3dy53My5vcmcvMjAwMC9zdmciPjwvc3ZnPg==\" style=\"--smush-placeholder-width: 1152px; --smush-placeholder-aspect-ratio: 1152\/698;\" \/><\/p>\n<\/div>\n\t\t\t\t\t\t\t\t\t<div class=\"elementor-tab-title elementor-tab-mobile-title\" aria-selected=\"false\" data-tab=\"3\" role=\"tab\" tabindex=\"-1\" aria-controls=\"elementor-tab-content-4693\" aria-expanded=\"false\">Cores dispon\u00edveis<\/div>\n\t\t\t\t\t<div id=\"elementor-tab-content-4693\" class=\"elementor-tab-content elementor-clearfix\" data-tab=\"3\" role=\"tabpanel\" aria-labelledby=\"elementor-tab-title-4693\" tabindex=\"0\" hidden=\"hidden\"><p><img decoding=\"async\" class=\"alignnone wp-image-36867 size-full lazyload\" data-src=\"https:\/\/panelsandwich.org\/wp-content\/uploads\/2023\/11\/Captura-2.jpg\" alt=\"|\" width=\"1498\" height=\"255\" title=\"\" data-srcset=\"https:\/\/panelsandwich.org\/wp-content\/uploads\/2023\/11\/Captura-2.jpg 1498w, https:\/\/panelsandwich.org\/wp-content\/uploads\/2023\/11\/Captura-2-300x51.jpg 300w, https:\/\/panelsandwich.org\/wp-content\/uploads\/2023\/11\/Captura-2-1024x174.jpg 1024w, https:\/\/panelsandwich.org\/wp-content\/uploads\/2023\/11\/Captura-2-768x131.jpg 768w\" data-sizes=\"(max-width: 1498px) 100vw, 1498px\" src=\"data:image\/svg+xml;base64,PHN2ZyB3aWR0aD0iMSIgaGVpZ2h0PSIxIiB4bWxucz0iaHR0cDovL3d3dy53My5vcmcvMjAwMC9zdmciPjwvc3ZnPg==\" style=\"--smush-placeholder-width: 1498px; --smush-placeholder-aspect-ratio: 1498\/255;\" \/><\/p>\n<\/div>\n\t\t\t\t\t\t\t\t\t<div class=\"elementor-tab-title elementor-tab-mobile-title\" aria-selected=\"false\" data-tab=\"4\" role=\"tab\" tabindex=\"-1\" aria-controls=\"elementor-tab-content-4694\" aria-expanded=\"false\">Folhas de dados \/ Downloads<\/div>\n\t\t\t\t\t<div id=\"elementor-tab-content-4694\" class=\"elementor-tab-content elementor-clearfix\" data-tab=\"4\" role=\"tabpanel\" aria-labelledby=\"elementor-tab-title-4694\" tabindex=\"0\" hidden=\"hidden\"><p><a href=\"https:\/\/panelsandwich.org\/wp-content\/uploads\/2023\/11\/PanelSandwich-Imitacion-Teja-ECO.pdf\" target=\"_blank\" rel=\"noopener\"><button style=\"background-color: #ffa300; border-color: black; color: white;\" spellcheck=\"false\" data-lt-tmp-id=\"lt-827558\" data-gramm=\"false\">Descarrega a ficha t\u00e9cnica<\/button><\/a><\/p>\n<\/div>\n\t\t\t\t\t\t\t<\/div>\n\t\t<\/div>\n\t\t\t\t\t\t<\/div>\n\t\t\t\t<\/div>\n\t\t\t\t\t<\/div>\n\t\t<\/div>\n\t\t\t\t\t<\/div>\n\t\t<\/section>\n\t\t\t\t<\/div>\n\t\t","protected":false},"excerpt":{"rendered":"<p>Painel Sandu\u00edche de Imita\u00e7\u00e3o ECON\u00d3MICO &#8211; TILE Tile Red (Ral 8004)<\/p>\n<p style=\"text-align: center;\"><strong><span style=\"font-size: medium;\"><a class=\"w-100 btn btn-danger btn-lg\" href=\"https:\/\/panelsandwich.org\/contactenos\">SOLICITA PRE\u00c7OS E INFORMA\u00c7\u00d5ES T\u00c9CNICAS  <i class=\"caret-right\"><\/i><\/a><\/span><\/strong><\/p>\n","protected":false},"featured_media":36880,"comment_status":"closed","ping_status":"closed","template":"","meta":[],"product_brand":[],"product_cat":[3837,3945,3749],"product_tag":[3948,3799],"class_list":{"0":"post-65800","1":"product","2":"type-product","3":"status-publish","4":"has-post-thumbnail","6":"product_cat-chapa-metalica-lubrificada-simples","7":"product_cat-painel-sanduiche-barato","8":"product_cat-painel-sanduiche-de-azulejos","9":"product_tag-painel-de-azulejos-economico","10":"product_tag-painel-de-imitacao-de-azulejos","11":"pa_colorexterior-azulejo-ral-3009","12":"pa_colorexterior-cinzento-ardosia-ral-7024","13":"pa_colorexterior-vermelho-envelhecido","14":"pa_colorinterior-aluminio-centesimal","15":"pa_espesorespuma-25-mm-pt-pt","16":"pa_tipoaislamiento-espuma-de-poliuretano-c-s3-d0","18":"first","19":"instock","20":"taxable","21":"shipping-taxable","22":"product-type-variable","23":"has-default-attributes"},"_links":{"self":[{"href":"https:\/\/panelsandwich.org\/pt-pt\/wp-json\/wp\/v2\/product\/65800","targetHints":{"allow":["GET"]}}],"collection":[{"href":"https:\/\/panelsandwich.org\/pt-pt\/wp-json\/wp\/v2\/product"}],"about":[{"href":"https:\/\/panelsandwich.org\/pt-pt\/wp-json\/wp\/v2\/types\/product"}],"replies":[{"embeddable":true,"href":"https:\/\/panelsandwich.org\/pt-pt\/wp-json\/wp\/v2\/comments?post=65800"}],"version-history":[{"count":0,"href":"https:\/\/panelsandwich.org\/pt-pt\/wp-json\/wp\/v2\/product\/65800\/revisions"}],"wp:featuredmedia":[{"embeddable":true,"href":"https:\/\/panelsandwich.org\/pt-pt\/wp-json\/wp\/v2\/media\/36880"}],"wp:attachment":[{"href":"https:\/\/panelsandwich.org\/pt-pt\/wp-json\/wp\/v2\/media?parent=65800"}],"wp:term":[{"taxonomy":"product_brand","embeddable":true,"href":"https:\/\/panelsandwich.org\/pt-pt\/wp-json\/wp\/v2\/product_brand?post=65800"},{"taxonomy":"product_cat","embeddable":true,"href":"https:\/\/panelsandwich.org\/pt-pt\/wp-json\/wp\/v2\/product_cat?post=65800"},{"taxonomy":"product_tag","embeddable":true,"href":"https:\/\/panelsandwich.org\/pt-pt\/wp-json\/wp\/v2\/product_tag?post=65800"}],"curies":[{"name":"wp","href":"https:\/\/api.w.org\/{rel}","templated":true}]}}