{"id":65801,"date":"2023-09-28T23:15:40","date_gmt":"2023-09-28T21:15:40","guid":{"rendered":"https:\/\/panelsandwich.org\/painel-sanduiche-vermelho-liso\/"},"modified":"2026-02-06T01:46:09","modified_gmt":"2026-02-06T00:46:09","slug":"painel-sanduiche-vermelho-liso","status":"publish","type":"product","link":"https:\/\/panelsandwich.org\/pt-pt\/painel-sanduiche-vermelho-liso\/","title":{"rendered":"Painel Sandu\u00edche &#8211; Vermelho Liso"},"content":{"rendered":"\t\t<div data-elementor-type=\"product-post\" data-elementor-id=\"65801\" class=\"elementor elementor-65801 elementor-32875\" data-elementor-post-type=\"product\">\n\t\t\t\t\t\t<section class=\"elementor-section elementor-top-section elementor-element elementor-element-70adf6c elementor-section-boxed elementor-section-height-default elementor-section-height-default\" data-id=\"70adf6c\" data-element_type=\"section\" data-e-type=\"section\" data-settings=\"{&quot;jet_parallax_layout_list&quot;:[]}\">\n\t\t\t\t\t\t<div class=\"elementor-container elementor-column-gap-default\">\n\t\t\t\t\t<div class=\"elementor-column elementor-col-100 elementor-top-column elementor-element elementor-element-3d2b54ea\" data-id=\"3d2b54ea\" data-element_type=\"column\" data-e-type=\"column\">\n\t\t\t<div class=\"elementor-widget-wrap elementor-element-populated\">\n\t\t\t\t\t\t<div class=\"elementor-element elementor-element-322e33d7 elementor-widget elementor-widget-heading\" data-id=\"322e33d7\" data-element_type=\"widget\" data-e-type=\"widget\" data-widget_type=\"heading.default\">\n\t\t\t\t<div class=\"elementor-widget-container\">\n\t\t\t\t\t<h2 class=\"elementor-heading-title elementor-size-default\"><h2>Painel sandu\u00edche de imita\u00e7\u00e3o de azulejos - Liso\n<\/h2><\/h2>\t\t\t\t<\/div>\n\t\t\t\t<\/div>\n\t\t\t\t<div class=\"elementor-element elementor-element-1731fa4a elementor-widget elementor-widget-text-editor\" data-id=\"1731fa4a\" data-element_type=\"widget\" data-e-type=\"widget\" data-widget_type=\"text-editor.default\">\n\t\t\t\t<div class=\"elementor-widget-container\">\n\t\t\t\t\t\t\t\t\tPainel de isolamento de coberturas com a forma tradicional de telhado, constitu\u00eddo por duas chapas met\u00e1licas em perfis, unidas por um n\u00facleo isolante de espuma r\u00edgida de Poliuretano (PUR) ou Poliisocianurato (PIR).\n\nO painel sandu\u00edche de imita\u00e7\u00e3o de telha \u00e9 um papel de cobertura em sandu\u00edche composto por duas folhas de metal e um n\u00facleo de espuma isolante de poliuretano. O perfil da chapa exterior assemelha-se ao azulejo cl\u00e1ssico, dando ao painel um aspeto agrad\u00e1vel e imitando o azulejo tradicional de uma forma muito realista. Os pain\u00e9is Teja s\u00e3o utilizados em telhados com uma inclina\u00e7\u00e3o m\u00ednima de 7 % no sector da constru\u00e7\u00e3o civil e industrial. Pode ser montado numa estrutura de suporte em a\u00e7o, bet\u00e3o ou madeira e \u00e9 autossustent\u00e1vel. A espessura constante do isolamento melhora o conforto interior do edif\u00edcio e \u00e9 altamente eficiente no isolamento do interior do edif\u00edcio contra os efeitos da radia\u00e7\u00e3o solar e do frio.\t\t\t\t\t\t\t\t<\/div>\n\t\t\t\t<\/div>\n\t\t\t\t<div class=\"elementor-element elementor-element-31a8ba82 elementor-tabs-view-horizontal elementor-widget elementor-widget-tabs\" data-id=\"31a8ba82\" data-element_type=\"widget\" data-e-type=\"widget\" data-widget_type=\"tabs.default\">\n\t\t\t\t<div class=\"elementor-widget-container\">\n\t\t\t\t\t\t\t<div class=\"elementor-tabs\">\n\t\t\t<div class=\"elementor-tabs-wrapper\" role=\"tablist\" >\n\t\t\t\t\t\t\t\t\t<div id=\"elementor-tab-title-8331\" class=\"elementor-tab-title elementor-tab-desktop-title\" aria-selected=\"true\" data-tab=\"1\" role=\"tab\" tabindex=\"0\" aria-controls=\"elementor-tab-content-8331\" aria-expanded=\"false\">Descri\u00e7\u00e3o\/Aplica\u00e7\u00e3o<\/div>\n\t\t\t\t\t\t\t\t\t<div id=\"elementor-tab-title-8332\" class=\"elementor-tab-title elementor-tab-desktop-title\" aria-selected=\"false\" data-tab=\"2\" role=\"tab\" tabindex=\"-1\" aria-controls=\"elementor-tab-content-8332\" aria-expanded=\"false\">Tabela de cargas<\/div>\n\t\t\t\t\t\t\t\t\t<div id=\"elementor-tab-title-8333\" class=\"elementor-tab-title elementor-tab-desktop-title\" aria-selected=\"false\" data-tab=\"3\" role=\"tab\" tabindex=\"-1\" aria-controls=\"elementor-tab-content-8333\" aria-expanded=\"false\">Cores dispon\u00edveis<\/div>\n\t\t\t\t\t\t\t\t\t<div id=\"elementor-tab-title-8334\" class=\"elementor-tab-title elementor-tab-desktop-title\" aria-selected=\"false\" data-tab=\"4\" role=\"tab\" tabindex=\"-1\" aria-controls=\"elementor-tab-content-8334\" aria-expanded=\"false\">Folhas de dados \/ Downloads<\/div>\n\t\t\t\t\t\t\t<\/div>\n\t\t\t<div class=\"elementor-tabs-content-wrapper\" role=\"tablist\" aria-orientation=\"vertical\">\n\t\t\t\t\t\t\t\t\t<div class=\"elementor-tab-title elementor-tab-mobile-title\" aria-selected=\"true\" data-tab=\"1\" role=\"tab\" tabindex=\"0\" aria-controls=\"elementor-tab-content-8331\" aria-expanded=\"false\">Descri\u00e7\u00e3o\/Aplica\u00e7\u00e3o<\/div>\n\t\t\t\t\t<div id=\"elementor-tab-content-8331\" class=\"elementor-tab-content elementor-clearfix\" data-tab=\"1\" role=\"tabpanel\" aria-labelledby=\"elementor-tab-title-8331\" tabindex=\"0\" hidden=\"false\"><h3><strong>Aplica-te:<\/strong><\/h3>\n<p>Envolventes de edif\u00edcios.<\/p>\n<h3><strong>Tipo de junta e parafusos:<\/strong><\/h3>\n<p>Tipo de junta: tipo de encaixe. O parafuso \u00e9 vis\u00edvel.<\/p>\n<p>Parafusos: Parafuso com anilha de borracha.<\/p>\n<p><img fetchpriority=\"high\" decoding=\"async\" class=\" size-full wp-image-32849\" src=\"https:\/\/panelsandwich.org\/wp-content\/uploads\/2018\/12\/cms_union-Teja-panel-sandwich-teja-detalle-union.png\" alt=\"pormenor de jun\u00e7\u00e3o de telhas de painel sandu\u00edche\" width=\"250\" height=\"250\" title=\"\" srcset=\"https:\/\/panelsandwich.org\/wp-content\/uploads\/2018\/12\/cms_union-Teja-panel-sandwich-teja-detalle-union.png 378w, https:\/\/panelsandwich.org\/wp-content\/uploads\/2018\/12\/cms_union-Teja-panel-sandwich-teja-detalle-union-100x100.png 100w, https:\/\/panelsandwich.org\/wp-content\/uploads\/2018\/12\/cms_union-Teja-panel-sandwich-teja-detalle-union-300x300.png 300w, https:\/\/panelsandwich.org\/wp-content\/uploads\/2018\/12\/cms_union-Teja-panel-sandwich-teja-detalle-union-150x150.png 150w\" sizes=\"(max-width: 250px) 100vw, 250px\" \/><\/p>\n<h3><strong>Dimens\u00f5es:<\/strong><\/h3>\n<p>Espessuras: 30-40-50 mm \u00b11 mm<\/p>\n<p>Largura: 1000 mm \u00b11 mm<\/p>\n<p>Comprimento: 4,00 &#8211; 18,00 m \u00b110 mm (em m\u00faltiplos de 0,35 m)<\/p>\n<p><img decoding=\"async\" class=\"alignnone wp-image-32850 size-full\" src=\"https:\/\/panelsandwich.org\/wp-content\/uploads\/2018\/12\/cms_TEJA_medidas.JPG\" alt=\"|\" width=\"966\" height=\"344\" title=\"\" srcset=\"https:\/\/panelsandwich.org\/wp-content\/uploads\/2018\/12\/cms_TEJA_medidas.JPG 966w, https:\/\/panelsandwich.org\/wp-content\/uploads\/2018\/12\/cms_TEJA_medidas-300x107.jpg 300w, https:\/\/panelsandwich.org\/wp-content\/uploads\/2018\/12\/cms_TEJA_medidas-768x273.jpg 768w, https:\/\/panelsandwich.org\/wp-content\/uploads\/2018\/12\/cms_TEJA_medidas-600x214.jpg 600w\" sizes=\"(max-width: 966px) 100vw, 966px\" \/><\/p>\n<\/p>\n<h3><strong>Suporte met\u00e1lico:<\/strong><\/h3>\n<p>Qualidade do n\u00facleo da chapa de a\u00e7o galvanizado S250GD: EN 10142<\/p>\n<p>Espessura: 0,4-0,5-0,6 mm<\/p>\n<h3><strong>N\u00facleo isolante:<\/strong><\/h3>\n<p>Poliuretano (PUR) | Poliisocianurato (PIR)<\/p>\n<p>Condutividade t\u00e9rmica: PUR: 0,022 W\/mK | PIR: 0,022 W\/mK Densidade: 40 kg\/m3 \u00b110% Densidade: 40 kg\/m3 \u00b110% Condutividade t\u00e9rmica: PUR: 0,022 W\/mK | PIR: 0,022 W\/mK<\/p>\n<p>Rea\u00e7\u00e3o ao fogo: PUR: B-s2,d0 | PIR: B-s2,d0 | PIR-HI: B-s1,d0<\/p>\n<p>Resist\u00eancia \u00e0 tra\u00e7\u00e3o das folhas (ader\u00eancia) &gt; 0,10 MPa<\/p>\n<p>Resist\u00eancia \u00e0 compress\u00e3o a 10% de deforma\u00e7\u00e3o &gt; 0,10 MPa<\/p>\n<h3><strong>Revestimento:<\/strong><\/h3>\n<p>Padr\u00e3o: Tinta de poli\u00e9ster texturizada 25 \u00b5m<\/p>\n<p>Especiais: Granito HDX 55 \u00b5m | PVC 180 \u00b5m cor de madeira texturado para o lado interior<\/p>\n<\/div>\n\t\t\t\t\t\t\t\t\t<div class=\"elementor-tab-title elementor-tab-mobile-title\" aria-selected=\"false\" data-tab=\"2\" role=\"tab\" tabindex=\"-1\" aria-controls=\"elementor-tab-content-8332\" aria-expanded=\"false\">Tabela de cargas<\/div>\n\t\t\t\t\t<div id=\"elementor-tab-content-8332\" class=\"elementor-tab-content elementor-clearfix\" data-tab=\"2\" role=\"tabpanel\" aria-labelledby=\"elementor-tab-title-8332\" tabindex=\"0\" hidden=\"hidden\"><p><strong><img decoding=\"async\" class=\" size-full wp-image-32851\" src=\"https:\/\/panelsandwich.org\/wp-content\/uploads\/2018\/12\/cms_TEJA_cargas1.JPG\" alt=\"|\" width=\"100%\" title=\"\" srcset=\"https:\/\/panelsandwich.org\/wp-content\/uploads\/2018\/12\/cms_TEJA_cargas1.JPG 1376w, https:\/\/panelsandwich.org\/wp-content\/uploads\/2018\/12\/cms_TEJA_cargas1-300x135.jpg 300w, https:\/\/panelsandwich.org\/wp-content\/uploads\/2018\/12\/cms_TEJA_cargas1-1024x461.jpg 1024w, https:\/\/panelsandwich.org\/wp-content\/uploads\/2018\/12\/cms_TEJA_cargas1-768x346.jpg 768w, https:\/\/panelsandwich.org\/wp-content\/uploads\/2018\/12\/cms_TEJA_cargas1-600x270.jpg 600w\" sizes=\"(max-width: 1376px) 100vw, 1376px\" \/><\/strong><\/p>\n<p><strong><img decoding=\"async\" class=\" size-full wp-image-32852\" src=\"https:\/\/panelsandwich.org\/wp-content\/uploads\/2018\/12\/cms_TEJA_cargas2.JPG\" alt=\"|\" width=\"100%\" title=\"\" srcset=\"https:\/\/panelsandwich.org\/wp-content\/uploads\/2018\/12\/cms_TEJA_cargas2.JPG 1364w, https:\/\/panelsandwich.org\/wp-content\/uploads\/2018\/12\/cms_TEJA_cargas2-300x132.jpg 300w, https:\/\/panelsandwich.org\/wp-content\/uploads\/2018\/12\/cms_TEJA_cargas2-1024x450.jpg 1024w, https:\/\/panelsandwich.org\/wp-content\/uploads\/2018\/12\/cms_TEJA_cargas2-768x338.jpg 768w, https:\/\/panelsandwich.org\/wp-content\/uploads\/2018\/12\/cms_TEJA_cargas2-600x264.jpg 600w\" sizes=\"(max-width: 1364px) 100vw, 1364px\" \/><\/strong><\/p>\n<p><strong><img decoding=\"async\" class=\" size-full wp-image-32853\" src=\"https:\/\/panelsandwich.org\/wp-content\/uploads\/2018\/12\/cms_TEJA_cargas3.JPG\" alt=\"|\" width=\"100%\" title=\"\" srcset=\"https:\/\/panelsandwich.org\/wp-content\/uploads\/2018\/12\/cms_TEJA_cargas3.JPG 1366w, https:\/\/panelsandwich.org\/wp-content\/uploads\/2018\/12\/cms_TEJA_cargas3-300x60.jpg 300w, https:\/\/panelsandwich.org\/wp-content\/uploads\/2018\/12\/cms_TEJA_cargas3-1024x205.jpg 1024w, https:\/\/panelsandwich.org\/wp-content\/uploads\/2018\/12\/cms_TEJA_cargas3-768x154.jpg 768w, https:\/\/panelsandwich.org\/wp-content\/uploads\/2018\/12\/cms_TEJA_cargas3-600x120.jpg 600w\" sizes=\"(max-width: 1366px) 100vw, 1366px\" \/><\/strong><\/p>\n<\/div>\n\t\t\t\t\t\t\t\t\t<div class=\"elementor-tab-title elementor-tab-mobile-title\" aria-selected=\"false\" data-tab=\"3\" role=\"tab\" tabindex=\"-1\" aria-controls=\"elementor-tab-content-8333\" aria-expanded=\"false\">Cores dispon\u00edveis<\/div>\n\t\t\t\t\t<div id=\"elementor-tab-content-8333\" class=\"elementor-tab-content elementor-clearfix\" data-tab=\"3\" role=\"tabpanel\" aria-labelledby=\"elementor-tab-title-8333\" tabindex=\"0\" hidden=\"hidden\"><h3><strong>Gama de cores<\/strong><\/h3>\n<p>As cores apresentadas no cat\u00e1logo correspondem aos nossos padr\u00f5es de forma t\u00e3o exacta quanto poss\u00edvel. No entanto, as pequenas altera\u00e7\u00f5es s\u00e3o inevit\u00e1veis, raz\u00e3o pela qual recomendamos que efectues sempre um teste de cor numa amostra real.<\/p>\n<p><img decoding=\"async\" class=\"size-full wp-image-32854 aligncenter\" src=\"https:\/\/panelsandwich.org\/wp-content\/uploads\/2018\/12\/cms_TEJA_colores.JPG\" alt=\"|\" width=\"50%\" title=\"\" srcset=\"https:\/\/panelsandwich.org\/wp-content\/uploads\/2018\/12\/cms_TEJA_colores.JPG 648w, https:\/\/panelsandwich.org\/wp-content\/uploads\/2018\/12\/cms_TEJA_colores-284x300.jpg 284w, https:\/\/panelsandwich.org\/wp-content\/uploads\/2018\/12\/cms_TEJA_colores-600x633.jpg 600w\" sizes=\"(max-width: 648px) 100vw, 648px\" \/><\/p>\n<\/div>\n\t\t\t\t\t\t\t\t\t<div class=\"elementor-tab-title elementor-tab-mobile-title\" aria-selected=\"false\" data-tab=\"4\" role=\"tab\" tabindex=\"-1\" aria-controls=\"elementor-tab-content-8334\" aria-expanded=\"false\">Folhas de dados \/ Downloads<\/div>\n\t\t\t\t\t<div id=\"elementor-tab-content-8334\" class=\"elementor-tab-content elementor-clearfix\" data-tab=\"4\" role=\"tabpanel\" aria-labelledby=\"elementor-tab-title-8334\" tabindex=\"0\" hidden=\"hidden\"><p><a href=\"https:\/\/panelsandwich.org\/wp-content\/uploads\/2023\/11\/PanelSandwich-Panel-Teja-Ficha.pdf\" target=\"_blank\" rel=\"noopener\"><button style=\"background-color: #ffa300; border-color: black; color: white;\" spellcheck=\"false\" data-lt-tmp-id=\"lt-827558\" data-gramm=\"false\">Descarrega a ficha t\u00e9cnica<\/button><\/a><\/p>\n<\/div>\n\t\t\t\t\t\t\t<\/div>\n\t\t<\/div>\n\t\t\t\t\t\t<\/div>\n\t\t\t\t<\/div>\n\t\t\t\t\t<\/div>\n\t\t<\/div>\n\t\t\t\t\t<\/div>\n\t\t<\/section>\n\t\t\t\t<\/div>\n\t\t","protected":false},"excerpt":{"rendered":"<p>PTEXL- Painel sandu\u00edche de imita\u00e7\u00e3o de azulejos. Azulejo liso<\/p>\n<p style=\"text-align: center;\"><strong><span style=\"font-size: medium;\"><a class=\"w-100 btn btn-danger btn-lg\" href=\"https:\/\/panelsandwich.org\/contactenos\">SOLICITA PRE\u00c7OS E INFORMA\u00c7\u00d5ES T\u00c9CNICAS  <i class=\"caret-right\"><\/i><\/a><\/span><\/strong><\/p>\n","protected":false},"featured_media":66052,"comment_status":"closed","ping_status":"closed","template":"","meta":[],"product_brand":[],"product_cat":[3749],"product_tag":[3800,3798,3754,3799,3753,3757],"class_list":{"0":"post-65801","1":"product","2":"type-product","3":"status-publish","4":"has-post-thumbnail","6":"product_cat-painel-sanduiche-de-azulejos","7":"product_tag-estrutura-metal","8":"product_tag-painel","9":"product_tag-painel-de-azulejos","10":"product_tag-painel-de-imitacao-de-azulejos","11":"product_tag-painel-sanduiche","12":"product_tag-sem-parafusos","13":"pa_colorexterior-azulejo-ral-3009","14":"pa_colorinterior-branco-pirineu-ral-9010","15":"pa_colorinterior-glulam-pt-pt","16":"pa_espesorespuma-3-cm-7-cm-espessura-media-de-5-cm","17":"pa_espesorespuma-4-cm-8-cm-espessura-media-6-cm","18":"pa_espesorespuma-5-cm-9-cm-espessura-media-de-7-cm","19":"pa_tipoaislamiento-espuma-de-poliuretano-b-s2-d0","20":"pa_tipoaislamiento-espuma-pir-b-s2-d0-pt-pt","21":"pa_tipoaislamiento-espuma-pir-hi-b-s1-d0-pt-pt","23":"first","24":"outofstock","25":"taxable","26":"shipping-taxable","27":"purchasable","28":"product-type-variable","29":"has-default-attributes"},"_links":{"self":[{"href":"https:\/\/panelsandwich.org\/pt-pt\/wp-json\/wp\/v2\/product\/65801","targetHints":{"allow":["GET"]}}],"collection":[{"href":"https:\/\/panelsandwich.org\/pt-pt\/wp-json\/wp\/v2\/product"}],"about":[{"href":"https:\/\/panelsandwich.org\/pt-pt\/wp-json\/wp\/v2\/types\/product"}],"replies":[{"embeddable":true,"href":"https:\/\/panelsandwich.org\/pt-pt\/wp-json\/wp\/v2\/comments?post=65801"}],"version-history":[{"count":0,"href":"https:\/\/panelsandwich.org\/pt-pt\/wp-json\/wp\/v2\/product\/65801\/revisions"}],"wp:featuredmedia":[{"embeddable":true,"href":"https:\/\/panelsandwich.org\/pt-pt\/wp-json\/wp\/v2\/media\/66052"}],"wp:attachment":[{"href":"https:\/\/panelsandwich.org\/pt-pt\/wp-json\/wp\/v2\/media?parent=65801"}],"wp:term":[{"taxonomy":"product_brand","embeddable":true,"href":"https:\/\/panelsandwich.org\/pt-pt\/wp-json\/wp\/v2\/product_brand?post=65801"},{"taxonomy":"product_cat","embeddable":true,"href":"https:\/\/panelsandwich.org\/pt-pt\/wp-json\/wp\/v2\/product_cat?post=65801"},{"taxonomy":"product_tag","embeddable":true,"href":"https:\/\/panelsandwich.org\/pt-pt\/wp-json\/wp\/v2\/product_tag?post=65801"}],"curies":[{"name":"wp","href":"https:\/\/api.w.org\/{rel}","templated":true}]}}