{"id":65802,"date":"2023-09-28T23:15:36","date_gmt":"2023-09-28T21:15:36","guid":{"rendered":"https:\/\/panelsandwich.org\/painel-sandwich-eco-roofing-3-grecas\/"},"modified":"2024-05-06T17:14:34","modified_gmt":"2024-05-06T15:14:34","slug":"painel-sandwich-eco-roofing-3-grecas","status":"publish","type":"product","link":"https:\/\/panelsandwich.org\/pt-pt\/painel-sandwich-eco-roofing-3-grecas\/","title":{"rendered":"Painel Sandwich ECO Roofing &#8211; 3 Grecas"},"content":{"rendered":"\t\t<div data-elementor-type=\"product-post\" data-elementor-id=\"65802\" class=\"elementor elementor-65802 elementor-33205\" data-elementor-post-type=\"product\">\n\t\t\t\t\t\t<section class=\"elementor-section elementor-top-section elementor-element elementor-element-4b65f713 elementor-section-boxed elementor-section-height-default elementor-section-height-default\" data-id=\"4b65f713\" data-element_type=\"section\" data-e-type=\"section\" data-settings=\"{&quot;jet_parallax_layout_list&quot;:[]}\">\n\t\t\t\t\t\t<div class=\"elementor-container elementor-column-gap-default\">\n\t\t\t\t\t<div class=\"elementor-column elementor-col-100 elementor-top-column elementor-element elementor-element-614b2038\" data-id=\"614b2038\" data-element_type=\"column\" data-e-type=\"column\">\n\t\t\t<div class=\"elementor-widget-wrap elementor-element-populated\">\n\t\t\t\t\t\t<div class=\"elementor-element elementor-element-14e1526d elementor-widget elementor-widget-heading\" data-id=\"14e1526d\" data-element_type=\"widget\" data-e-type=\"widget\" data-widget_type=\"heading.default\">\n\t\t\t\t<div class=\"elementor-widget-container\">\n\t\t\t\t\t<h2 class=\"elementor-heading-title elementor-size-default\"><h2>Painel Sandu\u00edche 3 Grecas - ECO\n<\/h2><\/h2>\t\t\t\t<\/div>\n\t\t\t\t<\/div>\n\t\t\t\t<div class=\"elementor-element elementor-element-780f957f elementor-widget elementor-widget-text-editor\" data-id=\"780f957f\" data-element_type=\"widget\" data-e-type=\"widget\" data-widget_type=\"text-editor.default\">\n\t\t\t\t<div class=\"elementor-widget-container\">\n\t\t\t\t\t\t\t\t\t<p>Painel de cobertura de 3 caneluras aplic\u00e1vel em coberturas de uma s\u00f3 pe\u00e7a com uma inclina\u00e7\u00e3o m\u00ednima de 7%. O painel tem uma elevada resist\u00eancia mec\u00e2nica e uma garantia total de estanquidade em qualquer estrutura de suporte, seja ela de madeira, a\u00e7o ou bet\u00e3o.<\/p>\n<p>O painel \u00e9 o mais econ\u00f3mico da sua gama, mas sem comprometer o desempenho e a qualidade. O painel tem uma nervura central, uma folha exterior e uma folha interior com um n\u00facleo de poliuretano de 40 kg\/m3 que o torna autoportante e, por conseguinte, muito resistente.<\/p>\n<p>O painel pode ser fabricado em diferentes acabamentos de l\u00e2minas de acordo com as necessidades do cliente e com a cor da gama existente, sendo as mais comuns o branco ou o vermelho.<\/p>\n<p>Este painel \u00e9 polivalente e \u00e9 adequado para edif\u00edcios agr\u00edcolas, edif\u00edcios industriais e telhados em geral.<\/p>\n<p>O painel pode ser montado muito rapidamente gra\u00e7as ao seu sistema de sobreposi\u00e7\u00e3o que encaixa um em cima do outro.  <\/p>\n\t\t\t\t\t\t\t\t<\/div>\n\t\t\t\t<\/div>\n\t\t\t\t<div class=\"elementor-element elementor-element-32192906 elementor-tabs-view-horizontal elementor-widget elementor-widget-tabs\" data-id=\"32192906\" data-element_type=\"widget\" data-e-type=\"widget\" data-widget_type=\"tabs.default\">\n\t\t\t\t<div class=\"elementor-widget-container\">\n\t\t\t\t\t\t\t<div class=\"elementor-tabs\">\n\t\t\t<div class=\"elementor-tabs-wrapper\" role=\"tablist\" >\n\t\t\t\t\t\t\t\t\t<div id=\"elementor-tab-title-8401\" class=\"elementor-tab-title elementor-tab-desktop-title\" aria-selected=\"true\" data-tab=\"1\" role=\"tab\" tabindex=\"0\" aria-controls=\"elementor-tab-content-8401\" aria-expanded=\"false\">Descri\u00e7\u00e3o\/Aplica\u00e7\u00e3o<\/div>\n\t\t\t\t\t\t\t\t\t<div id=\"elementor-tab-title-8402\" class=\"elementor-tab-title elementor-tab-desktop-title\" aria-selected=\"false\" data-tab=\"2\" role=\"tab\" tabindex=\"-1\" aria-controls=\"elementor-tab-content-8402\" aria-expanded=\"false\">Tabela de cargas<\/div>\n\t\t\t\t\t\t\t\t\t<div id=\"elementor-tab-title-8403\" class=\"elementor-tab-title elementor-tab-desktop-title\" aria-selected=\"false\" data-tab=\"3\" role=\"tab\" tabindex=\"-1\" aria-controls=\"elementor-tab-content-8403\" aria-expanded=\"false\">Cores dispon\u00edveis<\/div>\n\t\t\t\t\t\t\t\t\t<div id=\"elementor-tab-title-8404\" class=\"elementor-tab-title elementor-tab-desktop-title\" aria-selected=\"false\" data-tab=\"4\" role=\"tab\" tabindex=\"-1\" aria-controls=\"elementor-tab-content-8404\" aria-expanded=\"false\">Folhas de dados \/ Downloads<\/div>\n\t\t\t\t\t\t\t<\/div>\n\t\t\t<div class=\"elementor-tabs-content-wrapper\" role=\"tablist\" aria-orientation=\"vertical\">\n\t\t\t\t\t\t\t\t\t<div class=\"elementor-tab-title elementor-tab-mobile-title\" aria-selected=\"true\" data-tab=\"1\" role=\"tab\" tabindex=\"0\" aria-controls=\"elementor-tab-content-8401\" aria-expanded=\"false\">Descri\u00e7\u00e3o\/Aplica\u00e7\u00e3o<\/div>\n\t\t\t\t\t<div id=\"elementor-tab-content-8401\" class=\"elementor-tab-content elementor-clearfix\" data-tab=\"1\" role=\"tabpanel\" aria-labelledby=\"elementor-tab-title-8401\" tabindex=\"0\" hidden=\"false\"><h3><strong>Aplica-te:<\/strong><\/h3>\n<p>Coberturas de edif\u00edcios com uma inclina\u00e7\u00e3o m\u00ednima de 5%.<\/p>\n<h3><strong>Tipo de uni\u00e3o:<\/strong><\/h3>\n<p>Liga\u00e7\u00e3o: O parafuso \u00e9 vis\u00edvel.<\/p>\n<p>Parafusos: Parafuso sem anilha<\/p>\n<p><img fetchpriority=\"high\" decoding=\"async\" class=\"size-full wp-image-30972 alignleft\" src=\"https:\/\/panelsandwich.org\/wp-content\/uploads\/2017\/12\/cms_agro-union.png\" alt=\"|\" width=\"250\" height=\"250\" title=\"\" srcset=\"https:\/\/panelsandwich.org\/wp-content\/uploads\/2017\/12\/cms_agro-union.png 250w, https:\/\/panelsandwich.org\/wp-content\/uploads\/2017\/12\/cms_agro-union-100x100.png 100w, https:\/\/panelsandwich.org\/wp-content\/uploads\/2017\/12\/cms_agro-union-150x150.png 150w\" sizes=\"(max-width: 250px) 100vw, 250px\" \/><\/p>\n<h3><\/h3>\n<h3><\/h3>\n<h3><\/h3>\n<h3><\/h3>\n<h3><\/h3>\n<h3><\/h3>\n<h3><strong>Dimens\u00f5es:<\/strong><\/h3>\n<p>Espessuras: 30-40-50-60-80-100 mm \u00b11 mm<\/p>\n<p>Largura \u00fatil: 1000 mm \u00b11 mm<\/p>\n<p>Comprimento: 4,00 &#8211; 18,00 m \u00b110 mm<\/p>\n<p><img decoding=\"async\" class=\"size-full wp-image-30909 lazyload\" data-src=\"https:\/\/panelsandwich.org\/wp-content\/uploads\/2017\/12\/cms_CUBIERTA_tapajuntas-3-grecas_medidas.JPG\" alt=\"|\" width=\"100%\" title=\"\" data-srcset=\"https:\/\/panelsandwich.org\/wp-content\/uploads\/2017\/12\/cms_CUBIERTA_tapajuntas-3-grecas_medidas.JPG 1501w, https:\/\/panelsandwich.org\/wp-content\/uploads\/2017\/12\/cms_CUBIERTA_tapajuntas-3-grecas_medidas-300x47.jpg 300w, https:\/\/panelsandwich.org\/wp-content\/uploads\/2017\/12\/cms_CUBIERTA_tapajuntas-3-grecas_medidas-1024x160.jpg 1024w, https:\/\/panelsandwich.org\/wp-content\/uploads\/2017\/12\/cms_CUBIERTA_tapajuntas-3-grecas_medidas-768x120.jpg 768w, https:\/\/panelsandwich.org\/wp-content\/uploads\/2017\/12\/cms_CUBIERTA_tapajuntas-3-grecas_medidas-600x94.jpg 600w\" data-sizes=\"(max-width: 1501px) 100vw, 1501px\" src=\"data:image\/svg+xml;base64,PHN2ZyB3aWR0aD0iMSIgaGVpZ2h0PSIxIiB4bWxucz0iaHR0cDovL3d3dy53My5vcmcvMjAwMC9zdmciPjwvc3ZnPg==\" style=\"--smush-placeholder-width: 1501px; --smush-placeholder-aspect-ratio: 1501\/235;\" \/><\/p>\n<h3><strong>Suporte met\u00e1lico:<\/strong><\/h3>\n<p>N\u00facleo em chapa de a\u00e7o de qualidade S250GD: EN 10346<\/p>\n<p>Bobinas lacadas com revestimento org\u00e2nico: EN 10169+A1<\/p>\n<p>Espessura: 0,4-0,5-0,6 mm<\/p>\n<h3><strong>N\u00facleo isolante:<\/strong><\/h3>\n<p>Poliuretano (PUR) | Poliisocianurato (PIR)<\/p>\n<p>Condutividade t\u00e9rmica: PUR: 0,022 W\/mK | PIR: 0,022 W\/mK<\/p>\n<p>Densidade: 40 kg\/m3 \u00b110%.<\/p>\n<p>Rea\u00e7\u00e3o ao fogo: PUR: B-s2,d0 | PIR: B-s2,d0 | PIR-HI: B-s1,d0<\/p>\n<p>Resist\u00eancia \u00e0 tra\u00e7\u00e3o das folhas (ader\u00eancia) &gt; 0,10 MPa<\/p>\n<p>Resist\u00eancia \u00e0 compress\u00e3o a 10% de deforma\u00e7\u00e3o &gt; 0,10 MPa<\/p>\n<h3><strong>Revestimento:<\/strong><\/h3>\n<p>Padr\u00e3o: tinta de poli\u00e9ster 25 \u00b5m<\/p>\n<p>Especiais: HDX Granito 55 \u00b5m | PVDF 35 m<\/p>\n<\/div>\n\t\t\t\t\t\t\t\t\t<div class=\"elementor-tab-title elementor-tab-mobile-title\" aria-selected=\"false\" data-tab=\"2\" role=\"tab\" tabindex=\"-1\" aria-controls=\"elementor-tab-content-8402\" aria-expanded=\"false\">Tabela de cargas<\/div>\n\t\t\t\t\t<div id=\"elementor-tab-content-8402\" class=\"elementor-tab-content elementor-clearfix\" data-tab=\"2\" role=\"tabpanel\" aria-labelledby=\"elementor-tab-title-8402\" tabindex=\"0\" hidden=\"hidden\"><p><img decoding=\"async\" class=\"size-full wp-image-30910 lazyload\" data-src=\"https:\/\/panelsandwich.org\/wp-content\/uploads\/2017\/12\/cms_CUBIERTA_tapajuntas-3-grecas_cargas1.JPG\" alt=\"|\" width=\"100%\" title=\"\" data-srcset=\"https:\/\/panelsandwich.org\/wp-content\/uploads\/2017\/12\/cms_CUBIERTA_tapajuntas-3-grecas_cargas1.JPG 1243w, https:\/\/panelsandwich.org\/wp-content\/uploads\/2017\/12\/cms_CUBIERTA_tapajuntas-3-grecas_cargas1-300x169.jpg 300w, https:\/\/panelsandwich.org\/wp-content\/uploads\/2017\/12\/cms_CUBIERTA_tapajuntas-3-grecas_cargas1-1024x577.jpg 1024w, https:\/\/panelsandwich.org\/wp-content\/uploads\/2017\/12\/cms_CUBIERTA_tapajuntas-3-grecas_cargas1-768x433.jpg 768w, https:\/\/panelsandwich.org\/wp-content\/uploads\/2017\/12\/cms_CUBIERTA_tapajuntas-3-grecas_cargas1-600x338.jpg 600w\" data-sizes=\"(max-width: 1243px) 100vw, 1243px\" src=\"data:image\/svg+xml;base64,PHN2ZyB3aWR0aD0iMSIgaGVpZ2h0PSIxIiB4bWxucz0iaHR0cDovL3d3dy53My5vcmcvMjAwMC9zdmciPjwvc3ZnPg==\" style=\"--smush-placeholder-width: 1243px; --smush-placeholder-aspect-ratio: 1243\/700;\" \/><\/p>\n<p><img decoding=\"async\" class=\"size-full wp-image-30911 lazyload\" data-src=\"https:\/\/panelsandwich.org\/wp-content\/uploads\/2017\/12\/cms_CUBIERTA_tapajuntas-3-grecas_cargas2.JPG\" alt=\"|\" width=\"100%\" title=\"\" data-srcset=\"https:\/\/panelsandwich.org\/wp-content\/uploads\/2017\/12\/cms_CUBIERTA_tapajuntas-3-grecas_cargas2.JPG 1256w, https:\/\/panelsandwich.org\/wp-content\/uploads\/2017\/12\/cms_CUBIERTA_tapajuntas-3-grecas_cargas2-300x193.jpg 300w, https:\/\/panelsandwich.org\/wp-content\/uploads\/2017\/12\/cms_CUBIERTA_tapajuntas-3-grecas_cargas2-1024x658.jpg 1024w, https:\/\/panelsandwich.org\/wp-content\/uploads\/2017\/12\/cms_CUBIERTA_tapajuntas-3-grecas_cargas2-768x493.jpg 768w, https:\/\/panelsandwich.org\/wp-content\/uploads\/2017\/12\/cms_CUBIERTA_tapajuntas-3-grecas_cargas2-600x386.jpg 600w\" data-sizes=\"(max-width: 1256px) 100vw, 1256px\" src=\"data:image\/svg+xml;base64,PHN2ZyB3aWR0aD0iMSIgaGVpZ2h0PSIxIiB4bWxucz0iaHR0cDovL3d3dy53My5vcmcvMjAwMC9zdmciPjwvc3ZnPg==\" style=\"--smush-placeholder-width: 1256px; --smush-placeholder-aspect-ratio: 1256\/807;\" \/><\/p>\n<p><img decoding=\"async\" class=\"size-full wp-image-30912 lazyload\" data-src=\"https:\/\/panelsandwich.org\/wp-content\/uploads\/2017\/12\/cms_CUBIERTA_tapajuntas-3-grecas_cargas3.JPG\" alt=\"|\" width=\"100%\" title=\"\" data-srcset=\"https:\/\/panelsandwich.org\/wp-content\/uploads\/2017\/12\/cms_CUBIERTA_tapajuntas-3-grecas_cargas3.JPG 1243w, https:\/\/panelsandwich.org\/wp-content\/uploads\/2017\/12\/cms_CUBIERTA_tapajuntas-3-grecas_cargas3-300x89.jpg 300w, https:\/\/panelsandwich.org\/wp-content\/uploads\/2017\/12\/cms_CUBIERTA_tapajuntas-3-grecas_cargas3-1024x304.jpg 1024w, https:\/\/panelsandwich.org\/wp-content\/uploads\/2017\/12\/cms_CUBIERTA_tapajuntas-3-grecas_cargas3-768x228.jpg 768w, https:\/\/panelsandwich.org\/wp-content\/uploads\/2017\/12\/cms_CUBIERTA_tapajuntas-3-grecas_cargas3-600x178.jpg 600w\" data-sizes=\"(max-width: 1243px) 100vw, 1243px\" src=\"data:image\/svg+xml;base64,PHN2ZyB3aWR0aD0iMSIgaGVpZ2h0PSIxIiB4bWxucz0iaHR0cDovL3d3dy53My5vcmcvMjAwMC9zdmciPjwvc3ZnPg==\" style=\"--smush-placeholder-width: 1243px; --smush-placeholder-aspect-ratio: 1243\/369;\" \/><\/p>\n<\/div>\n\t\t\t\t\t\t\t\t\t<div class=\"elementor-tab-title elementor-tab-mobile-title\" aria-selected=\"false\" data-tab=\"3\" role=\"tab\" tabindex=\"-1\" aria-controls=\"elementor-tab-content-8403\" aria-expanded=\"false\">Cores dispon\u00edveis<\/div>\n\t\t\t\t\t<div id=\"elementor-tab-content-8403\" class=\"elementor-tab-content elementor-clearfix\" data-tab=\"3\" role=\"tabpanel\" aria-labelledby=\"elementor-tab-title-8403\" tabindex=\"0\" hidden=\"hidden\"><h4>Gama de cores<\/h4>\n<p>As cores apresentadas no cat\u00e1logo correspondem aos nossos padr\u00f5es de forma t\u00e3o exacta quanto poss\u00edvel. No entanto, as pequenas altera\u00e7\u00f5es s\u00e3o inevit\u00e1veis, raz\u00e3o pela qual recomendamos que efectues sempre um teste de cor numa amostra real.<\/p>\n<p><img decoding=\"async\" class=\"size-full wp-image-30913 lazyload\" data-src=\"https:\/\/panelsandwich.org\/wp-content\/uploads\/2017\/12\/cms_CUBIERTA_tapajuntas-3-grecas_colores.JPG\" alt=\"|\" width=\"100%\" title=\"\" data-srcset=\"https:\/\/panelsandwich.org\/wp-content\/uploads\/2017\/12\/cms_CUBIERTA_tapajuntas-3-grecas_colores.JPG 834w, https:\/\/panelsandwich.org\/wp-content\/uploads\/2017\/12\/cms_CUBIERTA_tapajuntas-3-grecas_colores-300x294.jpg 300w, https:\/\/panelsandwich.org\/wp-content\/uploads\/2017\/12\/cms_CUBIERTA_tapajuntas-3-grecas_colores-768x751.jpg 768w, https:\/\/panelsandwich.org\/wp-content\/uploads\/2017\/12\/cms_CUBIERTA_tapajuntas-3-grecas_colores-600x587.jpg 600w\" data-sizes=\"(max-width: 834px) 100vw, 834px\" src=\"data:image\/svg+xml;base64,PHN2ZyB3aWR0aD0iMSIgaGVpZ2h0PSIxIiB4bWxucz0iaHR0cDovL3d3dy53My5vcmcvMjAwMC9zdmciPjwvc3ZnPg==\" style=\"--smush-placeholder-width: 834px; --smush-placeholder-aspect-ratio: 834\/816;\" \/><\/p>\n<\/div>\n\t\t\t\t\t\t\t\t\t<div class=\"elementor-tab-title elementor-tab-mobile-title\" aria-selected=\"false\" data-tab=\"4\" role=\"tab\" tabindex=\"-1\" aria-controls=\"elementor-tab-content-8404\" aria-expanded=\"false\">Folhas de dados \/ Downloads<\/div>\n\t\t\t\t\t<div id=\"elementor-tab-content-8404\" class=\"elementor-tab-content elementor-clearfix\" data-tab=\"4\" role=\"tabpanel\" aria-labelledby=\"elementor-tab-title-8404\" tabindex=\"0\" hidden=\"hidden\"><p><a href=\"https:\/\/panelsandwich.org\/wp-content\/uploads\/2023\/11\/PanelSandwich-Monopanel3G-Ficha-Tecnica.pdf\" target=\"_blank\" rel=\"noopener\"><button style=\"background-color: #ffa300; border-color: black; color: white;\" spellcheck=\"false\" data-lt-tmp-id=\"lt-827558\" data-gramm=\"false\">Descarrega a ficha t\u00e9cnica<\/button><\/a><\/p>\n<\/div>\n\t\t\t\t\t\t\t<\/div>\n\t\t<\/div>\n\t\t\t\t\t\t<\/div>\n\t\t\t\t<\/div>\n\t\t\t\t\t<\/div>\n\t\t<\/div>\n\t\t\t\t\t<\/div>\n\t\t<\/section>\n\t\t\t\t<\/div>\n\t\t","protected":false},"excerpt":{"rendered":"<p>P3G- Painel Sandu\u00edche ECO Telhado. 3 Grecas<\/p>\n","protected":false},"featured_media":65803,"comment_status":"closed","ping_status":"closed","template":"","meta":[],"product_brand":[],"product_cat":[3945],"product_tag":[3763,3774,3755,3756,3764,3765,3766,3758,3775,3795,3754,3777,3769,3779,3761,3773,3796],"class_list":{"0":"post-65802","1":"product","2":"type-product","3":"status-publish","4":"has-post-thumbnail","6":"product_cat-painel-sanduiche-barato","7":"product_tag-agropanel-pt-pt-2","8":"product_tag-claraboias","9":"product_tag-cobre","10":"product_tag-fachada-pt-pt","11":"product_tag-fazendas","12":"product_tag-frigorifico-pt-pt","13":"product_tag-la-de-rocha","14":"product_tag-ocasiao","15":"product_tag-paineis-em-sanduiche","16":"product_tag-painel-3-trabalho-de-trastes","17":"product_tag-painel-de-azulejos","18":"product_tag-painel-de-cobertura-pt-pt","19":"product_tag-painel-de-madeira","20":"product_tag-painel-do-teto","21":"product_tag-preco-pt-pt","22":"product_tag-remateria-pt-pt-2","23":"product_tag-sanduiche-de-anel","24":"pa_colorexterior-branco-pirineu-ral-9010","25":"pa_colorexterior-vermelho-ral-3009","26":"pa_colorinterior-branco-pirineu-ral-9010","27":"pa_espesorespuma-30-mm-pt-pt-2","28":"pa_espesorespuma-40-mm-pt-pt","29":"pa_espesorespuma-50-mm-pt-pt-3","30":"pa_espesorespuma-60-mm-pt-pt-2","31":"pa_medidas-metros-quadrados-m2","33":"first","34":"instock","35":"taxable","36":"shipping-taxable","37":"product-type-variable","38":"has-default-attributes"},"_links":{"self":[{"href":"https:\/\/panelsandwich.org\/pt-pt\/wp-json\/wp\/v2\/product\/65802","targetHints":{"allow":["GET"]}}],"collection":[{"href":"https:\/\/panelsandwich.org\/pt-pt\/wp-json\/wp\/v2\/product"}],"about":[{"href":"https:\/\/panelsandwich.org\/pt-pt\/wp-json\/wp\/v2\/types\/product"}],"replies":[{"embeddable":true,"href":"https:\/\/panelsandwich.org\/pt-pt\/wp-json\/wp\/v2\/comments?post=65802"}],"version-history":[{"count":0,"href":"https:\/\/panelsandwich.org\/pt-pt\/wp-json\/wp\/v2\/product\/65802\/revisions"}],"wp:featuredmedia":[{"embeddable":true,"href":"https:\/\/panelsandwich.org\/pt-pt\/wp-json\/wp\/v2\/media\/65803"}],"wp:attachment":[{"href":"https:\/\/panelsandwich.org\/pt-pt\/wp-json\/wp\/v2\/media?parent=65802"}],"wp:term":[{"taxonomy":"product_brand","embeddable":true,"href":"https:\/\/panelsandwich.org\/pt-pt\/wp-json\/wp\/v2\/product_brand?post=65802"},{"taxonomy":"product_cat","embeddable":true,"href":"https:\/\/panelsandwich.org\/pt-pt\/wp-json\/wp\/v2\/product_cat?post=65802"},{"taxonomy":"product_tag","embeddable":true,"href":"https:\/\/panelsandwich.org\/pt-pt\/wp-json\/wp\/v2\/product_tag?post=65802"}],"curies":[{"name":"wp","href":"https:\/\/api.w.org\/{rel}","templated":true}]}}